{"id":4137,"date":"2017-03-07T17:46:08","date_gmt":"2017-03-07T17:46:08","guid":{"rendered":"http:\/\/boo.themerella.com\/?page_id=4137"},"modified":"2018-07-24T15:10:32","modified_gmt":"2018-07-24T21:10:32","slug":"contacto","status":"publish","type":"page","link":"https:\/\/b-solutionsgroup.com\/en\/contacto\/","title":{"rendered":"Contacto"},"content":{"rendered":"<div class=\"wpb-content-wrapper\"><div data-vc-full-width=\"true\" data-vc-full-width-init=\"false\" data-vc-stretch-content=\"true\" data-row-brightness=\"light\" class=\"vc_row wpb_row vc_row-fluid vc_custom_1532465691206 rella-row-shadowbox-69eb7e8a977e4 vc_row-no-padding\" style=\"\"><div class=\"wpb_column vc_column_container vc_col-sm-12\" ><div class=\"vc_column-inner\"  style=\"\"><div class=\"wpb_wrapper\"><div class=\"wpb_gmaps_widget wpb_content_element\"><div class=\"wpb_wrapper\"><div class=\"wpb_map_wraper\"><iframe loading=\"lazy\" src=\"https:\/\/www.google.com\/maps\/embed?pb=!1m14!1m8!1m3!1d6609.6439954644175!2d-84.04278218994911!3d9.924143485332023!3m2!1i1024!2i768!4f13.1!3m3!1m2!1s0x0%3A0x58dc93d5fe70b94a!2sB-Solutions+Group!5e0!3m2!1sen!2scr!4v1532464882195\" width=\"600\" height=\"400\" frameborder=\"0\" style=\"border:0\" allowfullscreen><\/iframe><\/div><\/div><\/div><\/div><\/div><\/div><script type=\"text\/javascript\">(function($) {$(\"head\").append(\"<style>.rella-row-shadowbox-69eb7e8a977e4{-webkit-box-shadow:;-moz-box-shadow:;box-shadow:;}<\/style>\");})(jQuery);<\/script><\/div><div class=\"vc_row-full-width vc_clearfix\"><\/div><div data-row-brightness=\"light\" class=\"vc_row wpb_row vc_row-fluid vc_custom_1532465758195 rella-row-shadowbox-69eb7e8a97c71\" style=\"\"><div class=\"wpb_column vc_column_container vc_col-sm-12\" ><div class=\"vc_column-inner\"  style=\"\"><div class=\"wpb_wrapper\"><h1 style=\"font-size: 64px;color: #312783;line-height: 1.667em;text-align: center;letter-spacing:-1.75px\" class=\"vc_custom_heading vc_custom_1532462698091\"  >Contact Us<\/h1><div class=\"vc_row wpb_row vc_inner vc_row-fluid\" style=\"background-attachment:;\"><div class=\"wpb_column vc_column_container vc_col-sm-12 vc_col-md-4\" ><div class=\"vc_column-inner\" style=\"\"><div class=\"wpb_wrapper\"><style>.ra_content_box_69eb7e8a98076 h3{color: !important;font-size: !important;}.ra_content_box_69eb7e8a98076 .content-box-content p{color: !important;font-size: !important;}<\/style><div id=\"ra_content_box_69eb7e8a98076\" class=\"content-box content-box-bordered ra_content_box_69eb7e8a98076\">\n\n\t\t\n\t<div class=\"content-box-content\">\n\t\t<h3>Address<\/h3>\t\t\n\t\t\t\t<p>300m south, 150m east from POPS, building #319.<\/p>\n<h4>Curridabat, San Jos\u00e9, Costa Rica.<\/h4>\n\t\t\t\t\n\t<\/div>\n\n<\/div><\/div><\/div><\/div><div class=\"wpb_column vc_column_container vc_col-sm-12 vc_col-md-4\" ><div class=\"vc_column-inner\" style=\"\"><div class=\"wpb_wrapper\"><style>.ra_content_box_69eb7e8a981df h3{color: !important;font-size: !important;}.ra_content_box_69eb7e8a981df .content-box-content p{color: !important;font-size: !important;}<\/style><div id=\"ra_content_box_69eb7e8a981df\" class=\"content-box content-box-bordered ra_content_box_69eb7e8a981df\">\n\n\t\t\n\t<div class=\"content-box-content\">\n\t\t<h3>Email<\/h3>\t\t\n\t\t\t\t<p>You can send your doubts, questions and comments to<\/p>\n<h4><a href=\"mailto:writeus@b-solutionsgroup.com\">writeus@b-solutionsgroup.com<\/a><\/h4>\n\t\t\t\t\n\t<\/div>\n\n<\/div><\/div><\/div><\/div><div class=\"wpb_column vc_column_container vc_col-sm-12 vc_col-md-4\" ><div class=\"vc_column-inner\" style=\"\"><div class=\"wpb_wrapper\"><style>.ra_content_box_69eb7e8a982b1 h3{color: !important;font-size: !important;}.ra_content_box_69eb7e8a982b1 .content-box-content p{color: !important;font-size: !important;}<\/style><div id=\"ra_content_box_69eb7e8a982b1\" class=\"content-box content-box-bordered ra_content_box_69eb7e8a982b1\">\n\n\t\t\n\t<div class=\"content-box-content\">\n\t\t<h3>Phone number<\/h3>\t\t\n\t\t\t\t<p>You can contact us at our phone central<\/p>\n<h4>(506) 2280-8005<\/h4>\n<h4>&#8211;<\/h4>\n\t\t\t\t\n\t<\/div>\n\n<\/div><\/div><\/div><\/div><\/div><\/div><\/div><\/div><script type=\"text\/javascript\">(function($) {$(\"head\").append(\"<style>.rella-row-shadowbox-69eb7e8a97c71{-webkit-box-shadow:;-moz-box-shadow:;box-shadow:;}<\/style>\");})(jQuery);<\/script><\/div><div data-row-brightness=\"light\" class=\"vc_row wpb_row vc_row-fluid vc_custom_1532466590356 rella-row-shadowbox-69eb7e8a9833c\" style=\"\"><div class=\"wpb_column vc_column_container vc_col-sm-12\" ><div class=\"vc_column-inner\"  style=\"\"><div class=\"wpb_wrapper\"><div class=\"vc_row wpb_row vc_inner vc_row-fluid\" style=\"background-attachment:;\"><div class=\"wpb_column vc_column_container vc_col-sm-10 vc_col-md-offset-2 vc_col-md-8 vc_col-sm-offset-1\" ><div class=\"vc_column-inner\" style=\"\"><div class=\"wpb_wrapper\"><header class=\"section-title section-title-default section-title-resolve align-center ra_section_title_69eb7e8a9857f\" >\n\t<h2 class=\"title\">Leave us a message<\/h2><p>You can send us a message and we will answer you as soon as possible.<br \/>\n<span style=\"font-size: 14px\"><em>*BSolutions Group is unrelated to any risk central.<\/em><\/span><\/p>\n<\/header><\/div><\/div><\/div><\/div><div class=\"contact-form contact-default contact-default-alt3 ra_cf7_69eb7e8a986c1\">\n\t\n<div class=\"wpcf7 no-js\" id=\"wpcf7-f3048-o1\" lang=\"en-US\" dir=\"ltr\" data-wpcf7-id=\"3048\">\n<div class=\"screen-reader-response\"><p role=\"status\" aria-live=\"polite\" aria-atomic=\"true\"><\/p> <ul><\/ul><\/div>\n<form action=\"\/en\/wp-json\/wp\/v2\/pages\/4137#wpcf7-f3048-o1\" method=\"post\" class=\"wpcf7-form init\" aria-label=\"Contact form\" novalidate=\"novalidate\" data-status=\"init\" data-trp-original-action=\"\/en\/wp-json\/wp\/v2\/pages\/4137#wpcf7-f3048-o1\">\n<fieldset class=\"hidden-fields-container\"><input type=\"hidden\" name=\"_wpcf7\" value=\"3048\" \/><input type=\"hidden\" name=\"_wpcf7_version\" value=\"6.1.5\" \/><input type=\"hidden\" name=\"_wpcf7_locale\" value=\"en_US\" \/><input type=\"hidden\" name=\"_wpcf7_unit_tag\" value=\"wpcf7-f3048-o1\" \/><input type=\"hidden\" name=\"_wpcf7_container_post\" value=\"0\" \/><input type=\"hidden\" name=\"_wpcf7_posted_data_hash\" value=\"\" \/>\n<\/fieldset>\n<div class=\"row\">\n\t<p class=\"col-md-3\"><span class=\"wpcf7-form-control-wrap\" data-name=\"nombre\"><input size=\"40\" maxlength=\"400\" class=\"wpcf7-form-control wpcf7-text wpcf7-validates-as-required\" id=\"name2\" aria-required=\"true\" aria-invalid=\"false\" value=\"\" type=\"text\" name=\"nombre\" \/><\/span><label for=\"name2\" data-content=\"Name\"><span>Full name*<\/span><\/label><i class=\"fa fa-user\"><\/i>\n\t<\/p>\n\t<p class=\"col-md-3\"><span class=\"wpcf7-form-control-wrap\" data-name=\"correo\"><input size=\"40\" maxlength=\"400\" class=\"wpcf7-form-control wpcf7-email wpcf7-validates-as-required wpcf7-text wpcf7-validates-as-email\" id=\"email2\" aria-required=\"true\" aria-invalid=\"false\" value=\"\" type=\"email\" name=\"correo\" \/><\/span><label for=\"email2\" data-content=\"Email\"><span>Business email*<\/span><\/label><i class=\"fa fa-envelope-o\"><\/i>\n\t<\/p>\n\t<p class=\"col-md-3\"><span class=\"wpcf7-form-control-wrap\" data-name=\"telefono\"><input size=\"40\" maxlength=\"400\" class=\"wpcf7-form-control wpcf7-tel wpcf7-validates-as-required wpcf7-text wpcf7-validates-as-tel\" id=\"phone2\" aria-required=\"true\" aria-invalid=\"false\" value=\"\" type=\"tel\" name=\"telefono\" \/><\/span><label for=\"phone2\" data-content=\"Phone\"><span>Phone number*<\/span><\/label><i class=\"fa fa-phone\"><\/i>\n\t<\/p>\n\t<p class=\"col-md-3\"><span class=\"wpcf7-form-control-wrap\" data-name=\"companhia\"><input size=\"40\" maxlength=\"400\" class=\"wpcf7-form-control wpcf7-text wpcf7-validates-as-required\" id=\"company2\" aria-required=\"true\" aria-invalid=\"false\" value=\"\" type=\"text\" name=\"companhia\" \/><\/span><label for=\"name2\" data-content=\"Company\"><span>Company*<\/span><\/label><i class=\"fa fa-briefcase\"><\/i>\n\t<\/p>\n\t<p class=\"col-md-3\"><span class=\"wpcf7-form-control-wrap\" data-name=\"puesto\"><input size=\"40\" maxlength=\"400\" class=\"wpcf7-form-control wpcf7-text wpcf7-validates-as-required\" id=\"jobtitle\" aria-required=\"true\" aria-invalid=\"false\" value=\"\" type=\"text\" name=\"puesto\" \/><\/span><label for=\"name3\" data-content=\"JobTitle\"><span>Job position*<\/span><\/label><i class=\"fa fa-address-card\"><\/i>\n\t<\/p>\n\t<p class=\"col-md-3\"><span class=\"wpcf7-form-control-wrap\" data-name=\"pais\"><input size=\"40\" maxlength=\"400\" class=\"wpcf7-form-control wpcf7-text wpcf7-validates-as-required\" id=\"country\" aria-required=\"true\" aria-invalid=\"false\" value=\"\" type=\"text\" name=\"pais\" \/><\/span><label for=\"name4\" data-content=\"Country\"><span>Country*<\/span><\/label><i class=\"fa fa-globe\"><\/i>\n\t<\/p>\n\t<p class=\"col-md-12\"><b>Please, select the message\u2019s subject*<\/b>\n\t<\/p>\n\t<p class=\"col-md-12\"><span class=\"wpcf7-form-control-wrap\" data-name=\"subject\"><select class=\"wpcf7-form-control wpcf7-select wpcf7-validates-as-required\" aria-required=\"true\" aria-invalid=\"false\" name=\"subject\"><option value=\"\">&#8212;Please choose an option&#8212;<\/option><option value=\"Auditor\u00eda Inform\u00e1tica\">IT Audit<\/option><option value=\"Administraci\u00f3n de Riesgos\">Risk Management<\/option><option value=\"Planificaci\u00f3n\">Planning<\/option><option value=\"Gobierno Corporativo y TIC\">Governance &amp; IT<\/option><option value=\"Inteligencia Empresarial\">Business Intelligence<\/option><option value=\"Optimizaci\u00f3n de Procesos y Recursos\">Processes &amp; Resources Optimization<\/option><option value=\"Gesti\u00f3n del Talento Humano\">Human Talent Management (HR)<\/option><option value=\"Qlik\">Qlik<\/option><option value=\"B-RACE Tools\">B-RACE Tools<\/option><option value=\"Otros\">Other<\/option><\/select><\/span>\n\t<\/p>\n\t<p class=\"col-md-12\"><span class=\"wpcf7-form-control-wrap\" data-name=\"contenido\"><textarea cols=\"40\" rows=\"6\" maxlength=\"2000\" class=\"wpcf7-form-control wpcf7-textarea wpcf7-validates-as-required\" id=\"message2\" aria-required=\"true\" aria-invalid=\"false\" name=\"contenido\"><\/textarea><\/span><label for=\"message2\" data-content=\"Message\"><span>Please, write your request here*<\/span><\/label><i class=\"fa fa-comment-o\"><\/i>\n\t<\/p>\n\t<p class=\"col-md-12 text-center\"><button class=\"wpcf7-form-control wpcf7-submit\" type=\"submit\">Send<\/button>\n\t<\/p>\n<\/div><div class=\"wpcf7-response-output\" aria-hidden=\"true\"><\/div>\n<input type=\"hidden\" name=\"trp-form-language\" value=\"en\"\/><\/form>\n<\/div>\n<\/div><\/div><\/div><\/div><script type=\"text\/javascript\">(function($) {$(\"head\").append(\"<style>.rella-row-shadowbox-69eb7e8a9833c{-webkit-box-shadow:;-moz-box-shadow:;box-shadow:;}<\/style>\");})(jQuery);<\/script><\/div>\n<\/div>","protected":false},"excerpt":{"rendered":"Cont\u00e1ctanos Direcci\u00f3n 300 Sur 150 Este de la POPS, edificio #319 contiguo a iCon. Curridabat, San Jos\u00e9, Costa Rica. Correo Puede escribirnos sus dudas, consultas y comentarios a writeus@b-solutionsgroup.com Tel\u00e9fono Puede conactarnos a nuestra central telef\u00f3nica, con gusto le atenderemos. (506) 2280-8005 - D\u00e9janos un mensajePuedes enviarnos un mensaje, te responderemos en la brevedad posible. [...]","protected":false},"author":2,"featured_media":0,"parent":0,"menu_order":0,"comment_status":"closed","ping_status":"closed","template":"","meta":{"footnotes":""},"class_list":["post-4137","page","type-page","status-publish","hentry"],"yoast_head":"<!-- This site is optimized with the Yoast SEO plugin v27.2 - https:\/\/yoast.com\/product\/yoast-seo-wordpress\/ -->\n<title>BSolutions Group | Contacto<\/title>\n<meta name=\"robots\" content=\"index, follow, max-snippet:-1, max-image-preview:large, max-video-preview:-1\" \/>\n<link rel=\"canonical\" href=\"https:\/\/b-solutionsgroup.com\/en\/contacto\/\" \/>\n<meta property=\"og:locale\" content=\"en_US\" \/>\n<meta property=\"og:type\" content=\"article\" \/>\n<meta property=\"og:title\" content=\"BSolutions Group | Contacto\" \/>\n<meta property=\"og:url\" content=\"https:\/\/b-solutionsgroup.com\/en\/contacto\/\" \/>\n<meta property=\"og:site_name\" content=\"BSolutions Group\" \/>\n<meta property=\"article:publisher\" content=\"https:\/\/www.facebook.com\/BSolutionsGroupCR\/\" \/>\n<meta property=\"article:modified_time\" content=\"2018-07-24T21:10:32+00:00\" \/>\n<meta property=\"og:image\" content=\"https:\/\/b-solutionsgroup.com\/wp-content\/uploads\/2018\/06\/bsg-web-imagen.jpg\" \/>\n\t<meta property=\"og:image:width\" content=\"2300\" \/>\n\t<meta property=\"og:image:height\" content=\"1150\" \/>\n\t<meta property=\"og:image:type\" content=\"image\/jpeg\" \/>\n<meta name=\"twitter:card\" content=\"summary_large_image\" \/>\n<meta name=\"twitter:site\" content=\"@bsgwriteus\" \/>\n<meta name=\"twitter:label1\" content=\"Est. reading time\" \/>\n\t<meta name=\"twitter:data1\" content=\"2 minutes\" \/>\n<script type=\"application\/ld+json\" class=\"yoast-schema-graph\">{\"@context\":\"https:\/\/schema.org\",\"@graph\":[{\"@type\":\"WebPage\",\"@id\":\"https:\/\/b-solutionsgroup.com\/contacto\/\",\"url\":\"https:\/\/b-solutionsgroup.com\/contacto\/\",\"name\":\"BSolutions Group | Contacto\",\"isPartOf\":{\"@id\":\"https:\/\/b-solutionsgroup.com\/#website\"},\"datePublished\":\"2017-03-07T17:46:08+00:00\",\"dateModified\":\"2018-07-24T21:10:32+00:00\",\"breadcrumb\":{\"@id\":\"https:\/\/b-solutionsgroup.com\/contacto\/#breadcrumb\"},\"inLanguage\":\"en-US\",\"potentialAction\":[{\"@type\":\"ReadAction\",\"target\":[\"https:\/\/b-solutionsgroup.com\/contacto\/\"]}]},{\"@type\":\"BreadcrumbList\",\"@id\":\"https:\/\/b-solutionsgroup.com\/contacto\/#breadcrumb\",\"itemListElement\":[{\"@type\":\"ListItem\",\"position\":1,\"name\":\"Portada\",\"item\":\"https:\/\/b-solutionsgroup.com\/\"},{\"@type\":\"ListItem\",\"position\":2,\"name\":\"Contacto\"}]},{\"@type\":\"WebSite\",\"@id\":\"https:\/\/b-solutionsgroup.com\/#website\",\"url\":\"https:\/\/b-solutionsgroup.com\/\",\"name\":\"BSolutions Group\",\"description\":\"Expertos en soluciones de negocios\",\"publisher\":{\"@id\":\"https:\/\/b-solutionsgroup.com\/#organization\"},\"potentialAction\":[{\"@type\":\"SearchAction\",\"target\":{\"@type\":\"EntryPoint\",\"urlTemplate\":\"https:\/\/b-solutionsgroup.com\/?s={search_term_string}\"},\"query-input\":{\"@type\":\"PropertyValueSpecification\",\"valueRequired\":true,\"valueName\":\"search_term_string\"}}],\"inLanguage\":\"en-US\"},{\"@type\":\"Organization\",\"@id\":\"https:\/\/b-solutionsgroup.com\/#organization\",\"name\":\"BSolutions Group\",\"url\":\"https:\/\/b-solutionsgroup.com\/\",\"logo\":{\"@type\":\"ImageObject\",\"inLanguage\":\"en-US\",\"@id\":\"https:\/\/b-solutionsgroup.com\/#\/schema\/logo\/image\/\",\"url\":\"https:\/\/b-solutionsgroup.com\/wp-content\/uploads\/2018\/06\/BSG_logo.png\",\"contentUrl\":\"https:\/\/b-solutionsgroup.com\/wp-content\/uploads\/2018\/06\/BSG_logo.png\",\"width\":197,\"height\":48,\"caption\":\"BSolutions Group\"},\"image\":{\"@id\":\"https:\/\/b-solutionsgroup.com\/#\/schema\/logo\/image\/\"},\"sameAs\":[\"https:\/\/www.facebook.com\/BSolutionsGroupCR\/\",\"https:\/\/x.com\/bsgwriteus\",\"https:\/\/www.linkedin.com\/company\/bsolutions-group\/\"]}]}<\/script>\n<!-- \/ Yoast SEO plugin. -->","yoast_head_json":{"title":"BSolutions Group | Contacto","robots":{"index":"index","follow":"follow","max-snippet":"max-snippet:-1","max-image-preview":"max-image-preview:large","max-video-preview":"max-video-preview:-1"},"canonical":"https:\/\/b-solutionsgroup.com\/en\/contacto\/","og_locale":"en_US","og_type":"article","og_title":"BSolutions Group | Contacto","og_url":"https:\/\/b-solutionsgroup.com\/en\/contacto\/","og_site_name":"BSolutions Group","article_publisher":"https:\/\/www.facebook.com\/BSolutionsGroupCR\/","article_modified_time":"2018-07-24T21:10:32+00:00","og_image":[{"width":2300,"height":1150,"url":"https:\/\/b-solutionsgroup.com\/wp-content\/uploads\/2018\/06\/bsg-web-imagen.jpg","type":"image\/jpeg"}],"twitter_card":"summary_large_image","twitter_site":"@bsgwriteus","twitter_misc":{"Est. reading time":"2 minutes"},"schema":{"@context":"https:\/\/schema.org","@graph":[{"@type":"WebPage","@id":"https:\/\/b-solutionsgroup.com\/contacto\/","url":"https:\/\/b-solutionsgroup.com\/contacto\/","name":"BSolutions Group | Contacto","isPartOf":{"@id":"https:\/\/b-solutionsgroup.com\/#website"},"datePublished":"2017-03-07T17:46:08+00:00","dateModified":"2018-07-24T21:10:32+00:00","breadcrumb":{"@id":"https:\/\/b-solutionsgroup.com\/contacto\/#breadcrumb"},"inLanguage":"en-US","potentialAction":[{"@type":"ReadAction","target":["https:\/\/b-solutionsgroup.com\/contacto\/"]}]},{"@type":"BreadcrumbList","@id":"https:\/\/b-solutionsgroup.com\/contacto\/#breadcrumb","itemListElement":[{"@type":"ListItem","position":1,"name":"Portada","item":"https:\/\/b-solutionsgroup.com\/"},{"@type":"ListItem","position":2,"name":"Contacto"}]},{"@type":"WebSite","@id":"https:\/\/b-solutionsgroup.com\/#website","url":"https:\/\/b-solutionsgroup.com\/","name":"BSolutions Group","description":"Expertos en soluciones de negocios","publisher":{"@id":"https:\/\/b-solutionsgroup.com\/#organization"},"potentialAction":[{"@type":"SearchAction","target":{"@type":"EntryPoint","urlTemplate":"https:\/\/b-solutionsgroup.com\/?s={search_term_string}"},"query-input":{"@type":"PropertyValueSpecification","valueRequired":true,"valueName":"search_term_string"}}],"inLanguage":"en-US"},{"@type":"Organization","@id":"https:\/\/b-solutionsgroup.com\/#organization","name":"BSolutions Group","url":"https:\/\/b-solutionsgroup.com\/","logo":{"@type":"ImageObject","inLanguage":"en-US","@id":"https:\/\/b-solutionsgroup.com\/#\/schema\/logo\/image\/","url":"https:\/\/b-solutionsgroup.com\/wp-content\/uploads\/2018\/06\/BSG_logo.png","contentUrl":"https:\/\/b-solutionsgroup.com\/wp-content\/uploads\/2018\/06\/BSG_logo.png","width":197,"height":48,"caption":"BSolutions Group"},"image":{"@id":"https:\/\/b-solutionsgroup.com\/#\/schema\/logo\/image\/"},"sameAs":["https:\/\/www.facebook.com\/BSolutionsGroupCR\/","https:\/\/x.com\/bsgwriteus","https:\/\/www.linkedin.com\/company\/bsolutions-group\/"]}]}},"_links":{"self":[{"href":"https:\/\/b-solutionsgroup.com\/en\/wp-json\/wp\/v2\/pages\/4137","targetHints":{"allow":["GET"]}}],"collection":[{"href":"https:\/\/b-solutionsgroup.com\/en\/wp-json\/wp\/v2\/pages"}],"about":[{"href":"https:\/\/b-solutionsgroup.com\/en\/wp-json\/wp\/v2\/types\/page"}],"author":[{"embeddable":true,"href":"https:\/\/b-solutionsgroup.com\/en\/wp-json\/wp\/v2\/users\/2"}],"replies":[{"embeddable":true,"href":"https:\/\/b-solutionsgroup.com\/en\/wp-json\/wp\/v2\/comments?post=4137"}],"version-history":[{"count":5,"href":"https:\/\/b-solutionsgroup.com\/en\/wp-json\/wp\/v2\/pages\/4137\/revisions"}],"predecessor-version":[{"id":5087,"href":"https:\/\/b-solutionsgroup.com\/en\/wp-json\/wp\/v2\/pages\/4137\/revisions\/5087"}],"wp:attachment":[{"href":"https:\/\/b-solutionsgroup.com\/en\/wp-json\/wp\/v2\/media?parent=4137"}],"curies":[{"name":"wp","href":"https:\/\/api.w.org\/{rel}","templated":true}]}}