{"id":4193,"date":"2017-05-27T13:12:12","date_gmt":"2017-05-27T13:12:12","guid":{"rendered":"http:\/\/corporate-two.boo.themerella.com\/?page_id=4193"},"modified":"2024-12-05T16:55:25","modified_gmt":"2024-12-05T22:55:25","slug":"nosotros","status":"publish","type":"page","link":"https:\/\/b-solutionsgroup.com\/en\/nosotros\/","title":{"rendered":"About Us"},"content":{"rendered":"<div class=\"wpb-content-wrapper\"><div data-row-brightness=\"light\" class=\"vc_row wpb_row vc_row-fluid vc_custom_1528750459281 rella-row-shadowbox-69edf89adc765 vc_row-has-fill\" style=\"\"><div class=\"wpb_column vc_column_container vc_col-sm-12 vc_col-md-4\" ><div class=\"vc_column-inner\"  style=\"\"><div class=\"wpb_wrapper\"><style>.ra_icon_box_69edf89adcaad .icon-container{font-size:50px;background-color:#312783;}.ra_icon_box_69edf89adcaad:hover .icon-container{background-color:#ffffff;color:#312783;}.ra_icon_box_69edf89adcaad h3{color:#312783;}<\/style>\n<div class=\"icon-box icon-box-circle icon-box-md icon-box-heading-md icon-box-inline text-left ra_icon_box_69edf89adcaad\"  id=\"ra_icon_box_69edf89adcaad\">\n\n\t\t<span class=\"icon-container\"><i class=\"fas fa-handshake\"><\/i><\/span>\n\t<h3>Who are we?<\/h3>\n\t<div class=\"contents\">\n\t\t\t\t\t\t<p>BSolutions Group es un grupo empresarial de capital costarricense, con m\u00e1s de 25 a\u00f1os en el mercado nacional e internacional. Se cuenta con una exitosa experiencia en \u00e1reas como la Administraci\u00f3n de Riesgos, Seguridad de la Informaci\u00f3n, Continuidad del Negocio e Inteligencia de Negocios.<\/p>\n<p>Our virtues are experience and commitment, which become pillars that differentiate us and continue to be the guide for the professional and human performance of our consultants. Achieving our customers' goals is and will always be our goal.<\/p>\n\t\t\t\t\n\t<\/div>\n<\/div>\n<\/div><\/div><\/div><div class=\"wpb_column vc_column_container vc_col-sm-12 vc_col-md-4\" ><div class=\"vc_column-inner\"  style=\"\"><div class=\"wpb_wrapper\"><style>.ra_icon_box_69edf89adcc9a .icon-container{font-size:50px;background-color:#312783;}.ra_icon_box_69edf89adcc9a:hover .icon-container{background-color:#ffffff;color:#312783;}.ra_icon_box_69edf89adcc9a h3{color:#312783;}<\/style>\n<div class=\"icon-box icon-box-circle icon-box-md icon-box-heading-md icon-box-inline text-left ra_icon_box_69edf89adcc9a\"  id=\"ra_icon_box_69edf89adcc9a\">\n\n\t\t<span class=\"icon-container\"><i class=\"far fa-comment-dots\"><\/i><\/span>\n\t<h3>Our mission &amp; vision<\/h3>\n\t<div class=\"contents\">\n\t\t\t\t\t\t<p>Our mission is to contribute to the success of our clients by providing consulting business solutions.<br \/>\nThat's why we seek to be recognized by our customers as a company that generates added value.<\/p>\n\t\t\t\t\n\t<\/div>\n<\/div>\n<\/div><\/div><\/div><div class=\"wpb_column vc_column_container vc_col-sm-12 vc_col-md-4\" ><div class=\"vc_column-inner\"  style=\"\"><div class=\"wpb_wrapper\"><style>.ra_icon_box_69edf89adcde6 .icon-container{font-size:50px;background-color:#312783;}.ra_icon_box_69edf89adcde6:hover .icon-container{background-color:#ffffff;color:#312783;}.ra_icon_box_69edf89adcde6 h3{color:#312783;}<\/style>\n<div class=\"icon-box icon-box-circle icon-box-md icon-box-heading-md icon-box-inline text-left ra_icon_box_69edf89adcde6\"  id=\"ra_icon_box_69edf89adcde6\">\n\n\t\t<span class=\"icon-container\"><i class=\"fas fa-users\"><\/i><\/span>\n\t<h3>Our clients<\/h3>\n\t<div class=\"contents\">\n\t\t\t\t\t\t<p>Our clients are both international organizations with worldwide operations and family businesses, covering the public and private sectors and the corporation and individuality with specialization in diverse areas such as production and distribution, financial services, marketing, insurance and technology companies. Our portfolio is conformed by products and services which are a result of an updated proposal according to global trends and the specific requirements of our customers.<\/p>\n\t\t\t\t\n\t<\/div>\n<\/div>\n<\/div><\/div><\/div><div class=\"wpb_column vc_column_container vc_col-sm-12\" ><div class=\"vc_column-inner vc_custom_1615839584299\"  style=\"\"><div class=\"wpb_wrapper\">\n\t<div class=\"wpb_text_column wpb_content_element\">\n\t\t<div class=\"wpb_wrapper\">\n\t\t\t<div style=\"text-align: center;\"><iframe loading=\"lazy\" title=\"YouTube video player\" src=\"https:\/\/www.youtube.com\/embed\/VX09DbblzpQ?si=O7r8VRx5paQlT_Rt\" width=\"560\" height=\"315\" frameborder=\"0\" allowfullscreen=\"allowfullscreen\"><\/iframe><\/div>\n\n\t\t<\/div>\n\t<\/div>\n<div class=\"vc_empty_space\"   style=\"height: 50px\"><span class=\"vc_empty_space_inner\"><\/span><\/div><header class=\"section-title section-title-red-underline2 align-center ra_section_title_69edf89add543\" >\n\t<h2 class=\"title\">Our business partners<\/h2><\/header><div class=\"wpb_gallery wpb_content_element vc_clearfix vc_custom_1733439184790 wpb_content_element\" ><div class=\"wpb_wrapper\"><div class=\"wpb_gallery_slides wpb_image_grid\" data-interval=\"3\"><ul class=\"wpb_image_grid_ul\"><li class=\"isotope-item\"><a href=\"https:\/\/www.hansentangconsultants.com\/\" target=\"_blank\"><img decoding=\"async\" class=\"\" src=\"https:\/\/b-solutionsgroup.com\/wp-content\/uploads\/2021\/04\/hytc-logo-300x300.png\" width=\"300\" height=\"300\" alt=\"hytc-logo\" title=\"hytc-logo\" loading=\"lazy\" \/><\/a><\/li><li class=\"isotope-item\"><a href=\"https:\/\/www.qlik.com\/us\/\" target=\"_blank\"><img decoding=\"async\" class=\"\" src=\"https:\/\/b-solutionsgroup.com\/wp-content\/uploads\/2021\/04\/qlik-logo-300x300.png\" width=\"300\" height=\"300\" alt=\"qlik-logo\" title=\"qlik-logo\" loading=\"lazy\" \/><\/a><\/li><\/ul><\/div><\/div><\/div><\/div><\/div><\/div><script type=\"text\/javascript\">(function($) {$(\"head\").append(\"<style>.rella-row-shadowbox-69edf89adc765{-webkit-box-shadow:;-moz-box-shadow:;box-shadow:;}<\/style>\");})(jQuery);<\/script><\/div><section data-vc-full-width=\"true\" data-vc-full-width-init=\"false\" class=\"vc_section vc_custom_1531771652489 no-side-spacing vc_section-has-fill vc_section-o-content-middle vc_section-flex\"><div data-row-brightness=\"light\" class=\"vc_row wpb_row vc_row-fluid rella-row-shadowbox-69edf89ade980 vc_row-o-content-middle vc_row-flex\" style=\"\"><div class=\"wpb_column vc_column_container vc_col-sm-6\" ><div class=\"vc_column-inner\"  style=\"\"><div class=\"wpb_wrapper\"><style>.ra_section_title_69edf89adeac8 h2{color:#ffffff;border-bottom-color:#ffffff;}<\/style><header class=\"section-title section-title-thick2 align-left ra_section_title_69edf89adeac8\" >\n\t<h2 class=\"title\">Follow us on Facebook.<\/h2><\/header><\/div><\/div><\/div><div class=\"wpb_column vc_column_container vc_col-sm-6\" ><div class=\"vc_column-inner\"  style=\"\"><div class=\"wpb_wrapper\">\n\t<div class=\"wpb_text_column wpb_content_element\">\n\t\t<div class=\"wpb_wrapper\">\n\t\t\t<div align=\"center\"><iframe loading=\"lazy\" style=\"border: none; overflow: hidden;\" src=\"https:\/\/www.facebook.com\/plugins\/page.php?href=https%3A%2F%2Fwww.facebook.com%2FBSolutionsGroupCR&amp;tabs&amp;width=340&amp;height=154&amp;small_header=true&amp;adapt_container_width=true&amp;hide_cover=false&amp;show_facepile=true&amp;appId=150038375400675\" width=\"340\" height=\"154\" frameborder=\"0\" scrolling=\"no\"><\/iframe><\/div>\n\n\t\t<\/div>\n\t<\/div>\n<\/div><\/div><\/div><script type=\"text\/javascript\">(function($) {$(\"head\").append(\"<style>.rella-row-shadowbox-69edf89ade980{-webkit-box-shadow:;-moz-box-shadow:;box-shadow:;}<\/style>\");})(jQuery);<\/script><\/div><\/section><div class=\"vc_row-full-width vc_clearfix\"><\/div><div data-row-brightness=\"light\" class=\"vc_row wpb_row vc_row-fluid vc_custom_1531771371254 rella-row-shadowbox-69edf89adec90\" style=\"\"><div class=\"wpb_column vc_column_container vc_col-sm-12\" ><div class=\"vc_column-inner\"  style=\"\"><div class=\"wpb_wrapper\"><header class=\"section-title section-title-blue-underline2 align-center ra_section_title_69edf89adedab\" >\n\t<h2 class=\"title\">Blog<\/h2><hr><p>Know the lastest news from our company. We are here to serve you and our mission is to become your business ally.<\/p>\n<\/header><div class=\"row\">\n\n\t\n\t<div class=\"col-md-4 col-md-offset-0 col-sm-8 col-sm-offset-2\">\n\t\n\t\t<div class=\"latest-posts latest-default latest-title-lg latest-content-extra-padding2 latest-shadow-2 meta-caption meta-semibold meta-sm2\">\n\t\t\t\n\t\t\t<figure>\n\t\t\t\t<a href=\"https:\/\/b-solutionsgroup.com\/en\/2025\/05\/20\/esta-su-entidad-alineada-con-la-normativa-sugef-10-07\/\" title=\"\u00bfEst\u00e1 su entidad alineada con la normativa SUGEF 10-07?\">\n\t\t\t\t\t<img loading=\"lazy\" decoding=\"async\" width=\"690\" height=\"460\" src=\"https:\/\/b-solutionsgroup.com\/wp-content\/uploads\/2025\/05\/Untitled-1-690x460-30x20.png\" class=\"attachment-rella-default-blog size-rella-default-blog progressive__img progressive--not-loaded\" alt=\"\u00bfEst\u00e1 su entidad alineada con la normativa SUGEF 10-07?\" data-rjs=\"https:\/\/b-solutionsgroup.com\/wp-content\/uploads\/2025\/05\/Untitled-1-690x460.png\" srcset=\"\" data-progressive=\"https:\/\/b-solutionsgroup.com\/wp-content\/uploads\/2025\/05\/Untitled-1-690x460.png\" \/>\t\t\t\t\t<div class=\"meta text-uppercase\">\n\t\t\t\t\t\t<time datetime=\"2025-05-20\">20 May, 2025<\/time>\n\t\t\t\t\t<\/div>\n\t\t\t\t<\/a>\n\t\t\t<\/figure>\n\t\t\t\n\t\t\t<div class=\"latest-content\">\t\n\n\t\t\t\t<header>\n\t\t\t\t\t<h3 class=\"entry-title\"><a href=\"https:\/\/b-solutionsgroup.com\/en\/2025\/05\/20\/esta-su-entidad-alineada-con-la-normativa-sugef-10-07\/\">\u00bfEst\u00e1 su entidad alineada con la normativa SUGEF 10-07?<\/a><\/h3>\n\t\t\t\t<\/header>\n\t\n\t\t\t\t<div class=\"excerpt\">\n\t\t\t\t\t\t\t\t\t<\/div>\n\t\n\t\t\t\t<footer>\n\t\t\t\t\t<a href=\"https:\/\/b-solutionsgroup.com\/en\/2025\/05\/20\/esta-su-entidad-alineada-con-la-normativa-sugef-10-07\/\" class=\"read-more btn btn-naked text-uppercase\"><span>Read More<\/span><i class=\"fa fa-angle-right\"><\/i><\/a>\n\t\t\t\t<\/footer>\n\t\n\t\t\t<\/div><!-- \/.latest-content -->\n\t\t<\/div><!-- \/.latest-posts -->\n\t\n\t<\/div><!-- \/.col-md-4 -->\n\n\t\n\t<div class=\"col-md-4 col-md-offset-0 col-sm-8 col-sm-offset-2\">\n\t\n\t\t<div class=\"latest-posts latest-default latest-title-lg latest-content-extra-padding2 latest-shadow-2 meta-caption meta-semibold meta-sm2\">\n\t\t\t\n\t\t\t<figure>\n\t\t\t\t<a href=\"https:\/\/b-solutionsgroup.com\/en\/2025\/03\/11\/analisis-de-la-cartera-de-credito-para-entidades-financieras\/\" title=\"An\u00e1lisis de la Cartera de Cr\u00e9dito para entidades financieras\">\n\t\t\t\t\t<img loading=\"lazy\" decoding=\"async\" width=\"690\" height=\"460\" src=\"https:\/\/b-solutionsgroup.com\/wp-content\/uploads\/2025\/03\/Untitled-1-Recovered-690x460-30x20.png\" class=\"attachment-rella-default-blog size-rella-default-blog progressive__img progressive--not-loaded\" alt=\"An\u00e1lisis de la Cartera de Cr\u00e9dito para entidades financieras\" data-rjs=\"https:\/\/b-solutionsgroup.com\/wp-content\/uploads\/2025\/03\/Untitled-1-Recovered-690x460.png\" srcset=\"\" data-progressive=\"https:\/\/b-solutionsgroup.com\/wp-content\/uploads\/2025\/03\/Untitled-1-Recovered-690x460.png\" \/>\t\t\t\t\t<div class=\"meta text-uppercase\">\n\t\t\t\t\t\t<time datetime=\"2025-03-11\">11 March, 2025<\/time>\n\t\t\t\t\t<\/div>\n\t\t\t\t<\/a>\n\t\t\t<\/figure>\n\t\t\t\n\t\t\t<div class=\"latest-content\">\t\n\n\t\t\t\t<header>\n\t\t\t\t\t<h3 class=\"entry-title\"><a href=\"https:\/\/b-solutionsgroup.com\/en\/2025\/03\/11\/analisis-de-la-cartera-de-credito-para-entidades-financieras\/\">An\u00e1lisis de la Cartera de Cr\u00e9dito para entidades financieras<\/a><\/h3>\n\t\t\t\t<\/header>\n\t\n\t\t\t\t<div class=\"excerpt\">\n\t\t\t\t\t\t\t\t\t<\/div>\n\t\n\t\t\t\t<footer>\n\t\t\t\t\t<a href=\"https:\/\/b-solutionsgroup.com\/en\/2025\/03\/11\/analisis-de-la-cartera-de-credito-para-entidades-financieras\/\" class=\"read-more btn btn-naked text-uppercase\"><span>Read More<\/span><i class=\"fa fa-angle-right\"><\/i><\/a>\n\t\t\t\t<\/footer>\n\t\n\t\t\t<\/div><!-- \/.latest-content -->\n\t\t<\/div><!-- \/.latest-posts -->\n\t\n\t<\/div><!-- \/.col-md-4 -->\n\n\t\n\t<div class=\"col-md-4 col-md-offset-0 col-sm-8 col-sm-offset-2\">\n\t\n\t\t<div class=\"latest-posts latest-default latest-title-lg latest-content-extra-padding2 latest-shadow-2 meta-caption meta-semibold meta-sm2\">\n\t\t\t\n\t\t\t<figure>\n\t\t\t\t<a href=\"https:\/\/b-solutionsgroup.com\/en\/2025\/02\/24\/gestione-los-riesgos-de-su-organizacion-con-b-race-tools\/\" title=\"Gestione los Riesgos de su organizaci\u00f3n con B-RACE Tools\">\n\t\t\t\t\t<img loading=\"lazy\" decoding=\"async\" width=\"690\" height=\"460\" src=\"https:\/\/b-solutionsgroup.com\/wp-content\/uploads\/2025\/02\/b-race-tools-bg-690x460-30x20.png\" class=\"attachment-rella-default-blog size-rella-default-blog progressive__img progressive--not-loaded\" alt=\"Gestione los Riesgos de su organizaci\u00f3n con B-RACE Tools\" data-rjs=\"https:\/\/b-solutionsgroup.com\/wp-content\/uploads\/2025\/02\/b-race-tools-bg-690x460.png\" srcset=\"\" data-progressive=\"https:\/\/b-solutionsgroup.com\/wp-content\/uploads\/2025\/02\/b-race-tools-bg-690x460.png\" \/>\t\t\t\t\t<div class=\"meta text-uppercase\">\n\t\t\t\t\t\t<time datetime=\"2025-02-24\">24 February, 2025<\/time>\n\t\t\t\t\t<\/div>\n\t\t\t\t<\/a>\n\t\t\t<\/figure>\n\t\t\t\n\t\t\t<div class=\"latest-content\">\t\n\n\t\t\t\t<header>\n\t\t\t\t\t<h3 class=\"entry-title\"><a href=\"https:\/\/b-solutionsgroup.com\/en\/2025\/02\/24\/gestione-los-riesgos-de-su-organizacion-con-b-race-tools\/\">Gestione los Riesgos de su organizaci\u00f3n con B-RACE Tools<\/a><\/h3>\n\t\t\t\t<\/header>\n\t\n\t\t\t\t<div class=\"excerpt\">\n\t\t\t\t\t\t\t\t\t<\/div>\n\t\n\t\t\t\t<footer>\n\t\t\t\t\t<a href=\"https:\/\/b-solutionsgroup.com\/en\/2025\/02\/24\/gestione-los-riesgos-de-su-organizacion-con-b-race-tools\/\" class=\"read-more btn btn-naked text-uppercase\"><span>Read More<\/span><i class=\"fa fa-angle-right\"><\/i><\/a>\n\t\t\t\t<\/footer>\n\t\n\t\t\t<\/div><!-- \/.latest-content -->\n\t\t<\/div><!-- \/.latest-posts -->\n\t\n\t<\/div><!-- \/.col-md-4 -->\n\n\t\t\n<\/div><\/div><\/div><\/div><script type=\"text\/javascript\">(function($) {$(\"head\").append(\"<style>.rella-row-shadowbox-69edf89adec90{-webkit-box-shadow:;-moz-box-shadow:;box-shadow:;}<\/style>\");})(jQuery);<\/script><\/div>\n<\/div>","protected":false},"excerpt":{"rendered":"","protected":false},"author":2,"featured_media":0,"parent":0,"menu_order":0,"comment_status":"closed","ping_status":"closed","template":"","meta":{"footnotes":""},"class_list":["post-4193","page","type-page","status-publish","hentry"],"yoast_head":"<!-- This site is optimized with the Yoast SEO plugin v27.2 - https:\/\/yoast.com\/product\/yoast-seo-wordpress\/ -->\n<title>BSolutions Group | Nosotros<\/title>\n<meta name=\"robots\" content=\"index, follow, max-snippet:-1, max-image-preview:large, max-video-preview:-1\" \/>\n<link rel=\"canonical\" href=\"https:\/\/b-solutionsgroup.com\/en\/nosotros\/\" \/>\n<meta property=\"og:locale\" content=\"en_US\" \/>\n<meta property=\"og:type\" content=\"article\" \/>\n<meta property=\"og:title\" content=\"BSolutions Group | Nosotros\" \/>\n<meta property=\"og:url\" content=\"https:\/\/b-solutionsgroup.com\/en\/nosotros\/\" \/>\n<meta property=\"og:site_name\" content=\"BSolutions Group\" \/>\n<meta property=\"article:publisher\" content=\"https:\/\/www.facebook.com\/BSolutionsGroupCR\/\" \/>\n<meta property=\"article:modified_time\" content=\"2024-12-05T22:55:25+00:00\" \/>\n<meta property=\"og:image\" content=\"https:\/\/b-solutionsgroup.com\/wp-content\/uploads\/2018\/06\/bsg-web-imagen.jpg\" \/>\n\t<meta property=\"og:image:width\" content=\"2300\" \/>\n\t<meta property=\"og:image:height\" content=\"1150\" \/>\n\t<meta property=\"og:image:type\" content=\"image\/jpeg\" \/>\n<meta name=\"twitter:card\" content=\"summary_large_image\" \/>\n<meta name=\"twitter:site\" content=\"@bsgwriteus\" \/>\n<meta name=\"twitter:label1\" content=\"Est. reading time\" \/>\n\t<meta name=\"twitter:data1\" content=\"2 minutes\" \/>\n<script type=\"application\/ld+json\" class=\"yoast-schema-graph\">{\"@context\":\"https:\/\/schema.org\",\"@graph\":[{\"@type\":\"WebPage\",\"@id\":\"https:\/\/b-solutionsgroup.com\/nosotros\/\",\"url\":\"https:\/\/b-solutionsgroup.com\/nosotros\/\",\"name\":\"BSolutions Group | Nosotros\",\"isPartOf\":{\"@id\":\"https:\/\/b-solutionsgroup.com\/#website\"},\"datePublished\":\"2017-05-27T13:12:12+00:00\",\"dateModified\":\"2024-12-05T22:55:25+00:00\",\"breadcrumb\":{\"@id\":\"https:\/\/b-solutionsgroup.com\/nosotros\/#breadcrumb\"},\"inLanguage\":\"en-US\",\"potentialAction\":[{\"@type\":\"ReadAction\",\"target\":[\"https:\/\/b-solutionsgroup.com\/nosotros\/\"]}]},{\"@type\":\"BreadcrumbList\",\"@id\":\"https:\/\/b-solutionsgroup.com\/nosotros\/#breadcrumb\",\"itemListElement\":[{\"@type\":\"ListItem\",\"position\":1,\"name\":\"Portada\",\"item\":\"https:\/\/b-solutionsgroup.com\/\"},{\"@type\":\"ListItem\",\"position\":2,\"name\":\"Nosotros\"}]},{\"@type\":\"WebSite\",\"@id\":\"https:\/\/b-solutionsgroup.com\/#website\",\"url\":\"https:\/\/b-solutionsgroup.com\/\",\"name\":\"BSolutions Group\",\"description\":\"Expertos en soluciones de negocios\",\"publisher\":{\"@id\":\"https:\/\/b-solutionsgroup.com\/#organization\"},\"potentialAction\":[{\"@type\":\"SearchAction\",\"target\":{\"@type\":\"EntryPoint\",\"urlTemplate\":\"https:\/\/b-solutionsgroup.com\/?s={search_term_string}\"},\"query-input\":{\"@type\":\"PropertyValueSpecification\",\"valueRequired\":true,\"valueName\":\"search_term_string\"}}],\"inLanguage\":\"en-US\"},{\"@type\":\"Organization\",\"@id\":\"https:\/\/b-solutionsgroup.com\/#organization\",\"name\":\"BSolutions Group\",\"url\":\"https:\/\/b-solutionsgroup.com\/\",\"logo\":{\"@type\":\"ImageObject\",\"inLanguage\":\"en-US\",\"@id\":\"https:\/\/b-solutionsgroup.com\/#\/schema\/logo\/image\/\",\"url\":\"https:\/\/b-solutionsgroup.com\/wp-content\/uploads\/2018\/06\/BSG_logo.png\",\"contentUrl\":\"https:\/\/b-solutionsgroup.com\/wp-content\/uploads\/2018\/06\/BSG_logo.png\",\"width\":197,\"height\":48,\"caption\":\"BSolutions Group\"},\"image\":{\"@id\":\"https:\/\/b-solutionsgroup.com\/#\/schema\/logo\/image\/\"},\"sameAs\":[\"https:\/\/www.facebook.com\/BSolutionsGroupCR\/\",\"https:\/\/x.com\/bsgwriteus\",\"https:\/\/www.linkedin.com\/company\/bsolutions-group\/\"]}]}<\/script>\n<!-- \/ Yoast SEO plugin. -->","yoast_head_json":{"title":"BSolutions Group | Nosotros","robots":{"index":"index","follow":"follow","max-snippet":"max-snippet:-1","max-image-preview":"max-image-preview:large","max-video-preview":"max-video-preview:-1"},"canonical":"https:\/\/b-solutionsgroup.com\/en\/nosotros\/","og_locale":"en_US","og_type":"article","og_title":"BSolutions Group | Nosotros","og_url":"https:\/\/b-solutionsgroup.com\/en\/nosotros\/","og_site_name":"BSolutions Group","article_publisher":"https:\/\/www.facebook.com\/BSolutionsGroupCR\/","article_modified_time":"2024-12-05T22:55:25+00:00","og_image":[{"width":2300,"height":1150,"url":"https:\/\/b-solutionsgroup.com\/wp-content\/uploads\/2018\/06\/bsg-web-imagen.jpg","type":"image\/jpeg"}],"twitter_card":"summary_large_image","twitter_site":"@bsgwriteus","twitter_misc":{"Est. reading time":"2 minutes"},"schema":{"@context":"https:\/\/schema.org","@graph":[{"@type":"WebPage","@id":"https:\/\/b-solutionsgroup.com\/nosotros\/","url":"https:\/\/b-solutionsgroup.com\/nosotros\/","name":"BSolutions Group | Nosotros","isPartOf":{"@id":"https:\/\/b-solutionsgroup.com\/#website"},"datePublished":"2017-05-27T13:12:12+00:00","dateModified":"2024-12-05T22:55:25+00:00","breadcrumb":{"@id":"https:\/\/b-solutionsgroup.com\/nosotros\/#breadcrumb"},"inLanguage":"en-US","potentialAction":[{"@type":"ReadAction","target":["https:\/\/b-solutionsgroup.com\/nosotros\/"]}]},{"@type":"BreadcrumbList","@id":"https:\/\/b-solutionsgroup.com\/nosotros\/#breadcrumb","itemListElement":[{"@type":"ListItem","position":1,"name":"Portada","item":"https:\/\/b-solutionsgroup.com\/"},{"@type":"ListItem","position":2,"name":"Nosotros"}]},{"@type":"WebSite","@id":"https:\/\/b-solutionsgroup.com\/#website","url":"https:\/\/b-solutionsgroup.com\/","name":"BSolutions Group","description":"Expertos en soluciones de negocios","publisher":{"@id":"https:\/\/b-solutionsgroup.com\/#organization"},"potentialAction":[{"@type":"SearchAction","target":{"@type":"EntryPoint","urlTemplate":"https:\/\/b-solutionsgroup.com\/?s={search_term_string}"},"query-input":{"@type":"PropertyValueSpecification","valueRequired":true,"valueName":"search_term_string"}}],"inLanguage":"en-US"},{"@type":"Organization","@id":"https:\/\/b-solutionsgroup.com\/#organization","name":"BSolutions Group","url":"https:\/\/b-solutionsgroup.com\/","logo":{"@type":"ImageObject","inLanguage":"en-US","@id":"https:\/\/b-solutionsgroup.com\/#\/schema\/logo\/image\/","url":"https:\/\/b-solutionsgroup.com\/wp-content\/uploads\/2018\/06\/BSG_logo.png","contentUrl":"https:\/\/b-solutionsgroup.com\/wp-content\/uploads\/2018\/06\/BSG_logo.png","width":197,"height":48,"caption":"BSolutions Group"},"image":{"@id":"https:\/\/b-solutionsgroup.com\/#\/schema\/logo\/image\/"},"sameAs":["https:\/\/www.facebook.com\/BSolutionsGroupCR\/","https:\/\/x.com\/bsgwriteus","https:\/\/www.linkedin.com\/company\/bsolutions-group\/"]}]}},"_links":{"self":[{"href":"https:\/\/b-solutionsgroup.com\/en\/wp-json\/wp\/v2\/pages\/4193","targetHints":{"allow":["GET"]}}],"collection":[{"href":"https:\/\/b-solutionsgroup.com\/en\/wp-json\/wp\/v2\/pages"}],"about":[{"href":"https:\/\/b-solutionsgroup.com\/en\/wp-json\/wp\/v2\/types\/page"}],"author":[{"embeddable":true,"href":"https:\/\/b-solutionsgroup.com\/en\/wp-json\/wp\/v2\/users\/2"}],"replies":[{"embeddable":true,"href":"https:\/\/b-solutionsgroup.com\/en\/wp-json\/wp\/v2\/comments?post=4193"}],"version-history":[{"count":5,"href":"https:\/\/b-solutionsgroup.com\/en\/wp-json\/wp\/v2\/pages\/4193\/revisions"}],"predecessor-version":[{"id":5650,"href":"https:\/\/b-solutionsgroup.com\/en\/wp-json\/wp\/v2\/pages\/4193\/revisions\/5650"}],"wp:attachment":[{"href":"https:\/\/b-solutionsgroup.com\/en\/wp-json\/wp\/v2\/media?parent=4193"}],"curies":[{"name":"wp","href":"https:\/\/api.w.org\/{rel}","templated":true}]}}