{"id":4586,"date":"2018-06-14T20:36:32","date_gmt":"2018-06-14T20:36:32","guid":{"rendered":"http:\/\/demo.b-solutionsgroup.com\/?page_id=4586"},"modified":"2018-06-14T20:36:32","modified_gmt":"2018-06-14T20:36:32","slug":"administracion-de-proyectos","status":"publish","type":"page","link":"https:\/\/b-solutionsgroup.com\/en\/administracion-de-proyectos\/","title":{"rendered":"Project Management"},"content":{"rendered":"<div class=\"wpb-content-wrapper\"><div data-row-brightness=\"light\" class=\"vc_row wpb_row vc_row-fluid rella-row-shadowbox-69ea52e57d6c8\" style=\"\"><div class=\"wpb_column vc_column_container vc_col-sm-12\" ><div class=\"vc_column-inner\"  style=\"\"><div class=\"wpb_wrapper\">\n\t<div class=\"wpb_text_column wpb_content_element\">\n\t\t<div class=\"wpb_wrapper\">\n\t\t\t<p><span style=\"font-family: 'Arial',sans-serif;\">The practice of project management has been studied and specialized in recent years. This specialization has resulted in a formalization of the process from conception to its respective closure. Usually, the formalization part is understood as the application of an international standard or frame of reference, which brings a lot of value. Nonetheless, we as consultants and auditors are convinced that the best practice will always be the one that has led to the success of the organization. For this reason, our strength as auditors is to validate that in project issues, the organization takes the appropriate steps to achieve their objectives.<\/span><\/p>\n<p><span style=\"font-family: 'Arial',sans-serif;\">Our objective in any of the related services is to make valuable recommendations, based on our experience in the implementation of practices related to project management and derived from reference frameworks such as PMBok or Prince 2. In addition, we are interested in ensuring the governance model for the projects, so that the investment responds to a strategy and resources. Moreover, processes are optimized without neglecting appropriate management of related risks.<\/span><\/p>\n<p><span style=\"font-family: 'Arial',sans-serif;\">Our experience in this process allows us to optimize the risks and resources required for the development of this type of processes and ensures a broad scope of audit including the Governance and Management models, applied to the business reality and the context or industry of your organization.<\/span><\/p>\n<p><span style=\"font-family: 'Arial',sans-serif;\">To ensure the quality of our portfolio of services we have professionals with extensive professional experience, who, we guarantee, are an integral part of the consulting team.<\/span><\/p>\n\n\t\t<\/div>\n\t<\/div>\n<\/div><\/div><\/div><script type=\"text\/javascript\">(function($) {$(\"head\").append(\"<style>.rella-row-shadowbox-69ea52e57d6c8{-webkit-box-shadow:;-moz-box-shadow:;box-shadow:;}<\/style>\");})(jQuery);<\/script><\/div>\n<\/div>","protected":false},"excerpt":{"rendered":"La pr\u00e1ctica de administraci\u00f3n de proyectos se ha especializado en los \u00faltimos a\u00f1os, esa especializaci\u00f3n a derivado en una formalizaci\u00f3n del proceso desde su concepci\u00f3n hasta el cierre respectivo. Normalmente la formalizaci\u00f3n se entiende como la aplicaci\u00f3n de un est\u00e1ndar o marco de referencia internacional, lo cual aporta mucho valor, pero nosotros como consultores y [...]","protected":false},"author":2,"featured_media":0,"parent":0,"menu_order":0,"comment_status":"closed","ping_status":"closed","template":"","meta":{"footnotes":""},"class_list":["post-4586","page","type-page","status-publish","hentry"],"yoast_head":"<!-- This site is optimized with the Yoast SEO plugin v27.2 - https:\/\/yoast.com\/product\/yoast-seo-wordpress\/ -->\n<title>BSolutions Group | Administraci\u00f3n de proyectos<\/title>\n<meta name=\"robots\" content=\"index, follow, max-snippet:-1, max-image-preview:large, max-video-preview:-1\" \/>\n<link rel=\"canonical\" href=\"https:\/\/b-solutionsgroup.com\/en\/administracion-de-proyectos\/\" \/>\n<meta property=\"og:locale\" content=\"en_US\" \/>\n<meta property=\"og:type\" content=\"article\" \/>\n<meta property=\"og:title\" content=\"BSolutions Group | Administraci\u00f3n de proyectos\" \/>\n<meta property=\"og:url\" content=\"https:\/\/b-solutionsgroup.com\/en\/administracion-de-proyectos\/\" \/>\n<meta property=\"og:site_name\" content=\"BSolutions Group\" \/>\n<meta property=\"article:publisher\" content=\"https:\/\/www.facebook.com\/BSolutionsGroupCR\/\" \/>\n<meta property=\"og:image\" content=\"https:\/\/b-solutionsgroup.com\/wp-content\/uploads\/2018\/06\/bsg-web-imagen.jpg\" \/>\n\t<meta property=\"og:image:width\" content=\"2300\" \/>\n\t<meta property=\"og:image:height\" content=\"1150\" \/>\n\t<meta property=\"og:image:type\" content=\"image\/jpeg\" \/>\n<meta name=\"twitter:card\" content=\"summary_large_image\" \/>\n<meta name=\"twitter:site\" content=\"@bsgwriteus\" \/>\n<meta name=\"twitter:label1\" content=\"Est. reading time\" \/>\n\t<meta name=\"twitter:data1\" content=\"2 minutes\" \/>\n<script type=\"application\/ld+json\" class=\"yoast-schema-graph\">{\"@context\":\"https:\/\/schema.org\",\"@graph\":[{\"@type\":\"WebPage\",\"@id\":\"https:\/\/b-solutionsgroup.com\/administracion-de-proyectos\/\",\"url\":\"https:\/\/b-solutionsgroup.com\/administracion-de-proyectos\/\",\"name\":\"BSolutions Group | Administraci\u00f3n de proyectos\",\"isPartOf\":{\"@id\":\"https:\/\/b-solutionsgroup.com\/#website\"},\"datePublished\":\"2018-06-14T20:36:32+00:00\",\"breadcrumb\":{\"@id\":\"https:\/\/b-solutionsgroup.com\/administracion-de-proyectos\/#breadcrumb\"},\"inLanguage\":\"en-US\",\"potentialAction\":[{\"@type\":\"ReadAction\",\"target\":[\"https:\/\/b-solutionsgroup.com\/administracion-de-proyectos\/\"]}]},{\"@type\":\"BreadcrumbList\",\"@id\":\"https:\/\/b-solutionsgroup.com\/administracion-de-proyectos\/#breadcrumb\",\"itemListElement\":[{\"@type\":\"ListItem\",\"position\":1,\"name\":\"Portada\",\"item\":\"https:\/\/b-solutionsgroup.com\/\"},{\"@type\":\"ListItem\",\"position\":2,\"name\":\"Administraci\u00f3n de proyectos\"}]},{\"@type\":\"WebSite\",\"@id\":\"https:\/\/b-solutionsgroup.com\/#website\",\"url\":\"https:\/\/b-solutionsgroup.com\/\",\"name\":\"BSolutions Group\",\"description\":\"Expertos en soluciones de negocios\",\"publisher\":{\"@id\":\"https:\/\/b-solutionsgroup.com\/#organization\"},\"potentialAction\":[{\"@type\":\"SearchAction\",\"target\":{\"@type\":\"EntryPoint\",\"urlTemplate\":\"https:\/\/b-solutionsgroup.com\/?s={search_term_string}\"},\"query-input\":{\"@type\":\"PropertyValueSpecification\",\"valueRequired\":true,\"valueName\":\"search_term_string\"}}],\"inLanguage\":\"en-US\"},{\"@type\":\"Organization\",\"@id\":\"https:\/\/b-solutionsgroup.com\/#organization\",\"name\":\"BSolutions Group\",\"url\":\"https:\/\/b-solutionsgroup.com\/\",\"logo\":{\"@type\":\"ImageObject\",\"inLanguage\":\"en-US\",\"@id\":\"https:\/\/b-solutionsgroup.com\/#\/schema\/logo\/image\/\",\"url\":\"https:\/\/b-solutionsgroup.com\/wp-content\/uploads\/2018\/06\/BSG_logo.png\",\"contentUrl\":\"https:\/\/b-solutionsgroup.com\/wp-content\/uploads\/2018\/06\/BSG_logo.png\",\"width\":197,\"height\":48,\"caption\":\"BSolutions Group\"},\"image\":{\"@id\":\"https:\/\/b-solutionsgroup.com\/#\/schema\/logo\/image\/\"},\"sameAs\":[\"https:\/\/www.facebook.com\/BSolutionsGroupCR\/\",\"https:\/\/x.com\/bsgwriteus\",\"https:\/\/www.linkedin.com\/company\/bsolutions-group\/\"]}]}<\/script>\n<!-- \/ Yoast SEO plugin. -->","yoast_head_json":{"title":"BSolutions Group | Administraci\u00f3n de proyectos","robots":{"index":"index","follow":"follow","max-snippet":"max-snippet:-1","max-image-preview":"max-image-preview:large","max-video-preview":"max-video-preview:-1"},"canonical":"https:\/\/b-solutionsgroup.com\/en\/administracion-de-proyectos\/","og_locale":"en_US","og_type":"article","og_title":"BSolutions Group | Administraci\u00f3n de proyectos","og_url":"https:\/\/b-solutionsgroup.com\/en\/administracion-de-proyectos\/","og_site_name":"BSolutions Group","article_publisher":"https:\/\/www.facebook.com\/BSolutionsGroupCR\/","og_image":[{"width":2300,"height":1150,"url":"https:\/\/b-solutionsgroup.com\/wp-content\/uploads\/2018\/06\/bsg-web-imagen.jpg","type":"image\/jpeg"}],"twitter_card":"summary_large_image","twitter_site":"@bsgwriteus","twitter_misc":{"Est. reading time":"2 minutes"},"schema":{"@context":"https:\/\/schema.org","@graph":[{"@type":"WebPage","@id":"https:\/\/b-solutionsgroup.com\/administracion-de-proyectos\/","url":"https:\/\/b-solutionsgroup.com\/administracion-de-proyectos\/","name":"BSolutions Group | Administraci\u00f3n de proyectos","isPartOf":{"@id":"https:\/\/b-solutionsgroup.com\/#website"},"datePublished":"2018-06-14T20:36:32+00:00","breadcrumb":{"@id":"https:\/\/b-solutionsgroup.com\/administracion-de-proyectos\/#breadcrumb"},"inLanguage":"en-US","potentialAction":[{"@type":"ReadAction","target":["https:\/\/b-solutionsgroup.com\/administracion-de-proyectos\/"]}]},{"@type":"BreadcrumbList","@id":"https:\/\/b-solutionsgroup.com\/administracion-de-proyectos\/#breadcrumb","itemListElement":[{"@type":"ListItem","position":1,"name":"Portada","item":"https:\/\/b-solutionsgroup.com\/"},{"@type":"ListItem","position":2,"name":"Administraci\u00f3n de proyectos"}]},{"@type":"WebSite","@id":"https:\/\/b-solutionsgroup.com\/#website","url":"https:\/\/b-solutionsgroup.com\/","name":"BSolutions Group","description":"Expertos en soluciones de negocios","publisher":{"@id":"https:\/\/b-solutionsgroup.com\/#organization"},"potentialAction":[{"@type":"SearchAction","target":{"@type":"EntryPoint","urlTemplate":"https:\/\/b-solutionsgroup.com\/?s={search_term_string}"},"query-input":{"@type":"PropertyValueSpecification","valueRequired":true,"valueName":"search_term_string"}}],"inLanguage":"en-US"},{"@type":"Organization","@id":"https:\/\/b-solutionsgroup.com\/#organization","name":"BSolutions Group","url":"https:\/\/b-solutionsgroup.com\/","logo":{"@type":"ImageObject","inLanguage":"en-US","@id":"https:\/\/b-solutionsgroup.com\/#\/schema\/logo\/image\/","url":"https:\/\/b-solutionsgroup.com\/wp-content\/uploads\/2018\/06\/BSG_logo.png","contentUrl":"https:\/\/b-solutionsgroup.com\/wp-content\/uploads\/2018\/06\/BSG_logo.png","width":197,"height":48,"caption":"BSolutions Group"},"image":{"@id":"https:\/\/b-solutionsgroup.com\/#\/schema\/logo\/image\/"},"sameAs":["https:\/\/www.facebook.com\/BSolutionsGroupCR\/","https:\/\/x.com\/bsgwriteus","https:\/\/www.linkedin.com\/company\/bsolutions-group\/"]}]}},"_links":{"self":[{"href":"https:\/\/b-solutionsgroup.com\/en\/wp-json\/wp\/v2\/pages\/4586","targetHints":{"allow":["GET"]}}],"collection":[{"href":"https:\/\/b-solutionsgroup.com\/en\/wp-json\/wp\/v2\/pages"}],"about":[{"href":"https:\/\/b-solutionsgroup.com\/en\/wp-json\/wp\/v2\/types\/page"}],"author":[{"embeddable":true,"href":"https:\/\/b-solutionsgroup.com\/en\/wp-json\/wp\/v2\/users\/2"}],"replies":[{"embeddable":true,"href":"https:\/\/b-solutionsgroup.com\/en\/wp-json\/wp\/v2\/comments?post=4586"}],"version-history":[{"count":1,"href":"https:\/\/b-solutionsgroup.com\/en\/wp-json\/wp\/v2\/pages\/4586\/revisions"}],"predecessor-version":[{"id":4587,"href":"https:\/\/b-solutionsgroup.com\/en\/wp-json\/wp\/v2\/pages\/4586\/revisions\/4587"}],"wp:attachment":[{"href":"https:\/\/b-solutionsgroup.com\/en\/wp-json\/wp\/v2\/media?parent=4586"}],"curies":[{"name":"wp","href":"https:\/\/api.w.org\/{rel}","templated":true}]}}