{"id":4588,"date":"2018-06-14T20:56:28","date_gmt":"2018-06-14T20:56:28","guid":{"rendered":"http:\/\/demo.b-solutionsgroup.com\/?page_id=4588"},"modified":"2018-10-19T09:41:47","modified_gmt":"2018-10-19T15:41:47","slug":"auditoria-informatica","status":"publish","type":"page","link":"https:\/\/b-solutionsgroup.com\/en\/auditoria-informatica\/","title":{"rendered":"IT Audit"},"content":{"rendered":"<div class=\"wpb-content-wrapper\"><div data-vc-full-width=\"true\" data-vc-full-width-init=\"false\" data-row-brightness=\"light\" class=\"vc_row wpb_row vc_row-fluid vc_custom_1479317392348 rella-row-shadowbox-69ea52eb157ee\" style=\"\"><div class=\"wpb_column vc_column_container vc_col-sm-4\" ><div class=\"vc_column-inner\"  style=\"\"><div class=\"wpb_wrapper\"><style>.ra_content_box_69ea52eb15c39 h3{color: !important;font-size: !important;}.ra_content_box_69ea52eb15c39 .content-box-content p{color:rgba(0,0,0,0.75) !important;font-size: !important;}<\/style><div id=\"ra_content_box_69ea52eb15c39\" class=\"content-box content-box-boxed content-box-boxed-default content-box-default content-box-with-border ra_content_box_69ea52eb15c39\">\n\n\t\t<figure> <img loading=\"lazy\" decoding=\"async\" width=\"400\" height=\"400\" src=\"https:\/\/b-solutionsgroup.com\/wp-content\/uploads\/2018\/06\/auditoria-continua-30x30.png\" class=\"attachment-full size-full progressive__img progressive--not-loaded\" alt=\"\" data-rjs=\"https:\/\/b-solutionsgroup.com\/wp-content\/uploads\/2018\/06\/auditoria-continua.png\" srcset=\"\" sizes=\"auto, (max-width: 400px) 100vw, 400px\" data-progressive=\"https:\/\/b-solutionsgroup.com\/wp-content\/uploads\/2018\/06\/auditoria-continua.png\" \/><\/figure>\n\t<div class=\"content-box-content\">\n\t\t<h3>Continuous Audit<\/h3>\t\t\n\t\t\t\t<p>Historically, the audit processes are executed with a significant gap in time in reference to the occurrence of the event.<\/p>\n\t\t<style>.ra_button_69ea52eb6cc17{border-color:!important;}.ra_button_69ea52eb6cc17:focus,.ra_button_69ea52eb6cc17:hover{border-color:!important;}<\/style><a href=\"http:\/\/b-solutionsgroup.com\/en\/auditoria-continua\/\" class=\"btn btn-solid border-thin text-uppercase ra_button_69ea52eb6cc17\" >\n\t\t\t\t<span>\n\tLearn More<i class=\"fa fa-angle-right\"><\/i>\t<\/span>\n<\/a>\n\t\t\n\t<\/div>\n\n<\/div><style>.ra_content_box_69ea52eb6d95d h3{color: !important;font-size: !important;}.ra_content_box_69ea52eb6d95d .content-box-content p{color:rgba(0,0,0,0.75) !important;font-size: !important;}<\/style><div id=\"ra_content_box_69ea52eb6d95d\" class=\"content-box content-box-boxed content-box-boxed-default content-box-default content-box-with-border ra_content_box_69ea52eb6d95d\">\n\n\t\t<figure> <img loading=\"lazy\" decoding=\"async\" width=\"400\" height=\"400\" src=\"https:\/\/b-solutionsgroup.com\/wp-content\/uploads\/2018\/10\/auditoria-interna-30x30.jpg\" class=\"attachment-full size-full progressive__img progressive--not-loaded\" alt=\"\" data-rjs=\"https:\/\/b-solutionsgroup.com\/wp-content\/uploads\/2018\/10\/auditoria-interna.jpg\" srcset=\"\" sizes=\"auto, (max-width: 400px) 100vw, 400px\" data-progressive=\"https:\/\/b-solutionsgroup.com\/wp-content\/uploads\/2018\/10\/auditoria-interna.jpg\" \/><\/figure>\n\t<div class=\"content-box-content\">\n\t\t<h3>Internal Audit<\/h3>\t\t\n\t\t\t\t<p>The mission of the internal audit is to collaborate in the fulfillment of the goals and objectives that the Board of Directors...<\/p>\n\t\t<style>.ra_button_69ea52ebaeaff{border-color:!important;}.ra_button_69ea52ebaeaff:focus,.ra_button_69ea52ebaeaff:hover{border-color:!important;}<\/style><a href=\"http:\/\/b-solutionsgroup.com\/en\/auditoria-interna-basada-en-riesgos\/\" class=\"btn btn-solid border-thin text-uppercase ra_button_69ea52ebaeaff\" >\n\t\t\t\t<span>\n\tLearn More<i class=\"fa fa-angle-right\"><\/i>\t<\/span>\n<\/a>\n\t\t\n\t<\/div>\n\n<\/div><\/div><\/div><\/div><div class=\"wpb_column vc_column_container vc_col-sm-4\" ><div class=\"vc_column-inner\"  style=\"\"><div class=\"wpb_wrapper\"><style>.ra_content_box_69ea52ebaed48 h3{color: !important;font-size: !important;}.ra_content_box_69ea52ebaed48 .content-box-content p{color:rgba(0,0,0,0.75) !important;font-size: !important;}<\/style><div id=\"ra_content_box_69ea52ebaed48\" class=\"content-box content-box-boxed content-box-boxed-default content-box-default content-box-with-border ra_content_box_69ea52ebaed48\">\n\n\t\t<figure> <img loading=\"lazy\" decoding=\"async\" width=\"400\" height=\"400\" src=\"https:\/\/b-solutionsgroup.com\/wp-content\/uploads\/2018\/06\/auditoria-tic-30x30.png\" class=\"attachment-full size-full progressive__img progressive--not-loaded\" alt=\"\" data-rjs=\"https:\/\/b-solutionsgroup.com\/wp-content\/uploads\/2018\/06\/auditoria-tic.png\" srcset=\"\" sizes=\"auto, (max-width: 400px) 100vw, 400px\" data-progressive=\"https:\/\/b-solutionsgroup.com\/wp-content\/uploads\/2018\/06\/auditoria-tic.png\" \/><\/figure>\n\t<div class=\"content-box-content\">\n\t\t<h3>IT Audit<\/h3>\t\t\n\t\t\t\t<p>To conduct an audit process on the practice of Information and Communications Technology, the first consideration taken...<\/p>\n\t\t<style>.ra_button_69ea52ec03c13{border-color:!important;}.ra_button_69ea52ec03c13:focus,.ra_button_69ea52ec03c13:hover{border-color:!important;}<\/style><a href=\"http:\/\/b-solutionsgroup.com\/en\/auditoria-tecnologia-de-informacion-y-comunicaciones\/\" class=\"btn btn-solid border-thin text-uppercase ra_button_69ea52ec03c13\" >\n\t\t\t\t<span>\n\tLearn More<i class=\"fa fa-angle-right\"><\/i>\t<\/span>\n<\/a>\n\t\t\n\t<\/div>\n\n<\/div><\/div><\/div><\/div><div class=\"wpb_column vc_column_container vc_col-sm-4\" ><div class=\"vc_column-inner\"  style=\"\"><div class=\"wpb_wrapper\"><style>.ra_content_box_69ea52ec03e91 h3{color: !important;font-size: !important;}.ra_content_box_69ea52ec03e91 .content-box-content p{color:rgba(0,0,0,0.75) !important;font-size: !important;}<\/style><div id=\"ra_content_box_69ea52ec03e91\" class=\"content-box content-box-boxed content-box-boxed-default content-box-default content-box-with-border ra_content_box_69ea52ec03e91\">\n\n\t\t<figure> <img loading=\"lazy\" decoding=\"async\" width=\"400\" height=\"400\" src=\"https:\/\/b-solutionsgroup.com\/wp-content\/uploads\/2018\/06\/project-management-30x30.png\" class=\"attachment-full size-full progressive__img progressive--not-loaded\" alt=\"\" data-rjs=\"https:\/\/b-solutionsgroup.com\/wp-content\/uploads\/2018\/06\/project-management.png\" srcset=\"\" sizes=\"auto, (max-width: 400px) 100vw, 400px\" data-progressive=\"https:\/\/b-solutionsgroup.com\/wp-content\/uploads\/2018\/06\/project-management.png\" \/><\/figure>\n\t<div class=\"content-box-content\">\n\t\t<h3>Project Management<\/h3>\t\t\n\t\t\t\t<p>The practice of project management has been studied and specialized in recent years. This specialization has resulted...<\/p>\n\t\t<style>.ra_button_69ea52ec4dc24{border-color:!important;}.ra_button_69ea52ec4dc24:focus,.ra_button_69ea52ec4dc24:hover{border-color:!important;}<\/style><a href=\"http:\/\/b-solutionsgroup.com\/en\/administracion-de-proyectos\/\" class=\"btn btn-solid border-thin text-uppercase ra_button_69ea52ec4dc24\" >\n\t\t\t\t<span>\n\tLearn More<i class=\"fa fa-angle-right\"><\/i>\t<\/span>\n<\/a>\n\t\t\n\t<\/div>\n\n<\/div><\/div><\/div><\/div><script type=\"text\/javascript\">(function($) {$(\"head\").append(\"<style>.rella-row-shadowbox-69ea52eb157ee{-webkit-box-shadow:;-moz-box-shadow:;box-shadow:;}<\/style>\");})(jQuery);<\/script><\/div><div class=\"vc_row-full-width vc_clearfix\"><\/div>\n<\/div>","protected":false},"excerpt":{"rendered":"Auditor\u00eda Cont\u00ednua La propuesta de Auditor\u00eda Continua, tiene como objetivo producir informaci\u00f3n de forma casi simult\u00e1nea... Conoce m\u00e1s Auditor\u00eda Interna La misi\u00f3n de la auditoria interna es colaborar en el cumplimiento de las metas y objetivos que la Junta Directiva... Conoce m\u00e1s Auditor\u00eda \u2013 T.I.C. Para realizar un proceso de auditor\u00eda sobre la pr\u00e1ctica de [...]","protected":false},"author":2,"featured_media":0,"parent":0,"menu_order":0,"comment_status":"closed","ping_status":"closed","template":"","meta":{"footnotes":""},"class_list":["post-4588","page","type-page","status-publish","hentry"],"yoast_head":"<!-- This site is optimized with the Yoast SEO plugin v27.2 - https:\/\/yoast.com\/product\/yoast-seo-wordpress\/ -->\n<title>BSolutions Group | Auditor\u00eda Inform\u00e1tica<\/title>\n<meta name=\"robots\" content=\"index, follow, max-snippet:-1, max-image-preview:large, max-video-preview:-1\" \/>\n<link rel=\"canonical\" href=\"https:\/\/b-solutionsgroup.com\/en\/auditoria-informatica\/\" \/>\n<meta property=\"og:locale\" content=\"en_US\" \/>\n<meta property=\"og:type\" content=\"article\" \/>\n<meta property=\"og:title\" content=\"BSolutions Group | Auditor\u00eda Inform\u00e1tica\" \/>\n<meta property=\"og:url\" content=\"https:\/\/b-solutionsgroup.com\/en\/auditoria-informatica\/\" \/>\n<meta property=\"og:site_name\" content=\"BSolutions Group\" \/>\n<meta property=\"article:publisher\" content=\"https:\/\/www.facebook.com\/BSolutionsGroupCR\/\" \/>\n<meta property=\"article:modified_time\" content=\"2018-10-19T15:41:47+00:00\" \/>\n<meta property=\"og:image\" content=\"https:\/\/b-solutionsgroup.com\/wp-content\/uploads\/2018\/06\/bsg-web-imagen.jpg\" \/>\n\t<meta property=\"og:image:width\" content=\"2300\" \/>\n\t<meta property=\"og:image:height\" content=\"1150\" \/>\n\t<meta property=\"og:image:type\" content=\"image\/jpeg\" \/>\n<meta name=\"twitter:card\" content=\"summary_large_image\" \/>\n<meta name=\"twitter:site\" content=\"@bsgwriteus\" \/>\n<meta name=\"twitter:label1\" content=\"Est. reading time\" \/>\n\t<meta name=\"twitter:data1\" content=\"2 minutes\" \/>\n<script type=\"application\/ld+json\" class=\"yoast-schema-graph\">{\"@context\":\"https:\/\/schema.org\",\"@graph\":[{\"@type\":\"WebPage\",\"@id\":\"https:\/\/b-solutionsgroup.com\/auditoria-informatica\/\",\"url\":\"https:\/\/b-solutionsgroup.com\/auditoria-informatica\/\",\"name\":\"BSolutions Group | Auditor\u00eda Inform\u00e1tica\",\"isPartOf\":{\"@id\":\"https:\/\/b-solutionsgroup.com\/#website\"},\"datePublished\":\"2018-06-14T20:56:28+00:00\",\"dateModified\":\"2018-10-19T15:41:47+00:00\",\"breadcrumb\":{\"@id\":\"https:\/\/b-solutionsgroup.com\/auditoria-informatica\/#breadcrumb\"},\"inLanguage\":\"en-US\",\"potentialAction\":[{\"@type\":\"ReadAction\",\"target\":[\"https:\/\/b-solutionsgroup.com\/auditoria-informatica\/\"]}]},{\"@type\":\"BreadcrumbList\",\"@id\":\"https:\/\/b-solutionsgroup.com\/auditoria-informatica\/#breadcrumb\",\"itemListElement\":[{\"@type\":\"ListItem\",\"position\":1,\"name\":\"Portada\",\"item\":\"https:\/\/b-solutionsgroup.com\/\"},{\"@type\":\"ListItem\",\"position\":2,\"name\":\"Auditor\u00eda Inform\u00e1tica\"}]},{\"@type\":\"WebSite\",\"@id\":\"https:\/\/b-solutionsgroup.com\/#website\",\"url\":\"https:\/\/b-solutionsgroup.com\/\",\"name\":\"BSolutions Group\",\"description\":\"Expertos en soluciones de negocios\",\"publisher\":{\"@id\":\"https:\/\/b-solutionsgroup.com\/#organization\"},\"potentialAction\":[{\"@type\":\"SearchAction\",\"target\":{\"@type\":\"EntryPoint\",\"urlTemplate\":\"https:\/\/b-solutionsgroup.com\/?s={search_term_string}\"},\"query-input\":{\"@type\":\"PropertyValueSpecification\",\"valueRequired\":true,\"valueName\":\"search_term_string\"}}],\"inLanguage\":\"en-US\"},{\"@type\":\"Organization\",\"@id\":\"https:\/\/b-solutionsgroup.com\/#organization\",\"name\":\"BSolutions Group\",\"url\":\"https:\/\/b-solutionsgroup.com\/\",\"logo\":{\"@type\":\"ImageObject\",\"inLanguage\":\"en-US\",\"@id\":\"https:\/\/b-solutionsgroup.com\/#\/schema\/logo\/image\/\",\"url\":\"https:\/\/b-solutionsgroup.com\/wp-content\/uploads\/2018\/06\/BSG_logo.png\",\"contentUrl\":\"https:\/\/b-solutionsgroup.com\/wp-content\/uploads\/2018\/06\/BSG_logo.png\",\"width\":197,\"height\":48,\"caption\":\"BSolutions Group\"},\"image\":{\"@id\":\"https:\/\/b-solutionsgroup.com\/#\/schema\/logo\/image\/\"},\"sameAs\":[\"https:\/\/www.facebook.com\/BSolutionsGroupCR\/\",\"https:\/\/x.com\/bsgwriteus\",\"https:\/\/www.linkedin.com\/company\/bsolutions-group\/\"]}]}<\/script>\n<!-- \/ Yoast SEO plugin. -->","yoast_head_json":{"title":"BSolutions Group | Auditor\u00eda Inform\u00e1tica","robots":{"index":"index","follow":"follow","max-snippet":"max-snippet:-1","max-image-preview":"max-image-preview:large","max-video-preview":"max-video-preview:-1"},"canonical":"https:\/\/b-solutionsgroup.com\/en\/auditoria-informatica\/","og_locale":"en_US","og_type":"article","og_title":"BSolutions Group | Auditor\u00eda Inform\u00e1tica","og_url":"https:\/\/b-solutionsgroup.com\/en\/auditoria-informatica\/","og_site_name":"BSolutions Group","article_publisher":"https:\/\/www.facebook.com\/BSolutionsGroupCR\/","article_modified_time":"2018-10-19T15:41:47+00:00","og_image":[{"width":2300,"height":1150,"url":"https:\/\/b-solutionsgroup.com\/wp-content\/uploads\/2018\/06\/bsg-web-imagen.jpg","type":"image\/jpeg"}],"twitter_card":"summary_large_image","twitter_site":"@bsgwriteus","twitter_misc":{"Est. reading time":"2 minutes"},"schema":{"@context":"https:\/\/schema.org","@graph":[{"@type":"WebPage","@id":"https:\/\/b-solutionsgroup.com\/auditoria-informatica\/","url":"https:\/\/b-solutionsgroup.com\/auditoria-informatica\/","name":"BSolutions Group | Auditor\u00eda Inform\u00e1tica","isPartOf":{"@id":"https:\/\/b-solutionsgroup.com\/#website"},"datePublished":"2018-06-14T20:56:28+00:00","dateModified":"2018-10-19T15:41:47+00:00","breadcrumb":{"@id":"https:\/\/b-solutionsgroup.com\/auditoria-informatica\/#breadcrumb"},"inLanguage":"en-US","potentialAction":[{"@type":"ReadAction","target":["https:\/\/b-solutionsgroup.com\/auditoria-informatica\/"]}]},{"@type":"BreadcrumbList","@id":"https:\/\/b-solutionsgroup.com\/auditoria-informatica\/#breadcrumb","itemListElement":[{"@type":"ListItem","position":1,"name":"Portada","item":"https:\/\/b-solutionsgroup.com\/"},{"@type":"ListItem","position":2,"name":"Auditor\u00eda Inform\u00e1tica"}]},{"@type":"WebSite","@id":"https:\/\/b-solutionsgroup.com\/#website","url":"https:\/\/b-solutionsgroup.com\/","name":"BSolutions Group","description":"Expertos en soluciones de negocios","publisher":{"@id":"https:\/\/b-solutionsgroup.com\/#organization"},"potentialAction":[{"@type":"SearchAction","target":{"@type":"EntryPoint","urlTemplate":"https:\/\/b-solutionsgroup.com\/?s={search_term_string}"},"query-input":{"@type":"PropertyValueSpecification","valueRequired":true,"valueName":"search_term_string"}}],"inLanguage":"en-US"},{"@type":"Organization","@id":"https:\/\/b-solutionsgroup.com\/#organization","name":"BSolutions Group","url":"https:\/\/b-solutionsgroup.com\/","logo":{"@type":"ImageObject","inLanguage":"en-US","@id":"https:\/\/b-solutionsgroup.com\/#\/schema\/logo\/image\/","url":"https:\/\/b-solutionsgroup.com\/wp-content\/uploads\/2018\/06\/BSG_logo.png","contentUrl":"https:\/\/b-solutionsgroup.com\/wp-content\/uploads\/2018\/06\/BSG_logo.png","width":197,"height":48,"caption":"BSolutions Group"},"image":{"@id":"https:\/\/b-solutionsgroup.com\/#\/schema\/logo\/image\/"},"sameAs":["https:\/\/www.facebook.com\/BSolutionsGroupCR\/","https:\/\/x.com\/bsgwriteus","https:\/\/www.linkedin.com\/company\/bsolutions-group\/"]}]}},"_links":{"self":[{"href":"https:\/\/b-solutionsgroup.com\/en\/wp-json\/wp\/v2\/pages\/4588","targetHints":{"allow":["GET"]}}],"collection":[{"href":"https:\/\/b-solutionsgroup.com\/en\/wp-json\/wp\/v2\/pages"}],"about":[{"href":"https:\/\/b-solutionsgroup.com\/en\/wp-json\/wp\/v2\/types\/page"}],"author":[{"embeddable":true,"href":"https:\/\/b-solutionsgroup.com\/en\/wp-json\/wp\/v2\/users\/2"}],"replies":[{"embeddable":true,"href":"https:\/\/b-solutionsgroup.com\/en\/wp-json\/wp\/v2\/comments?post=4588"}],"version-history":[{"count":5,"href":"https:\/\/b-solutionsgroup.com\/en\/wp-json\/wp\/v2\/pages\/4588\/revisions"}],"predecessor-version":[{"id":5187,"href":"https:\/\/b-solutionsgroup.com\/en\/wp-json\/wp\/v2\/pages\/4588\/revisions\/5187"}],"wp:attachment":[{"href":"https:\/\/b-solutionsgroup.com\/en\/wp-json\/wp\/v2\/media?parent=4588"}],"curies":[{"name":"wp","href":"https:\/\/api.w.org\/{rel}","templated":true}]}}