{"id":4629,"date":"2018-06-15T16:24:44","date_gmt":"2018-06-15T16:24:44","guid":{"rendered":"http:\/\/demo.b-solutionsgroup.com\/?page_id=4629"},"modified":"2018-06-15T16:24:44","modified_gmt":"2018-06-15T16:24:44","slug":"plan-de-recuperacion-en-caso-de-desastres","status":"publish","type":"page","link":"https:\/\/b-solutionsgroup.com\/en\/plan-de-recuperacion-en-caso-de-desastres\/","title":{"rendered":"Disaster Recovery Plan"},"content":{"rendered":"<div class=\"wpb-content-wrapper\"><div data-row-brightness=\"light\" class=\"vc_row wpb_row vc_row-fluid rella-row-shadowbox-69ea587bcebd0\" style=\"\"><div class=\"wpb_column vc_column_container vc_col-sm-12\" ><div class=\"vc_column-inner\"  style=\"\"><div class=\"wpb_wrapper\">\n\t<div class=\"wpb_text_column wpb_content_element\">\n\t\t<div class=\"wpb_wrapper\">\n\t\t\t<p>A Disaster Recovery Plan aims to ensure that Information and Communications Technology services can continue to support, in the face of a contingency, the execution of business processes; ensuring that the services of the company are available to customers at any time.n In addition, it is a good tool to ensure investment in technology and information associated with business processes.<\/p>\n<p>Our goal, in any of the related services, is to align the results of the Recovery Plan with the expectations of the different participants in the business decision-making, including customers, and that all the resources required to achieve this alignment are under a management and governance model.<\/p>\n<p>Our experience in this process has led us to use different reference frameworks and international standards, we usually use what is defined by the Disaster Recovery Institute (DRII) and we manage according to ISO-22301, without forgetting the requirements of the ISO-27001 and the fundamentals of ISO-31000 and the alignment of technological resources required by ITILv3. For this combination of practices to be applied correctly we have internationally certified professionals, who, we guarantee, are an integral part of the consulting team.<\/p>\n<p><img loading=\"lazy\" decoding=\"async\" class=\"size-full wp-image-4627 aligncenter\" src=\"http:\/\/demo.b-solutionsgroup.com\/wp-content\/uploads\/2018\/06\/plan-de-recuperaci\u00f3n-de-desastres-1-1024x436.jpg\" alt=\"\" width=\"1024\" height=\"436\" srcset=\"https:\/\/b-solutionsgroup.com\/wp-content\/uploads\/2018\/06\/plan-de-recuperaci\u00f3n-de-desastres-1-1024x436.jpg 1024w, https:\/\/b-solutionsgroup.com\/wp-content\/uploads\/2018\/06\/plan-de-recuperaci\u00f3n-de-desastres-1-1024x436-300x128.jpg 300w, https:\/\/b-solutionsgroup.com\/wp-content\/uploads\/2018\/06\/plan-de-recuperaci\u00f3n-de-desastres-1-1024x436-768x327.jpg 768w\" sizes=\"auto, (max-width: 1024px) 100vw, 1024px\" \/><\/p>\n\n\t\t<\/div>\n\t<\/div>\n<header class=\"section-title section-title-blue-underline2 align-center ra_section_title_69ea587bcf05c\" >\n\t<h2 class=\"title\">Frequently Asked Questions<\/h2><hr><\/header>\n\t<div class=\"wpb_text_column wpb_content_element\">\n\t\t<div class=\"wpb_wrapper\">\n\t\t\t<h4><strong>Can IT Recovery Plan be developed without having a Business Process Continuity Plan?<\/strong><\/h4>\n<p>Yes, it can be developed. Ideally, both plans should be developed jointly to take advantage of the synergies that occur in the development of the respective consulting.<\/p>\n<h4><strong>Is the end result of a Recovery Plan always having to implement an Alternate Data Center?<\/strong><\/h4>\n<p>The recovery strategy will depend on the consulting process where a combination of business process requirements and the very nature of the business will establish the scenarios for which a contingent response should be implemented. Not in all cases will it be needed to have an alternate site. Everything must respond to a Cost\/Benefit\/Risk ratio.<\/p>\n\n\t\t<\/div>\n\t<\/div>\n<\/div><\/div><\/div><script type=\"text\/javascript\">(function($) {$(\"head\").append(\"<style>.rella-row-shadowbox-69ea587bcebd0{-webkit-box-shadow:;-moz-box-shadow:;box-shadow:;}<\/style>\");})(jQuery);<\/script><\/div>\n<\/div>","protected":false},"excerpt":{"rendered":"Un Plan de Recuperaci\u00f3n en caso de Desastres, tiene como objetivo garantizar que los servicios de Tecnolog\u00eda de Informaci\u00f3n y Comunicaciones puedan seguir soportando, ante una contingencia, la ejecuci\u00f3n de los procesos de negocios y por consiguiente asegurar que los servicios de la empresa est\u00e9n disponibles para los clientes en cualquier momento, seg\u00fan las expectativas [...]","protected":false},"author":2,"featured_media":0,"parent":0,"menu_order":0,"comment_status":"closed","ping_status":"closed","template":"","meta":{"footnotes":""},"class_list":["post-4629","page","type-page","status-publish","hentry"],"yoast_head":"<!-- This site is optimized with the Yoast SEO plugin v27.2 - https:\/\/yoast.com\/product\/yoast-seo-wordpress\/ -->\n<title>BSolutions Group | Plan de Recuperaci\u00f3n en Caso de Desastres<\/title>\n<meta name=\"robots\" content=\"index, follow, max-snippet:-1, max-image-preview:large, max-video-preview:-1\" \/>\n<link rel=\"canonical\" href=\"https:\/\/b-solutionsgroup.com\/en\/plan-de-recuperacion-en-caso-de-desastres\/\" \/>\n<meta property=\"og:locale\" content=\"en_US\" \/>\n<meta property=\"og:type\" content=\"article\" \/>\n<meta property=\"og:title\" content=\"BSolutions Group | Plan de Recuperaci\u00f3n en Caso de Desastres\" \/>\n<meta property=\"og:url\" content=\"https:\/\/b-solutionsgroup.com\/en\/plan-de-recuperacion-en-caso-de-desastres\/\" \/>\n<meta property=\"og:site_name\" content=\"BSolutions Group\" \/>\n<meta property=\"article:publisher\" content=\"https:\/\/www.facebook.com\/BSolutionsGroupCR\/\" \/>\n<meta property=\"og:image\" content=\"http:\/\/demo.b-solutionsgroup.com\/wp-content\/uploads\/2018\/06\/plan-de-recuperaci\u00f3n-de-desastres-1-1024x436.jpg\" \/>\n<meta name=\"twitter:card\" content=\"summary_large_image\" \/>\n<meta name=\"twitter:site\" content=\"@bsgwriteus\" \/>\n<meta name=\"twitter:label1\" content=\"Est. reading time\" \/>\n\t<meta name=\"twitter:data1\" content=\"2 minutes\" \/>\n<script type=\"application\/ld+json\" class=\"yoast-schema-graph\">{\"@context\":\"https:\/\/schema.org\",\"@graph\":[{\"@type\":\"WebPage\",\"@id\":\"https:\/\/b-solutionsgroup.com\/plan-de-recuperacion-en-caso-de-desastres\/\",\"url\":\"https:\/\/b-solutionsgroup.com\/plan-de-recuperacion-en-caso-de-desastres\/\",\"name\":\"BSolutions Group | Plan de Recuperaci\u00f3n en Caso de Desastres\",\"isPartOf\":{\"@id\":\"https:\/\/b-solutionsgroup.com\/#website\"},\"datePublished\":\"2018-06-15T16:24:44+00:00\",\"breadcrumb\":{\"@id\":\"https:\/\/b-solutionsgroup.com\/plan-de-recuperacion-en-caso-de-desastres\/#breadcrumb\"},\"inLanguage\":\"en-US\",\"potentialAction\":[{\"@type\":\"ReadAction\",\"target\":[\"https:\/\/b-solutionsgroup.com\/plan-de-recuperacion-en-caso-de-desastres\/\"]}]},{\"@type\":\"BreadcrumbList\",\"@id\":\"https:\/\/b-solutionsgroup.com\/plan-de-recuperacion-en-caso-de-desastres\/#breadcrumb\",\"itemListElement\":[{\"@type\":\"ListItem\",\"position\":1,\"name\":\"Portada\",\"item\":\"https:\/\/b-solutionsgroup.com\/\"},{\"@type\":\"ListItem\",\"position\":2,\"name\":\"Plan de Recuperaci\u00f3n en Caso de Desastres\"}]},{\"@type\":\"WebSite\",\"@id\":\"https:\/\/b-solutionsgroup.com\/#website\",\"url\":\"https:\/\/b-solutionsgroup.com\/\",\"name\":\"BSolutions Group\",\"description\":\"Expertos en soluciones de negocios\",\"publisher\":{\"@id\":\"https:\/\/b-solutionsgroup.com\/#organization\"},\"potentialAction\":[{\"@type\":\"SearchAction\",\"target\":{\"@type\":\"EntryPoint\",\"urlTemplate\":\"https:\/\/b-solutionsgroup.com\/?s={search_term_string}\"},\"query-input\":{\"@type\":\"PropertyValueSpecification\",\"valueRequired\":true,\"valueName\":\"search_term_string\"}}],\"inLanguage\":\"en-US\"},{\"@type\":\"Organization\",\"@id\":\"https:\/\/b-solutionsgroup.com\/#organization\",\"name\":\"BSolutions Group\",\"url\":\"https:\/\/b-solutionsgroup.com\/\",\"logo\":{\"@type\":\"ImageObject\",\"inLanguage\":\"en-US\",\"@id\":\"https:\/\/b-solutionsgroup.com\/#\/schema\/logo\/image\/\",\"url\":\"https:\/\/b-solutionsgroup.com\/wp-content\/uploads\/2018\/06\/BSG_logo.png\",\"contentUrl\":\"https:\/\/b-solutionsgroup.com\/wp-content\/uploads\/2018\/06\/BSG_logo.png\",\"width\":197,\"height\":48,\"caption\":\"BSolutions Group\"},\"image\":{\"@id\":\"https:\/\/b-solutionsgroup.com\/#\/schema\/logo\/image\/\"},\"sameAs\":[\"https:\/\/www.facebook.com\/BSolutionsGroupCR\/\",\"https:\/\/x.com\/bsgwriteus\",\"https:\/\/www.linkedin.com\/company\/bsolutions-group\/\"]}]}<\/script>\n<!-- \/ Yoast SEO plugin. -->","yoast_head_json":{"title":"BSolutions Group | Plan de Recuperaci\u00f3n en Caso de Desastres","robots":{"index":"index","follow":"follow","max-snippet":"max-snippet:-1","max-image-preview":"max-image-preview:large","max-video-preview":"max-video-preview:-1"},"canonical":"https:\/\/b-solutionsgroup.com\/en\/plan-de-recuperacion-en-caso-de-desastres\/","og_locale":"en_US","og_type":"article","og_title":"BSolutions Group | Plan de Recuperaci\u00f3n en Caso de Desastres","og_url":"https:\/\/b-solutionsgroup.com\/en\/plan-de-recuperacion-en-caso-de-desastres\/","og_site_name":"BSolutions Group","article_publisher":"https:\/\/www.facebook.com\/BSolutionsGroupCR\/","og_image":[{"url":"http:\/\/demo.b-solutionsgroup.com\/wp-content\/uploads\/2018\/06\/plan-de-recuperaci\u00f3n-de-desastres-1-1024x436.jpg","type":"","width":"","height":""}],"twitter_card":"summary_large_image","twitter_site":"@bsgwriteus","twitter_misc":{"Est. reading time":"2 minutes"},"schema":{"@context":"https:\/\/schema.org","@graph":[{"@type":"WebPage","@id":"https:\/\/b-solutionsgroup.com\/plan-de-recuperacion-en-caso-de-desastres\/","url":"https:\/\/b-solutionsgroup.com\/plan-de-recuperacion-en-caso-de-desastres\/","name":"BSolutions Group | Plan de Recuperaci\u00f3n en Caso de Desastres","isPartOf":{"@id":"https:\/\/b-solutionsgroup.com\/#website"},"datePublished":"2018-06-15T16:24:44+00:00","breadcrumb":{"@id":"https:\/\/b-solutionsgroup.com\/plan-de-recuperacion-en-caso-de-desastres\/#breadcrumb"},"inLanguage":"en-US","potentialAction":[{"@type":"ReadAction","target":["https:\/\/b-solutionsgroup.com\/plan-de-recuperacion-en-caso-de-desastres\/"]}]},{"@type":"BreadcrumbList","@id":"https:\/\/b-solutionsgroup.com\/plan-de-recuperacion-en-caso-de-desastres\/#breadcrumb","itemListElement":[{"@type":"ListItem","position":1,"name":"Portada","item":"https:\/\/b-solutionsgroup.com\/"},{"@type":"ListItem","position":2,"name":"Plan de Recuperaci\u00f3n en Caso de Desastres"}]},{"@type":"WebSite","@id":"https:\/\/b-solutionsgroup.com\/#website","url":"https:\/\/b-solutionsgroup.com\/","name":"BSolutions Group","description":"Expertos en soluciones de negocios","publisher":{"@id":"https:\/\/b-solutionsgroup.com\/#organization"},"potentialAction":[{"@type":"SearchAction","target":{"@type":"EntryPoint","urlTemplate":"https:\/\/b-solutionsgroup.com\/?s={search_term_string}"},"query-input":{"@type":"PropertyValueSpecification","valueRequired":true,"valueName":"search_term_string"}}],"inLanguage":"en-US"},{"@type":"Organization","@id":"https:\/\/b-solutionsgroup.com\/#organization","name":"BSolutions Group","url":"https:\/\/b-solutionsgroup.com\/","logo":{"@type":"ImageObject","inLanguage":"en-US","@id":"https:\/\/b-solutionsgroup.com\/#\/schema\/logo\/image\/","url":"https:\/\/b-solutionsgroup.com\/wp-content\/uploads\/2018\/06\/BSG_logo.png","contentUrl":"https:\/\/b-solutionsgroup.com\/wp-content\/uploads\/2018\/06\/BSG_logo.png","width":197,"height":48,"caption":"BSolutions Group"},"image":{"@id":"https:\/\/b-solutionsgroup.com\/#\/schema\/logo\/image\/"},"sameAs":["https:\/\/www.facebook.com\/BSolutionsGroupCR\/","https:\/\/x.com\/bsgwriteus","https:\/\/www.linkedin.com\/company\/bsolutions-group\/"]}]}},"_links":{"self":[{"href":"https:\/\/b-solutionsgroup.com\/en\/wp-json\/wp\/v2\/pages\/4629","targetHints":{"allow":["GET"]}}],"collection":[{"href":"https:\/\/b-solutionsgroup.com\/en\/wp-json\/wp\/v2\/pages"}],"about":[{"href":"https:\/\/b-solutionsgroup.com\/en\/wp-json\/wp\/v2\/types\/page"}],"author":[{"embeddable":true,"href":"https:\/\/b-solutionsgroup.com\/en\/wp-json\/wp\/v2\/users\/2"}],"replies":[{"embeddable":true,"href":"https:\/\/b-solutionsgroup.com\/en\/wp-json\/wp\/v2\/comments?post=4629"}],"version-history":[{"count":1,"href":"https:\/\/b-solutionsgroup.com\/en\/wp-json\/wp\/v2\/pages\/4629\/revisions"}],"predecessor-version":[{"id":4630,"href":"https:\/\/b-solutionsgroup.com\/en\/wp-json\/wp\/v2\/pages\/4629\/revisions\/4630"}],"wp:attachment":[{"href":"https:\/\/b-solutionsgroup.com\/en\/wp-json\/wp\/v2\/media?parent=4629"}],"curies":[{"name":"wp","href":"https:\/\/api.w.org\/{rel}","templated":true}]}}