{"id":4639,"date":"2018-06-15T16:44:13","date_gmt":"2018-06-15T16:44:13","guid":{"rendered":"http:\/\/demo.b-solutionsgroup.com\/?page_id=4639"},"modified":"2018-06-15T16:49:20","modified_gmt":"2018-06-15T16:49:20","slug":"administracion-de-riesgos-servicio","status":"publish","type":"page","link":"https:\/\/b-solutionsgroup.com\/en\/administracion-de-riesgos-servicio\/","title":{"rendered":"Risk Management"},"content":{"rendered":"<div class=\"wpb-content-wrapper\"><div data-row-brightness=\"light\" class=\"vc_row wpb_row vc_row-fluid rella-row-shadowbox-69ea56a94e2a7\" style=\"\"><div class=\"wpb_column vc_column_container vc_col-sm-12\" ><div class=\"vc_column-inner\"  style=\"\"><div class=\"wpb_wrapper\">\n\t<div class=\"wpb_text_column wpb_content_element\">\n\t\t<div class=\"wpb_wrapper\">\n\t\t\t<p>Risk Management aims to implement a methodological approach that allows organizations to integrate the entire risk management process and complement their governance framework. This risk management process, which complements the organization\u2019s decision-making model, should be supported by an intensive socialization process to develop a culture sensitive to the factors that can expose the vulnerabilities of the organization\u2019s processes.<\/p>\n<p>Our goal, in any of the related services, is to align the Risk Management System with the expectations of the different participants in business decision-making, including customers. To achieve this alignment, we use international methodologies and adapt them to the organizational reality to achieve synergies with other processes of the organization in issues of management and governance.<\/p>\n<p>Our experience in this process has led us to use different reference frameworks and international standards. We have focused our practice on ISO-31000, without neglecting other frames of reference and practices that, according to business practice, become relevant and\/or necessary to incorporate. To ensure the quality of our portfolio of services we have internationally certified professionals, who we guarantee are an integral part of the consulting team.<\/p>\n<p><img loading=\"lazy\" decoding=\"async\" class=\"size-full wp-image-4640 aligncenter\" src=\"http:\/\/demo.b-solutionsgroup.com\/wp-content\/uploads\/2018\/06\/administracion-de-riesgos-proceso.jpg\" alt=\"\" width=\"800\" height=\"206\" srcset=\"https:\/\/b-solutionsgroup.com\/wp-content\/uploads\/2018\/06\/administracion-de-riesgos-proceso.jpg 800w, https:\/\/b-solutionsgroup.com\/wp-content\/uploads\/2018\/06\/administracion-de-riesgos-proceso-300x77.jpg 300w, https:\/\/b-solutionsgroup.com\/wp-content\/uploads\/2018\/06\/administracion-de-riesgos-proceso-768x198.jpg 768w\" sizes=\"auto, (max-width: 800px) 100vw, 800px\" \/><\/p>\n\n\t\t<\/div>\n\t<\/div>\n<header class=\"section-title section-title-blue-underline2 align-center ra_section_title_69ea56a94e8ee\" >\n\t<h2 class=\"title\">Frequently Asked Questions<\/h2><hr><\/header>\n\t<div class=\"wpb_text_column wpb_content_element\">\n\t\t<div class=\"wpb_wrapper\">\n\t\t\t<h4><strong>Is integrated risk management methodology a necessity?<\/strong><\/h4>\n<p>Having an integrated risk management model should be a priority from day one of the implementation of risk management. Not having it integrated does not necessarily imply that the risk management system cannot be implemented.<\/p>\n<h4><strong>Can risk management be implemented to a process or service?<\/strong><\/h4>\n<p>Risk management can be implemented to specific business processes, projects or management systems, among others. Implementing it in a comprehensive way is not the only option of implementation.<\/p>\n\n\t\t<\/div>\n\t<\/div>\n<\/div><\/div><\/div><script type=\"text\/javascript\">(function($) {$(\"head\").append(\"<style>.rella-row-shadowbox-69ea56a94e2a7{-webkit-box-shadow:;-moz-box-shadow:;box-shadow:;}<\/style>\");})(jQuery);<\/script><\/div>\n<\/div>","protected":false},"excerpt":{"rendered":"La Administraci\u00f3n de Riesgos, tiene como objetivo implementar un enfoque metodol\u00f3gico que permita a las organizaciones integrar todo el proceso de gesti\u00f3n de riesgos y complementar su marco de gobierno. Este proceso de gesti\u00f3n de riesgos, que complementa al modelo de toma de decisiones de la organizaci\u00f3n, debe ser apoyado por un proceso intensivo de [...]","protected":false},"author":2,"featured_media":0,"parent":0,"menu_order":0,"comment_status":"closed","ping_status":"closed","template":"","meta":{"footnotes":""},"class_list":["post-4639","page","type-page","status-publish","hentry"],"yoast_head":"<!-- This site is optimized with the Yoast SEO plugin v27.2 - https:\/\/yoast.com\/product\/yoast-seo-wordpress\/ -->\n<title>BSolutions Group | Administraci\u00f3n de Riesgos<\/title>\n<meta name=\"robots\" content=\"index, follow, max-snippet:-1, max-image-preview:large, max-video-preview:-1\" \/>\n<link rel=\"canonical\" href=\"https:\/\/b-solutionsgroup.com\/en\/administracion-de-riesgos-servicio\/\" \/>\n<meta property=\"og:locale\" content=\"en_US\" \/>\n<meta property=\"og:type\" content=\"article\" \/>\n<meta property=\"og:title\" content=\"BSolutions Group | Administraci\u00f3n de Riesgos\" \/>\n<meta property=\"og:url\" content=\"https:\/\/b-solutionsgroup.com\/en\/administracion-de-riesgos-servicio\/\" \/>\n<meta property=\"og:site_name\" content=\"BSolutions Group\" \/>\n<meta property=\"article:publisher\" content=\"https:\/\/www.facebook.com\/BSolutionsGroupCR\/\" \/>\n<meta property=\"article:modified_time\" content=\"2018-06-15T16:49:20+00:00\" \/>\n<meta property=\"og:image\" content=\"http:\/\/demo.b-solutionsgroup.com\/wp-content\/uploads\/2018\/06\/administracion-de-riesgos-proceso.jpg\" \/>\n<meta name=\"twitter:card\" content=\"summary_large_image\" \/>\n<meta name=\"twitter:site\" content=\"@bsgwriteus\" \/>\n<meta name=\"twitter:label1\" content=\"Est. reading time\" \/>\n\t<meta name=\"twitter:data1\" content=\"2 minutes\" \/>\n<script type=\"application\/ld+json\" class=\"yoast-schema-graph\">{\"@context\":\"https:\/\/schema.org\",\"@graph\":[{\"@type\":\"WebPage\",\"@id\":\"https:\/\/b-solutionsgroup.com\/administracion-de-riesgos-servicio\/\",\"url\":\"https:\/\/b-solutionsgroup.com\/administracion-de-riesgos-servicio\/\",\"name\":\"BSolutions Group | Administraci\u00f3n de Riesgos\",\"isPartOf\":{\"@id\":\"https:\/\/b-solutionsgroup.com\/#website\"},\"primaryImageOfPage\":{\"@id\":\"https:\/\/b-solutionsgroup.com\/administracion-de-riesgos-servicio\/#primaryimage\"},\"image\":{\"@id\":\"https:\/\/b-solutionsgroup.com\/administracion-de-riesgos-servicio\/#primaryimage\"},\"thumbnailUrl\":\"http:\/\/demo.b-solutionsgroup.com\/wp-content\/uploads\/2018\/06\/administracion-de-riesgos-proceso.jpg\",\"datePublished\":\"2018-06-15T16:44:13+00:00\",\"dateModified\":\"2018-06-15T16:49:20+00:00\",\"breadcrumb\":{\"@id\":\"https:\/\/b-solutionsgroup.com\/administracion-de-riesgos-servicio\/#breadcrumb\"},\"inLanguage\":\"en-US\",\"potentialAction\":[{\"@type\":\"ReadAction\",\"target\":[\"https:\/\/b-solutionsgroup.com\/administracion-de-riesgos-servicio\/\"]}]},{\"@type\":\"ImageObject\",\"inLanguage\":\"en-US\",\"@id\":\"https:\/\/b-solutionsgroup.com\/administracion-de-riesgos-servicio\/#primaryimage\",\"url\":\"http:\/\/demo.b-solutionsgroup.com\/wp-content\/uploads\/2018\/06\/administracion-de-riesgos-proceso.jpg\",\"contentUrl\":\"http:\/\/demo.b-solutionsgroup.com\/wp-content\/uploads\/2018\/06\/administracion-de-riesgos-proceso.jpg\"},{\"@type\":\"BreadcrumbList\",\"@id\":\"https:\/\/b-solutionsgroup.com\/administracion-de-riesgos-servicio\/#breadcrumb\",\"itemListElement\":[{\"@type\":\"ListItem\",\"position\":1,\"name\":\"Portada\",\"item\":\"https:\/\/b-solutionsgroup.com\/\"},{\"@type\":\"ListItem\",\"position\":2,\"name\":\"Administraci\u00f3n de Riesgos\"}]},{\"@type\":\"WebSite\",\"@id\":\"https:\/\/b-solutionsgroup.com\/#website\",\"url\":\"https:\/\/b-solutionsgroup.com\/\",\"name\":\"BSolutions Group\",\"description\":\"Expertos en soluciones de negocios\",\"publisher\":{\"@id\":\"https:\/\/b-solutionsgroup.com\/#organization\"},\"potentialAction\":[{\"@type\":\"SearchAction\",\"target\":{\"@type\":\"EntryPoint\",\"urlTemplate\":\"https:\/\/b-solutionsgroup.com\/?s={search_term_string}\"},\"query-input\":{\"@type\":\"PropertyValueSpecification\",\"valueRequired\":true,\"valueName\":\"search_term_string\"}}],\"inLanguage\":\"en-US\"},{\"@type\":\"Organization\",\"@id\":\"https:\/\/b-solutionsgroup.com\/#organization\",\"name\":\"BSolutions Group\",\"url\":\"https:\/\/b-solutionsgroup.com\/\",\"logo\":{\"@type\":\"ImageObject\",\"inLanguage\":\"en-US\",\"@id\":\"https:\/\/b-solutionsgroup.com\/#\/schema\/logo\/image\/\",\"url\":\"https:\/\/b-solutionsgroup.com\/wp-content\/uploads\/2018\/06\/BSG_logo.png\",\"contentUrl\":\"https:\/\/b-solutionsgroup.com\/wp-content\/uploads\/2018\/06\/BSG_logo.png\",\"width\":197,\"height\":48,\"caption\":\"BSolutions Group\"},\"image\":{\"@id\":\"https:\/\/b-solutionsgroup.com\/#\/schema\/logo\/image\/\"},\"sameAs\":[\"https:\/\/www.facebook.com\/BSolutionsGroupCR\/\",\"https:\/\/x.com\/bsgwriteus\",\"https:\/\/www.linkedin.com\/company\/bsolutions-group\/\"]}]}<\/script>\n<!-- \/ Yoast SEO plugin. -->","yoast_head_json":{"title":"BSolutions Group | Administraci\u00f3n de Riesgos","robots":{"index":"index","follow":"follow","max-snippet":"max-snippet:-1","max-image-preview":"max-image-preview:large","max-video-preview":"max-video-preview:-1"},"canonical":"https:\/\/b-solutionsgroup.com\/en\/administracion-de-riesgos-servicio\/","og_locale":"en_US","og_type":"article","og_title":"BSolutions Group | Administraci\u00f3n de Riesgos","og_url":"https:\/\/b-solutionsgroup.com\/en\/administracion-de-riesgos-servicio\/","og_site_name":"BSolutions Group","article_publisher":"https:\/\/www.facebook.com\/BSolutionsGroupCR\/","article_modified_time":"2018-06-15T16:49:20+00:00","og_image":[{"url":"http:\/\/demo.b-solutionsgroup.com\/wp-content\/uploads\/2018\/06\/administracion-de-riesgos-proceso.jpg","type":"","width":"","height":""}],"twitter_card":"summary_large_image","twitter_site":"@bsgwriteus","twitter_misc":{"Est. reading time":"2 minutes"},"schema":{"@context":"https:\/\/schema.org","@graph":[{"@type":"WebPage","@id":"https:\/\/b-solutionsgroup.com\/administracion-de-riesgos-servicio\/","url":"https:\/\/b-solutionsgroup.com\/administracion-de-riesgos-servicio\/","name":"BSolutions Group | Administraci\u00f3n de Riesgos","isPartOf":{"@id":"https:\/\/b-solutionsgroup.com\/#website"},"primaryImageOfPage":{"@id":"https:\/\/b-solutionsgroup.com\/administracion-de-riesgos-servicio\/#primaryimage"},"image":{"@id":"https:\/\/b-solutionsgroup.com\/administracion-de-riesgos-servicio\/#primaryimage"},"thumbnailUrl":"http:\/\/demo.b-solutionsgroup.com\/wp-content\/uploads\/2018\/06\/administracion-de-riesgos-proceso.jpg","datePublished":"2018-06-15T16:44:13+00:00","dateModified":"2018-06-15T16:49:20+00:00","breadcrumb":{"@id":"https:\/\/b-solutionsgroup.com\/administracion-de-riesgos-servicio\/#breadcrumb"},"inLanguage":"en-US","potentialAction":[{"@type":"ReadAction","target":["https:\/\/b-solutionsgroup.com\/administracion-de-riesgos-servicio\/"]}]},{"@type":"ImageObject","inLanguage":"en-US","@id":"https:\/\/b-solutionsgroup.com\/administracion-de-riesgos-servicio\/#primaryimage","url":"http:\/\/demo.b-solutionsgroup.com\/wp-content\/uploads\/2018\/06\/administracion-de-riesgos-proceso.jpg","contentUrl":"http:\/\/demo.b-solutionsgroup.com\/wp-content\/uploads\/2018\/06\/administracion-de-riesgos-proceso.jpg"},{"@type":"BreadcrumbList","@id":"https:\/\/b-solutionsgroup.com\/administracion-de-riesgos-servicio\/#breadcrumb","itemListElement":[{"@type":"ListItem","position":1,"name":"Portada","item":"https:\/\/b-solutionsgroup.com\/"},{"@type":"ListItem","position":2,"name":"Administraci\u00f3n de Riesgos"}]},{"@type":"WebSite","@id":"https:\/\/b-solutionsgroup.com\/#website","url":"https:\/\/b-solutionsgroup.com\/","name":"BSolutions Group","description":"Expertos en soluciones de negocios","publisher":{"@id":"https:\/\/b-solutionsgroup.com\/#organization"},"potentialAction":[{"@type":"SearchAction","target":{"@type":"EntryPoint","urlTemplate":"https:\/\/b-solutionsgroup.com\/?s={search_term_string}"},"query-input":{"@type":"PropertyValueSpecification","valueRequired":true,"valueName":"search_term_string"}}],"inLanguage":"en-US"},{"@type":"Organization","@id":"https:\/\/b-solutionsgroup.com\/#organization","name":"BSolutions Group","url":"https:\/\/b-solutionsgroup.com\/","logo":{"@type":"ImageObject","inLanguage":"en-US","@id":"https:\/\/b-solutionsgroup.com\/#\/schema\/logo\/image\/","url":"https:\/\/b-solutionsgroup.com\/wp-content\/uploads\/2018\/06\/BSG_logo.png","contentUrl":"https:\/\/b-solutionsgroup.com\/wp-content\/uploads\/2018\/06\/BSG_logo.png","width":197,"height":48,"caption":"BSolutions Group"},"image":{"@id":"https:\/\/b-solutionsgroup.com\/#\/schema\/logo\/image\/"},"sameAs":["https:\/\/www.facebook.com\/BSolutionsGroupCR\/","https:\/\/x.com\/bsgwriteus","https:\/\/www.linkedin.com\/company\/bsolutions-group\/"]}]}},"_links":{"self":[{"href":"https:\/\/b-solutionsgroup.com\/en\/wp-json\/wp\/v2\/pages\/4639","targetHints":{"allow":["GET"]}}],"collection":[{"href":"https:\/\/b-solutionsgroup.com\/en\/wp-json\/wp\/v2\/pages"}],"about":[{"href":"https:\/\/b-solutionsgroup.com\/en\/wp-json\/wp\/v2\/types\/page"}],"author":[{"embeddable":true,"href":"https:\/\/b-solutionsgroup.com\/en\/wp-json\/wp\/v2\/users\/2"}],"replies":[{"embeddable":true,"href":"https:\/\/b-solutionsgroup.com\/en\/wp-json\/wp\/v2\/comments?post=4639"}],"version-history":[{"count":1,"href":"https:\/\/b-solutionsgroup.com\/en\/wp-json\/wp\/v2\/pages\/4639\/revisions"}],"predecessor-version":[{"id":4641,"href":"https:\/\/b-solutionsgroup.com\/en\/wp-json\/wp\/v2\/pages\/4639\/revisions\/4641"}],"wp:attachment":[{"href":"https:\/\/b-solutionsgroup.com\/en\/wp-json\/wp\/v2\/media?parent=4639"}],"curies":[{"name":"wp","href":"https:\/\/api.w.org\/{rel}","templated":true}]}}