{"id":4663,"date":"2018-06-18T20:18:28","date_gmt":"2018-06-18T20:18:28","guid":{"rendered":"http:\/\/demo.b-solutionsgroup.com\/?page_id=4663"},"modified":"2018-06-27T16:12:00","modified_gmt":"2018-06-27T22:12:00","slug":"gobierno","status":"publish","type":"page","link":"https:\/\/b-solutionsgroup.com\/en\/gobierno\/","title":{"rendered":"Governance"},"content":{"rendered":"<div class=\"wpb-content-wrapper\"><div data-row-brightness=\"light\" class=\"vc_row wpb_row vc_row-fluid vc_custom_1484515871556 rella-row-shadowbox-69fb636525eed\" style=\"\"><div class=\"wpb_column vc_column_container vc_col-sm-12\" ><div class=\"vc_column-inner\"  style=\"\"><div class=\"wpb_wrapper\"><div class=\"vc_row wpb_row vc_inner vc_row-fluid\" style=\"background-attachment:;\"><div class=\"wpb_column vc_column_container vc_col-sm-12 vc_col-md-4\" ><div class=\"vc_column-inner\" style=\"\"><div class=\"wpb_wrapper\"><style>.ra_content_box_69fb636526376 h3{color:#000000 !important;font-size:23px !important;}.ra_content_box_69fb636526376 .content-box-content p{color: !important;font-size: !important;}<\/style><div id=\"ra_content_box_69fb636526376\" class=\"content-box content-box-boxed content-box-boxed-default content-box-default content-box-with-border ra_content_box_69fb636526376\">\n\n\t\t<figure> <img loading=\"lazy\" decoding=\"async\" width=\"400\" height=\"400\" src=\"https:\/\/b-solutionsgroup.com\/wp-content\/uploads\/2018\/06\/gobiernocorporativo-30x30.png\" class=\"attachment-full size-full progressive__img progressive--not-loaded\" alt=\"\" data-rjs=\"https:\/\/b-solutionsgroup.com\/wp-content\/uploads\/2018\/06\/gobiernocorporativo.png\" srcset=\"\" sizes=\"auto, (max-width: 400px) 100vw, 400px\" data-progressive=\"https:\/\/b-solutionsgroup.com\/wp-content\/uploads\/2018\/06\/gobiernocorporativo.png\" \/><\/figure>\n\t<div class=\"content-box-content\">\n\t\t<h3>Corporate Governance<\/h3>\t\t\n\t\t\t\t<p>The implementation of a Corporate Governance aims to establish equal treatment and to protect the interests of shareholders...<\/p>\n\t\t<style>.ra_button_69fb6365f0933{border-color:!important;line-height:32px !important;font-size:13px !important;font-weight:600 !important;letter-spacing:0.15em !important;}.ra_button_69fb6365f0933:focus,.ra_button_69fb6365f0933:hover{border-color:!important;}<\/style><a href=\"http:\/\/b-solutionsgroup.com\/en\/gobierno-corporativo\/\" class=\"btn btn-solid border-thin text-uppercase ra_button_69fb6365f0933 vc_custom_1530137414481\" >\n\t\t\t\t<span>\n\tLearn More<i class=\"fa fa-angle-right\"><\/i>\t<\/span>\n<\/a>\n\t\t\n\t<\/div>\n\n<\/div><\/div><\/div><\/div><div class=\"wpb_column vc_column_container vc_col-sm-6 vc_col-md-4\" ><div class=\"vc_column-inner\" style=\"\"><div class=\"wpb_wrapper\"><style>.ra_content_box_69fb6365f0b52 h3{color:#000000 !important;font-size:23px !important;}.ra_content_box_69fb6365f0b52 .content-box-content p{color: !important;font-size: !important;}<\/style><div id=\"ra_content_box_69fb6365f0b52\" class=\"content-box content-box-boxed content-box-boxed-default content-box-default content-box-with-border ra_content_box_69fb6365f0b52\">\n\n\t\t<figure> <img loading=\"lazy\" decoding=\"async\" width=\"400\" height=\"400\" src=\"https:\/\/b-solutionsgroup.com\/wp-content\/uploads\/2018\/06\/gobiernoinformacion-30x30.png\" class=\"attachment-full size-full progressive__img progressive--not-loaded\" alt=\"\" data-rjs=\"https:\/\/b-solutionsgroup.com\/wp-content\/uploads\/2018\/06\/gobiernoinformacion.png\" srcset=\"\" sizes=\"auto, (max-width: 400px) 100vw, 400px\" data-progressive=\"https:\/\/b-solutionsgroup.com\/wp-content\/uploads\/2018\/06\/gobiernoinformacion.png\" \/><\/figure>\n\t<div class=\"content-box-content\">\n\t\t<h3>Information Governance<\/h3>\t\t\n\t\t\t\t<p>Information Governance\u2019s objective is to ensure an Information Life Cycle in the organization. With this method, information...<\/p>\n\t\t<style>.ra_button_69fb6366bfdad{border-color:!important;line-height:32px !important;font-size:13px !important;font-weight:600 !important;letter-spacing:0.15em !important;}.ra_button_69fb6366bfdad:focus,.ra_button_69fb6366bfdad:hover{border-color:!important;}<\/style><a href=\"http:\/\/b-solutionsgroup.com\/en\/gobierno-de-la-informacion\/\" class=\"btn btn-solid border-thin text-uppercase ra_button_69fb6366bfdad vc_custom_1530137453698\" >\n\t\t\t\t<span>\n\tLearn More<i class=\"fa fa-angle-right\"><\/i>\t<\/span>\n<\/a>\n\t\t\n\t<\/div>\n\n<\/div><\/div><\/div><\/div><div class=\"wpb_column vc_column_container vc_col-sm-6 vc_col-md-4\" ><div class=\"vc_column-inner\" style=\"\"><div class=\"wpb_wrapper\"><style>.ra_content_box_69fb6366bffcf h3{color:#000000 !important;font-size:23px !important;}.ra_content_box_69fb6366bffcf .content-box-content p{color: !important;font-size: !important;}<\/style><div id=\"ra_content_box_69fb6366bffcf\" class=\"content-box content-box-boxed content-box-boxed-default content-box-default content-box-with-border ra_content_box_69fb6366bffcf\">\n\n\t\t<figure> <img loading=\"lazy\" decoding=\"async\" width=\"400\" height=\"400\" src=\"https:\/\/b-solutionsgroup.com\/wp-content\/uploads\/2018\/06\/gobiernoTIC-30x30.png\" class=\"attachment-full size-full progressive__img progressive--not-loaded\" alt=\"\" data-rjs=\"https:\/\/b-solutionsgroup.com\/wp-content\/uploads\/2018\/06\/gobiernoTIC.png\" srcset=\"\" sizes=\"auto, (max-width: 400px) 100vw, 400px\" data-progressive=\"https:\/\/b-solutionsgroup.com\/wp-content\/uploads\/2018\/06\/gobiernoTIC.png\" \/><\/figure>\n\t<div class=\"content-box-content\">\n\t\t<h3>IT Governance<\/h3>\t\t\n\t\t\t\t<p>Information Governance and Communications Technology aims to provide and maintain leadership and organizational structures to ensure alignment...<\/p>\n\t\t<style>.ra_button_69fb63678f4f6{border-color:!important;line-height:32px !important;font-size:13px !important;font-weight:600 !important;letter-spacing:0.15em !important;}.ra_button_69fb63678f4f6:focus,.ra_button_69fb63678f4f6:hover{border-color:!important;}<\/style><a href=\"http:\/\/b-solutionsgroup.com\/en\/gobierno-de-la-tecnologia-de-informacion-y-comunicaciones\/\" class=\"btn btn-solid border-thin text-uppercase ra_button_69fb63678f4f6 vc_custom_1530137469285\" >\n\t\t\t\t<span>\n\tLearn More<i class=\"fa fa-angle-right\"><\/i>\t<\/span>\n<\/a>\n\t\t\n\t<\/div>\n\n<\/div><\/div><\/div><\/div><\/div><\/div><\/div><\/div><script type=\"text\/javascript\">(function($) {$(\"head\").append(\"<style>.rella-row-shadowbox-69fb636525eed{-webkit-box-shadow:;-moz-box-shadow:;box-shadow:;}<\/style>\");})(jQuery);<\/script><\/div>\n<\/div>","protected":false},"excerpt":{"rendered":"Gobierno Corporativo La implementaci\u00f3n de un Gobierno Corporativo, tiene como finalidad establecer una trato igualitario y darle protecci\u00f3n a los intereses de los accionistas... Conoce m\u00e1s Gobierno Informaci\u00f3n El gobierno de la informaci\u00f3n, tiene como objetivo asegurar el Ciclo de Vida de la Informaci\u00f3n en la organizaci\u00f3n, de tal forma que se gestione y gobierne... [...]","protected":false},"author":2,"featured_media":0,"parent":0,"menu_order":0,"comment_status":"closed","ping_status":"closed","template":"","meta":{"footnotes":""},"class_list":["post-4663","page","type-page","status-publish","hentry"],"yoast_head":"<!-- This site is optimized with the Yoast SEO plugin v27.2 - https:\/\/yoast.com\/product\/yoast-seo-wordpress\/ -->\n<title>BSolutions Group | Gobierno<\/title>\n<meta name=\"robots\" content=\"index, follow, max-snippet:-1, max-image-preview:large, max-video-preview:-1\" \/>\n<link rel=\"canonical\" href=\"https:\/\/b-solutionsgroup.com\/en\/gobierno\/\" \/>\n<meta property=\"og:locale\" content=\"en_US\" \/>\n<meta property=\"og:type\" content=\"article\" \/>\n<meta property=\"og:title\" content=\"BSolutions Group | Gobierno\" \/>\n<meta property=\"og:url\" content=\"https:\/\/b-solutionsgroup.com\/en\/gobierno\/\" \/>\n<meta property=\"og:site_name\" content=\"BSolutions Group\" \/>\n<meta property=\"article:publisher\" content=\"https:\/\/www.facebook.com\/BSolutionsGroupCR\/\" \/>\n<meta property=\"article:modified_time\" content=\"2018-06-27T22:12:00+00:00\" \/>\n<meta property=\"og:image\" content=\"https:\/\/b-solutionsgroup.com\/wp-content\/uploads\/2018\/06\/bsg-web-imagen.jpg\" \/>\n\t<meta property=\"og:image:width\" content=\"2300\" \/>\n\t<meta property=\"og:image:height\" content=\"1150\" \/>\n\t<meta property=\"og:image:type\" content=\"image\/jpeg\" \/>\n<meta name=\"twitter:card\" content=\"summary_large_image\" \/>\n<meta name=\"twitter:site\" content=\"@bsgwriteus\" \/>\n<meta name=\"twitter:label1\" content=\"Est. reading time\" \/>\n\t<meta name=\"twitter:data1\" content=\"2 minutes\" \/>\n<script type=\"application\/ld+json\" class=\"yoast-schema-graph\">{\"@context\":\"https:\/\/schema.org\",\"@graph\":[{\"@type\":\"WebPage\",\"@id\":\"https:\/\/b-solutionsgroup.com\/gobierno\/\",\"url\":\"https:\/\/b-solutionsgroup.com\/gobierno\/\",\"name\":\"BSolutions Group | Gobierno\",\"isPartOf\":{\"@id\":\"https:\/\/b-solutionsgroup.com\/#website\"},\"datePublished\":\"2018-06-18T20:18:28+00:00\",\"dateModified\":\"2018-06-27T22:12:00+00:00\",\"breadcrumb\":{\"@id\":\"https:\/\/b-solutionsgroup.com\/gobierno\/#breadcrumb\"},\"inLanguage\":\"en-US\",\"potentialAction\":[{\"@type\":\"ReadAction\",\"target\":[\"https:\/\/b-solutionsgroup.com\/gobierno\/\"]}]},{\"@type\":\"BreadcrumbList\",\"@id\":\"https:\/\/b-solutionsgroup.com\/gobierno\/#breadcrumb\",\"itemListElement\":[{\"@type\":\"ListItem\",\"position\":1,\"name\":\"Portada\",\"item\":\"https:\/\/b-solutionsgroup.com\/\"},{\"@type\":\"ListItem\",\"position\":2,\"name\":\"Gobierno\"}]},{\"@type\":\"WebSite\",\"@id\":\"https:\/\/b-solutionsgroup.com\/#website\",\"url\":\"https:\/\/b-solutionsgroup.com\/\",\"name\":\"BSolutions Group\",\"description\":\"Expertos en soluciones de negocios\",\"publisher\":{\"@id\":\"https:\/\/b-solutionsgroup.com\/#organization\"},\"potentialAction\":[{\"@type\":\"SearchAction\",\"target\":{\"@type\":\"EntryPoint\",\"urlTemplate\":\"https:\/\/b-solutionsgroup.com\/?s={search_term_string}\"},\"query-input\":{\"@type\":\"PropertyValueSpecification\",\"valueRequired\":true,\"valueName\":\"search_term_string\"}}],\"inLanguage\":\"en-US\"},{\"@type\":\"Organization\",\"@id\":\"https:\/\/b-solutionsgroup.com\/#organization\",\"name\":\"BSolutions Group\",\"url\":\"https:\/\/b-solutionsgroup.com\/\",\"logo\":{\"@type\":\"ImageObject\",\"inLanguage\":\"en-US\",\"@id\":\"https:\/\/b-solutionsgroup.com\/#\/schema\/logo\/image\/\",\"url\":\"https:\/\/b-solutionsgroup.com\/wp-content\/uploads\/2018\/06\/BSG_logo.png\",\"contentUrl\":\"https:\/\/b-solutionsgroup.com\/wp-content\/uploads\/2018\/06\/BSG_logo.png\",\"width\":197,\"height\":48,\"caption\":\"BSolutions Group\"},\"image\":{\"@id\":\"https:\/\/b-solutionsgroup.com\/#\/schema\/logo\/image\/\"},\"sameAs\":[\"https:\/\/www.facebook.com\/BSolutionsGroupCR\/\",\"https:\/\/x.com\/bsgwriteus\",\"https:\/\/www.linkedin.com\/company\/bsolutions-group\/\"]}]}<\/script>\n<!-- \/ Yoast SEO plugin. -->","yoast_head_json":{"title":"BSolutions Group | Gobierno","robots":{"index":"index","follow":"follow","max-snippet":"max-snippet:-1","max-image-preview":"max-image-preview:large","max-video-preview":"max-video-preview:-1"},"canonical":"https:\/\/b-solutionsgroup.com\/en\/gobierno\/","og_locale":"en_US","og_type":"article","og_title":"BSolutions Group | Gobierno","og_url":"https:\/\/b-solutionsgroup.com\/en\/gobierno\/","og_site_name":"BSolutions Group","article_publisher":"https:\/\/www.facebook.com\/BSolutionsGroupCR\/","article_modified_time":"2018-06-27T22:12:00+00:00","og_image":[{"width":2300,"height":1150,"url":"https:\/\/b-solutionsgroup.com\/wp-content\/uploads\/2018\/06\/bsg-web-imagen.jpg","type":"image\/jpeg"}],"twitter_card":"summary_large_image","twitter_site":"@bsgwriteus","twitter_misc":{"Est. reading time":"2 minutes"},"schema":{"@context":"https:\/\/schema.org","@graph":[{"@type":"WebPage","@id":"https:\/\/b-solutionsgroup.com\/gobierno\/","url":"https:\/\/b-solutionsgroup.com\/gobierno\/","name":"BSolutions Group | Gobierno","isPartOf":{"@id":"https:\/\/b-solutionsgroup.com\/#website"},"datePublished":"2018-06-18T20:18:28+00:00","dateModified":"2018-06-27T22:12:00+00:00","breadcrumb":{"@id":"https:\/\/b-solutionsgroup.com\/gobierno\/#breadcrumb"},"inLanguage":"en-US","potentialAction":[{"@type":"ReadAction","target":["https:\/\/b-solutionsgroup.com\/gobierno\/"]}]},{"@type":"BreadcrumbList","@id":"https:\/\/b-solutionsgroup.com\/gobierno\/#breadcrumb","itemListElement":[{"@type":"ListItem","position":1,"name":"Portada","item":"https:\/\/b-solutionsgroup.com\/"},{"@type":"ListItem","position":2,"name":"Gobierno"}]},{"@type":"WebSite","@id":"https:\/\/b-solutionsgroup.com\/#website","url":"https:\/\/b-solutionsgroup.com\/","name":"BSolutions Group","description":"Expertos en soluciones de negocios","publisher":{"@id":"https:\/\/b-solutionsgroup.com\/#organization"},"potentialAction":[{"@type":"SearchAction","target":{"@type":"EntryPoint","urlTemplate":"https:\/\/b-solutionsgroup.com\/?s={search_term_string}"},"query-input":{"@type":"PropertyValueSpecification","valueRequired":true,"valueName":"search_term_string"}}],"inLanguage":"en-US"},{"@type":"Organization","@id":"https:\/\/b-solutionsgroup.com\/#organization","name":"BSolutions Group","url":"https:\/\/b-solutionsgroup.com\/","logo":{"@type":"ImageObject","inLanguage":"en-US","@id":"https:\/\/b-solutionsgroup.com\/#\/schema\/logo\/image\/","url":"https:\/\/b-solutionsgroup.com\/wp-content\/uploads\/2018\/06\/BSG_logo.png","contentUrl":"https:\/\/b-solutionsgroup.com\/wp-content\/uploads\/2018\/06\/BSG_logo.png","width":197,"height":48,"caption":"BSolutions Group"},"image":{"@id":"https:\/\/b-solutionsgroup.com\/#\/schema\/logo\/image\/"},"sameAs":["https:\/\/www.facebook.com\/BSolutionsGroupCR\/","https:\/\/x.com\/bsgwriteus","https:\/\/www.linkedin.com\/company\/bsolutions-group\/"]}]}},"_links":{"self":[{"href":"https:\/\/b-solutionsgroup.com\/en\/wp-json\/wp\/v2\/pages\/4663","targetHints":{"allow":["GET"]}}],"collection":[{"href":"https:\/\/b-solutionsgroup.com\/en\/wp-json\/wp\/v2\/pages"}],"about":[{"href":"https:\/\/b-solutionsgroup.com\/en\/wp-json\/wp\/v2\/types\/page"}],"author":[{"embeddable":true,"href":"https:\/\/b-solutionsgroup.com\/en\/wp-json\/wp\/v2\/users\/2"}],"replies":[{"embeddable":true,"href":"https:\/\/b-solutionsgroup.com\/en\/wp-json\/wp\/v2\/comments?post=4663"}],"version-history":[{"count":5,"href":"https:\/\/b-solutionsgroup.com\/en\/wp-json\/wp\/v2\/pages\/4663\/revisions"}],"predecessor-version":[{"id":4877,"href":"https:\/\/b-solutionsgroup.com\/en\/wp-json\/wp\/v2\/pages\/4663\/revisions\/4877"}],"wp:attachment":[{"href":"https:\/\/b-solutionsgroup.com\/en\/wp-json\/wp\/v2\/media?parent=4663"}],"curies":[{"name":"wp","href":"https:\/\/api.w.org\/{rel}","templated":true}]}}