{"id":4695,"date":"2018-06-18T20:53:29","date_gmt":"2018-06-18T20:53:29","guid":{"rendered":"http:\/\/demo.b-solutionsgroup.com\/?page_id=4695"},"modified":"2018-06-18T20:53:29","modified_gmt":"2018-06-18T20:53:29","slug":"inteligencia-de-negocios-y-analitica-de-datos","status":"publish","type":"page","link":"https:\/\/b-solutionsgroup.com\/en\/inteligencia-de-negocios-y-analitica-de-datos\/","title":{"rendered":"Business Intelligence &amp; Data Analytics"},"content":{"rendered":"<div class=\"wpb-content-wrapper\"><div data-row-brightness=\"light\" class=\"vc_row wpb_row vc_row-fluid rella-row-shadowbox-69eb900075d80\" style=\"\"><div class=\"wpb_column vc_column_container vc_col-sm-12\" ><div class=\"vc_column-inner\"  style=\"\"><div class=\"wpb_wrapper\">\n\t<div class=\"wpb_text_column wpb_content_element\">\n\t\t<div class=\"wpb_wrapper\">\n\t\t\t<p>Business Intelligence and analysis processes on the data of the organization and outside it aim to enhance the accuracy and timeliness of decisions in the organization, in such a way that at all times it is possible to know the current state and can, based on the data, predict one or several future scenarios. In this same analysis approach, you must implement business rules that allow you to be preventive and proactive from the base of the operations of the organization, in other words, on a day-to-day basis.<\/p>\n<p>Our goal, in any of the related services, is to align business intelligence with the requirements of the organization and the very nature of the sector where it develops its business, we seek to turn data into generators of competitive advantages through the knowledge of the internal and external of the organization. We create models of analysis capable of supporting the decision-making process and mechanisms that, through knowledge, allow us to anticipate decisions before possible scenarios.<\/p>\n<p>Our experience in this process has led us to use Second Generation Business Intelligence technology, under a neural-associative approach. This type of technology allows processing large amounts of data (Big Data) under global parameters of efficiency and effectiveness. In the event that our client possesses this type of technology, we try to complement it with our solution platform.<\/p>\n<p>To ensure the quality of our services, we have internationally certified professionals, who, we guarantee, are an integral part of the consulting team.<\/p>\n<p><img loading=\"lazy\" decoding=\"async\" class=\"aligncenter wp-image-4697 size-full\" src=\"http:\/\/demo.b-solutionsgroup.com\/wp-content\/uploads\/2018\/06\/planinfografiagerencial-1024x438.jpg\" alt=\"\" width=\"1024\" height=\"438\" srcset=\"https:\/\/b-solutionsgroup.com\/wp-content\/uploads\/2018\/06\/planinfografiagerencial-1024x438.jpg 1024w, https:\/\/b-solutionsgroup.com\/wp-content\/uploads\/2018\/06\/planinfografiagerencial-1024x438-300x128.jpg 300w, https:\/\/b-solutionsgroup.com\/wp-content\/uploads\/2018\/06\/planinfografiagerencial-1024x438-768x329.jpg 768w\" sizes=\"auto, (max-width: 1024px) 100vw, 1024px\" \/><\/p>\n\n\t\t<\/div>\n\t<\/div>\n<header class=\"section-title section-title-blue-underline2 align-center ra_section_title_69eb900076461\" >\n\t<h2 class=\"title\">Frequently Asked Questions<\/h2><hr><\/header>\n\t<div class=\"wpb_text_column wpb_content_element\">\n\t\t<div class=\"wpb_wrapper\">\n\t\t\t<h4><strong>Can I integrate data that is outside my organization into a Business Intelligence process?<\/strong><\/h4>\n<p>Yes, you can make an integration of that information with the internal information of your organization without this involving major investments or efforts on the part of the organization.<\/p>\n<h4><strong>Is an Information Governance process required to implement Business Intelligence?<\/strong><\/h4>\n<p>This is a decision taken on a case-by-case basis. Ideally, the process of information governance should exist, but it does not mean that you cannot implement Business Intelligence without it. Methodologically, the necessary adjustments are made to guarantee data sources and access to the information generated.<\/p>\n\n\t\t<\/div>\n\t<\/div>\n<\/div><\/div><\/div><script type=\"text\/javascript\">(function($) {$(\"head\").append(\"<style>.rella-row-shadowbox-69eb900075d80{-webkit-box-shadow:;-moz-box-shadow:;box-shadow:;}<\/style>\");})(jQuery);<\/script><\/div>\n<\/div>","protected":false},"excerpt":{"rendered":"La Inteligencia de Negocios y los procesos de an\u00e1lisis sobre los datos de la organizaci\u00f3n y fuera de \u00e9sta, tienen como objetivo potenciar la exactitud y oportunidad de las decisiones en la organizaci\u00f3n, de tal forma que en todo momento se tenga la posibilidad de conocer el estado actual y se pueda, basado en los [...]","protected":false},"author":2,"featured_media":0,"parent":0,"menu_order":0,"comment_status":"closed","ping_status":"closed","template":"","meta":{"footnotes":""},"class_list":["post-4695","page","type-page","status-publish","hentry"],"yoast_head":"<!-- This site is optimized with the Yoast SEO plugin v27.2 - https:\/\/yoast.com\/product\/yoast-seo-wordpress\/ -->\n<title>BSolutions Group | Inteligencia de Negocios y Anal\u00edtica de Datos<\/title>\n<meta name=\"robots\" content=\"index, follow, max-snippet:-1, max-image-preview:large, max-video-preview:-1\" \/>\n<link rel=\"canonical\" href=\"https:\/\/b-solutionsgroup.com\/en\/inteligencia-de-negocios-y-analitica-de-datos\/\" \/>\n<meta property=\"og:locale\" content=\"en_US\" \/>\n<meta property=\"og:type\" content=\"article\" \/>\n<meta property=\"og:title\" content=\"BSolutions Group | Inteligencia de Negocios y Anal\u00edtica de Datos\" \/>\n<meta property=\"og:url\" content=\"https:\/\/b-solutionsgroup.com\/en\/inteligencia-de-negocios-y-analitica-de-datos\/\" \/>\n<meta property=\"og:site_name\" content=\"BSolutions Group\" \/>\n<meta property=\"article:publisher\" content=\"https:\/\/www.facebook.com\/BSolutionsGroupCR\/\" \/>\n<meta property=\"og:image\" content=\"http:\/\/demo.b-solutionsgroup.com\/wp-content\/uploads\/2018\/06\/planinfografiagerencial-1024x438.jpg\" \/>\n<meta name=\"twitter:card\" content=\"summary_large_image\" \/>\n<meta name=\"twitter:site\" content=\"@bsgwriteus\" \/>\n<meta name=\"twitter:label1\" content=\"Est. reading time\" \/>\n\t<meta name=\"twitter:data1\" content=\"2 minutes\" \/>\n<script type=\"application\/ld+json\" class=\"yoast-schema-graph\">{\"@context\":\"https:\/\/schema.org\",\"@graph\":[{\"@type\":\"WebPage\",\"@id\":\"https:\/\/b-solutionsgroup.com\/inteligencia-de-negocios-y-analitica-de-datos\/\",\"url\":\"https:\/\/b-solutionsgroup.com\/inteligencia-de-negocios-y-analitica-de-datos\/\",\"name\":\"BSolutions Group | Inteligencia de Negocios y Anal\u00edtica de Datos\",\"isPartOf\":{\"@id\":\"https:\/\/b-solutionsgroup.com\/#website\"},\"primaryImageOfPage\":{\"@id\":\"https:\/\/b-solutionsgroup.com\/inteligencia-de-negocios-y-analitica-de-datos\/#primaryimage\"},\"image\":{\"@id\":\"https:\/\/b-solutionsgroup.com\/inteligencia-de-negocios-y-analitica-de-datos\/#primaryimage\"},\"thumbnailUrl\":\"http:\/\/demo.b-solutionsgroup.com\/wp-content\/uploads\/2018\/06\/planinfografiagerencial-1024x438.jpg\",\"datePublished\":\"2018-06-18T20:53:29+00:00\",\"breadcrumb\":{\"@id\":\"https:\/\/b-solutionsgroup.com\/inteligencia-de-negocios-y-analitica-de-datos\/#breadcrumb\"},\"inLanguage\":\"en-US\",\"potentialAction\":[{\"@type\":\"ReadAction\",\"target\":[\"https:\/\/b-solutionsgroup.com\/inteligencia-de-negocios-y-analitica-de-datos\/\"]}]},{\"@type\":\"ImageObject\",\"inLanguage\":\"en-US\",\"@id\":\"https:\/\/b-solutionsgroup.com\/inteligencia-de-negocios-y-analitica-de-datos\/#primaryimage\",\"url\":\"http:\/\/demo.b-solutionsgroup.com\/wp-content\/uploads\/2018\/06\/planinfografiagerencial-1024x438.jpg\",\"contentUrl\":\"http:\/\/demo.b-solutionsgroup.com\/wp-content\/uploads\/2018\/06\/planinfografiagerencial-1024x438.jpg\"},{\"@type\":\"BreadcrumbList\",\"@id\":\"https:\/\/b-solutionsgroup.com\/inteligencia-de-negocios-y-analitica-de-datos\/#breadcrumb\",\"itemListElement\":[{\"@type\":\"ListItem\",\"position\":1,\"name\":\"Portada\",\"item\":\"https:\/\/b-solutionsgroup.com\/\"},{\"@type\":\"ListItem\",\"position\":2,\"name\":\"Inteligencia de Negocios y Anal\u00edtica de Datos\"}]},{\"@type\":\"WebSite\",\"@id\":\"https:\/\/b-solutionsgroup.com\/#website\",\"url\":\"https:\/\/b-solutionsgroup.com\/\",\"name\":\"BSolutions Group\",\"description\":\"Expertos en soluciones de negocios\",\"publisher\":{\"@id\":\"https:\/\/b-solutionsgroup.com\/#organization\"},\"potentialAction\":[{\"@type\":\"SearchAction\",\"target\":{\"@type\":\"EntryPoint\",\"urlTemplate\":\"https:\/\/b-solutionsgroup.com\/?s={search_term_string}\"},\"query-input\":{\"@type\":\"PropertyValueSpecification\",\"valueRequired\":true,\"valueName\":\"search_term_string\"}}],\"inLanguage\":\"en-US\"},{\"@type\":\"Organization\",\"@id\":\"https:\/\/b-solutionsgroup.com\/#organization\",\"name\":\"BSolutions Group\",\"url\":\"https:\/\/b-solutionsgroup.com\/\",\"logo\":{\"@type\":\"ImageObject\",\"inLanguage\":\"en-US\",\"@id\":\"https:\/\/b-solutionsgroup.com\/#\/schema\/logo\/image\/\",\"url\":\"https:\/\/b-solutionsgroup.com\/wp-content\/uploads\/2018\/06\/BSG_logo.png\",\"contentUrl\":\"https:\/\/b-solutionsgroup.com\/wp-content\/uploads\/2018\/06\/BSG_logo.png\",\"width\":197,\"height\":48,\"caption\":\"BSolutions Group\"},\"image\":{\"@id\":\"https:\/\/b-solutionsgroup.com\/#\/schema\/logo\/image\/\"},\"sameAs\":[\"https:\/\/www.facebook.com\/BSolutionsGroupCR\/\",\"https:\/\/x.com\/bsgwriteus\",\"https:\/\/www.linkedin.com\/company\/bsolutions-group\/\"]}]}<\/script>\n<!-- \/ Yoast SEO plugin. -->","yoast_head_json":{"title":"BSolutions Group | Inteligencia de Negocios y Anal\u00edtica de Datos","robots":{"index":"index","follow":"follow","max-snippet":"max-snippet:-1","max-image-preview":"max-image-preview:large","max-video-preview":"max-video-preview:-1"},"canonical":"https:\/\/b-solutionsgroup.com\/en\/inteligencia-de-negocios-y-analitica-de-datos\/","og_locale":"en_US","og_type":"article","og_title":"BSolutions Group | Inteligencia de Negocios y Anal\u00edtica de Datos","og_url":"https:\/\/b-solutionsgroup.com\/en\/inteligencia-de-negocios-y-analitica-de-datos\/","og_site_name":"BSolutions Group","article_publisher":"https:\/\/www.facebook.com\/BSolutionsGroupCR\/","og_image":[{"url":"http:\/\/demo.b-solutionsgroup.com\/wp-content\/uploads\/2018\/06\/planinfografiagerencial-1024x438.jpg","type":"","width":"","height":""}],"twitter_card":"summary_large_image","twitter_site":"@bsgwriteus","twitter_misc":{"Est. reading time":"2 minutes"},"schema":{"@context":"https:\/\/schema.org","@graph":[{"@type":"WebPage","@id":"https:\/\/b-solutionsgroup.com\/inteligencia-de-negocios-y-analitica-de-datos\/","url":"https:\/\/b-solutionsgroup.com\/inteligencia-de-negocios-y-analitica-de-datos\/","name":"BSolutions Group | Inteligencia de Negocios y Anal\u00edtica de Datos","isPartOf":{"@id":"https:\/\/b-solutionsgroup.com\/#website"},"primaryImageOfPage":{"@id":"https:\/\/b-solutionsgroup.com\/inteligencia-de-negocios-y-analitica-de-datos\/#primaryimage"},"image":{"@id":"https:\/\/b-solutionsgroup.com\/inteligencia-de-negocios-y-analitica-de-datos\/#primaryimage"},"thumbnailUrl":"http:\/\/demo.b-solutionsgroup.com\/wp-content\/uploads\/2018\/06\/planinfografiagerencial-1024x438.jpg","datePublished":"2018-06-18T20:53:29+00:00","breadcrumb":{"@id":"https:\/\/b-solutionsgroup.com\/inteligencia-de-negocios-y-analitica-de-datos\/#breadcrumb"},"inLanguage":"en-US","potentialAction":[{"@type":"ReadAction","target":["https:\/\/b-solutionsgroup.com\/inteligencia-de-negocios-y-analitica-de-datos\/"]}]},{"@type":"ImageObject","inLanguage":"en-US","@id":"https:\/\/b-solutionsgroup.com\/inteligencia-de-negocios-y-analitica-de-datos\/#primaryimage","url":"http:\/\/demo.b-solutionsgroup.com\/wp-content\/uploads\/2018\/06\/planinfografiagerencial-1024x438.jpg","contentUrl":"http:\/\/demo.b-solutionsgroup.com\/wp-content\/uploads\/2018\/06\/planinfografiagerencial-1024x438.jpg"},{"@type":"BreadcrumbList","@id":"https:\/\/b-solutionsgroup.com\/inteligencia-de-negocios-y-analitica-de-datos\/#breadcrumb","itemListElement":[{"@type":"ListItem","position":1,"name":"Portada","item":"https:\/\/b-solutionsgroup.com\/"},{"@type":"ListItem","position":2,"name":"Inteligencia de Negocios y Anal\u00edtica de Datos"}]},{"@type":"WebSite","@id":"https:\/\/b-solutionsgroup.com\/#website","url":"https:\/\/b-solutionsgroup.com\/","name":"BSolutions Group","description":"Expertos en soluciones de negocios","publisher":{"@id":"https:\/\/b-solutionsgroup.com\/#organization"},"potentialAction":[{"@type":"SearchAction","target":{"@type":"EntryPoint","urlTemplate":"https:\/\/b-solutionsgroup.com\/?s={search_term_string}"},"query-input":{"@type":"PropertyValueSpecification","valueRequired":true,"valueName":"search_term_string"}}],"inLanguage":"en-US"},{"@type":"Organization","@id":"https:\/\/b-solutionsgroup.com\/#organization","name":"BSolutions Group","url":"https:\/\/b-solutionsgroup.com\/","logo":{"@type":"ImageObject","inLanguage":"en-US","@id":"https:\/\/b-solutionsgroup.com\/#\/schema\/logo\/image\/","url":"https:\/\/b-solutionsgroup.com\/wp-content\/uploads\/2018\/06\/BSG_logo.png","contentUrl":"https:\/\/b-solutionsgroup.com\/wp-content\/uploads\/2018\/06\/BSG_logo.png","width":197,"height":48,"caption":"BSolutions Group"},"image":{"@id":"https:\/\/b-solutionsgroup.com\/#\/schema\/logo\/image\/"},"sameAs":["https:\/\/www.facebook.com\/BSolutionsGroupCR\/","https:\/\/x.com\/bsgwriteus","https:\/\/www.linkedin.com\/company\/bsolutions-group\/"]}]}},"_links":{"self":[{"href":"https:\/\/b-solutionsgroup.com\/en\/wp-json\/wp\/v2\/pages\/4695","targetHints":{"allow":["GET"]}}],"collection":[{"href":"https:\/\/b-solutionsgroup.com\/en\/wp-json\/wp\/v2\/pages"}],"about":[{"href":"https:\/\/b-solutionsgroup.com\/en\/wp-json\/wp\/v2\/types\/page"}],"author":[{"embeddable":true,"href":"https:\/\/b-solutionsgroup.com\/en\/wp-json\/wp\/v2\/users\/2"}],"replies":[{"embeddable":true,"href":"https:\/\/b-solutionsgroup.com\/en\/wp-json\/wp\/v2\/comments?post=4695"}],"version-history":[{"count":1,"href":"https:\/\/b-solutionsgroup.com\/en\/wp-json\/wp\/v2\/pages\/4695\/revisions"}],"predecessor-version":[{"id":4698,"href":"https:\/\/b-solutionsgroup.com\/en\/wp-json\/wp\/v2\/pages\/4695\/revisions\/4698"}],"wp:attachment":[{"href":"https:\/\/b-solutionsgroup.com\/en\/wp-json\/wp\/v2\/media?parent=4695"}],"curies":[{"name":"wp","href":"https:\/\/api.w.org\/{rel}","templated":true}]}}