{"id":4730,"date":"2018-06-19T20:32:46","date_gmt":"2018-06-19T20:32:46","guid":{"rendered":"http:\/\/demo.b-solutionsgroup.com\/?page_id=4730"},"modified":"2019-09-24T14:52:09","modified_gmt":"2019-09-24T20:52:09","slug":"qlik","status":"publish","type":"page","link":"https:\/\/b-solutionsgroup.com\/en\/qlik\/","title":{"rendered":"Qlik"},"content":{"rendered":"<div class=\"wpb-content-wrapper\"><div data-row-brightness=\"light\" class=\"vc_row wpb_row vc_row-fluid vc_custom_1484515871556 rella-row-shadowbox-6a04db13ac28a\" style=\"\"><div class=\"wpb_column vc_column_container vc_col-sm-12\" ><div class=\"vc_column-inner\"  style=\"\"><div class=\"wpb_wrapper\"><div class=\"vc_row wpb_row vc_inner vc_row-fluid\" style=\"background-attachment:;\"><div class=\"wpb_column vc_column_container vc_col-sm-4 vc_col-md-4\" ><div class=\"vc_column-inner\" style=\"\"><div class=\"wpb_wrapper\"><style>.ra_content_box_6a04db13ac77c h3{color:#000000 !important;font-size:23px !important;}.ra_content_box_6a04db13ac77c .content-box-content p{color: !important;font-size: !important;}<\/style><div id=\"ra_content_box_6a04db13ac77c\" class=\"content-box content-box-boxed content-box-boxed-default content-box-default content-box-with-border ra_content_box_6a04db13ac77c\">\n\n\t\t<figure> <img loading=\"lazy\" decoding=\"async\" width=\"400\" height=\"400\" src=\"https:\/\/b-solutionsgroup.com\/wp-content\/uploads\/2018\/06\/qlikview-30x30.png\" class=\"attachment-full size-full progressive__img progressive--not-loaded\" alt=\"\" data-rjs=\"https:\/\/b-solutionsgroup.com\/wp-content\/uploads\/2018\/06\/qlikview.png\" srcset=\"\" sizes=\"auto, (max-width: 400px) 100vw, 400px\" data-progressive=\"https:\/\/b-solutionsgroup.com\/wp-content\/uploads\/2018\/06\/qlikview.png\" \/><\/figure>\n\t<div class=\"content-box-content\">\n\t\t<h3>QlikView<\/h3>\t\t\n\t\t\t\t<div class=\"page-title__copy\">\n<p>Discover valuable knowledge by creating your own targeted analytics-guided applications with a flexible enterprise solution.<\/p>\n<\/div>\n\t\t<style>.ra_button_6a04db13ef92d{border-color:!important;line-height:32px !important;font-size:13px !important;font-weight:600 !important;letter-spacing:0.15em !important;}.ra_button_6a04db13ef92d:focus,.ra_button_6a04db13ef92d:hover{border-color:!important;}<\/style><a href=\"http:\/\/b-solutionsgroup.com\/en\/qlikview\/\" class=\"btn btn-solid border-thin text-uppercase ra_button_6a04db13ef92d vc_custom_1530135667152\" >\n\t\t\t\t<span>\n\tLearn More<i class=\"fa fa-angle-right\"><\/i>\t<\/span>\n<\/a>\n\t\t\n\t<\/div>\n\n<\/div><style>.ra_content_box_6a04db13efa7c h3{color:#000000 !important;font-size:23px !important;}.ra_content_box_6a04db13efa7c .content-box-content p{color: !important;font-size: !important;}<\/style><div id=\"ra_content_box_6a04db13efa7c\" class=\"content-box content-box-boxed content-box-boxed-default content-box-default content-box-with-border ra_content_box_6a04db13efa7c\">\n\n\t\t<figure> <img loading=\"lazy\" decoding=\"async\" width=\"400\" height=\"400\" src=\"https:\/\/b-solutionsgroup.com\/wp-content\/uploads\/2018\/07\/qlik-geoanalytics-30x30.png\" class=\"attachment-full size-full progressive__img progressive--not-loaded\" alt=\"\" data-rjs=\"https:\/\/b-solutionsgroup.com\/wp-content\/uploads\/2018\/07\/qlik-geoanalytics.png\" srcset=\"\" sizes=\"auto, (max-width: 400px) 100vw, 400px\" data-progressive=\"https:\/\/b-solutionsgroup.com\/wp-content\/uploads\/2018\/07\/qlik-geoanalytics.png\" \/><\/figure>\n\t<div class=\"content-box-content\">\n\t\t<h3>Qlik GeoAnalytics<\/h3>\t\t\n\t\t\t\t<div class=\"page-title__copy\">\n<div class=\"page-title__copy\">\n<p>Reveal crucial geospatial information and expose hidden geographic relationships to make better geographic location decisions.<\/p>\n<\/div>\n<\/div>\n\t\t<style>.ra_button_6a04db14384fd{border-color:!important;line-height:32px !important;font-size:13px !important;font-weight:600 !important;letter-spacing:0.15em !important;}.ra_button_6a04db14384fd:focus,.ra_button_6a04db14384fd:hover{border-color:!important;}<\/style><a href=\"http:\/\/b-solutionsgroup.com\/en\/qlik-geoanalytics\/\" class=\"btn btn-solid border-thin text-uppercase ra_button_6a04db14384fd vc_custom_1531327669380\" >\n\t\t\t\t<span>\n\tLearn More<i class=\"fa fa-angle-right\"><\/i>\t<\/span>\n<\/a>\n\t\t\n\t<\/div>\n\n<\/div><\/div><\/div><\/div><div class=\"wpb_column vc_column_container vc_col-sm-4 vc_col-md-4\" ><div class=\"vc_column-inner\" style=\"\"><div class=\"wpb_wrapper\"><style>.ra_content_box_6a04db1438808 h3{color:#000000 !important;font-size:23px !important;}.ra_content_box_6a04db1438808 .content-box-content p{color: !important;font-size: !important;}<\/style><div id=\"ra_content_box_6a04db1438808\" class=\"content-box content-box-boxed content-box-boxed-default content-box-default content-box-with-border ra_content_box_6a04db1438808\">\n\n\t\t<figure> <img loading=\"lazy\" decoding=\"async\" width=\"400\" height=\"400\" src=\"https:\/\/b-solutionsgroup.com\/wp-content\/uploads\/2018\/06\/qliksense-30x30.png\" class=\"attachment-full size-full progressive__img progressive--not-loaded\" alt=\"\" data-rjs=\"https:\/\/b-solutionsgroup.com\/wp-content\/uploads\/2018\/06\/qliksense.png\" srcset=\"\" sizes=\"auto, (max-width: 400px) 100vw, 400px\" data-progressive=\"https:\/\/b-solutionsgroup.com\/wp-content\/uploads\/2018\/06\/qliksense.png\" \/><\/figure>\n\t<div class=\"content-box-content\">\n\t\t<h3>Qlik Sense<\/h3>\t\t\n\t\t\t\t<p>Qlik Sense, with its core element, the asociative engine allows you to discover insights that query-based BI tools simply don\u2019t capture.<\/p>\n\t\t<style>.ra_button_6a04db147a566{border-color:!important;line-height:32px !important;font-size:13px !important;font-weight:600 !important;letter-spacing:0.15em !important;}.ra_button_6a04db147a566:focus,.ra_button_6a04db147a566:hover{border-color:!important;}<\/style><a href=\"http:\/\/b-solutionsgroup.com\/en\/qlik-sense\/\" class=\"btn btn-solid border-thin text-uppercase ra_button_6a04db147a566 vc_custom_1530135707817\" >\n\t\t\t\t<span>\n\tLearn More<i class=\"fa fa-angle-right\"><\/i>\t<\/span>\n<\/a>\n\t\t\n\t<\/div>\n\n<\/div><style>.ra_content_box_6a04db147a6aa h3{color:#000000 !important;font-size:23px !important;}.ra_content_box_6a04db147a6aa .content-box-content p{color: !important;font-size: !important;}<\/style><div id=\"ra_content_box_6a04db147a6aa\" class=\"content-box content-box-boxed content-box-boxed-default content-box-default content-box-with-border ra_content_box_6a04db147a6aa\">\n\n\t\t<figure> <img loading=\"lazy\" decoding=\"async\" width=\"400\" height=\"400\" src=\"https:\/\/b-solutionsgroup.com\/wp-content\/uploads\/2019\/09\/qlik-Data-Catalyst-30x30.png\" class=\"attachment-full size-full progressive__img progressive--not-loaded\" alt=\"\" data-rjs=\"https:\/\/b-solutionsgroup.com\/wp-content\/uploads\/2019\/09\/qlik-Data-Catalyst.png\" srcset=\"\" sizes=\"auto, (max-width: 400px) 100vw, 400px\" data-progressive=\"https:\/\/b-solutionsgroup.com\/wp-content\/uploads\/2019\/09\/qlik-Data-Catalyst.png\" \/><\/figure>\n\t<div class=\"content-box-content\">\n\t\t<h3>Qlik Data Catalyst<\/h3>\t\t\n\t\t\t\t<div class=\"page-title__copy\">\n<div class=\"page-title__copy\">\n<p>Qlik Data Catalyst is a modern enterprise data management solution that simplifies and accelerates the delivery of reliable data to work with.<\/p>\n<\/div>\n<\/div>\n\t\t<style>.ra_button_6a04db14b3f13{border-color:!important;line-height:32px !important;font-size:13px !important;font-weight:600 !important;letter-spacing:0.15em !important;}.ra_button_6a04db14b3f13:focus,.ra_button_6a04db14b3f13:hover{border-color:!important;}<\/style><a href=\"https:\/\/b-solutionsgroup.com\/en\/qlik-data-catalyst\/\" class=\"btn btn-solid border-thin text-uppercase ra_button_6a04db14b3f13 vc_custom_1569342088101\" >\n\t\t\t\t<span>\n\tLearn More<i class=\"fa fa-angle-right\"><\/i>\t<\/span>\n<\/a>\n\t\t\n\t<\/div>\n\n<\/div><\/div><\/div><\/div><div class=\"wpb_column vc_column_container vc_col-sm-4\" ><div class=\"vc_column-inner\" style=\"\"><div class=\"wpb_wrapper\"><style>.ra_content_box_6a04db14b4127 h3{color: !important;font-size:23px !important;}.ra_content_box_6a04db14b4127 .content-box-content p{color: !important;font-size: !important;}<\/style><div id=\"ra_content_box_6a04db14b4127\" class=\"content-box content-box-boxed content-box-boxed-default content-box-default content-box-with-border ra_content_box_6a04db14b4127\">\n\n\t\t<figure> <img loading=\"lazy\" decoding=\"async\" width=\"400\" height=\"400\" src=\"https:\/\/b-solutionsgroup.com\/wp-content\/uploads\/2018\/07\/qlik-nprinting-30x30.png\" class=\"attachment-full size-full progressive__img progressive--not-loaded\" alt=\"\" data-rjs=\"https:\/\/b-solutionsgroup.com\/wp-content\/uploads\/2018\/07\/qlik-nprinting.png\" srcset=\"\" sizes=\"auto, (max-width: 400px) 100vw, 400px\" data-progressive=\"https:\/\/b-solutionsgroup.com\/wp-content\/uploads\/2018\/07\/qlik-nprinting.png\" \/><\/figure>\n\t<div class=\"content-box-content\">\n\t\t<h3>Qlik NPrinting<\/h3>\t\t\n\t\t\t\t<p>Qlik NPrinting is the next generation platform that provides a solution for the creation of reports and distribution of its Qlik models.<\/p>\n\t\t<style>.ra_button_6a04db14efaee{border-color:!important;line-height:32px !important;font-size:13px !important;font-weight:600 !important;letter-spacing:0.15em !important;}.ra_button_6a04db14efaee:focus,.ra_button_6a04db14efaee:hover{border-color:!important;}<\/style><a href=\"http:\/\/b-solutionsgroup.com\/en\/qlik-nprinting\/\" class=\"btn btn-solid border-thin text-uppercase ra_button_6a04db14efaee vc_custom_1531240605090\" >\n\t\t\t\t<span>\n\tLearn More<i class=\"fa fa-angle-right\"><\/i>\t<\/span>\n<\/a>\n\t\t\n\t<\/div>\n\n<\/div><style>.ra_content_box_6a04db14efc38 h3{color:#000000 !important;font-size:23px !important;}.ra_content_box_6a04db14efc38 .content-box-content p{color: !important;font-size: !important;}<\/style><div id=\"ra_content_box_6a04db14efc38\" class=\"content-box content-box-boxed content-box-boxed-default content-box-default content-box-with-border ra_content_box_6a04db14efc38\">\n\n\t\t<figure> <img loading=\"lazy\" decoding=\"async\" width=\"400\" height=\"400\" src=\"https:\/\/b-solutionsgroup.com\/wp-content\/uploads\/2019\/09\/qlik-insight-bot-30x30.png\" class=\"attachment-full size-full progressive__img progressive--not-loaded\" alt=\"\" data-rjs=\"https:\/\/b-solutionsgroup.com\/wp-content\/uploads\/2019\/09\/qlik-insight-bot.png\" srcset=\"\" sizes=\"auto, (max-width: 400px) 100vw, 400px\" data-progressive=\"https:\/\/b-solutionsgroup.com\/wp-content\/uploads\/2019\/09\/qlik-insight-bot.png\" \/><\/figure>\n\t<div class=\"content-box-content\">\n\t\t<h3>Qlik Insight Bot<\/h3>\t\t\n\t\t\t\t<div class=\"page-title__copy\">\n<div class=\"page-title__copy\">\n<p>Bring data-based knowledge to more people through conversational analytics, which will allow them to interact via voice and chat.<\/p>\n<\/div>\n<\/div>\n\t\t<style>.ra_button_6a04db15389fe{border-color:!important;line-height:32px !important;font-size:13px !important;font-weight:600 !important;letter-spacing:0.15em !important;}.ra_button_6a04db15389fe:focus,.ra_button_6a04db15389fe:hover{border-color:!important;}<\/style><a href=\"https:\/\/b-solutionsgroup.com\/en\/qlik-insight-bot\/\" class=\"btn btn-solid border-thin text-uppercase ra_button_6a04db15389fe vc_custom_1569358327162\" >\n\t\t\t\t<span>\n\tLearn More<i class=\"fa fa-angle-right\"><\/i>\t<\/span>\n<\/a>\n\t\t\n\t<\/div>\n\n<\/div><\/div><\/div><\/div><\/div><\/div><\/div><\/div><script type=\"text\/javascript\">(function($) {$(\"head\").append(\"<style>.rella-row-shadowbox-6a04db13ac28a{-webkit-box-shadow:;-moz-box-shadow:;box-shadow:;}<\/style>\");})(jQuery);<\/script><\/div>\n<\/div>","protected":false},"excerpt":{"rendered":"QlikView Descubra conocimiento de valor mediante la creaci\u00f3n de sus propias aplicaciones espec\u00edficas de anal\u00edtica guiada con una soluci\u00f3n empresarial flexible. Conoce m\u00e1s Qlik GeoAnalytics Revele informaci\u00f3n geoespacial crucial y exponga las relaciones geogr\u00e1ficas que quedan ocultas para tomar mejores decisiones en cuanto a la ubicaci\u00f3n geogr\u00e1fica. Conoce m\u00e1s Qlik Sense Qlik Sense, con su [...]","protected":false},"author":2,"featured_media":0,"parent":0,"menu_order":0,"comment_status":"closed","ping_status":"closed","template":"","meta":{"footnotes":""},"class_list":["post-4730","page","type-page","status-publish","hentry"],"yoast_head":"<!-- This site is optimized with the Yoast SEO plugin v27.2 - https:\/\/yoast.com\/product\/yoast-seo-wordpress\/ -->\n<title>BSolutions Group | Qlik<\/title>\n<meta name=\"robots\" content=\"index, follow, max-snippet:-1, max-image-preview:large, max-video-preview:-1\" \/>\n<link rel=\"canonical\" href=\"https:\/\/b-solutionsgroup.com\/en\/qlik\/\" \/>\n<meta property=\"og:locale\" content=\"en_US\" \/>\n<meta property=\"og:type\" content=\"article\" \/>\n<meta property=\"og:title\" content=\"BSolutions Group | Qlik\" \/>\n<meta property=\"og:url\" content=\"https:\/\/b-solutionsgroup.com\/en\/qlik\/\" \/>\n<meta property=\"og:site_name\" content=\"BSolutions Group\" \/>\n<meta property=\"article:publisher\" content=\"https:\/\/www.facebook.com\/BSolutionsGroupCR\/\" \/>\n<meta property=\"article:modified_time\" content=\"2019-09-24T20:52:09+00:00\" \/>\n<meta property=\"og:image\" content=\"https:\/\/b-solutionsgroup.com\/wp-content\/uploads\/2018\/06\/bsg-web-imagen.jpg\" \/>\n\t<meta property=\"og:image:width\" content=\"2300\" \/>\n\t<meta property=\"og:image:height\" content=\"1150\" \/>\n\t<meta property=\"og:image:type\" content=\"image\/jpeg\" \/>\n<meta name=\"twitter:card\" content=\"summary_large_image\" \/>\n<meta name=\"twitter:site\" content=\"@bsgwriteus\" \/>\n<meta name=\"twitter:label1\" content=\"Est. reading time\" \/>\n\t<meta name=\"twitter:data1\" content=\"3 minutes\" \/>\n<script type=\"application\/ld+json\" class=\"yoast-schema-graph\">{\"@context\":\"https:\/\/schema.org\",\"@graph\":[{\"@type\":\"WebPage\",\"@id\":\"https:\/\/b-solutionsgroup.com\/qlik\/\",\"url\":\"https:\/\/b-solutionsgroup.com\/qlik\/\",\"name\":\"BSolutions Group | Qlik\",\"isPartOf\":{\"@id\":\"https:\/\/b-solutionsgroup.com\/#website\"},\"datePublished\":\"2018-06-19T20:32:46+00:00\",\"dateModified\":\"2019-09-24T20:52:09+00:00\",\"breadcrumb\":{\"@id\":\"https:\/\/b-solutionsgroup.com\/qlik\/#breadcrumb\"},\"inLanguage\":\"en-US\",\"potentialAction\":[{\"@type\":\"ReadAction\",\"target\":[\"https:\/\/b-solutionsgroup.com\/qlik\/\"]}]},{\"@type\":\"BreadcrumbList\",\"@id\":\"https:\/\/b-solutionsgroup.com\/qlik\/#breadcrumb\",\"itemListElement\":[{\"@type\":\"ListItem\",\"position\":1,\"name\":\"Portada\",\"item\":\"https:\/\/b-solutionsgroup.com\/\"},{\"@type\":\"ListItem\",\"position\":2,\"name\":\"Qlik\"}]},{\"@type\":\"WebSite\",\"@id\":\"https:\/\/b-solutionsgroup.com\/#website\",\"url\":\"https:\/\/b-solutionsgroup.com\/\",\"name\":\"BSolutions Group\",\"description\":\"Expertos en soluciones de negocios\",\"publisher\":{\"@id\":\"https:\/\/b-solutionsgroup.com\/#organization\"},\"potentialAction\":[{\"@type\":\"SearchAction\",\"target\":{\"@type\":\"EntryPoint\",\"urlTemplate\":\"https:\/\/b-solutionsgroup.com\/?s={search_term_string}\"},\"query-input\":{\"@type\":\"PropertyValueSpecification\",\"valueRequired\":true,\"valueName\":\"search_term_string\"}}],\"inLanguage\":\"en-US\"},{\"@type\":\"Organization\",\"@id\":\"https:\/\/b-solutionsgroup.com\/#organization\",\"name\":\"BSolutions Group\",\"url\":\"https:\/\/b-solutionsgroup.com\/\",\"logo\":{\"@type\":\"ImageObject\",\"inLanguage\":\"en-US\",\"@id\":\"https:\/\/b-solutionsgroup.com\/#\/schema\/logo\/image\/\",\"url\":\"https:\/\/b-solutionsgroup.com\/wp-content\/uploads\/2018\/06\/BSG_logo.png\",\"contentUrl\":\"https:\/\/b-solutionsgroup.com\/wp-content\/uploads\/2018\/06\/BSG_logo.png\",\"width\":197,\"height\":48,\"caption\":\"BSolutions Group\"},\"image\":{\"@id\":\"https:\/\/b-solutionsgroup.com\/#\/schema\/logo\/image\/\"},\"sameAs\":[\"https:\/\/www.facebook.com\/BSolutionsGroupCR\/\",\"https:\/\/x.com\/bsgwriteus\",\"https:\/\/www.linkedin.com\/company\/bsolutions-group\/\"]}]}<\/script>\n<!-- \/ Yoast SEO plugin. -->","yoast_head_json":{"title":"BSolutions Group | Qlik","robots":{"index":"index","follow":"follow","max-snippet":"max-snippet:-1","max-image-preview":"max-image-preview:large","max-video-preview":"max-video-preview:-1"},"canonical":"https:\/\/b-solutionsgroup.com\/en\/qlik\/","og_locale":"en_US","og_type":"article","og_title":"BSolutions Group | Qlik","og_url":"https:\/\/b-solutionsgroup.com\/en\/qlik\/","og_site_name":"BSolutions Group","article_publisher":"https:\/\/www.facebook.com\/BSolutionsGroupCR\/","article_modified_time":"2019-09-24T20:52:09+00:00","og_image":[{"width":2300,"height":1150,"url":"https:\/\/b-solutionsgroup.com\/wp-content\/uploads\/2018\/06\/bsg-web-imagen.jpg","type":"image\/jpeg"}],"twitter_card":"summary_large_image","twitter_site":"@bsgwriteus","twitter_misc":{"Est. reading time":"3 minutes"},"schema":{"@context":"https:\/\/schema.org","@graph":[{"@type":"WebPage","@id":"https:\/\/b-solutionsgroup.com\/qlik\/","url":"https:\/\/b-solutionsgroup.com\/qlik\/","name":"BSolutions Group | Qlik","isPartOf":{"@id":"https:\/\/b-solutionsgroup.com\/#website"},"datePublished":"2018-06-19T20:32:46+00:00","dateModified":"2019-09-24T20:52:09+00:00","breadcrumb":{"@id":"https:\/\/b-solutionsgroup.com\/qlik\/#breadcrumb"},"inLanguage":"en-US","potentialAction":[{"@type":"ReadAction","target":["https:\/\/b-solutionsgroup.com\/qlik\/"]}]},{"@type":"BreadcrumbList","@id":"https:\/\/b-solutionsgroup.com\/qlik\/#breadcrumb","itemListElement":[{"@type":"ListItem","position":1,"name":"Portada","item":"https:\/\/b-solutionsgroup.com\/"},{"@type":"ListItem","position":2,"name":"Qlik"}]},{"@type":"WebSite","@id":"https:\/\/b-solutionsgroup.com\/#website","url":"https:\/\/b-solutionsgroup.com\/","name":"BSolutions Group","description":"Expertos en soluciones de negocios","publisher":{"@id":"https:\/\/b-solutionsgroup.com\/#organization"},"potentialAction":[{"@type":"SearchAction","target":{"@type":"EntryPoint","urlTemplate":"https:\/\/b-solutionsgroup.com\/?s={search_term_string}"},"query-input":{"@type":"PropertyValueSpecification","valueRequired":true,"valueName":"search_term_string"}}],"inLanguage":"en-US"},{"@type":"Organization","@id":"https:\/\/b-solutionsgroup.com\/#organization","name":"BSolutions Group","url":"https:\/\/b-solutionsgroup.com\/","logo":{"@type":"ImageObject","inLanguage":"en-US","@id":"https:\/\/b-solutionsgroup.com\/#\/schema\/logo\/image\/","url":"https:\/\/b-solutionsgroup.com\/wp-content\/uploads\/2018\/06\/BSG_logo.png","contentUrl":"https:\/\/b-solutionsgroup.com\/wp-content\/uploads\/2018\/06\/BSG_logo.png","width":197,"height":48,"caption":"BSolutions Group"},"image":{"@id":"https:\/\/b-solutionsgroup.com\/#\/schema\/logo\/image\/"},"sameAs":["https:\/\/www.facebook.com\/BSolutionsGroupCR\/","https:\/\/x.com\/bsgwriteus","https:\/\/www.linkedin.com\/company\/bsolutions-group\/"]}]}},"_links":{"self":[{"href":"https:\/\/b-solutionsgroup.com\/en\/wp-json\/wp\/v2\/pages\/4730","targetHints":{"allow":["GET"]}}],"collection":[{"href":"https:\/\/b-solutionsgroup.com\/en\/wp-json\/wp\/v2\/pages"}],"about":[{"href":"https:\/\/b-solutionsgroup.com\/en\/wp-json\/wp\/v2\/types\/page"}],"author":[{"embeddable":true,"href":"https:\/\/b-solutionsgroup.com\/en\/wp-json\/wp\/v2\/users\/2"}],"replies":[{"embeddable":true,"href":"https:\/\/b-solutionsgroup.com\/en\/wp-json\/wp\/v2\/comments?post=4730"}],"version-history":[{"count":5,"href":"https:\/\/b-solutionsgroup.com\/en\/wp-json\/wp\/v2\/pages\/4730\/revisions"}],"predecessor-version":[{"id":5272,"href":"https:\/\/b-solutionsgroup.com\/en\/wp-json\/wp\/v2\/pages\/4730\/revisions\/5272"}],"wp:attachment":[{"href":"https:\/\/b-solutionsgroup.com\/en\/wp-json\/wp\/v2\/media?parent=4730"}],"curies":[{"name":"wp","href":"https:\/\/api.w.org\/{rel}","templated":true}]}}