{"id":4734,"date":"2018-06-19T20:43:54","date_gmt":"2018-06-19T20:43:54","guid":{"rendered":"http:\/\/demo.b-solutionsgroup.com\/?page_id=4734"},"modified":"2022-08-29T08:40:46","modified_gmt":"2022-08-29T14:40:46","slug":"qlikview","status":"publish","type":"page","link":"https:\/\/b-solutionsgroup.com\/en\/qlikview\/","title":{"rendered":"QlikView\u00ae"},"content":{"rendered":"<div class=\"wpb-content-wrapper\"><div data-row-brightness=\"light\" class=\"vc_row wpb_row vc_row-fluid rella-row-shadowbox-69eb8ff3b8214\" style=\"\"><div class=\"wpb_column vc_column_container vc_col-sm-12\" ><div class=\"vc_column-inner\"  style=\"\"><div class=\"wpb_wrapper\"><header class=\"section-title section-title-underlined-title align-center ra_section_title_69eb8ff3b87e7\" >\n\t<h2 class=\"title\">QLIKVIEW GUIDED ANALYTICS\u00ae<\/h2><div class=\"page-title__copy\">\n<p>Discover valuable knowledge by creating your own targeted analytics-guided applications with a flexible enterprise solution.<\/p>\n<\/div>\n<style>.ra_button_69eb8ff3b8bc7{border-color:!important;}<\/style><a href=\"http:\/\/b-solutionsgroup.com\/en\/qlik-formulario-de-solicitud-de-demo\/\" class=\"btn btn-default border-thin ra_button_69eb8ff3b8bc7\" >\n\t\t\t\t<span>\n\tTry our demo\t<\/span>\n<\/a>\n<\/header>\n\t<div class=\"wpb_text_column wpb_content_element\">\n\t\t<div class=\"wpb_wrapper\">\n\t\t\t<p>Expectations regarding business intelligence (BI) have changed forever. It is no longer acceptable to work with excessively complex software, designed for a few advanced users, requiring long implementation cycles with low success rates in projects. QlikTech\u2019s spectacular growth shows that more and more forward-looking companies are betting on Qlik\u2019s innovative technology. They know that Qlik offers them something they can\u2019t get from any other BI provider: real simplicity, providing instant, one-click business responses for all users. Not just advanced users. With Qlik, value generation is measured in days and weeks and your deployment options are unlimited. More than 11,100 Qlik customers have already experienced unprecedented success rates in their projects, with more than 300 new customers joining each month.<\/p>\n<p><img loading=\"lazy\" decoding=\"async\" class=\"size-full wp-image-4926 aligncenter\" src=\"http:\/\/b-solutionsgroup.com\/wp-content\/uploads\/2018\/07\/qlik-estructura.png\" alt=\"\" width=\"800\" height=\"235\" srcset=\"https:\/\/b-solutionsgroup.com\/wp-content\/uploads\/2018\/07\/qlik-estructura.png 800w, https:\/\/b-solutionsgroup.com\/wp-content\/uploads\/2018\/07\/qlik-estructura-300x88.png 300w, https:\/\/b-solutionsgroup.com\/wp-content\/uploads\/2018\/07\/qlik-estructura-768x226.png 768w\" sizes=\"auto, (max-width: 800px) 100vw, 800px\" \/><\/p>\n<p>One of the keys to Qlik\u2019s success is its award-winning and exclusive \"memory resident associative technology\". In-memory analysis and reporting involves one-click access to visually appealing and interactive dashboards which anyone can quickly craft and modify with ease. This allows the user new ways to see and know their business and interactively explore the data without limitations. Now users can combine their data with incredible speed and make information-based decisions proactively.<\/p>\n<p>Qlik has consistently demonstrated how it maximizes the efficient use of available memory on advanced 64-bit multi-core hardware platforms to allow thousands of users to access billions of data logs. Qlik continues to be considered a superior solution in offering products with Intel hardware, where it can demonstrate the potential of its incredible processing capacity with its new and advanced memory architectures. This reinforces the concept that Qlik is an incredibly flexible and highly scalable business intelligence tool, costing far less than traditional BI solutions.<\/p>\n<p>Easy to learn, easy to use. Color coding and the point-and-click method make Qlik an extremely intuitive and easy-to-learn application for any user. Changes to Qlik applications are made in seconds, making it easy to quickly respond to the ever-changing BI needs of an organization.<\/p>\n<p><iframe loading=\"lazy\" title=\"YouTube video player\" src=\"https:\/\/www.youtube.com\/embed\/EviVLpij1nA\" width=\"560\" height=\"315\" frameborder=\"0\" allowfullscreen=\"allowfullscreen\"><\/iframe><\/p>\n\n\t\t<\/div>\n\t<\/div>\n<\/div><\/div><\/div><script type=\"text\/javascript\">(function($) {$(\"head\").append(\"<style>.rella-row-shadowbox-69eb8ff3b8214{-webkit-box-shadow:;-moz-box-shadow:;box-shadow:;}<\/style>\");})(jQuery);<\/script><\/div>\n<\/div>","protected":false},"excerpt":{"rendered":"Anal\u00edtica guiada QlikView\u00ae Descubra conocimiento de valor mediante la creaci\u00f3n de sus propias aplicaciones espec\u00edficas de anal\u00edtica guiada con una soluci\u00f3n empresarial flexible. Solicite su demo Las expectativas con respecto a la inteligencia de negocio (BI) han cambiado para siempre. Ya no es aceptable trabajar con un software excesivamente complejo, dise\u00f1ado para unos pocos usuarios [...]","protected":false},"author":2,"featured_media":0,"parent":0,"menu_order":0,"comment_status":"closed","ping_status":"closed","template":"","meta":{"footnotes":""},"class_list":["post-4734","page","type-page","status-publish","hentry"],"yoast_head":"<!-- This site is optimized with the Yoast SEO plugin v27.2 - https:\/\/yoast.com\/product\/yoast-seo-wordpress\/ -->\n<title>BSolutions Group | QlikView\u00ae<\/title>\n<meta name=\"robots\" content=\"index, follow, max-snippet:-1, max-image-preview:large, max-video-preview:-1\" \/>\n<link rel=\"canonical\" href=\"https:\/\/b-solutionsgroup.com\/en\/qlikview\/\" \/>\n<meta property=\"og:locale\" content=\"en_US\" \/>\n<meta property=\"og:type\" content=\"article\" \/>\n<meta property=\"og:title\" content=\"BSolutions Group | QlikView\u00ae\" \/>\n<meta property=\"og:url\" content=\"https:\/\/b-solutionsgroup.com\/en\/qlikview\/\" \/>\n<meta property=\"og:site_name\" content=\"BSolutions Group\" \/>\n<meta property=\"article:publisher\" content=\"https:\/\/www.facebook.com\/BSolutionsGroupCR\/\" \/>\n<meta property=\"article:modified_time\" content=\"2022-08-29T14:40:46+00:00\" \/>\n<meta property=\"og:image\" content=\"http:\/\/b-solutionsgroup.com\/wp-content\/uploads\/2018\/07\/qlik-estructura.png\" \/>\n<meta name=\"twitter:card\" content=\"summary_large_image\" \/>\n<meta name=\"twitter:site\" content=\"@bsgwriteus\" \/>\n<meta name=\"twitter:label1\" content=\"Est. reading time\" \/>\n\t<meta name=\"twitter:data1\" content=\"3 minutes\" \/>\n<script type=\"application\/ld+json\" class=\"yoast-schema-graph\">{\"@context\":\"https:\/\/schema.org\",\"@graph\":[{\"@type\":\"WebPage\",\"@id\":\"https:\/\/b-solutionsgroup.com\/qlikview\/\",\"url\":\"https:\/\/b-solutionsgroup.com\/qlikview\/\",\"name\":\"BSolutions Group | QlikView\u00ae\",\"isPartOf\":{\"@id\":\"https:\/\/b-solutionsgroup.com\/#website\"},\"primaryImageOfPage\":{\"@id\":\"https:\/\/b-solutionsgroup.com\/qlikview\/#primaryimage\"},\"image\":{\"@id\":\"https:\/\/b-solutionsgroup.com\/qlikview\/#primaryimage\"},\"thumbnailUrl\":\"http:\/\/b-solutionsgroup.com\/wp-content\/uploads\/2018\/07\/qlik-estructura.png\",\"datePublished\":\"2018-06-19T20:43:54+00:00\",\"dateModified\":\"2022-08-29T14:40:46+00:00\",\"breadcrumb\":{\"@id\":\"https:\/\/b-solutionsgroup.com\/qlikview\/#breadcrumb\"},\"inLanguage\":\"en-US\",\"potentialAction\":[{\"@type\":\"ReadAction\",\"target\":[\"https:\/\/b-solutionsgroup.com\/qlikview\/\"]}]},{\"@type\":\"ImageObject\",\"inLanguage\":\"en-US\",\"@id\":\"https:\/\/b-solutionsgroup.com\/qlikview\/#primaryimage\",\"url\":\"http:\/\/b-solutionsgroup.com\/wp-content\/uploads\/2018\/07\/qlik-estructura.png\",\"contentUrl\":\"http:\/\/b-solutionsgroup.com\/wp-content\/uploads\/2018\/07\/qlik-estructura.png\"},{\"@type\":\"BreadcrumbList\",\"@id\":\"https:\/\/b-solutionsgroup.com\/qlikview\/#breadcrumb\",\"itemListElement\":[{\"@type\":\"ListItem\",\"position\":1,\"name\":\"Portada\",\"item\":\"https:\/\/b-solutionsgroup.com\/\"},{\"@type\":\"ListItem\",\"position\":2,\"name\":\"QlikView\u00ae\"}]},{\"@type\":\"WebSite\",\"@id\":\"https:\/\/b-solutionsgroup.com\/#website\",\"url\":\"https:\/\/b-solutionsgroup.com\/\",\"name\":\"BSolutions Group\",\"description\":\"Expertos en soluciones de negocios\",\"publisher\":{\"@id\":\"https:\/\/b-solutionsgroup.com\/#organization\"},\"potentialAction\":[{\"@type\":\"SearchAction\",\"target\":{\"@type\":\"EntryPoint\",\"urlTemplate\":\"https:\/\/b-solutionsgroup.com\/?s={search_term_string}\"},\"query-input\":{\"@type\":\"PropertyValueSpecification\",\"valueRequired\":true,\"valueName\":\"search_term_string\"}}],\"inLanguage\":\"en-US\"},{\"@type\":\"Organization\",\"@id\":\"https:\/\/b-solutionsgroup.com\/#organization\",\"name\":\"BSolutions Group\",\"url\":\"https:\/\/b-solutionsgroup.com\/\",\"logo\":{\"@type\":\"ImageObject\",\"inLanguage\":\"en-US\",\"@id\":\"https:\/\/b-solutionsgroup.com\/#\/schema\/logo\/image\/\",\"url\":\"https:\/\/b-solutionsgroup.com\/wp-content\/uploads\/2018\/06\/BSG_logo.png\",\"contentUrl\":\"https:\/\/b-solutionsgroup.com\/wp-content\/uploads\/2018\/06\/BSG_logo.png\",\"width\":197,\"height\":48,\"caption\":\"BSolutions Group\"},\"image\":{\"@id\":\"https:\/\/b-solutionsgroup.com\/#\/schema\/logo\/image\/\"},\"sameAs\":[\"https:\/\/www.facebook.com\/BSolutionsGroupCR\/\",\"https:\/\/x.com\/bsgwriteus\",\"https:\/\/www.linkedin.com\/company\/bsolutions-group\/\"]}]}<\/script>\n<!-- \/ Yoast SEO plugin. -->","yoast_head_json":{"title":"BSolutions Group | QlikView\u00ae","robots":{"index":"index","follow":"follow","max-snippet":"max-snippet:-1","max-image-preview":"max-image-preview:large","max-video-preview":"max-video-preview:-1"},"canonical":"https:\/\/b-solutionsgroup.com\/en\/qlikview\/","og_locale":"en_US","og_type":"article","og_title":"BSolutions Group | QlikView\u00ae","og_url":"https:\/\/b-solutionsgroup.com\/en\/qlikview\/","og_site_name":"BSolutions Group","article_publisher":"https:\/\/www.facebook.com\/BSolutionsGroupCR\/","article_modified_time":"2022-08-29T14:40:46+00:00","og_image":[{"url":"http:\/\/b-solutionsgroup.com\/wp-content\/uploads\/2018\/07\/qlik-estructura.png","type":"","width":"","height":""}],"twitter_card":"summary_large_image","twitter_site":"@bsgwriteus","twitter_misc":{"Est. reading time":"3 minutes"},"schema":{"@context":"https:\/\/schema.org","@graph":[{"@type":"WebPage","@id":"https:\/\/b-solutionsgroup.com\/qlikview\/","url":"https:\/\/b-solutionsgroup.com\/qlikview\/","name":"BSolutions Group | QlikView\u00ae","isPartOf":{"@id":"https:\/\/b-solutionsgroup.com\/#website"},"primaryImageOfPage":{"@id":"https:\/\/b-solutionsgroup.com\/qlikview\/#primaryimage"},"image":{"@id":"https:\/\/b-solutionsgroup.com\/qlikview\/#primaryimage"},"thumbnailUrl":"http:\/\/b-solutionsgroup.com\/wp-content\/uploads\/2018\/07\/qlik-estructura.png","datePublished":"2018-06-19T20:43:54+00:00","dateModified":"2022-08-29T14:40:46+00:00","breadcrumb":{"@id":"https:\/\/b-solutionsgroup.com\/qlikview\/#breadcrumb"},"inLanguage":"en-US","potentialAction":[{"@type":"ReadAction","target":["https:\/\/b-solutionsgroup.com\/qlikview\/"]}]},{"@type":"ImageObject","inLanguage":"en-US","@id":"https:\/\/b-solutionsgroup.com\/qlikview\/#primaryimage","url":"http:\/\/b-solutionsgroup.com\/wp-content\/uploads\/2018\/07\/qlik-estructura.png","contentUrl":"http:\/\/b-solutionsgroup.com\/wp-content\/uploads\/2018\/07\/qlik-estructura.png"},{"@type":"BreadcrumbList","@id":"https:\/\/b-solutionsgroup.com\/qlikview\/#breadcrumb","itemListElement":[{"@type":"ListItem","position":1,"name":"Portada","item":"https:\/\/b-solutionsgroup.com\/"},{"@type":"ListItem","position":2,"name":"QlikView\u00ae"}]},{"@type":"WebSite","@id":"https:\/\/b-solutionsgroup.com\/#website","url":"https:\/\/b-solutionsgroup.com\/","name":"BSolutions Group","description":"Expertos en soluciones de negocios","publisher":{"@id":"https:\/\/b-solutionsgroup.com\/#organization"},"potentialAction":[{"@type":"SearchAction","target":{"@type":"EntryPoint","urlTemplate":"https:\/\/b-solutionsgroup.com\/?s={search_term_string}"},"query-input":{"@type":"PropertyValueSpecification","valueRequired":true,"valueName":"search_term_string"}}],"inLanguage":"en-US"},{"@type":"Organization","@id":"https:\/\/b-solutionsgroup.com\/#organization","name":"BSolutions Group","url":"https:\/\/b-solutionsgroup.com\/","logo":{"@type":"ImageObject","inLanguage":"en-US","@id":"https:\/\/b-solutionsgroup.com\/#\/schema\/logo\/image\/","url":"https:\/\/b-solutionsgroup.com\/wp-content\/uploads\/2018\/06\/BSG_logo.png","contentUrl":"https:\/\/b-solutionsgroup.com\/wp-content\/uploads\/2018\/06\/BSG_logo.png","width":197,"height":48,"caption":"BSolutions Group"},"image":{"@id":"https:\/\/b-solutionsgroup.com\/#\/schema\/logo\/image\/"},"sameAs":["https:\/\/www.facebook.com\/BSolutionsGroupCR\/","https:\/\/x.com\/bsgwriteus","https:\/\/www.linkedin.com\/company\/bsolutions-group\/"]}]}},"_links":{"self":[{"href":"https:\/\/b-solutionsgroup.com\/en\/wp-json\/wp\/v2\/pages\/4734","targetHints":{"allow":["GET"]}}],"collection":[{"href":"https:\/\/b-solutionsgroup.com\/en\/wp-json\/wp\/v2\/pages"}],"about":[{"href":"https:\/\/b-solutionsgroup.com\/en\/wp-json\/wp\/v2\/types\/page"}],"author":[{"embeddable":true,"href":"https:\/\/b-solutionsgroup.com\/en\/wp-json\/wp\/v2\/users\/2"}],"replies":[{"embeddable":true,"href":"https:\/\/b-solutionsgroup.com\/en\/wp-json\/wp\/v2\/comments?post=4734"}],"version-history":[{"count":5,"href":"https:\/\/b-solutionsgroup.com\/en\/wp-json\/wp\/v2\/pages\/4734\/revisions"}],"predecessor-version":[{"id":5510,"href":"https:\/\/b-solutionsgroup.com\/en\/wp-json\/wp\/v2\/pages\/4734\/revisions\/5510"}],"wp:attachment":[{"href":"https:\/\/b-solutionsgroup.com\/en\/wp-json\/wp\/v2\/media?parent=4734"}],"curies":[{"name":"wp","href":"https:\/\/api.w.org\/{rel}","templated":true}]}}