{"id":4744,"date":"2018-06-19T21:00:36","date_gmt":"2018-06-19T21:00:36","guid":{"rendered":"http:\/\/demo.b-solutionsgroup.com\/?page_id=4744"},"modified":"2024-12-05T16:10:41","modified_gmt":"2024-12-05T22:10:41","slug":"b-race-tools","status":"publish","type":"page","link":"https:\/\/b-solutionsgroup.com\/en\/b-race-tools\/","title":{"rendered":"B-RACE Tools\u00ae"},"content":{"rendered":"<div class=\"wpb-content-wrapper\"><div data-row-brightness=\"light\" class=\"vc_row wpb_row vc_row-fluid rella-row-shadowbox-69eb7fba08872\" style=\"\"><div class=\"wpb_column vc_column_container vc_col-sm-12\" ><div class=\"vc_column-inner\"  style=\"\"><div class=\"wpb_wrapper\"><header class=\"section-title section-title-default section-title-resolve align-center ra_section_title_69eb7fba08e3f\" >\n\t<h2 class=\"title\">Your risk management solution<\/h2><p>The B-RACE Tools\u00ae solution is supported on the Qlik\u200d\u00ae platform, which is a powerful tool for visual and information analysis. It helps you in decision making within your organization.<\/p>\n<style>.ra_button_69eb7fba0921a{border-color:!important;}.ra_button_69eb7fba0921a:focus,.ra_button_69eb7fba0921a:hover{border-color:!important;}<\/style><a href=\"http:\/\/b-solutionsgroup.com\/en\/b-race-tools-formulario-de-solicitud-de-demo\/\" class=\"btn btn-solid border-thin ra_button_69eb7fba0921a\" >\n\t\t\t\t<span>\n\tTry our demo\t<\/span>\n<\/a>\n<\/header>\n\t<div class=\"wpb_text_column wpb_content_element\">\n\t\t<div class=\"wpb_wrapper\">\n\t\t\t<p><strong>B-RACE Tools\u00ae<\/strong> includes a series of information models that conform to international standards and are generally accepted management and control practices. With this, your company can manage the inherent risks in its business activities.<\/p>\n<p>The scope of the solution is structured according to the generally accepted large risk divisions. Currently, the solution incorporates the requirements for the management and administration of market risk, liquidity risk, credit risk and operational risk; providing the necessary facilities for its monitoring, impact analysis, trends and a range of specialized reporting, simulation and analysis mechanisms.<\/p>\n<div style=\"text-align: center;\"><iframe loading=\"lazy\" src=\"https:\/\/www.youtube.com\/embed\/8fgRnuJAtiQ?rel=0\" width=\"560\" height=\"315\" frameborder=\"0\" allowfullscreen=\"allowfullscreen\"><\/iframe><\/div>\n\n\t\t<\/div>\n\t<\/div>\n<header class=\"section-title section-title-side-line align-center ra_section_title_69eb7fba09483\" >\n\t<h2 class=\"title\">B-RACE Tools Functions<\/h2><\/header>\n\t<div class=\"wpb_text_column wpb_content_element\">\n\t\t<div class=\"wpb_wrapper\">\n\t\t\t<h4><strong>B-RACE Tools\u200d - VaR Calculation<\/strong><\/h4>\n<p>Value at Risk is a methodology used to quantify exposure to market, credit or liquidity risk, using statistical techniques. In simple terms, the amount or percentage of loss that an investment portfolio will face in a given time horizon is quantified.<\/p>\n<p>One of the main objectives of the functionalities of the Market Risk and Credit models is to obtain the data of the value at risk (VaR)for the Liquidity risk model is to obtain the main liquidity indicators of the financial institution and to have tools to manage the potential effects of an impairment on the liquidity of the Entity. <strong>B-RACE Tools\u00ae<\/strong> \u00a0incorporates three simulation methods for measuring VaR:<\/p>\n<ol>\n<li>Historical simulation method<\/li>\n<li>Delta method<\/li>\n<li>Monte Carlo method<\/li>\n<\/ol>\n<h4><strong>B-RACE Tools\u00ae &#8211; Back Testing<\/strong><\/h4>\n<p>This contrast test can be carried out in <strong>B-RACE Tools\u00ae<\/strong>for parametric and historical calculation methodologies. A Back-Testing test is a statistical technique that validates the accuracy and calibration of the VaR model used.<\/p>\n<p><strong>B-RACE Tools\u00ae<\/strong> records the failure rate of the VaR model used, whether historical, parametric, or Monte Carlo, and presents the VaR in absolute and relative terms.<\/p>\n<h4><strong>B-RACE Tools\u00ae &#8211; Stress Testing<\/strong><\/h4>\n<p>Stress Testing is a complementary tool to VaR which does is to analyze different scenarios under stress conditions and atypical market situations. This tool is very necessary because:<\/p>\n<ul>\n<li>It points to the impact on a portfolio resulting from exceptional but plausible events.<\/li>\n<li>Check whether the capital buffer is sufficient in stressful conditions.<\/li>\n<li>It supports portfolio allocation decisions beyond the range of normal working conditions.<\/li>\n<\/ul>\n<h4><strong>B-RACE Tools\u200d\u00ae - Indicators and Information Analysis<\/strong><\/h4>\n<p>It presents the indicators by type of currency and deadlines from 1 to 3 months or configurable according to the tolerances of the Financial Institution, operational and structural indicators, as well as the liquidity coverage index or coefficient (LCR) and the cash flow of the financial institution which during the implementation process can be adapted to the nature of the Entity.<\/p>\n\n\t\t<\/div>\n\t<\/div>\n<header class=\"section-title section-title-orange-underline align-center ra_section_title_69eb7fba095b2\" >\n\t<h2 class=\"title\">Market Risk<\/h2><hr><\/header>\n\t<div class=\"wpb_text_column wpb_content_element\">\n\t\t<div class=\"wpb_wrapper\">\n\t\t\t<p class=\"translation-block\">The <strong>B-RACE Tools\u00ae - Market Risk<\/strong> model is supported on the <strong>QlikView\u00ae<\/strong> platform which is a powerful program for visual analysis and business intelligence sufficient and necessary for decision making. The greatest strength of this platform is its motor of associative and neural analysis, similar to the behavior of the human brain; since it analyses the information and explores the associations between the data. Its inference engine maintains associations between data automatically.<\/p>\n<p class=\"translation-block\"><strong>B-RACE Tools\u00ae - Market Risk<\/strong> allows the development of Market Risk Management: it considers the possibility of suffering losses in the asset or investment, product of fluctuations in the market. These fluctuations can affect three different factors, the <strong>Investment Price Risk, Interest Rate Risk, and Foreign Exchange Rate Risk.<\/strong><\/p>\n\n\t\t<\/div>\n\t<\/div>\n<header class=\"section-title section-title-orange-underline align-center ra_section_title_69eb7fba096c7\" >\n\t<h2 class=\"title\">Credit Risk<\/h2><hr><\/header>\n\t<div class=\"wpb_text_column wpb_content_element\">\n\t\t<div class=\"wpb_wrapper\">\n\t\t\t<p class=\"translation-block\">The <strong>B-RACE Tools\u00ae - Credit Risk<\/strong> model is supported on the <strong>QlikView\u00ae<\/strong> platform. This is a powerful program for visual analysis and business intelligence which is sufficient and necessary for decision making. The greatest strength of this platform is its motor of associative and neural analysis, similar to the behavior of the human brain; since it analyses the information and explores the associations between the data. Its inference engine maintains associations between data automatically. The <strong>B-RACE Tools\u00ae<\/strong> model manages <strong>Credit Risk<\/strong> by analyzing the possibility of losses that a Financial Institution may face as a result of default in the payment of contractual obligations assumed by debtors.<\/p>\n<p class=\"translation-block\"><strong>B-RACE Tools\u200d\u00ae - Credit Risk<\/strong> uses the Value at Risk (VaR) methodology, which is a method used to quantify credit risk exposure by using statistical techniques. In simple terms, the amount or percentage of loss that a portfolio may face in a given time horizon is quantified. In a Financial Institution, the members of the Senior Management are responsible for defining two fundamental aspects for the VaR calculation: the level of confidence they want to have to determine the VaR and the time horizon with which it will be measured.<\/p>\n<p>VaR does not provide certainty regarding the losses that could be suffered, but offers an expectation of possible results based on data series over time, making use of statistics.<\/p>\n\n\t\t<\/div>\n\t<\/div>\n<header class=\"section-title section-title-orange-underline align-center ra_section_title_69eb7fba097d1\" >\n\t<h2 class=\"title\">Liquidity Risk<\/h2><hr><\/header>\n\t<div class=\"wpb_text_column wpb_content_element\">\n\t\t<div class=\"wpb_wrapper\">\n\t\t\t<p class=\"translation-block\"><strong>B-RACE Tools\u00ae - Liquidity Risk<\/strong> model is also supported on the QlikView platform. This is a powerful program for visual analysis and business intelligence which is sufficient and necessary for decision making. The greatest strength of this platform is its motor of associative and neural analysis, similar to the behavior of the human brain; since it analyses the information and explores the associations between the data. Its inference engine maintains associations between data automatically.<\/p>\n<p><strong>B-RACE Tools\u00ae Liquidez<\/strong>, permite la Gesti\u00f3n del Riesgo de Liquidez: el cu\u00e1l considera la posibilidad de que una Entidad Financiera, no sea capaz de atender a sus compromisos de pago a corto plazo. Para esto la herramienta proporciona una serie de indicadores y el c\u00e1lculo del VaR de liquidez, con la finalidad de contar con la informaci\u00f3n suficiente para que la Entidad Financiera pueda mantener la cantidad de dinero en efectivo para atender todas sus obligaciones a tiempo.<\/p>\n<p>The main goal of the solution is to provide facilities to risk managers for the calculation of Liquidity Risk, which is achieved by combining its components of calculation and visual analysis of information. Value at Risk is generated through the combination of a series of indicators and alerts related to:<\/p>\n<ul>\n<li>Liquidity coverage index<\/li>\n<li>Coverage and Stability Indices<\/li>\n<\/ul>\n\n\t\t<\/div>\n\t<\/div>\n<header class=\"section-title section-title-orange-underline align-center ra_section_title_69eb7fba098ca\" >\n\t<h2 class=\"title\">Operational Risk<\/h2><hr><\/header>\n\t<div class=\"wpb_text_column wpb_content_element\">\n\t\t<div class=\"wpb_wrapper\">\n\t\t\t<div style=\"text-align: center;\"><iframe loading=\"lazy\" title=\"YouTube video player\" src=\"https:\/\/www.youtube.com\/embed\/d77_X0UyhhU?si=x-QFxhSb8BkxIIxh\" width=\"560\" height=\"315\" frameborder=\"0\" allowfullscreen=\"allowfullscreen\"><\/iframe><\/div>\n<p>It develops a real picture of the risk environment and empowers, in opportunity and information, decision-making. Risk teams with <strong>B-RACE Tools\u00ae<\/strong> can spend more time on value-generating activities and less time on repetitive activities.<\/p>\n<p><strong>Implementation activities:<\/strong><\/p>\n<ul>\n<li>Operational Risk<\/li>\n<li>Incidents and loss events<\/li>\n<li>Information Security<\/li>\n<li>Business continuity<\/li>\n<li>Management Systems<\/li>\n<li>COBIT<\/li>\n<li>SOX<\/li>\n<li>Basel III<\/li>\n<li>Data Privacy<\/li>\n<li>Banking Regulations<\/li>\n<li>International Standards<\/li>\n<\/ul>\n\n\t\t<\/div>\n\t<\/div>\n<\/div><\/div><\/div><script type=\"text\/javascript\">(function($) {$(\"head\").append(\"<style>.rella-row-shadowbox-69eb7fba08872{-webkit-box-shadow:;-moz-box-shadow:;box-shadow:;}<\/style>\");})(jQuery);<\/script><\/div>\n<\/div>","protected":false},"excerpt":{"rendered":"Su soluci\u00f3n de riesgosLa soluci\u00f3n B-RACE Tools\u00ae est\u00e1 soportada en la plataforma Qlik\u00ae, el cual es un poderoso programa para an\u00e1lisis visual y an\u00e1lisis de informaci\u00f3n, que le ayudan en la toma de decisiones dentro de su organizaci\u00f3n. Solicite su demo B-RACE Tools\u00ae incluye una serie de modelos de informaci\u00f3n ajustados a las normas internacionales [...]","protected":false},"author":2,"featured_media":0,"parent":0,"menu_order":0,"comment_status":"closed","ping_status":"closed","template":"","meta":{"footnotes":""},"class_list":["post-4744","page","type-page","status-publish","hentry"],"yoast_head":"<!-- This site is optimized with the Yoast SEO plugin v27.2 - https:\/\/yoast.com\/product\/yoast-seo-wordpress\/ -->\n<title>BSolutions Group | B-RACE Tools\u00ae<\/title>\n<meta name=\"robots\" content=\"index, follow, max-snippet:-1, max-image-preview:large, max-video-preview:-1\" \/>\n<link rel=\"canonical\" href=\"https:\/\/b-solutionsgroup.com\/en\/b-race-tools\/\" \/>\n<meta property=\"og:locale\" content=\"en_US\" \/>\n<meta property=\"og:type\" content=\"article\" \/>\n<meta property=\"og:title\" content=\"BSolutions Group | B-RACE Tools\u00ae\" \/>\n<meta property=\"og:url\" content=\"https:\/\/b-solutionsgroup.com\/en\/b-race-tools\/\" \/>\n<meta property=\"og:site_name\" content=\"BSolutions Group\" \/>\n<meta property=\"article:publisher\" content=\"https:\/\/www.facebook.com\/BSolutionsGroupCR\/\" \/>\n<meta property=\"article:modified_time\" content=\"2024-12-05T22:10:41+00:00\" \/>\n<meta property=\"og:image\" content=\"https:\/\/b-solutionsgroup.com\/wp-content\/uploads\/2018\/06\/bsg-web-imagen.jpg\" \/>\n\t<meta property=\"og:image:width\" content=\"2300\" \/>\n\t<meta property=\"og:image:height\" content=\"1150\" \/>\n\t<meta property=\"og:image:type\" content=\"image\/jpeg\" \/>\n<meta name=\"twitter:card\" content=\"summary_large_image\" \/>\n<meta name=\"twitter:site\" content=\"@bsgwriteus\" \/>\n<meta name=\"twitter:label1\" content=\"Est. reading time\" \/>\n\t<meta name=\"twitter:data1\" content=\"6 minutes\" \/>\n<script type=\"application\/ld+json\" class=\"yoast-schema-graph\">{\"@context\":\"https:\/\/schema.org\",\"@graph\":[{\"@type\":\"WebPage\",\"@id\":\"https:\/\/b-solutionsgroup.com\/b-race-tools\/\",\"url\":\"https:\/\/b-solutionsgroup.com\/b-race-tools\/\",\"name\":\"BSolutions Group | B-RACE Tools\u00ae\",\"isPartOf\":{\"@id\":\"https:\/\/b-solutionsgroup.com\/#website\"},\"datePublished\":\"2018-06-19T21:00:36+00:00\",\"dateModified\":\"2024-12-05T22:10:41+00:00\",\"breadcrumb\":{\"@id\":\"https:\/\/b-solutionsgroup.com\/b-race-tools\/#breadcrumb\"},\"inLanguage\":\"en-US\",\"potentialAction\":[{\"@type\":\"ReadAction\",\"target\":[\"https:\/\/b-solutionsgroup.com\/b-race-tools\/\"]}]},{\"@type\":\"BreadcrumbList\",\"@id\":\"https:\/\/b-solutionsgroup.com\/b-race-tools\/#breadcrumb\",\"itemListElement\":[{\"@type\":\"ListItem\",\"position\":1,\"name\":\"Portada\",\"item\":\"https:\/\/b-solutionsgroup.com\/\"},{\"@type\":\"ListItem\",\"position\":2,\"name\":\"B-RACE Tools\u00ae\"}]},{\"@type\":\"WebSite\",\"@id\":\"https:\/\/b-solutionsgroup.com\/#website\",\"url\":\"https:\/\/b-solutionsgroup.com\/\",\"name\":\"BSolutions Group\",\"description\":\"Expertos en soluciones de negocios\",\"publisher\":{\"@id\":\"https:\/\/b-solutionsgroup.com\/#organization\"},\"potentialAction\":[{\"@type\":\"SearchAction\",\"target\":{\"@type\":\"EntryPoint\",\"urlTemplate\":\"https:\/\/b-solutionsgroup.com\/?s={search_term_string}\"},\"query-input\":{\"@type\":\"PropertyValueSpecification\",\"valueRequired\":true,\"valueName\":\"search_term_string\"}}],\"inLanguage\":\"en-US\"},{\"@type\":\"Organization\",\"@id\":\"https:\/\/b-solutionsgroup.com\/#organization\",\"name\":\"BSolutions Group\",\"url\":\"https:\/\/b-solutionsgroup.com\/\",\"logo\":{\"@type\":\"ImageObject\",\"inLanguage\":\"en-US\",\"@id\":\"https:\/\/b-solutionsgroup.com\/#\/schema\/logo\/image\/\",\"url\":\"https:\/\/b-solutionsgroup.com\/wp-content\/uploads\/2018\/06\/BSG_logo.png\",\"contentUrl\":\"https:\/\/b-solutionsgroup.com\/wp-content\/uploads\/2018\/06\/BSG_logo.png\",\"width\":197,\"height\":48,\"caption\":\"BSolutions Group\"},\"image\":{\"@id\":\"https:\/\/b-solutionsgroup.com\/#\/schema\/logo\/image\/\"},\"sameAs\":[\"https:\/\/www.facebook.com\/BSolutionsGroupCR\/\",\"https:\/\/x.com\/bsgwriteus\",\"https:\/\/www.linkedin.com\/company\/bsolutions-group\/\"]}]}<\/script>\n<!-- \/ Yoast SEO plugin. -->","yoast_head_json":{"title":"BSolutions Group | B-RACE Tools\u00ae","robots":{"index":"index","follow":"follow","max-snippet":"max-snippet:-1","max-image-preview":"max-image-preview:large","max-video-preview":"max-video-preview:-1"},"canonical":"https:\/\/b-solutionsgroup.com\/en\/b-race-tools\/","og_locale":"en_US","og_type":"article","og_title":"BSolutions Group | B-RACE Tools\u00ae","og_url":"https:\/\/b-solutionsgroup.com\/en\/b-race-tools\/","og_site_name":"BSolutions Group","article_publisher":"https:\/\/www.facebook.com\/BSolutionsGroupCR\/","article_modified_time":"2024-12-05T22:10:41+00:00","og_image":[{"width":2300,"height":1150,"url":"https:\/\/b-solutionsgroup.com\/wp-content\/uploads\/2018\/06\/bsg-web-imagen.jpg","type":"image\/jpeg"}],"twitter_card":"summary_large_image","twitter_site":"@bsgwriteus","twitter_misc":{"Est. reading time":"6 minutes"},"schema":{"@context":"https:\/\/schema.org","@graph":[{"@type":"WebPage","@id":"https:\/\/b-solutionsgroup.com\/b-race-tools\/","url":"https:\/\/b-solutionsgroup.com\/b-race-tools\/","name":"BSolutions Group | B-RACE Tools\u00ae","isPartOf":{"@id":"https:\/\/b-solutionsgroup.com\/#website"},"datePublished":"2018-06-19T21:00:36+00:00","dateModified":"2024-12-05T22:10:41+00:00","breadcrumb":{"@id":"https:\/\/b-solutionsgroup.com\/b-race-tools\/#breadcrumb"},"inLanguage":"en-US","potentialAction":[{"@type":"ReadAction","target":["https:\/\/b-solutionsgroup.com\/b-race-tools\/"]}]},{"@type":"BreadcrumbList","@id":"https:\/\/b-solutionsgroup.com\/b-race-tools\/#breadcrumb","itemListElement":[{"@type":"ListItem","position":1,"name":"Portada","item":"https:\/\/b-solutionsgroup.com\/"},{"@type":"ListItem","position":2,"name":"B-RACE Tools\u00ae"}]},{"@type":"WebSite","@id":"https:\/\/b-solutionsgroup.com\/#website","url":"https:\/\/b-solutionsgroup.com\/","name":"BSolutions Group","description":"Expertos en soluciones de negocios","publisher":{"@id":"https:\/\/b-solutionsgroup.com\/#organization"},"potentialAction":[{"@type":"SearchAction","target":{"@type":"EntryPoint","urlTemplate":"https:\/\/b-solutionsgroup.com\/?s={search_term_string}"},"query-input":{"@type":"PropertyValueSpecification","valueRequired":true,"valueName":"search_term_string"}}],"inLanguage":"en-US"},{"@type":"Organization","@id":"https:\/\/b-solutionsgroup.com\/#organization","name":"BSolutions Group","url":"https:\/\/b-solutionsgroup.com\/","logo":{"@type":"ImageObject","inLanguage":"en-US","@id":"https:\/\/b-solutionsgroup.com\/#\/schema\/logo\/image\/","url":"https:\/\/b-solutionsgroup.com\/wp-content\/uploads\/2018\/06\/BSG_logo.png","contentUrl":"https:\/\/b-solutionsgroup.com\/wp-content\/uploads\/2018\/06\/BSG_logo.png","width":197,"height":48,"caption":"BSolutions Group"},"image":{"@id":"https:\/\/b-solutionsgroup.com\/#\/schema\/logo\/image\/"},"sameAs":["https:\/\/www.facebook.com\/BSolutionsGroupCR\/","https:\/\/x.com\/bsgwriteus","https:\/\/www.linkedin.com\/company\/bsolutions-group\/"]}]}},"_links":{"self":[{"href":"https:\/\/b-solutionsgroup.com\/en\/wp-json\/wp\/v2\/pages\/4744","targetHints":{"allow":["GET"]}}],"collection":[{"href":"https:\/\/b-solutionsgroup.com\/en\/wp-json\/wp\/v2\/pages"}],"about":[{"href":"https:\/\/b-solutionsgroup.com\/en\/wp-json\/wp\/v2\/types\/page"}],"author":[{"embeddable":true,"href":"https:\/\/b-solutionsgroup.com\/en\/wp-json\/wp\/v2\/users\/2"}],"replies":[{"embeddable":true,"href":"https:\/\/b-solutionsgroup.com\/en\/wp-json\/wp\/v2\/comments?post=4744"}],"version-history":[{"count":5,"href":"https:\/\/b-solutionsgroup.com\/en\/wp-json\/wp\/v2\/pages\/4744\/revisions"}],"predecessor-version":[{"id":5647,"href":"https:\/\/b-solutionsgroup.com\/en\/wp-json\/wp\/v2\/pages\/4744\/revisions\/5647"}],"wp:attachment":[{"href":"https:\/\/b-solutionsgroup.com\/en\/wp-json\/wp\/v2\/media?parent=4744"}],"curies":[{"name":"wp","href":"https:\/\/api.w.org\/{rel}","templated":true}]}}