{"id":4893,"date":"2018-07-02T14:45:33","date_gmt":"2018-07-02T20:45:33","guid":{"rendered":"http:\/\/b-solutionsgroup.com\/?page_id=4893"},"modified":"2018-07-04T11:25:30","modified_gmt":"2018-07-04T17:25:30","slug":"b-race-tools-formulario-de-solicitud-de-demo","status":"publish","type":"page","link":"https:\/\/b-solutionsgroup.com\/en\/b-race-tools-formulario-de-solicitud-de-demo\/","title":{"rendered":"B-RACE Tools &#8211; Formulario de solicitud de demo"},"content":{"rendered":"<div class=\"wpb-content-wrapper\"><div data-row-brightness=\"light\" class=\"vc_row wpb_row vc_row-fluid rella-row-shadowbox-69ea6ca7ce445\" style=\"\"><div class=\"wpb_column vc_column_container vc_col-sm-12\" ><div class=\"vc_column-inner vc_custom_1530565074161\"  style=\"\"><div class=\"wpb_wrapper\"><header class=\"section-title section-title-underlined-subtitle align-center ra_section_title_69ea6ca7ce8a5 vc_custom_1530724817812\" >\n\t<h2 class=\"title\">B-RACE Tools<\/h2><p class=\"subtitle\">Formulario de solicitud de demo<\/p>\n<\/header><div class=\"contact-form contact-default contact-default-alt3 ra_cf7_69ea6ca7cea1a\">\n\t\n<div class=\"wpcf7 no-js\" id=\"wpcf7-f4904-o1\" lang=\"en-US\" dir=\"ltr\" data-wpcf7-id=\"4904\">\n<div class=\"screen-reader-response\"><p role=\"status\" aria-live=\"polite\" aria-atomic=\"true\"><\/p> <ul><\/ul><\/div>\n<form action=\"\/en\/wp-json\/wp\/v2\/pages\/4893#wpcf7-f4904-o1\" method=\"post\" class=\"wpcf7-form init\" aria-label=\"Contact form\" novalidate=\"novalidate\" data-status=\"init\" data-trp-original-action=\"\/en\/wp-json\/wp\/v2\/pages\/4893#wpcf7-f4904-o1\">\n<fieldset class=\"hidden-fields-container\"><input type=\"hidden\" name=\"_wpcf7\" value=\"4904\" \/><input type=\"hidden\" name=\"_wpcf7_version\" value=\"6.1.5\" \/><input type=\"hidden\" name=\"_wpcf7_locale\" value=\"en_US\" \/><input type=\"hidden\" name=\"_wpcf7_unit_tag\" value=\"wpcf7-f4904-o1\" \/><input type=\"hidden\" name=\"_wpcf7_container_post\" value=\"0\" \/><input type=\"hidden\" name=\"_wpcf7_posted_data_hash\" value=\"\" \/>\n<\/fieldset>\n<div class=\"row\">\n\t<p class=\"col-md-3\"><span class=\"wpcf7-form-control-wrap\" data-name=\"nombre\"><input size=\"40\" maxlength=\"400\" class=\"wpcf7-form-control wpcf7-text wpcf7-validates-as-required\" id=\"name2\" aria-required=\"true\" aria-invalid=\"false\" value=\"\" type=\"text\" name=\"nombre\" \/><\/span><label for=\"name2\" data-content=\"Name\"><span>Full name*<\/span><\/label><i class=\"fa fa-user\"><\/i>\n\t<\/p>\n\t<p class=\"col-md-3\"><span class=\"wpcf7-form-control-wrap\" data-name=\"correo\"><input size=\"40\" maxlength=\"400\" class=\"wpcf7-form-control wpcf7-email wpcf7-validates-as-required wpcf7-text wpcf7-validates-as-email\" id=\"email2\" aria-required=\"true\" aria-invalid=\"false\" value=\"\" type=\"email\" name=\"correo\" \/><\/span><label for=\"email2\" data-content=\"Email\"><span>Business email*<\/span><\/label><i class=\"fa fa-envelope-o\"><\/i>\n\t<\/p>\n\t<p class=\"col-md-3\"><span class=\"wpcf7-form-control-wrap\" data-name=\"telefono\"><input size=\"40\" maxlength=\"400\" class=\"wpcf7-form-control wpcf7-tel wpcf7-validates-as-required wpcf7-text wpcf7-validates-as-tel\" id=\"phone2\" aria-required=\"true\" aria-invalid=\"false\" value=\"\" type=\"tel\" name=\"telefono\" \/><\/span><label for=\"phone2\" data-content=\"Phone\"><span>Phone number*<\/span><\/label><i class=\"fa fa-phone\"><\/i>\n\t<\/p>\n\t<p class=\"col-md-3\"><span class=\"wpcf7-form-control-wrap\" data-name=\"companhia\"><input size=\"40\" maxlength=\"400\" class=\"wpcf7-form-control wpcf7-text wpcf7-validates-as-required\" id=\"company2\" aria-required=\"true\" aria-invalid=\"false\" value=\"\" type=\"text\" name=\"companhia\" \/><\/span><label for=\"name2\" data-content=\"Company\"><span>Company*<\/span><\/label><i class=\"fa fa-briefcase\"><\/i>\n\t<\/p>\n\t<p class=\"col-md-3\"><span class=\"wpcf7-form-control-wrap\" data-name=\"puesto\"><input size=\"40\" maxlength=\"400\" class=\"wpcf7-form-control wpcf7-text wpcf7-validates-as-required\" id=\"jobtitle\" aria-required=\"true\" aria-invalid=\"false\" value=\"\" type=\"text\" name=\"puesto\" \/><\/span><label for=\"name3\" data-content=\"JobTitle\"><span>Job position*<\/span><\/label><i class=\"fa fa-address-card\"><\/i>\n\t<\/p>\n\t<p class=\"col-md-3\"><span class=\"wpcf7-form-control-wrap\" data-name=\"pais\"><input size=\"40\" maxlength=\"400\" class=\"wpcf7-form-control wpcf7-text wpcf7-validates-as-required\" id=\"country\" aria-required=\"true\" aria-invalid=\"false\" value=\"\" type=\"text\" name=\"pais\" \/><\/span><label for=\"name4\" data-content=\"Country\"><span>Country*<\/span><\/label><i class=\"fa fa-globe\"><\/i>\n\t<\/p>\n\t<p class=\"col-md-12\"><b>Por favor seleccione los m\u00f3dulos de B-RACE Tools que le gustar\u00eda probar en el demo:*<\/b>\n\t<\/p>\n\t<p class=\"col-md-3\"><span class=\"wpcf7-form-control-wrap\" data-name=\"modulos\"><span class=\"wpcf7-form-control wpcf7-checkbox wpcf7-validates-as-required\"><span class=\"wpcf7-list-item first\"><input type=\"checkbox\" name=\"modulos[]\" value=\"Riesgo de Mercado\" \/><span class=\"wpcf7-list-item-label\">Market Risk<\/span><\/span><span class=\"wpcf7-list-item\"><input type=\"checkbox\" name=\"modulos[]\" value=\"Riesgo de Liquidez\" \/><span class=\"wpcf7-list-item-label\">Liquidity Risk<\/span><\/span><span class=\"wpcf7-list-item\"><input type=\"checkbox\" name=\"modulos[]\" value=\"Riesgo de Cr\u00e9dito\" \/><span class=\"wpcf7-list-item-label\">Credit Risk<\/span><\/span><span class=\"wpcf7-list-item\"><input type=\"checkbox\" name=\"modulos[]\" value=\"Riesgo Operativo\" \/><span class=\"wpcf7-list-item-label\">Operational Risk<\/span><\/span><span class=\"wpcf7-list-item\"><input type=\"checkbox\" name=\"modulos[]\" value=\"Lavado de Dinero\" \/><span class=\"wpcf7-list-item-label\">Lavado de Dinero<\/span><\/span><span class=\"wpcf7-list-item\"><input type=\"checkbox\" name=\"modulos[]\" value=\"Scoring de Clientes\" \/><span class=\"wpcf7-list-item-label\">Scoring de Clientes<\/span><\/span><span class=\"wpcf7-list-item last\"><input type=\"checkbox\" name=\"modulos[]\" value=\"Scoring Probabil\u00edstico\" \/><span class=\"wpcf7-list-item-label\">Scoring Probabil\u00edstico<\/span><\/span><\/span><\/span>\n\t<\/p>\n\t<p class=\"col-md-12\"><b>Si tiene alg\u00fan requerimiento o comentario adicional puede usar este espacio para describirlo:<\/b>\n\t<\/p>\n\t<p class=\"col-md-12\"><span class=\"wpcf7-form-control-wrap\" data-name=\"comentarios\"><input size=\"40\" maxlength=\"400\" class=\"wpcf7-form-control wpcf7-text\" aria-invalid=\"false\" value=\"\" type=\"text\" name=\"comentarios\" \/><\/span>\n\t<\/p>\n\t<p class=\"col-md-12 text-center\"><button class=\"full-width-submit wpcf7-form-control wpcf7-submit\" type=\"submit\">Send<\/button>\n\t<\/p>\n<\/div><div class=\"wpcf7-response-output\" aria-hidden=\"true\"><\/div>\n<input type=\"hidden\" name=\"trp-form-language\" value=\"en\"\/><\/form>\n<\/div>\n<\/div><header class=\"section-title section-title-orange-underline align-center ra_section_title_69ea6ca7cf336\" >\n\t<h2 class=\"title\">Risk management with B-RACE Tools<\/h2><hr><style>.ra_button_69ea6ca7cf4bd{border-color:!important;}<\/style><a href=\"http:\/\/b-solutionsgroup.com\/en\/b-race-tools\/\" class=\"btn btn-default border-thin ra_button_69ea6ca7cf4bd\" >\n\t\t\t\t<span>\n\tMore information\t<\/span>\n<\/a>\n<\/header>\n\t<div class=\"wpb_text_column wpb_content_element\">\n\t\t<div class=\"wpb_wrapper\">\n\t\t\t<div style=\"text-align: center;\"><iframe loading=\"lazy\" src=\"https:\/\/www.youtube.com\/embed\/8fgRnuJAtiQ\" width=\"560\" height=\"315\" frameborder=\"0\" allowfullscreen=\"allowfullscreen\"><span style=\"display: inline-block; width: 0px; overflow: hidden; line-height: 0;\" data-mce-type=\"bookmark\" class=\"mce_SELRES_start\"><\/span><\/iframe><\/div>\n\n\t\t<\/div>\n\t<\/div>\n<\/div><\/div><\/div><script type=\"text\/javascript\">(function($) {$(\"head\").append(\"<style>.rella-row-shadowbox-69ea6ca7ce445{-webkit-box-shadow:;-moz-box-shadow:;box-shadow:;}<\/style>\");})(jQuery);<\/script><\/div>\n<\/div>","protected":false},"excerpt":{"rendered":"B-RACE ToolsFormulario de solicitud de demo Nombre completo* Correo electr\u00f3nico empresarial* Tel\u00e9fono* Empresa* Puesto* Pa\u00eds* Por favor seleccione los m\u00f3dulos de B-RACE Tools que le gustar\u00eda probar en el demo:* Riesgo de MercadoRiesgo de LiquidezRiesgo de Cr\u00e9ditoRiesgo OperativoLavado de DineroScoring de ClientesScoring Probabil\u00edstico Si tiene alg\u00fan requerimiento o comentario adicional puede usar este espacio para [...]","protected":false},"author":2,"featured_media":0,"parent":0,"menu_order":0,"comment_status":"closed","ping_status":"closed","template":"","meta":{"footnotes":""},"class_list":["post-4893","page","type-page","status-publish","hentry"],"yoast_head":"<!-- This site is optimized with the Yoast SEO plugin v27.2 - https:\/\/yoast.com\/product\/yoast-seo-wordpress\/ -->\n<title>BSolutions Group | B-RACE Tools - Formulario de solicitud de demo<\/title>\n<meta name=\"robots\" content=\"index, follow, max-snippet:-1, max-image-preview:large, max-video-preview:-1\" \/>\n<link rel=\"canonical\" href=\"https:\/\/b-solutionsgroup.com\/en\/b-race-tools-formulario-de-solicitud-de-demo\/\" \/>\n<meta property=\"og:locale\" content=\"en_US\" \/>\n<meta property=\"og:type\" content=\"article\" \/>\n<meta property=\"og:title\" content=\"BSolutions Group | B-RACE Tools - Formulario de solicitud de demo\" \/>\n<meta property=\"og:url\" content=\"https:\/\/b-solutionsgroup.com\/en\/b-race-tools-formulario-de-solicitud-de-demo\/\" \/>\n<meta property=\"og:site_name\" content=\"BSolutions Group\" \/>\n<meta property=\"article:publisher\" content=\"https:\/\/www.facebook.com\/BSolutionsGroupCR\/\" \/>\n<meta property=\"article:modified_time\" content=\"2018-07-04T17:25:30+00:00\" \/>\n<meta property=\"og:image\" content=\"https:\/\/b-solutionsgroup.com\/wp-content\/uploads\/2018\/06\/bsg-web-imagen.jpg\" \/>\n\t<meta property=\"og:image:width\" content=\"2300\" \/>\n\t<meta property=\"og:image:height\" content=\"1150\" \/>\n\t<meta property=\"og:image:type\" content=\"image\/jpeg\" \/>\n<meta name=\"twitter:card\" content=\"summary_large_image\" \/>\n<meta name=\"twitter:site\" content=\"@bsgwriteus\" \/>\n<script type=\"application\/ld+json\" class=\"yoast-schema-graph\">{\"@context\":\"https:\/\/schema.org\",\"@graph\":[{\"@type\":\"WebPage\",\"@id\":\"https:\/\/b-solutionsgroup.com\/b-race-tools-formulario-de-solicitud-de-demo\/\",\"url\":\"https:\/\/b-solutionsgroup.com\/b-race-tools-formulario-de-solicitud-de-demo\/\",\"name\":\"BSolutions Group | B-RACE Tools - Formulario de solicitud de demo\",\"isPartOf\":{\"@id\":\"https:\/\/b-solutionsgroup.com\/#website\"},\"datePublished\":\"2018-07-02T20:45:33+00:00\",\"dateModified\":\"2018-07-04T17:25:30+00:00\",\"breadcrumb\":{\"@id\":\"https:\/\/b-solutionsgroup.com\/b-race-tools-formulario-de-solicitud-de-demo\/#breadcrumb\"},\"inLanguage\":\"en-US\",\"potentialAction\":[{\"@type\":\"ReadAction\",\"target\":[\"https:\/\/b-solutionsgroup.com\/b-race-tools-formulario-de-solicitud-de-demo\/\"]}]},{\"@type\":\"BreadcrumbList\",\"@id\":\"https:\/\/b-solutionsgroup.com\/b-race-tools-formulario-de-solicitud-de-demo\/#breadcrumb\",\"itemListElement\":[{\"@type\":\"ListItem\",\"position\":1,\"name\":\"Portada\",\"item\":\"https:\/\/b-solutionsgroup.com\/\"},{\"@type\":\"ListItem\",\"position\":2,\"name\":\"B-RACE Tools &#8211; Formulario de solicitud de demo\"}]},{\"@type\":\"WebSite\",\"@id\":\"https:\/\/b-solutionsgroup.com\/#website\",\"url\":\"https:\/\/b-solutionsgroup.com\/\",\"name\":\"BSolutions Group\",\"description\":\"Expertos en soluciones de negocios\",\"publisher\":{\"@id\":\"https:\/\/b-solutionsgroup.com\/#organization\"},\"potentialAction\":[{\"@type\":\"SearchAction\",\"target\":{\"@type\":\"EntryPoint\",\"urlTemplate\":\"https:\/\/b-solutionsgroup.com\/?s={search_term_string}\"},\"query-input\":{\"@type\":\"PropertyValueSpecification\",\"valueRequired\":true,\"valueName\":\"search_term_string\"}}],\"inLanguage\":\"en-US\"},{\"@type\":\"Organization\",\"@id\":\"https:\/\/b-solutionsgroup.com\/#organization\",\"name\":\"BSolutions Group\",\"url\":\"https:\/\/b-solutionsgroup.com\/\",\"logo\":{\"@type\":\"ImageObject\",\"inLanguage\":\"en-US\",\"@id\":\"https:\/\/b-solutionsgroup.com\/#\/schema\/logo\/image\/\",\"url\":\"https:\/\/b-solutionsgroup.com\/wp-content\/uploads\/2018\/06\/BSG_logo.png\",\"contentUrl\":\"https:\/\/b-solutionsgroup.com\/wp-content\/uploads\/2018\/06\/BSG_logo.png\",\"width\":197,\"height\":48,\"caption\":\"BSolutions Group\"},\"image\":{\"@id\":\"https:\/\/b-solutionsgroup.com\/#\/schema\/logo\/image\/\"},\"sameAs\":[\"https:\/\/www.facebook.com\/BSolutionsGroupCR\/\",\"https:\/\/x.com\/bsgwriteus\",\"https:\/\/www.linkedin.com\/company\/bsolutions-group\/\"]}]}<\/script>\n<!-- \/ Yoast SEO plugin. -->","yoast_head_json":{"title":"BSolutions Group | B-RACE Tools - Formulario de solicitud de demo","robots":{"index":"index","follow":"follow","max-snippet":"max-snippet:-1","max-image-preview":"max-image-preview:large","max-video-preview":"max-video-preview:-1"},"canonical":"https:\/\/b-solutionsgroup.com\/en\/b-race-tools-formulario-de-solicitud-de-demo\/","og_locale":"en_US","og_type":"article","og_title":"BSolutions Group | B-RACE Tools - Formulario de solicitud de demo","og_url":"https:\/\/b-solutionsgroup.com\/en\/b-race-tools-formulario-de-solicitud-de-demo\/","og_site_name":"BSolutions Group","article_publisher":"https:\/\/www.facebook.com\/BSolutionsGroupCR\/","article_modified_time":"2018-07-04T17:25:30+00:00","og_image":[{"width":2300,"height":1150,"url":"https:\/\/b-solutionsgroup.com\/wp-content\/uploads\/2018\/06\/bsg-web-imagen.jpg","type":"image\/jpeg"}],"twitter_card":"summary_large_image","twitter_site":"@bsgwriteus","schema":{"@context":"https:\/\/schema.org","@graph":[{"@type":"WebPage","@id":"https:\/\/b-solutionsgroup.com\/b-race-tools-formulario-de-solicitud-de-demo\/","url":"https:\/\/b-solutionsgroup.com\/b-race-tools-formulario-de-solicitud-de-demo\/","name":"BSolutions Group | B-RACE Tools - Formulario de solicitud de demo","isPartOf":{"@id":"https:\/\/b-solutionsgroup.com\/#website"},"datePublished":"2018-07-02T20:45:33+00:00","dateModified":"2018-07-04T17:25:30+00:00","breadcrumb":{"@id":"https:\/\/b-solutionsgroup.com\/b-race-tools-formulario-de-solicitud-de-demo\/#breadcrumb"},"inLanguage":"en-US","potentialAction":[{"@type":"ReadAction","target":["https:\/\/b-solutionsgroup.com\/b-race-tools-formulario-de-solicitud-de-demo\/"]}]},{"@type":"BreadcrumbList","@id":"https:\/\/b-solutionsgroup.com\/b-race-tools-formulario-de-solicitud-de-demo\/#breadcrumb","itemListElement":[{"@type":"ListItem","position":1,"name":"Portada","item":"https:\/\/b-solutionsgroup.com\/"},{"@type":"ListItem","position":2,"name":"B-RACE Tools &#8211; Formulario de solicitud de demo"}]},{"@type":"WebSite","@id":"https:\/\/b-solutionsgroup.com\/#website","url":"https:\/\/b-solutionsgroup.com\/","name":"BSolutions Group","description":"Expertos en soluciones de negocios","publisher":{"@id":"https:\/\/b-solutionsgroup.com\/#organization"},"potentialAction":[{"@type":"SearchAction","target":{"@type":"EntryPoint","urlTemplate":"https:\/\/b-solutionsgroup.com\/?s={search_term_string}"},"query-input":{"@type":"PropertyValueSpecification","valueRequired":true,"valueName":"search_term_string"}}],"inLanguage":"en-US"},{"@type":"Organization","@id":"https:\/\/b-solutionsgroup.com\/#organization","name":"BSolutions Group","url":"https:\/\/b-solutionsgroup.com\/","logo":{"@type":"ImageObject","inLanguage":"en-US","@id":"https:\/\/b-solutionsgroup.com\/#\/schema\/logo\/image\/","url":"https:\/\/b-solutionsgroup.com\/wp-content\/uploads\/2018\/06\/BSG_logo.png","contentUrl":"https:\/\/b-solutionsgroup.com\/wp-content\/uploads\/2018\/06\/BSG_logo.png","width":197,"height":48,"caption":"BSolutions Group"},"image":{"@id":"https:\/\/b-solutionsgroup.com\/#\/schema\/logo\/image\/"},"sameAs":["https:\/\/www.facebook.com\/BSolutionsGroupCR\/","https:\/\/x.com\/bsgwriteus","https:\/\/www.linkedin.com\/company\/bsolutions-group\/"]}]}},"_links":{"self":[{"href":"https:\/\/b-solutionsgroup.com\/en\/wp-json\/wp\/v2\/pages\/4893","targetHints":{"allow":["GET"]}}],"collection":[{"href":"https:\/\/b-solutionsgroup.com\/en\/wp-json\/wp\/v2\/pages"}],"about":[{"href":"https:\/\/b-solutionsgroup.com\/en\/wp-json\/wp\/v2\/types\/page"}],"author":[{"embeddable":true,"href":"https:\/\/b-solutionsgroup.com\/en\/wp-json\/wp\/v2\/users\/2"}],"replies":[{"embeddable":true,"href":"https:\/\/b-solutionsgroup.com\/en\/wp-json\/wp\/v2\/comments?post=4893"}],"version-history":[{"count":5,"href":"https:\/\/b-solutionsgroup.com\/en\/wp-json\/wp\/v2\/pages\/4893\/revisions"}],"predecessor-version":[{"id":4937,"href":"https:\/\/b-solutionsgroup.com\/en\/wp-json\/wp\/v2\/pages\/4893\/revisions\/4937"}],"wp:attachment":[{"href":"https:\/\/b-solutionsgroup.com\/en\/wp-json\/wp\/v2\/media?parent=4893"}],"curies":[{"name":"wp","href":"https:\/\/api.w.org\/{rel}","templated":true}]}}