{"id":4960,"date":"2018-07-10T10:15:13","date_gmt":"2018-07-10T16:15:13","guid":{"rendered":"http:\/\/b-solutionsgroup.com\/?page_id=4960"},"modified":"2022-08-29T10:07:34","modified_gmt":"2022-08-29T16:07:34","slug":"qlik-nprinting","status":"publish","type":"page","link":"https:\/\/b-solutionsgroup.com\/en\/qlik-nprinting\/","title":{"rendered":"Qlik NPrinting\u00ae"},"content":{"rendered":"<div class=\"wpb-content-wrapper\"><div data-row-brightness=\"light\" class=\"vc_row wpb_row vc_row-fluid rella-row-shadowbox-69ea41335af4d\" style=\"\"><div class=\"wpb_column vc_column_container vc_col-sm-12\" ><div class=\"vc_column-inner\"  style=\"\"><div class=\"wpb_wrapper\"><header class=\"section-title section-title-underlined-title align-center ra_section_title_69ea41335b398\" >\n\t<h2 class=\"title\">HIGHLY POLISHED REPORTS EASILY<\/h2><p>Create truly engaging reports with data and analytics from Qlik Sense and QlikView. Distribute them in an instant.<\/p>\n<style>.ra_button_69ea41335b5fc{border-color:!important;}<\/style><a href=\"http:\/\/b-solutionsgroup.com\/en\/qlik-formulario-de-solicitud-de-demo\/\" class=\"btn btn-default border-thin ra_button_69ea41335b5fc\" >\n\t\t\t\t<span>\n\tTry our demo\t<\/span>\n<\/a>\n<\/header>\n\t<div class=\"wpb_text_column wpb_content_element\">\n\t\t<div class=\"wpb_wrapper\">\n\t\t\t<p>Qlik NPrinting\u200d\u00ae is the next generation platform developed by Qlik that provides a solution for the creation of reports and distribution of its Qlik Sense and QlikView models, supporting organizations to distribute knowledge and discoveries by creating and distributing visually appealing reports.<\/p>\n<p>Qlik NPrinting\u200d\u00ae offers a reporting tool adapted to the most common formats, such as Microsoft Office or PDF files, using data and analytics from Qlik Sense and QlikView. Qlik NPrinting\u200d\u00ae makes sure that the right reports reach the right people, worrying about how and when they need it; all thanks to its scheduled distribution, user-generated reports, and its new subscription to its online hub. In addition, thanks to its multi-process capability, multi-engine scalability and role-based security, Qlik NPrinting\u200d provides innovative support for any user.<\/p>\n<p>With Qlik NPrinting\u200d\u00ae, Qlik can be used as a simple solution for analytics and interactive reporting, allowing organizations to get rid of obsolete Business Intelligence tools and encourage users to adopt modern interactive analytics that allow them to keep their historical data and new discoveries at hand.<\/p>\n<p><img loading=\"lazy\" decoding=\"async\" width=\"691\" height=\"345\" class=\"wp-image-4962 aligncenter\" src=\"http:\/\/b-solutionsgroup.com\/wp-content\/uploads\/2018\/07\/Opciones-de-NPrinting2.png\" srcset=\"https:\/\/b-solutionsgroup.com\/wp-content\/uploads\/2018\/07\/Opciones-de-NPrinting2.png 691w, https:\/\/b-solutionsgroup.com\/wp-content\/uploads\/2018\/07\/Opciones-de-NPrinting2-300x150.png 300w\" sizes=\"auto, (max-width: 691px) 100vw, 691px\" \/><\/p>\n<p><span id=\"result_box\" class=\"\" lang=\"es\"><span class=\"\">The Qlik platform approach allows our products to support a wide range of cases for the use of analytics, including data visualization through self-service, guided and customized analysis, integrated with Qlik Sense support, QlikView and Qlik Analytics Platform.<\/span><\/span><\/p>\n<p><span id=\"result_box\" class=\"\" lang=\"es\"><span class=\"\">Qlik NPrinting\u200d\u00ae is a simple reporting solution that supports both Qlik Sense and QlikView files. Qlik NPrinting\u200d\u00ae connects to one or both systems and offers integratable and scalable reporting across them. Reports can be generated using Qlik Sense or QlikView analytics, and can be programmed and distributed interchangeably across the organization. This approach gives customers a very simple and powerful way to support collaboration and report on Qlik.<\/span> Qlik NPrinting\u00ae s<span class=\"\">e conecta a uno o ambos sistemas y ofrece informes integrables y escalables a trav\u00e9s de ellos.<\/span> Los informes se pueden generar utilizando las anal\u00edticas de Qlik Sense o QlikView, y se pueden programar y distribuir de forma intercambiable en toda la organizaci\u00f3n. Este enfoque ofrece a los clientes una forma muy simple y poderosa de apoyar a la colaboraci\u00f3n y a generar informes en Qlik.<\/span><\/p>\n<p><img loading=\"lazy\" decoding=\"async\" class=\"size-full wp-image-4961 aligncenter\" src=\"http:\/\/b-solutionsgroup.com\/wp-content\/uploads\/2018\/07\/Opciones-de-NPrinting.png\" alt=\"\" width=\"1355\" height=\"338\" srcset=\"https:\/\/b-solutionsgroup.com\/wp-content\/uploads\/2018\/07\/Opciones-de-NPrinting.png 1355w, https:\/\/b-solutionsgroup.com\/wp-content\/uploads\/2018\/07\/Opciones-de-NPrinting-300x75.png 300w, https:\/\/b-solutionsgroup.com\/wp-content\/uploads\/2018\/07\/Opciones-de-NPrinting-768x192.png 768w, https:\/\/b-solutionsgroup.com\/wp-content\/uploads\/2018\/07\/Opciones-de-NPrinting-1024x255.png 1024w\" sizes=\"auto, (max-width: 1355px) 100vw, 1355px\" \/><\/p>\n<div style=\"text-align: center;\"><iframe loading=\"lazy\" src=\"https:\/\/www.youtube.com\/embed\/sYdSJhHd_qI\" width=\"560\" height=\"315\" frameborder=\"0\" allowfullscreen=\"allowfullscreen\"><\/iframe><\/div>\n\n\t\t<\/div>\n\t<\/div>\n<\/div><\/div><\/div><script type=\"text\/javascript\">(function($) {$(\"head\").append(\"<style>.rella-row-shadowbox-69ea41335af4d{-webkit-box-shadow:;-moz-box-shadow:;box-shadow:;}<\/style>\");})(jQuery);<\/script><\/div>\n<\/div>","protected":false},"excerpt":{"rendered":"Informes muy pulidos de forma f\u00e1cilCree informes realmente atractivos con datos y anal\u00edtica de Qlik Sense y QlikView. Distrib\u00fayalos en un instante. Solicite su demo Qlik NPrinting\u00ae es la plataforma de nueva generaci\u00f3n desarrollada por Qlik que brinda una soluci\u00f3n para la creaci\u00f3n de reportes y distribuci\u00f3n de sus modelos de Qlik Sense y QlikView, [...]","protected":false},"author":2,"featured_media":0,"parent":0,"menu_order":0,"comment_status":"closed","ping_status":"closed","template":"","meta":{"footnotes":""},"class_list":["post-4960","page","type-page","status-publish","hentry"],"yoast_head":"<!-- This site is optimized with the Yoast SEO plugin v27.2 - https:\/\/yoast.com\/product\/yoast-seo-wordpress\/ -->\n<title>BSolutions Group | Qlik NPrinting\u00ae<\/title>\n<meta name=\"robots\" content=\"index, follow, max-snippet:-1, max-image-preview:large, max-video-preview:-1\" \/>\n<link rel=\"canonical\" href=\"https:\/\/b-solutionsgroup.com\/en\/qlik-nprinting\/\" \/>\n<meta property=\"og:locale\" content=\"en_US\" \/>\n<meta property=\"og:type\" content=\"article\" \/>\n<meta property=\"og:title\" content=\"BSolutions Group | Qlik NPrinting\u00ae\" \/>\n<meta property=\"og:url\" content=\"https:\/\/b-solutionsgroup.com\/en\/qlik-nprinting\/\" \/>\n<meta property=\"og:site_name\" content=\"BSolutions Group\" \/>\n<meta property=\"article:publisher\" content=\"https:\/\/www.facebook.com\/BSolutionsGroupCR\/\" \/>\n<meta property=\"article:modified_time\" content=\"2022-08-29T16:07:34+00:00\" \/>\n<meta property=\"og:image\" content=\"http:\/\/b-solutionsgroup.com\/wp-content\/uploads\/2018\/07\/Opciones-de-NPrinting2.png\" \/>\n<meta name=\"twitter:card\" content=\"summary_large_image\" \/>\n<meta name=\"twitter:site\" content=\"@bsgwriteus\" \/>\n<meta name=\"twitter:label1\" content=\"Est. reading time\" \/>\n\t<meta name=\"twitter:data1\" content=\"3 minutes\" \/>\n<script type=\"application\/ld+json\" class=\"yoast-schema-graph\">{\"@context\":\"https:\/\/schema.org\",\"@graph\":[{\"@type\":\"WebPage\",\"@id\":\"https:\/\/b-solutionsgroup.com\/qlik-nprinting\/\",\"url\":\"https:\/\/b-solutionsgroup.com\/qlik-nprinting\/\",\"name\":\"BSolutions Group | Qlik NPrinting\u00ae\",\"isPartOf\":{\"@id\":\"https:\/\/b-solutionsgroup.com\/#website\"},\"primaryImageOfPage\":{\"@id\":\"https:\/\/b-solutionsgroup.com\/qlik-nprinting\/#primaryimage\"},\"image\":{\"@id\":\"https:\/\/b-solutionsgroup.com\/qlik-nprinting\/#primaryimage\"},\"thumbnailUrl\":\"http:\/\/b-solutionsgroup.com\/wp-content\/uploads\/2018\/07\/Opciones-de-NPrinting2.png\",\"datePublished\":\"2018-07-10T16:15:13+00:00\",\"dateModified\":\"2022-08-29T16:07:34+00:00\",\"breadcrumb\":{\"@id\":\"https:\/\/b-solutionsgroup.com\/qlik-nprinting\/#breadcrumb\"},\"inLanguage\":\"en-US\",\"potentialAction\":[{\"@type\":\"ReadAction\",\"target\":[\"https:\/\/b-solutionsgroup.com\/qlik-nprinting\/\"]}]},{\"@type\":\"ImageObject\",\"inLanguage\":\"en-US\",\"@id\":\"https:\/\/b-solutionsgroup.com\/qlik-nprinting\/#primaryimage\",\"url\":\"http:\/\/b-solutionsgroup.com\/wp-content\/uploads\/2018\/07\/Opciones-de-NPrinting2.png\",\"contentUrl\":\"http:\/\/b-solutionsgroup.com\/wp-content\/uploads\/2018\/07\/Opciones-de-NPrinting2.png\"},{\"@type\":\"BreadcrumbList\",\"@id\":\"https:\/\/b-solutionsgroup.com\/qlik-nprinting\/#breadcrumb\",\"itemListElement\":[{\"@type\":\"ListItem\",\"position\":1,\"name\":\"Portada\",\"item\":\"https:\/\/b-solutionsgroup.com\/\"},{\"@type\":\"ListItem\",\"position\":2,\"name\":\"Qlik NPrinting\u00ae\"}]},{\"@type\":\"WebSite\",\"@id\":\"https:\/\/b-solutionsgroup.com\/#website\",\"url\":\"https:\/\/b-solutionsgroup.com\/\",\"name\":\"BSolutions Group\",\"description\":\"Expertos en soluciones de negocios\",\"publisher\":{\"@id\":\"https:\/\/b-solutionsgroup.com\/#organization\"},\"potentialAction\":[{\"@type\":\"SearchAction\",\"target\":{\"@type\":\"EntryPoint\",\"urlTemplate\":\"https:\/\/b-solutionsgroup.com\/?s={search_term_string}\"},\"query-input\":{\"@type\":\"PropertyValueSpecification\",\"valueRequired\":true,\"valueName\":\"search_term_string\"}}],\"inLanguage\":\"en-US\"},{\"@type\":\"Organization\",\"@id\":\"https:\/\/b-solutionsgroup.com\/#organization\",\"name\":\"BSolutions Group\",\"url\":\"https:\/\/b-solutionsgroup.com\/\",\"logo\":{\"@type\":\"ImageObject\",\"inLanguage\":\"en-US\",\"@id\":\"https:\/\/b-solutionsgroup.com\/#\/schema\/logo\/image\/\",\"url\":\"https:\/\/b-solutionsgroup.com\/wp-content\/uploads\/2018\/06\/BSG_logo.png\",\"contentUrl\":\"https:\/\/b-solutionsgroup.com\/wp-content\/uploads\/2018\/06\/BSG_logo.png\",\"width\":197,\"height\":48,\"caption\":\"BSolutions Group\"},\"image\":{\"@id\":\"https:\/\/b-solutionsgroup.com\/#\/schema\/logo\/image\/\"},\"sameAs\":[\"https:\/\/www.facebook.com\/BSolutionsGroupCR\/\",\"https:\/\/x.com\/bsgwriteus\",\"https:\/\/www.linkedin.com\/company\/bsolutions-group\/\"]}]}<\/script>\n<!-- \/ Yoast SEO plugin. -->","yoast_head_json":{"title":"BSolutions Group | Qlik NPrinting\u00ae","robots":{"index":"index","follow":"follow","max-snippet":"max-snippet:-1","max-image-preview":"max-image-preview:large","max-video-preview":"max-video-preview:-1"},"canonical":"https:\/\/b-solutionsgroup.com\/en\/qlik-nprinting\/","og_locale":"en_US","og_type":"article","og_title":"BSolutions Group | Qlik NPrinting\u00ae","og_url":"https:\/\/b-solutionsgroup.com\/en\/qlik-nprinting\/","og_site_name":"BSolutions Group","article_publisher":"https:\/\/www.facebook.com\/BSolutionsGroupCR\/","article_modified_time":"2022-08-29T16:07:34+00:00","og_image":[{"url":"http:\/\/b-solutionsgroup.com\/wp-content\/uploads\/2018\/07\/Opciones-de-NPrinting2.png","type":"","width":"","height":""}],"twitter_card":"summary_large_image","twitter_site":"@bsgwriteus","twitter_misc":{"Est. reading time":"3 minutes"},"schema":{"@context":"https:\/\/schema.org","@graph":[{"@type":"WebPage","@id":"https:\/\/b-solutionsgroup.com\/qlik-nprinting\/","url":"https:\/\/b-solutionsgroup.com\/qlik-nprinting\/","name":"BSolutions Group | Qlik NPrinting\u00ae","isPartOf":{"@id":"https:\/\/b-solutionsgroup.com\/#website"},"primaryImageOfPage":{"@id":"https:\/\/b-solutionsgroup.com\/qlik-nprinting\/#primaryimage"},"image":{"@id":"https:\/\/b-solutionsgroup.com\/qlik-nprinting\/#primaryimage"},"thumbnailUrl":"http:\/\/b-solutionsgroup.com\/wp-content\/uploads\/2018\/07\/Opciones-de-NPrinting2.png","datePublished":"2018-07-10T16:15:13+00:00","dateModified":"2022-08-29T16:07:34+00:00","breadcrumb":{"@id":"https:\/\/b-solutionsgroup.com\/qlik-nprinting\/#breadcrumb"},"inLanguage":"en-US","potentialAction":[{"@type":"ReadAction","target":["https:\/\/b-solutionsgroup.com\/qlik-nprinting\/"]}]},{"@type":"ImageObject","inLanguage":"en-US","@id":"https:\/\/b-solutionsgroup.com\/qlik-nprinting\/#primaryimage","url":"http:\/\/b-solutionsgroup.com\/wp-content\/uploads\/2018\/07\/Opciones-de-NPrinting2.png","contentUrl":"http:\/\/b-solutionsgroup.com\/wp-content\/uploads\/2018\/07\/Opciones-de-NPrinting2.png"},{"@type":"BreadcrumbList","@id":"https:\/\/b-solutionsgroup.com\/qlik-nprinting\/#breadcrumb","itemListElement":[{"@type":"ListItem","position":1,"name":"Portada","item":"https:\/\/b-solutionsgroup.com\/"},{"@type":"ListItem","position":2,"name":"Qlik NPrinting\u00ae"}]},{"@type":"WebSite","@id":"https:\/\/b-solutionsgroup.com\/#website","url":"https:\/\/b-solutionsgroup.com\/","name":"BSolutions Group","description":"Expertos en soluciones de negocios","publisher":{"@id":"https:\/\/b-solutionsgroup.com\/#organization"},"potentialAction":[{"@type":"SearchAction","target":{"@type":"EntryPoint","urlTemplate":"https:\/\/b-solutionsgroup.com\/?s={search_term_string}"},"query-input":{"@type":"PropertyValueSpecification","valueRequired":true,"valueName":"search_term_string"}}],"inLanguage":"en-US"},{"@type":"Organization","@id":"https:\/\/b-solutionsgroup.com\/#organization","name":"BSolutions Group","url":"https:\/\/b-solutionsgroup.com\/","logo":{"@type":"ImageObject","inLanguage":"en-US","@id":"https:\/\/b-solutionsgroup.com\/#\/schema\/logo\/image\/","url":"https:\/\/b-solutionsgroup.com\/wp-content\/uploads\/2018\/06\/BSG_logo.png","contentUrl":"https:\/\/b-solutionsgroup.com\/wp-content\/uploads\/2018\/06\/BSG_logo.png","width":197,"height":48,"caption":"BSolutions Group"},"image":{"@id":"https:\/\/b-solutionsgroup.com\/#\/schema\/logo\/image\/"},"sameAs":["https:\/\/www.facebook.com\/BSolutionsGroupCR\/","https:\/\/x.com\/bsgwriteus","https:\/\/www.linkedin.com\/company\/bsolutions-group\/"]}]}},"_links":{"self":[{"href":"https:\/\/b-solutionsgroup.com\/en\/wp-json\/wp\/v2\/pages\/4960","targetHints":{"allow":["GET"]}}],"collection":[{"href":"https:\/\/b-solutionsgroup.com\/en\/wp-json\/wp\/v2\/pages"}],"about":[{"href":"https:\/\/b-solutionsgroup.com\/en\/wp-json\/wp\/v2\/types\/page"}],"author":[{"embeddable":true,"href":"https:\/\/b-solutionsgroup.com\/en\/wp-json\/wp\/v2\/users\/2"}],"replies":[{"embeddable":true,"href":"https:\/\/b-solutionsgroup.com\/en\/wp-json\/wp\/v2\/comments?post=4960"}],"version-history":[{"count":4,"href":"https:\/\/b-solutionsgroup.com\/en\/wp-json\/wp\/v2\/pages\/4960\/revisions"}],"predecessor-version":[{"id":5523,"href":"https:\/\/b-solutionsgroup.com\/en\/wp-json\/wp\/v2\/pages\/4960\/revisions\/5523"}],"wp:attachment":[{"href":"https:\/\/b-solutionsgroup.com\/en\/wp-json\/wp\/v2\/media?parent=4960"}],"curies":[{"name":"wp","href":"https:\/\/api.w.org\/{rel}","templated":true}]}}