{"id":4971,"date":"2018-07-11T10:11:56","date_gmt":"2018-07-11T16:11:56","guid":{"rendered":"http:\/\/b-solutionsgroup.com\/?page_id=4971"},"modified":"2022-08-29T08:47:24","modified_gmt":"2022-08-29T14:47:24","slug":"qlik-geoanalytics","status":"publish","type":"page","link":"https:\/\/b-solutionsgroup.com\/en\/qlik-geoanalytics\/","title":{"rendered":"Qlik GeoAnalytics\u00ae"},"content":{"rendered":"<div class=\"wpb-content-wrapper\"><div data-row-brightness=\"light\" class=\"vc_row wpb_row vc_row-fluid rella-row-shadowbox-69ea41342e226\" style=\"\"><div class=\"wpb_column vc_column_container vc_col-sm-12\" ><div class=\"vc_column-inner\"  style=\"\"><div class=\"wpb_wrapper\"><header class=\"section-title section-title-underlined-title align-center ra_section_title_69ea41342e679\" >\n\t<h2 class=\"title\">GEOSPATIAL VISUALIZATION AND ANALYSIS<\/h2><div class=\"page-title__copy\">\n<p>Reveal crucial geospatial information and expose hidden geographic relationships to make better geographic location decisions.<\/p>\n<\/div>\n<style>.ra_button_69ea41342ea12{border-color:!important;}<\/style><a href=\"http:\/\/b-solutionsgroup.com\/en\/qlik-formulario-de-solicitud-de-demo\/\" class=\"btn btn-default border-thin ra_button_69ea41342ea12\" >\n\t\t\t\t<span>\n\tTry our demo\t<\/span>\n<\/a>\n<\/header>\n\t<div class=\"wpb_text_column wpb_content_element\">\n\t\t<div class=\"wpb_wrapper\">\n\t\t\t<p>Qlik GeoAnalytics allows you to make better decisions based on geographic area information thanks to its powerful location mapping and analysis deployed in Qlik Sense and QlikView.<\/p>\n<p>Qlik GeoAnalytics not only has comprehensive mapping capabilities, it also allows us to move in a visualization environment that includes native support for broad ranges of advanced geoanalytics; in many cases, helping analysts receive geospatial information that can be crucial, as well as exposing geographic relationships that can normally be hidden. Thanks to its patented technology for compressing and transmitting map information, both Qlik Sense and QlikView users can now understand how geographic space begins to accumulate data of interest, offering discoveries in business, allowing you to make better decisions and eventually allow a much higher return on investment.<\/p>\n<p><img loading=\"lazy\" decoding=\"async\" class=\"size-full wp-image-4986 aligncenter\" src=\"http:\/\/b-solutionsgroup.com\/wp-content\/uploads\/2018\/07\/Growing-amount-of-where-data.png\" alt=\"\" width=\"1497\" height=\"443\" srcset=\"https:\/\/b-solutionsgroup.com\/wp-content\/uploads\/2018\/07\/Growing-amount-of-where-data.png 1497w, https:\/\/b-solutionsgroup.com\/wp-content\/uploads\/2018\/07\/Growing-amount-of-where-data-300x89.png 300w, https:\/\/b-solutionsgroup.com\/wp-content\/uploads\/2018\/07\/Growing-amount-of-where-data-768x227.png 768w, https:\/\/b-solutionsgroup.com\/wp-content\/uploads\/2018\/07\/Growing-amount-of-where-data-1024x303.png 1024w\" sizes=\"auto, (max-width: 1497px) 100vw, 1497px\" \/><\/p>\n<p>Qlik can now increase data relationship capabilities by including a familiar user environment. With the ability to quickly display cartographic information, users can discover even more patterns that are not so easily interpreted in tables or graphs, in order to understand the power that data gives to business decisions.<\/p>\n<p>Qlik GeoAnalytics gives us powerful map visualizations and analysis based on geographic location, deploying in Qlik Sense and QlikView with patented technology that compresses and transmits geoanalytical data.<\/p>\n<p>This tool allows you to easily add maps by automatically searching for geographical data and then overlay the different visualizations. In addition, you can analyze geospatial or geographic data in combination with non-geographic data to discover geographic relationships that would otherwise be hidden.<\/p>\n<p><img loading=\"lazy\" decoding=\"async\" class=\"size-full wp-image-4987 aligncenter\" src=\"http:\/\/b-solutionsgroup.com\/wp-content\/uploads\/2018\/07\/Qlik-GeoAnalytics_Bild_2.jpg\" alt=\"\" width=\"900\" height=\"471\" srcset=\"https:\/\/b-solutionsgroup.com\/wp-content\/uploads\/2018\/07\/Qlik-GeoAnalytics_Bild_2.jpg 900w, https:\/\/b-solutionsgroup.com\/wp-content\/uploads\/2018\/07\/Qlik-GeoAnalytics_Bild_2-300x157.jpg 300w, https:\/\/b-solutionsgroup.com\/wp-content\/uploads\/2018\/07\/Qlik-GeoAnalytics_Bild_2-768x402.jpg 768w\" sizes=\"auto, (max-width: 900px) 100vw, 900px\" \/><\/p>\n<p><img loading=\"lazy\" decoding=\"async\" class=\"size-full wp-image-4973 aligncenter\" src=\"http:\/\/b-solutionsgroup.com\/wp-content\/uploads\/2018\/07\/geoanalytics-info.png\" alt=\"\" width=\"1352\" height=\"443\" srcset=\"https:\/\/b-solutionsgroup.com\/wp-content\/uploads\/2018\/07\/geoanalytics-info.png 1352w, https:\/\/b-solutionsgroup.com\/wp-content\/uploads\/2018\/07\/geoanalytics-info-300x98.png 300w, https:\/\/b-solutionsgroup.com\/wp-content\/uploads\/2018\/07\/geoanalytics-info-768x252.png 768w, https:\/\/b-solutionsgroup.com\/wp-content\/uploads\/2018\/07\/geoanalytics-info-1024x336.png 1024w\" sizes=\"auto, (max-width: 1352px) 100vw, 1352px\" \/><\/p>\n<p><iframe loading=\"lazy\" title=\"YouTube video player\" src=\"https:\/\/www.youtube.com\/embed\/gqprqmVfQhQ\" width=\"560\" height=\"315\" frameborder=\"0\" allowfullscreen=\"allowfullscreen\"><\/iframe><\/p>\n\n\t\t<\/div>\n\t<\/div>\n<\/div><\/div><\/div><script type=\"text\/javascript\">(function($) {$(\"head\").append(\"<style>.rella-row-shadowbox-69ea41342e226{-webkit-box-shadow:;-moz-box-shadow:;box-shadow:;}<\/style>\");})(jQuery);<\/script><\/div>\n<\/div>","protected":false},"excerpt":{"rendered":"Visualizaci\u00f3n geoespacial y an\u00e1lisis Revele informaci\u00f3n geoespacial crucial y exponga las relaciones geogr\u00e1ficas que quedan ocultas para tomar mejores decisiones en cuanto a la ubicaci\u00f3n geogr\u00e1fica. Solicite su demo Qlik GeoAnalytics le permite tomar mejores decisiones basadas en informaci\u00f3n de \u00e1reas geogr\u00e1ficas gracias a su potente mapeado y an\u00e1lisis de locaciones que se despliega en [...]","protected":false},"author":2,"featured_media":0,"parent":0,"menu_order":0,"comment_status":"closed","ping_status":"closed","template":"","meta":{"footnotes":""},"class_list":["post-4971","page","type-page","status-publish","hentry"],"yoast_head":"<!-- This site is optimized with the Yoast SEO plugin v27.2 - https:\/\/yoast.com\/product\/yoast-seo-wordpress\/ -->\n<title>BSolutions Group | Qlik GeoAnalytics\u00ae<\/title>\n<meta name=\"robots\" content=\"index, follow, max-snippet:-1, max-image-preview:large, max-video-preview:-1\" \/>\n<link rel=\"canonical\" href=\"https:\/\/b-solutionsgroup.com\/en\/qlik-geoanalytics\/\" \/>\n<meta property=\"og:locale\" content=\"en_US\" \/>\n<meta property=\"og:type\" content=\"article\" \/>\n<meta property=\"og:title\" content=\"BSolutions Group | Qlik GeoAnalytics\u00ae\" \/>\n<meta property=\"og:url\" content=\"https:\/\/b-solutionsgroup.com\/en\/qlik-geoanalytics\/\" \/>\n<meta property=\"og:site_name\" content=\"BSolutions Group\" \/>\n<meta property=\"article:publisher\" content=\"https:\/\/www.facebook.com\/BSolutionsGroupCR\/\" \/>\n<meta property=\"article:modified_time\" content=\"2022-08-29T14:47:24+00:00\" \/>\n<meta property=\"og:image\" content=\"http:\/\/b-solutionsgroup.com\/wp-content\/uploads\/2018\/07\/Growing-amount-of-where-data.png\" \/>\n<meta name=\"twitter:card\" content=\"summary_large_image\" \/>\n<meta name=\"twitter:site\" content=\"@bsgwriteus\" \/>\n<meta name=\"twitter:label1\" content=\"Est. reading time\" \/>\n\t<meta name=\"twitter:data1\" content=\"3 minutes\" \/>\n<script type=\"application\/ld+json\" class=\"yoast-schema-graph\">{\"@context\":\"https:\/\/schema.org\",\"@graph\":[{\"@type\":\"WebPage\",\"@id\":\"https:\/\/b-solutionsgroup.com\/qlik-geoanalytics\/\",\"url\":\"https:\/\/b-solutionsgroup.com\/qlik-geoanalytics\/\",\"name\":\"BSolutions Group | Qlik GeoAnalytics\u00ae\",\"isPartOf\":{\"@id\":\"https:\/\/b-solutionsgroup.com\/#website\"},\"primaryImageOfPage\":{\"@id\":\"https:\/\/b-solutionsgroup.com\/qlik-geoanalytics\/#primaryimage\"},\"image\":{\"@id\":\"https:\/\/b-solutionsgroup.com\/qlik-geoanalytics\/#primaryimage\"},\"thumbnailUrl\":\"http:\/\/b-solutionsgroup.com\/wp-content\/uploads\/2018\/07\/Growing-amount-of-where-data.png\",\"datePublished\":\"2018-07-11T16:11:56+00:00\",\"dateModified\":\"2022-08-29T14:47:24+00:00\",\"breadcrumb\":{\"@id\":\"https:\/\/b-solutionsgroup.com\/qlik-geoanalytics\/#breadcrumb\"},\"inLanguage\":\"en-US\",\"potentialAction\":[{\"@type\":\"ReadAction\",\"target\":[\"https:\/\/b-solutionsgroup.com\/qlik-geoanalytics\/\"]}]},{\"@type\":\"ImageObject\",\"inLanguage\":\"en-US\",\"@id\":\"https:\/\/b-solutionsgroup.com\/qlik-geoanalytics\/#primaryimage\",\"url\":\"http:\/\/b-solutionsgroup.com\/wp-content\/uploads\/2018\/07\/Growing-amount-of-where-data.png\",\"contentUrl\":\"http:\/\/b-solutionsgroup.com\/wp-content\/uploads\/2018\/07\/Growing-amount-of-where-data.png\"},{\"@type\":\"BreadcrumbList\",\"@id\":\"https:\/\/b-solutionsgroup.com\/qlik-geoanalytics\/#breadcrumb\",\"itemListElement\":[{\"@type\":\"ListItem\",\"position\":1,\"name\":\"Portada\",\"item\":\"https:\/\/b-solutionsgroup.com\/\"},{\"@type\":\"ListItem\",\"position\":2,\"name\":\"Qlik GeoAnalytics\u00ae\"}]},{\"@type\":\"WebSite\",\"@id\":\"https:\/\/b-solutionsgroup.com\/#website\",\"url\":\"https:\/\/b-solutionsgroup.com\/\",\"name\":\"BSolutions Group\",\"description\":\"Expertos en soluciones de negocios\",\"publisher\":{\"@id\":\"https:\/\/b-solutionsgroup.com\/#organization\"},\"potentialAction\":[{\"@type\":\"SearchAction\",\"target\":{\"@type\":\"EntryPoint\",\"urlTemplate\":\"https:\/\/b-solutionsgroup.com\/?s={search_term_string}\"},\"query-input\":{\"@type\":\"PropertyValueSpecification\",\"valueRequired\":true,\"valueName\":\"search_term_string\"}}],\"inLanguage\":\"en-US\"},{\"@type\":\"Organization\",\"@id\":\"https:\/\/b-solutionsgroup.com\/#organization\",\"name\":\"BSolutions Group\",\"url\":\"https:\/\/b-solutionsgroup.com\/\",\"logo\":{\"@type\":\"ImageObject\",\"inLanguage\":\"en-US\",\"@id\":\"https:\/\/b-solutionsgroup.com\/#\/schema\/logo\/image\/\",\"url\":\"https:\/\/b-solutionsgroup.com\/wp-content\/uploads\/2018\/06\/BSG_logo.png\",\"contentUrl\":\"https:\/\/b-solutionsgroup.com\/wp-content\/uploads\/2018\/06\/BSG_logo.png\",\"width\":197,\"height\":48,\"caption\":\"BSolutions Group\"},\"image\":{\"@id\":\"https:\/\/b-solutionsgroup.com\/#\/schema\/logo\/image\/\"},\"sameAs\":[\"https:\/\/www.facebook.com\/BSolutionsGroupCR\/\",\"https:\/\/x.com\/bsgwriteus\",\"https:\/\/www.linkedin.com\/company\/bsolutions-group\/\"]}]}<\/script>\n<!-- \/ Yoast SEO plugin. -->","yoast_head_json":{"title":"BSolutions Group | Qlik GeoAnalytics\u00ae","robots":{"index":"index","follow":"follow","max-snippet":"max-snippet:-1","max-image-preview":"max-image-preview:large","max-video-preview":"max-video-preview:-1"},"canonical":"https:\/\/b-solutionsgroup.com\/en\/qlik-geoanalytics\/","og_locale":"en_US","og_type":"article","og_title":"BSolutions Group | Qlik GeoAnalytics\u00ae","og_url":"https:\/\/b-solutionsgroup.com\/en\/qlik-geoanalytics\/","og_site_name":"BSolutions Group","article_publisher":"https:\/\/www.facebook.com\/BSolutionsGroupCR\/","article_modified_time":"2022-08-29T14:47:24+00:00","og_image":[{"url":"http:\/\/b-solutionsgroup.com\/wp-content\/uploads\/2018\/07\/Growing-amount-of-where-data.png","type":"","width":"","height":""}],"twitter_card":"summary_large_image","twitter_site":"@bsgwriteus","twitter_misc":{"Est. reading time":"3 minutes"},"schema":{"@context":"https:\/\/schema.org","@graph":[{"@type":"WebPage","@id":"https:\/\/b-solutionsgroup.com\/qlik-geoanalytics\/","url":"https:\/\/b-solutionsgroup.com\/qlik-geoanalytics\/","name":"BSolutions Group | Qlik GeoAnalytics\u00ae","isPartOf":{"@id":"https:\/\/b-solutionsgroup.com\/#website"},"primaryImageOfPage":{"@id":"https:\/\/b-solutionsgroup.com\/qlik-geoanalytics\/#primaryimage"},"image":{"@id":"https:\/\/b-solutionsgroup.com\/qlik-geoanalytics\/#primaryimage"},"thumbnailUrl":"http:\/\/b-solutionsgroup.com\/wp-content\/uploads\/2018\/07\/Growing-amount-of-where-data.png","datePublished":"2018-07-11T16:11:56+00:00","dateModified":"2022-08-29T14:47:24+00:00","breadcrumb":{"@id":"https:\/\/b-solutionsgroup.com\/qlik-geoanalytics\/#breadcrumb"},"inLanguage":"en-US","potentialAction":[{"@type":"ReadAction","target":["https:\/\/b-solutionsgroup.com\/qlik-geoanalytics\/"]}]},{"@type":"ImageObject","inLanguage":"en-US","@id":"https:\/\/b-solutionsgroup.com\/qlik-geoanalytics\/#primaryimage","url":"http:\/\/b-solutionsgroup.com\/wp-content\/uploads\/2018\/07\/Growing-amount-of-where-data.png","contentUrl":"http:\/\/b-solutionsgroup.com\/wp-content\/uploads\/2018\/07\/Growing-amount-of-where-data.png"},{"@type":"BreadcrumbList","@id":"https:\/\/b-solutionsgroup.com\/qlik-geoanalytics\/#breadcrumb","itemListElement":[{"@type":"ListItem","position":1,"name":"Portada","item":"https:\/\/b-solutionsgroup.com\/"},{"@type":"ListItem","position":2,"name":"Qlik GeoAnalytics\u00ae"}]},{"@type":"WebSite","@id":"https:\/\/b-solutionsgroup.com\/#website","url":"https:\/\/b-solutionsgroup.com\/","name":"BSolutions Group","description":"Expertos en soluciones de negocios","publisher":{"@id":"https:\/\/b-solutionsgroup.com\/#organization"},"potentialAction":[{"@type":"SearchAction","target":{"@type":"EntryPoint","urlTemplate":"https:\/\/b-solutionsgroup.com\/?s={search_term_string}"},"query-input":{"@type":"PropertyValueSpecification","valueRequired":true,"valueName":"search_term_string"}}],"inLanguage":"en-US"},{"@type":"Organization","@id":"https:\/\/b-solutionsgroup.com\/#organization","name":"BSolutions Group","url":"https:\/\/b-solutionsgroup.com\/","logo":{"@type":"ImageObject","inLanguage":"en-US","@id":"https:\/\/b-solutionsgroup.com\/#\/schema\/logo\/image\/","url":"https:\/\/b-solutionsgroup.com\/wp-content\/uploads\/2018\/06\/BSG_logo.png","contentUrl":"https:\/\/b-solutionsgroup.com\/wp-content\/uploads\/2018\/06\/BSG_logo.png","width":197,"height":48,"caption":"BSolutions Group"},"image":{"@id":"https:\/\/b-solutionsgroup.com\/#\/schema\/logo\/image\/"},"sameAs":["https:\/\/www.facebook.com\/BSolutionsGroupCR\/","https:\/\/x.com\/bsgwriteus","https:\/\/www.linkedin.com\/company\/bsolutions-group\/"]}]}},"_links":{"self":[{"href":"https:\/\/b-solutionsgroup.com\/en\/wp-json\/wp\/v2\/pages\/4971","targetHints":{"allow":["GET"]}}],"collection":[{"href":"https:\/\/b-solutionsgroup.com\/en\/wp-json\/wp\/v2\/pages"}],"about":[{"href":"https:\/\/b-solutionsgroup.com\/en\/wp-json\/wp\/v2\/types\/page"}],"author":[{"embeddable":true,"href":"https:\/\/b-solutionsgroup.com\/en\/wp-json\/wp\/v2\/users\/2"}],"replies":[{"embeddable":true,"href":"https:\/\/b-solutionsgroup.com\/en\/wp-json\/wp\/v2\/comments?post=4971"}],"version-history":[{"count":5,"href":"https:\/\/b-solutionsgroup.com\/en\/wp-json\/wp\/v2\/pages\/4971\/revisions"}],"predecessor-version":[{"id":5512,"href":"https:\/\/b-solutionsgroup.com\/en\/wp-json\/wp\/v2\/pages\/4971\/revisions\/5512"}],"wp:attachment":[{"href":"https:\/\/b-solutionsgroup.com\/en\/wp-json\/wp\/v2\/media?parent=4971"}],"curies":[{"name":"wp","href":"https:\/\/api.w.org\/{rel}","templated":true}]}}