{"id":5054,"date":"2018-07-18T10:57:42","date_gmt":"2018-07-18T16:57:42","guid":{"rendered":"http:\/\/b-solutionsgroup.com\/?page_id=5054"},"modified":"2018-07-18T10:57:42","modified_gmt":"2018-07-18T16:57:42","slug":"mapa-del-sitio","status":"publish","type":"page","link":"https:\/\/b-solutionsgroup.com\/en\/mapa-del-sitio\/","title":{"rendered":"Sitemap"},"content":{"rendered":"<div class=\"wpb-content-wrapper\"><div data-row-brightness=\"light\" class=\"vc_row wpb_row vc_row-fluid vc_custom_1531933025027 rella-row-shadowbox-69eb9041b5df1\" style=\"\"><div class=\"wpb_column vc_column_container vc_col-sm-12\" ><div class=\"vc_column-inner\"  style=\"\"><div class=\"wpb_wrapper\"><div class=\"custom-menu ra_custom_menu_69eb9041b623c\">\n<div class=\"menu-mapa-de-sitio-container\"><ul id=\"menu-mapa-de-sitio\" class=\"menu\"><li id=\"menu-item-5017\" class=\"menu-item menu-item-type-post_type menu-item-object-page menu-item-home menu-item-5017\"><a href=\"https:\/\/b-solutionsgroup.com\/en\/\"><span class=\"link-txt\">Inicio<\/span><\/a><\/li>\n<li id=\"menu-item-5038\" class=\"menu-item menu-item-type-post_type menu-item-object-page menu-item-5038\"><a href=\"https:\/\/b-solutionsgroup.com\/en\/nosotros\/\"><span class=\"link-txt\">About Us<\/span><\/a><\/li>\n<li id=\"menu-item-5053\" class=\"menu-item menu-item-type-post_type menu-item-object-page menu-item-5053\"><a href=\"https:\/\/b-solutionsgroup.com\/en\/servicios\/\"><span class=\"link-txt\">Our Services<\/span><\/a><\/li>\n<li id=\"menu-item-5019\" class=\"menu-item menu-item-type-post_type menu-item-object-page menu-item-5019\"><a href=\"https:\/\/b-solutionsgroup.com\/en\/administracion-de-riesgos\/\"><span class=\"link-txt\">Risk Management<\/span><\/a><\/li>\n<li id=\"menu-item-5041\" class=\"menu-item menu-item-type-post_type menu-item-object-page menu-item-5041\"><a href=\"https:\/\/b-solutionsgroup.com\/en\/plan-de-continuidad-de-los-procesos-de-negocios\/\"><span class=\"link-txt\">Business Process Continuity Plan<\/span><\/a><\/li>\n<li id=\"menu-item-5042\" class=\"menu-item menu-item-type-post_type menu-item-object-page menu-item-5042\"><a href=\"https:\/\/b-solutionsgroup.com\/en\/plan-de-recuperacion-en-caso-de-desastres\/\"><span class=\"link-txt\">Disaster Recovery Plan<\/span><\/a><\/li>\n<li id=\"menu-item-5020\" class=\"menu-item menu-item-type-post_type menu-item-object-page menu-item-5020\"><a href=\"https:\/\/b-solutionsgroup.com\/en\/administracion-de-riesgos-servicio\/\"><span class=\"link-txt\">Risk Management<\/span><\/a><\/li>\n<li id=\"menu-item-5052\" class=\"menu-item menu-item-type-post_type menu-item-object-page menu-item-5052\"><a href=\"https:\/\/b-solutionsgroup.com\/en\/seguridad-de-la-informacion\/\"><span class=\"link-txt\">Information Security<\/span><\/a><\/li>\n<li id=\"menu-item-5043\" class=\"menu-item menu-item-type-post_type menu-item-object-page menu-item-5043\"><a href=\"https:\/\/b-solutionsgroup.com\/en\/planificacion\/\"><span class=\"link-txt\">Planning<\/span><\/a><\/li>\n<li id=\"menu-item-5022\" class=\"menu-item menu-item-type-post_type menu-item-object-page menu-item-5022\"><a href=\"https:\/\/b-solutionsgroup.com\/en\/arquitectura-de-la-informacion\/\"><span class=\"link-txt\">Information Architecture<\/span><\/a><\/li>\n<li id=\"menu-item-5031\" class=\"menu-item menu-item-type-post_type menu-item-object-page menu-item-5031\"><a href=\"https:\/\/b-solutionsgroup.com\/en\/gobierno\/\"><span class=\"link-txt\">Governance<\/span><\/a><\/li>\n<li id=\"menu-item-5032\" class=\"menu-item menu-item-type-post_type menu-item-object-page menu-item-5032\"><a href=\"https:\/\/b-solutionsgroup.com\/en\/gobierno-corporativo\/\"><span class=\"link-txt\">Corporate Governance<\/span><\/a><\/li>\n<li id=\"menu-item-5033\" class=\"menu-item menu-item-type-post_type menu-item-object-page menu-item-5033\"><a href=\"https:\/\/b-solutionsgroup.com\/en\/gobierno-de-la-informacion\/\"><span class=\"link-txt\">Information Governance<\/span><\/a><\/li>\n<li id=\"menu-item-5034\" class=\"menu-item menu-item-type-post_type menu-item-object-page menu-item-5034\"><a href=\"https:\/\/b-solutionsgroup.com\/en\/gobierno-de-la-tecnologia-de-informacion-y-comunicaciones\/\"><span class=\"link-txt\">IT Governance<\/span><\/a><\/li>\n<li id=\"menu-item-5036\" class=\"menu-item menu-item-type-post_type menu-item-object-page menu-item-5036\"><a href=\"https:\/\/b-solutionsgroup.com\/en\/inteligencia-informacion-e-infografia\/\"><span class=\"link-txt\">Intelligence, information and infographics<\/span><\/a><\/li>\n<li id=\"menu-item-5021\" class=\"menu-item menu-item-type-post_type menu-item-object-page menu-item-5021\"><a href=\"https:\/\/b-solutionsgroup.com\/en\/analitica-de-la-informacion\/\"><span class=\"link-txt\">Information Analytics<\/span><\/a><\/li>\n<li id=\"menu-item-5035\" class=\"menu-item menu-item-type-post_type menu-item-object-page menu-item-5035\"><a href=\"https:\/\/b-solutionsgroup.com\/en\/inteligencia-de-negocios-y-analitica-de-datos\/\"><span class=\"link-txt\">Business Intelligence &amp; Data Analytics<\/span><\/a><\/li>\n<li id=\"menu-item-5037\" class=\"menu-item menu-item-type-post_type menu-item-object-page menu-item-5037\"><a href=\"https:\/\/b-solutionsgroup.com\/en\/modelos-predictivos\/\"><span class=\"link-txt\">Predictive models<\/span><\/a><\/li>\n<li id=\"menu-item-5040\" class=\"menu-item menu-item-type-post_type menu-item-object-page menu-item-5040\"><a href=\"https:\/\/b-solutionsgroup.com\/en\/optimizacion-de-procesos-y-recursos\/\"><span class=\"link-txt\">Processes &amp; Resources Optimization<\/span><\/a><\/li>\n<li id=\"menu-item-5023\" class=\"menu-item menu-item-type-post_type menu-item-object-page menu-item-5023\"><a href=\"https:\/\/b-solutionsgroup.com\/en\/arquitectura-empresarial\/\"><span class=\"link-txt\">Business Architecture<\/span><\/a><\/li>\n<li id=\"menu-item-5026\" class=\"menu-item menu-item-type-post_type menu-item-object-page menu-item-5026\"><a href=\"https:\/\/b-solutionsgroup.com\/en\/auditoria-informatica\/\"><span class=\"link-txt\">IT Audit<\/span><\/a><\/li>\n<li id=\"menu-item-5025\" class=\"menu-item menu-item-type-post_type menu-item-object-page menu-item-5025\"><a href=\"https:\/\/b-solutionsgroup.com\/en\/auditoria-continua\/\"><span class=\"link-txt\">Continuous Audit<\/span><\/a><\/li>\n<li id=\"menu-item-5024\" class=\"menu-item menu-item-type-post_type menu-item-object-page menu-item-5024\"><a href=\"https:\/\/b-solutionsgroup.com\/en\/auditoria-tecnologia-de-informacion-y-comunicaciones\/\"><span class=\"link-txt\">IT Audit<\/span><\/a><\/li>\n<li id=\"menu-item-5018\" class=\"menu-item menu-item-type-post_type menu-item-object-page menu-item-5018\"><a href=\"https:\/\/b-solutionsgroup.com\/en\/administracion-de-proyectos\/\"><span class=\"link-txt\">Project Management<\/span><\/a><\/li>\n<li id=\"menu-item-5044\" class=\"menu-item menu-item-type-post_type menu-item-object-page menu-item-5044\"><a href=\"https:\/\/b-solutionsgroup.com\/en\/productos\/\"><span class=\"link-txt\">Our Products<\/span><\/a><\/li>\n<li id=\"menu-item-5028\" class=\"menu-item menu-item-type-post_type menu-item-object-page menu-item-5028\"><a href=\"https:\/\/b-solutionsgroup.com\/en\/b-race-tools\/\"><span class=\"link-txt\">B-RACE Tools\u00ae<\/span><\/a><\/li>\n<li id=\"menu-item-5027\" class=\"menu-item menu-item-type-post_type menu-item-object-page menu-item-5027\"><a href=\"https:\/\/b-solutionsgroup.com\/en\/b-race-tools-formulario-de-solicitud-de-demo\/\"><span class=\"link-txt\">B-RACE Tools \u2013 Formulario de solicitud de demo<\/span><\/a><\/li>\n<li id=\"menu-item-5046\" class=\"menu-item menu-item-type-post_type menu-item-object-page menu-item-5046\"><a href=\"https:\/\/b-solutionsgroup.com\/en\/qlik\/\"><span class=\"link-txt\">Qlik<\/span><\/a><\/li>\n<li id=\"menu-item-5047\" class=\"menu-item menu-item-type-post_type menu-item-object-page menu-item-5047\"><a href=\"https:\/\/b-solutionsgroup.com\/en\/qlik-formulario-de-solicitud-de-demo\/\"><span class=\"link-txt\">Qlik \u2013 Formulario de solicitud de demo<\/span><\/a><\/li>\n<li id=\"menu-item-5051\" class=\"menu-item menu-item-type-post_type menu-item-object-page menu-item-5051\"><a href=\"https:\/\/b-solutionsgroup.com\/en\/qlikview\/\"><span class=\"link-txt\">QlikView\u00ae<\/span><\/a><\/li>\n<li id=\"menu-item-5050\" class=\"menu-item menu-item-type-post_type menu-item-object-page menu-item-5050\"><a href=\"https:\/\/b-solutionsgroup.com\/en\/qlik-sense\/\"><span class=\"link-txt\">Qlik Sense\u00ae<\/span><\/a><\/li>\n<li id=\"menu-item-5049\" class=\"menu-item menu-item-type-post_type menu-item-object-page menu-item-5049\"><a href=\"https:\/\/b-solutionsgroup.com\/en\/qlik-nprinting\/\"><span class=\"link-txt\">Qlik NPrinting\u00ae<\/span><\/a><\/li>\n<li id=\"menu-item-5048\" class=\"menu-item menu-item-type-post_type menu-item-object-page menu-item-5048\"><a href=\"https:\/\/b-solutionsgroup.com\/en\/qlik-geoanalytics\/\"><span class=\"link-txt\">Qlik GeoAnalytics\u00ae<\/span><\/a><\/li>\n<li id=\"menu-item-5106\" class=\"menu-item menu-item-type-post_type menu-item-object-page menu-item-5106\"><a href=\"https:\/\/b-solutionsgroup.com\/en\/sea-distribuidor\/\"><span class=\"link-txt\">Become a distributor<\/span><\/a><\/li>\n<li id=\"menu-item-5045\" class=\"menu-item menu-item-type-post_type menu-item-object-page current_page_parent menu-item-5045\"><a href=\"https:\/\/b-solutionsgroup.com\/en\/publicaciones\/\"><span class=\"link-txt\">Blog<\/span><\/a><\/li>\n<li id=\"menu-item-5029\" class=\"menu-item menu-item-type-post_type menu-item-object-page menu-item-5029\"><a href=\"https:\/\/b-solutionsgroup.com\/en\/contacto\/\"><span class=\"link-txt\">Contacto<\/span><\/a><\/li>\n<\/ul><\/div><\/div><\/div><\/div><\/div><script type=\"text\/javascript\">(function($) {$(\"head\").append(\"<style>.rella-row-shadowbox-69eb9041b5df1{-webkit-box-shadow:;-moz-box-shadow:;box-shadow:;}<\/style>\");})(jQuery);<\/script><\/div>\n<\/div>","protected":false},"excerpt":{"rendered":"Inicio Nosotros Servicios Administraci\u00f3n de Riesgos Plan de Continuidad de los Procesos de Negocios Plan de Recuperaci\u00f3n en Caso de Desastres Administraci\u00f3n de Riesgos Seguridad de la Informaci\u00f3n Planificaci\u00f3n Arquitectura de la Informaci\u00f3n Gobierno Gobierno Corporativo Gobierno de la Informaci\u00f3n Gobierno de la Tecnolog\u00eda de Informaci\u00f3n y Comunicaciones Inteligencia, informaci\u00f3n e infograf\u00eda Anal\u00edtica de la [...]","protected":false},"author":2,"featured_media":0,"parent":0,"menu_order":0,"comment_status":"closed","ping_status":"closed","template":"","meta":{"footnotes":""},"class_list":["post-5054","page","type-page","status-publish","hentry"],"yoast_head":"<!-- This site is optimized with the Yoast SEO plugin v27.2 - https:\/\/yoast.com\/product\/yoast-seo-wordpress\/ -->\n<title>BSolutions Group | Mapa del sitio<\/title>\n<meta name=\"robots\" content=\"index, follow, max-snippet:-1, max-image-preview:large, max-video-preview:-1\" \/>\n<link rel=\"canonical\" href=\"https:\/\/b-solutionsgroup.com\/en\/mapa-del-sitio\/\" \/>\n<meta property=\"og:locale\" content=\"en_US\" \/>\n<meta property=\"og:type\" content=\"article\" \/>\n<meta property=\"og:title\" content=\"BSolutions Group | Mapa del sitio\" \/>\n<meta property=\"og:url\" content=\"https:\/\/b-solutionsgroup.com\/en\/mapa-del-sitio\/\" \/>\n<meta property=\"og:site_name\" content=\"BSolutions Group\" \/>\n<meta property=\"article:publisher\" content=\"https:\/\/www.facebook.com\/BSolutionsGroupCR\/\" \/>\n<meta property=\"og:image\" content=\"https:\/\/b-solutionsgroup.com\/wp-content\/uploads\/2018\/06\/bsg-web-imagen.jpg\" \/>\n\t<meta property=\"og:image:width\" content=\"2300\" \/>\n\t<meta property=\"og:image:height\" content=\"1150\" \/>\n\t<meta property=\"og:image:type\" content=\"image\/jpeg\" \/>\n<meta name=\"twitter:card\" content=\"summary_large_image\" \/>\n<meta name=\"twitter:site\" content=\"@bsgwriteus\" \/>\n<script type=\"application\/ld+json\" class=\"yoast-schema-graph\">{\"@context\":\"https:\/\/schema.org\",\"@graph\":[{\"@type\":\"WebPage\",\"@id\":\"https:\/\/b-solutionsgroup.com\/mapa-del-sitio\/\",\"url\":\"https:\/\/b-solutionsgroup.com\/mapa-del-sitio\/\",\"name\":\"BSolutions Group | Mapa del sitio\",\"isPartOf\":{\"@id\":\"https:\/\/b-solutionsgroup.com\/#website\"},\"datePublished\":\"2018-07-18T16:57:42+00:00\",\"breadcrumb\":{\"@id\":\"https:\/\/b-solutionsgroup.com\/mapa-del-sitio\/#breadcrumb\"},\"inLanguage\":\"en-US\",\"potentialAction\":[{\"@type\":\"ReadAction\",\"target\":[\"https:\/\/b-solutionsgroup.com\/mapa-del-sitio\/\"]}]},{\"@type\":\"BreadcrumbList\",\"@id\":\"https:\/\/b-solutionsgroup.com\/mapa-del-sitio\/#breadcrumb\",\"itemListElement\":[{\"@type\":\"ListItem\",\"position\":1,\"name\":\"Portada\",\"item\":\"https:\/\/b-solutionsgroup.com\/\"},{\"@type\":\"ListItem\",\"position\":2,\"name\":\"Mapa del sitio\"}]},{\"@type\":\"WebSite\",\"@id\":\"https:\/\/b-solutionsgroup.com\/#website\",\"url\":\"https:\/\/b-solutionsgroup.com\/\",\"name\":\"BSolutions Group\",\"description\":\"Expertos en soluciones de negocios\",\"publisher\":{\"@id\":\"https:\/\/b-solutionsgroup.com\/#organization\"},\"potentialAction\":[{\"@type\":\"SearchAction\",\"target\":{\"@type\":\"EntryPoint\",\"urlTemplate\":\"https:\/\/b-solutionsgroup.com\/?s={search_term_string}\"},\"query-input\":{\"@type\":\"PropertyValueSpecification\",\"valueRequired\":true,\"valueName\":\"search_term_string\"}}],\"inLanguage\":\"en-US\"},{\"@type\":\"Organization\",\"@id\":\"https:\/\/b-solutionsgroup.com\/#organization\",\"name\":\"BSolutions Group\",\"url\":\"https:\/\/b-solutionsgroup.com\/\",\"logo\":{\"@type\":\"ImageObject\",\"inLanguage\":\"en-US\",\"@id\":\"https:\/\/b-solutionsgroup.com\/#\/schema\/logo\/image\/\",\"url\":\"https:\/\/b-solutionsgroup.com\/wp-content\/uploads\/2018\/06\/BSG_logo.png\",\"contentUrl\":\"https:\/\/b-solutionsgroup.com\/wp-content\/uploads\/2018\/06\/BSG_logo.png\",\"width\":197,\"height\":48,\"caption\":\"BSolutions Group\"},\"image\":{\"@id\":\"https:\/\/b-solutionsgroup.com\/#\/schema\/logo\/image\/\"},\"sameAs\":[\"https:\/\/www.facebook.com\/BSolutionsGroupCR\/\",\"https:\/\/x.com\/bsgwriteus\",\"https:\/\/www.linkedin.com\/company\/bsolutions-group\/\"]}]}<\/script>\n<!-- \/ Yoast SEO plugin. -->","yoast_head_json":{"title":"BSolutions Group | Mapa del sitio","robots":{"index":"index","follow":"follow","max-snippet":"max-snippet:-1","max-image-preview":"max-image-preview:large","max-video-preview":"max-video-preview:-1"},"canonical":"https:\/\/b-solutionsgroup.com\/en\/mapa-del-sitio\/","og_locale":"en_US","og_type":"article","og_title":"BSolutions Group | Mapa del sitio","og_url":"https:\/\/b-solutionsgroup.com\/en\/mapa-del-sitio\/","og_site_name":"BSolutions Group","article_publisher":"https:\/\/www.facebook.com\/BSolutionsGroupCR\/","og_image":[{"width":2300,"height":1150,"url":"https:\/\/b-solutionsgroup.com\/wp-content\/uploads\/2018\/06\/bsg-web-imagen.jpg","type":"image\/jpeg"}],"twitter_card":"summary_large_image","twitter_site":"@bsgwriteus","schema":{"@context":"https:\/\/schema.org","@graph":[{"@type":"WebPage","@id":"https:\/\/b-solutionsgroup.com\/mapa-del-sitio\/","url":"https:\/\/b-solutionsgroup.com\/mapa-del-sitio\/","name":"BSolutions Group | Mapa del sitio","isPartOf":{"@id":"https:\/\/b-solutionsgroup.com\/#website"},"datePublished":"2018-07-18T16:57:42+00:00","breadcrumb":{"@id":"https:\/\/b-solutionsgroup.com\/mapa-del-sitio\/#breadcrumb"},"inLanguage":"en-US","potentialAction":[{"@type":"ReadAction","target":["https:\/\/b-solutionsgroup.com\/mapa-del-sitio\/"]}]},{"@type":"BreadcrumbList","@id":"https:\/\/b-solutionsgroup.com\/mapa-del-sitio\/#breadcrumb","itemListElement":[{"@type":"ListItem","position":1,"name":"Portada","item":"https:\/\/b-solutionsgroup.com\/"},{"@type":"ListItem","position":2,"name":"Mapa del sitio"}]},{"@type":"WebSite","@id":"https:\/\/b-solutionsgroup.com\/#website","url":"https:\/\/b-solutionsgroup.com\/","name":"BSolutions Group","description":"Expertos en soluciones de negocios","publisher":{"@id":"https:\/\/b-solutionsgroup.com\/#organization"},"potentialAction":[{"@type":"SearchAction","target":{"@type":"EntryPoint","urlTemplate":"https:\/\/b-solutionsgroup.com\/?s={search_term_string}"},"query-input":{"@type":"PropertyValueSpecification","valueRequired":true,"valueName":"search_term_string"}}],"inLanguage":"en-US"},{"@type":"Organization","@id":"https:\/\/b-solutionsgroup.com\/#organization","name":"BSolutions Group","url":"https:\/\/b-solutionsgroup.com\/","logo":{"@type":"ImageObject","inLanguage":"en-US","@id":"https:\/\/b-solutionsgroup.com\/#\/schema\/logo\/image\/","url":"https:\/\/b-solutionsgroup.com\/wp-content\/uploads\/2018\/06\/BSG_logo.png","contentUrl":"https:\/\/b-solutionsgroup.com\/wp-content\/uploads\/2018\/06\/BSG_logo.png","width":197,"height":48,"caption":"BSolutions Group"},"image":{"@id":"https:\/\/b-solutionsgroup.com\/#\/schema\/logo\/image\/"},"sameAs":["https:\/\/www.facebook.com\/BSolutionsGroupCR\/","https:\/\/x.com\/bsgwriteus","https:\/\/www.linkedin.com\/company\/bsolutions-group\/"]}]}},"_links":{"self":[{"href":"https:\/\/b-solutionsgroup.com\/en\/wp-json\/wp\/v2\/pages\/5054","targetHints":{"allow":["GET"]}}],"collection":[{"href":"https:\/\/b-solutionsgroup.com\/en\/wp-json\/wp\/v2\/pages"}],"about":[{"href":"https:\/\/b-solutionsgroup.com\/en\/wp-json\/wp\/v2\/types\/page"}],"author":[{"embeddable":true,"href":"https:\/\/b-solutionsgroup.com\/en\/wp-json\/wp\/v2\/users\/2"}],"replies":[{"embeddable":true,"href":"https:\/\/b-solutionsgroup.com\/en\/wp-json\/wp\/v2\/comments?post=5054"}],"version-history":[{"count":5,"href":"https:\/\/b-solutionsgroup.com\/en\/wp-json\/wp\/v2\/pages\/5054\/revisions"}],"predecessor-version":[{"id":5060,"href":"https:\/\/b-solutionsgroup.com\/en\/wp-json\/wp\/v2\/pages\/5054\/revisions\/5060"}],"wp:attachment":[{"href":"https:\/\/b-solutionsgroup.com\/en\/wp-json\/wp\/v2\/media?parent=5054"}],"curies":[{"name":"wp","href":"https:\/\/api.w.org\/{rel}","templated":true}]}}