{"id":5253,"date":"2019-09-24T10:20:20","date_gmt":"2019-09-24T16:20:20","guid":{"rendered":"https:\/\/b-solutionsgroup.com\/?page_id=5253"},"modified":"2022-08-29T09:24:50","modified_gmt":"2022-08-29T15:24:50","slug":"qlik-data-catalyst","status":"publish","type":"page","link":"https:\/\/b-solutionsgroup.com\/en\/qlik-data-catalyst\/","title":{"rendered":"Qlik Data Catalyst\u2122"},"content":{"rendered":"<div class=\"wpb-content-wrapper\"><div data-row-brightness=\"light\" class=\"vc_row wpb_row vc_row-fluid rella-row-shadowbox-69ea41335ac86\" style=\"\"><div class=\"wpb_column vc_column_container vc_col-sm-12\" ><div class=\"vc_column-inner\"  style=\"\"><div class=\"wpb_wrapper\"><header class=\"section-title section-title-underlined-title align-center ra_section_title_69ea41335b063\" >\n\t<h2 class=\"title\">RELIABLE AND READY-TO-USE DATA<\/h2><div class=\"fontSizeLargeChildren textTall textLightChildren defaultTheme paragraphMarginLarge\">\n<p>Qlik Data Catalyst is a modern enterprise data management solution that simplifies and accelerates the delivery of reliable data to work within days instead of months.<\/p>\n<\/div>\n<style>.ra_button_69ea41335b39f{border-color:!important;}<\/style><a href=\"https:\/\/b-solutionsgroup.com\/en\/qlik-formulario-de-solicitud-de-demo\/\" class=\"btn btn-default border-thin ra_button_69ea41335b39f\" >\n\t\t\t\t<span>\n\tTry our demo\t<\/span>\n<\/a>\n<\/header>\n\t<div class=\"wpb_text_column wpb_content_element\">\n\t\t<div class=\"wpb_wrapper\">\n\t\t\t<h3><strong>Put all data in a single simplified view<\/strong><\/h3>\n<p>Qlik Data Catalyst creates a secure enterprise-scale catalog with all the data your business has available for analytics, regardless of your location. Powerful automated metadata and data preparation tools optimize the transformation of raw data into analytics-ready information assets. Business users get a single data market they can turn to to find, understand, and use any enterprise data source for knowledge.<\/p>\n<p><iframe loading=\"lazy\" title=\"YouTube video player\" src=\"https:\/\/www.youtube.com\/embed\/3rMLzh-fTdU\" width=\"560\" height=\"315\" frameborder=\"0\" allowfullscreen=\"allowfullscreen\"><\/iframe><\/p>\n<h3><strong>Provide on-demand access to enterprise-ready data<\/strong><\/h3>\n<p>Our self-service platform makes all your data transparent, reliable and ready to discover things. Data validation, profiling and quality measures document the exact content and quality of each data source; while easy-to-use data preparation tools allow users to quickly transform raw data into data ready for the creation of their own data sets. In addition, users can reuse, expand and share previously created resources, reducing data preparation costs and accelerating their use.<\/p>\n<h3><strong><img loading=\"lazy\" decoding=\"async\" class=\"aligncenter size-full wp-image-5262\" src=\"https:\/\/b-solutionsgroup.com\/wp-content\/uploads\/2022\/08\/qlik-data-catalyst-english.png\" alt=\"\" width=\"1578\" height=\"223\" srcset=\"https:\/\/b-solutionsgroup.com\/wp-content\/uploads\/2022\/08\/qlik-data-catalyst-english.png 1408w, https:\/\/b-solutionsgroup.com\/wp-content\/uploads\/2022\/08\/qlik-data-catalyst-english-300x138.png 300w, https:\/\/b-solutionsgroup.com\/wp-content\/uploads\/2022\/08\/qlik-data-catalyst-english-1024x471.png 1024w, https:\/\/b-solutionsgroup.com\/wp-content\/uploads\/2022\/08\/qlik-data-catalyst-english-768x353.png 768w, https:\/\/b-solutionsgroup.com\/wp-content\/uploads\/2022\/08\/qlik-data-catalyst-english-18x8.png 18w\" sizes=\"auto, (max-width: 1578px) 100vw, 1578px\" \/><\/strong><\/h3>\n<h3><strong>Modern data management designed for the enterprise<\/strong><\/h3>\n<p>Qlik Data Catalyst operates on modern computing platforms and data warehouses such as Hadoop\u200d, AWS\u200d, Azure \u200d and Google \u200d Cloud to provide reliable business data to work with. Robust data management services, including metadata management, data governance and security, provide a complete data-as-a-service platform.<\/p>\n<p><img loading=\"lazy\" decoding=\"async\" class=\"aligncenter size-large wp-image-5255\" src=\"https:\/\/b-solutionsgroup.com\/wp-content\/uploads\/2019\/09\/d61a93bf0f08456eb6213397b6752a5f.ashx_-1024x505.png\" alt=\"\" width=\"780\" height=\"385\" srcset=\"https:\/\/b-solutionsgroup.com\/wp-content\/uploads\/2019\/09\/d61a93bf0f08456eb6213397b6752a5f.ashx_-1024x505.png 1024w, https:\/\/b-solutionsgroup.com\/wp-content\/uploads\/2019\/09\/d61a93bf0f08456eb6213397b6752a5f.ashx_-300x148.png 300w, https:\/\/b-solutionsgroup.com\/wp-content\/uploads\/2019\/09\/d61a93bf0f08456eb6213397b6752a5f.ashx_-768x379.png 768w, https:\/\/b-solutionsgroup.com\/wp-content\/uploads\/2019\/09\/d61a93bf0f08456eb6213397b6752a5f.ashx_.png 1307w\" sizes=\"auto, (max-width: 780px) 100vw, 780px\" \/><\/p>\n\n\t\t<\/div>\n\t<\/div>\n<\/div><\/div><\/div><script type=\"text\/javascript\">(function($) {$(\"head\").append(\"<style>.rella-row-shadowbox-69ea41335ac86{-webkit-box-shadow:;-moz-box-shadow:;box-shadow:;}<\/style>\");})(jQuery);<\/script><\/div>\n<\/div>","protected":false},"excerpt":{"rendered":"Datos fiables y listos para la empresa Qlik Data Catalyst es una soluci\u00f3n moderna de gesti\u00f3n de datos empresariales, que simplifica y acelera la entrega de datos fiables con los que trabajar en d\u00edas en lugar de meses. Solicite su demo Poner todos los datos en una \u00fanica vista simplificada Qlik Data Catalyst crea un [...]","protected":false},"author":2,"featured_media":0,"parent":0,"menu_order":0,"comment_status":"closed","ping_status":"closed","template":"","meta":{"footnotes":""},"class_list":["post-5253","page","type-page","status-publish","hentry"],"yoast_head":"<!-- This site is optimized with the Yoast SEO plugin v27.2 - https:\/\/yoast.com\/product\/yoast-seo-wordpress\/ -->\n<title>BSolutions Group | Qlik Data Catalyst\u2122<\/title>\n<meta name=\"robots\" content=\"index, follow, max-snippet:-1, max-image-preview:large, max-video-preview:-1\" \/>\n<link rel=\"canonical\" href=\"https:\/\/b-solutionsgroup.com\/en\/qlik-data-catalyst\/\" \/>\n<meta property=\"og:locale\" content=\"en_US\" \/>\n<meta property=\"og:type\" content=\"article\" \/>\n<meta property=\"og:title\" content=\"BSolutions Group | Qlik Data Catalyst\u2122\" \/>\n<meta property=\"og:url\" content=\"https:\/\/b-solutionsgroup.com\/en\/qlik-data-catalyst\/\" \/>\n<meta property=\"og:site_name\" content=\"BSolutions Group\" \/>\n<meta property=\"article:publisher\" content=\"https:\/\/www.facebook.com\/BSolutionsGroupCR\/\" \/>\n<meta property=\"article:modified_time\" content=\"2022-08-29T15:24:50+00:00\" \/>\n<meta property=\"og:image\" content=\"https:\/\/b-solutionsgroup.com\/wp-content\/uploads\/2019\/09\/data-catalyst-datos.png\" \/>\n<meta name=\"twitter:card\" content=\"summary_large_image\" \/>\n<meta name=\"twitter:site\" content=\"@bsgwriteus\" \/>\n<meta name=\"twitter:label1\" content=\"Est. reading time\" \/>\n\t<meta name=\"twitter:data1\" content=\"2 minutes\" \/>\n<script type=\"application\/ld+json\" class=\"yoast-schema-graph\">{\"@context\":\"https:\/\/schema.org\",\"@graph\":[{\"@type\":\"WebPage\",\"@id\":\"https:\/\/b-solutionsgroup.com\/qlik-data-catalyst\/\",\"url\":\"https:\/\/b-solutionsgroup.com\/qlik-data-catalyst\/\",\"name\":\"BSolutions Group | Qlik Data Catalyst\u2122\",\"isPartOf\":{\"@id\":\"https:\/\/b-solutionsgroup.com\/#website\"},\"primaryImageOfPage\":{\"@id\":\"https:\/\/b-solutionsgroup.com\/qlik-data-catalyst\/#primaryimage\"},\"image\":{\"@id\":\"https:\/\/b-solutionsgroup.com\/qlik-data-catalyst\/#primaryimage\"},\"thumbnailUrl\":\"https:\/\/b-solutionsgroup.com\/wp-content\/uploads\/2019\/09\/data-catalyst-datos.png\",\"datePublished\":\"2019-09-24T16:20:20+00:00\",\"dateModified\":\"2022-08-29T15:24:50+00:00\",\"breadcrumb\":{\"@id\":\"https:\/\/b-solutionsgroup.com\/qlik-data-catalyst\/#breadcrumb\"},\"inLanguage\":\"en-US\",\"potentialAction\":[{\"@type\":\"ReadAction\",\"target\":[\"https:\/\/b-solutionsgroup.com\/qlik-data-catalyst\/\"]}]},{\"@type\":\"ImageObject\",\"inLanguage\":\"en-US\",\"@id\":\"https:\/\/b-solutionsgroup.com\/qlik-data-catalyst\/#primaryimage\",\"url\":\"https:\/\/b-solutionsgroup.com\/wp-content\/uploads\/2019\/09\/data-catalyst-datos.png\",\"contentUrl\":\"https:\/\/b-solutionsgroup.com\/wp-content\/uploads\/2019\/09\/data-catalyst-datos.png\"},{\"@type\":\"BreadcrumbList\",\"@id\":\"https:\/\/b-solutionsgroup.com\/qlik-data-catalyst\/#breadcrumb\",\"itemListElement\":[{\"@type\":\"ListItem\",\"position\":1,\"name\":\"Portada\",\"item\":\"https:\/\/b-solutionsgroup.com\/\"},{\"@type\":\"ListItem\",\"position\":2,\"name\":\"Qlik Data Catalyst\u2122\"}]},{\"@type\":\"WebSite\",\"@id\":\"https:\/\/b-solutionsgroup.com\/#website\",\"url\":\"https:\/\/b-solutionsgroup.com\/\",\"name\":\"BSolutions Group\",\"description\":\"Expertos en soluciones de negocios\",\"publisher\":{\"@id\":\"https:\/\/b-solutionsgroup.com\/#organization\"},\"potentialAction\":[{\"@type\":\"SearchAction\",\"target\":{\"@type\":\"EntryPoint\",\"urlTemplate\":\"https:\/\/b-solutionsgroup.com\/?s={search_term_string}\"},\"query-input\":{\"@type\":\"PropertyValueSpecification\",\"valueRequired\":true,\"valueName\":\"search_term_string\"}}],\"inLanguage\":\"en-US\"},{\"@type\":\"Organization\",\"@id\":\"https:\/\/b-solutionsgroup.com\/#organization\",\"name\":\"BSolutions Group\",\"url\":\"https:\/\/b-solutionsgroup.com\/\",\"logo\":{\"@type\":\"ImageObject\",\"inLanguage\":\"en-US\",\"@id\":\"https:\/\/b-solutionsgroup.com\/#\/schema\/logo\/image\/\",\"url\":\"https:\/\/b-solutionsgroup.com\/wp-content\/uploads\/2018\/06\/BSG_logo.png\",\"contentUrl\":\"https:\/\/b-solutionsgroup.com\/wp-content\/uploads\/2018\/06\/BSG_logo.png\",\"width\":197,\"height\":48,\"caption\":\"BSolutions Group\"},\"image\":{\"@id\":\"https:\/\/b-solutionsgroup.com\/#\/schema\/logo\/image\/\"},\"sameAs\":[\"https:\/\/www.facebook.com\/BSolutionsGroupCR\/\",\"https:\/\/x.com\/bsgwriteus\",\"https:\/\/www.linkedin.com\/company\/bsolutions-group\/\"]}]}<\/script>\n<!-- \/ Yoast SEO plugin. -->","yoast_head_json":{"title":"BSolutions Group | Qlik Data Catalyst\u2122","robots":{"index":"index","follow":"follow","max-snippet":"max-snippet:-1","max-image-preview":"max-image-preview:large","max-video-preview":"max-video-preview:-1"},"canonical":"https:\/\/b-solutionsgroup.com\/en\/qlik-data-catalyst\/","og_locale":"en_US","og_type":"article","og_title":"BSolutions Group | Qlik Data Catalyst\u2122","og_url":"https:\/\/b-solutionsgroup.com\/en\/qlik-data-catalyst\/","og_site_name":"BSolutions Group","article_publisher":"https:\/\/www.facebook.com\/BSolutionsGroupCR\/","article_modified_time":"2022-08-29T15:24:50+00:00","og_image":[{"url":"https:\/\/b-solutionsgroup.com\/wp-content\/uploads\/2019\/09\/data-catalyst-datos.png","type":"","width":"","height":""}],"twitter_card":"summary_large_image","twitter_site":"@bsgwriteus","twitter_misc":{"Est. reading time":"2 minutes"},"schema":{"@context":"https:\/\/schema.org","@graph":[{"@type":"WebPage","@id":"https:\/\/b-solutionsgroup.com\/qlik-data-catalyst\/","url":"https:\/\/b-solutionsgroup.com\/qlik-data-catalyst\/","name":"BSolutions Group | Qlik Data Catalyst\u2122","isPartOf":{"@id":"https:\/\/b-solutionsgroup.com\/#website"},"primaryImageOfPage":{"@id":"https:\/\/b-solutionsgroup.com\/qlik-data-catalyst\/#primaryimage"},"image":{"@id":"https:\/\/b-solutionsgroup.com\/qlik-data-catalyst\/#primaryimage"},"thumbnailUrl":"https:\/\/b-solutionsgroup.com\/wp-content\/uploads\/2019\/09\/data-catalyst-datos.png","datePublished":"2019-09-24T16:20:20+00:00","dateModified":"2022-08-29T15:24:50+00:00","breadcrumb":{"@id":"https:\/\/b-solutionsgroup.com\/qlik-data-catalyst\/#breadcrumb"},"inLanguage":"en-US","potentialAction":[{"@type":"ReadAction","target":["https:\/\/b-solutionsgroup.com\/qlik-data-catalyst\/"]}]},{"@type":"ImageObject","inLanguage":"en-US","@id":"https:\/\/b-solutionsgroup.com\/qlik-data-catalyst\/#primaryimage","url":"https:\/\/b-solutionsgroup.com\/wp-content\/uploads\/2019\/09\/data-catalyst-datos.png","contentUrl":"https:\/\/b-solutionsgroup.com\/wp-content\/uploads\/2019\/09\/data-catalyst-datos.png"},{"@type":"BreadcrumbList","@id":"https:\/\/b-solutionsgroup.com\/qlik-data-catalyst\/#breadcrumb","itemListElement":[{"@type":"ListItem","position":1,"name":"Portada","item":"https:\/\/b-solutionsgroup.com\/"},{"@type":"ListItem","position":2,"name":"Qlik Data Catalyst\u2122"}]},{"@type":"WebSite","@id":"https:\/\/b-solutionsgroup.com\/#website","url":"https:\/\/b-solutionsgroup.com\/","name":"BSolutions Group","description":"Expertos en soluciones de negocios","publisher":{"@id":"https:\/\/b-solutionsgroup.com\/#organization"},"potentialAction":[{"@type":"SearchAction","target":{"@type":"EntryPoint","urlTemplate":"https:\/\/b-solutionsgroup.com\/?s={search_term_string}"},"query-input":{"@type":"PropertyValueSpecification","valueRequired":true,"valueName":"search_term_string"}}],"inLanguage":"en-US"},{"@type":"Organization","@id":"https:\/\/b-solutionsgroup.com\/#organization","name":"BSolutions Group","url":"https:\/\/b-solutionsgroup.com\/","logo":{"@type":"ImageObject","inLanguage":"en-US","@id":"https:\/\/b-solutionsgroup.com\/#\/schema\/logo\/image\/","url":"https:\/\/b-solutionsgroup.com\/wp-content\/uploads\/2018\/06\/BSG_logo.png","contentUrl":"https:\/\/b-solutionsgroup.com\/wp-content\/uploads\/2018\/06\/BSG_logo.png","width":197,"height":48,"caption":"BSolutions Group"},"image":{"@id":"https:\/\/b-solutionsgroup.com\/#\/schema\/logo\/image\/"},"sameAs":["https:\/\/www.facebook.com\/BSolutionsGroupCR\/","https:\/\/x.com\/bsgwriteus","https:\/\/www.linkedin.com\/company\/bsolutions-group\/"]}]}},"_links":{"self":[{"href":"https:\/\/b-solutionsgroup.com\/en\/wp-json\/wp\/v2\/pages\/5253","targetHints":{"allow":["GET"]}}],"collection":[{"href":"https:\/\/b-solutionsgroup.com\/en\/wp-json\/wp\/v2\/pages"}],"about":[{"href":"https:\/\/b-solutionsgroup.com\/en\/wp-json\/wp\/v2\/types\/page"}],"author":[{"embeddable":true,"href":"https:\/\/b-solutionsgroup.com\/en\/wp-json\/wp\/v2\/users\/2"}],"replies":[{"embeddable":true,"href":"https:\/\/b-solutionsgroup.com\/en\/wp-json\/wp\/v2\/comments?post=5253"}],"version-history":[{"count":5,"href":"https:\/\/b-solutionsgroup.com\/en\/wp-json\/wp\/v2\/pages\/5253\/revisions"}],"predecessor-version":[{"id":5519,"href":"https:\/\/b-solutionsgroup.com\/en\/wp-json\/wp\/v2\/pages\/5253\/revisions\/5519"}],"wp:attachment":[{"href":"https:\/\/b-solutionsgroup.com\/en\/wp-json\/wp\/v2\/media?parent=5253"}],"curies":[{"name":"wp","href":"https:\/\/api.w.org\/{rel}","templated":true}]}}