{"id":5270,"date":"2019-09-24T14:51:27","date_gmt":"2019-09-24T20:51:27","guid":{"rendered":"https:\/\/b-solutionsgroup.com\/?page_id=5270"},"modified":"2019-09-25T10:17:09","modified_gmt":"2019-09-25T16:17:09","slug":"qlik-insight-bot","status":"publish","type":"page","link":"https:\/\/b-solutionsgroup.com\/en\/qlik-insight-bot\/","title":{"rendered":"Qlik Insight Bot\u2122"},"content":{"rendered":"<div class=\"wpb-content-wrapper\"><div data-row-brightness=\"light\" class=\"vc_row wpb_row vc_row-fluid rella-row-shadowbox-69ea413887264\" style=\"\"><div class=\"wpb_column vc_column_container vc_col-sm-12\" ><div class=\"vc_column-inner\"  style=\"\"><div class=\"wpb_wrapper\"><header class=\"section-title section-title-underlined-title align-center ra_section_title_69ea4138876ad\" >\n\t<h2 class=\"title\">CONVERSATIONAL ANALYSIS DRIVEN BY ARTIFICIAL INTELLIGENCE<\/h2><p><span class=\"tlid-translation translation\" lang=\"es\"><span class=\"\" title=\"\">Working with analytics has always involved visually interacting with the data, but what would happen if we could talk directly with these data analytics?<\/span><\/span><\/p>\n<style>.ra_button_69ea4138879c3{border-color:!important;}<\/style><a href=\"https:\/\/b-solutionsgroup.com\/en\/qlik-formulario-de-solicitud-de-demo\/\" class=\"btn btn-default border-thin ra_button_69ea4138879c3\" >\n\t\t\t\t<span>\n\tTry our demo\t<\/span>\n<\/a>\n<\/header><\/div><\/div><\/div><script type=\"text\/javascript\">(function($) {$(\"head\").append(\"<style>.rella-row-shadowbox-69ea413887264{-webkit-box-shadow:;-moz-box-shadow:;box-shadow:;}<\/style>\");})(jQuery);<\/script><\/div><div data-row-brightness=\"light\" class=\"vc_row wpb_row vc_row-fluid rella-row-shadowbox-69ea413887acd\" style=\"\"><div class=\"wpb_column vc_column_container vc_col-sm-12\" ><div class=\"vc_column-inner\"  style=\"\"><div class=\"wpb_wrapper\">\n\t<div class=\"wpb_text_column wpb_content_element\">\n\t\t<div class=\"wpb_wrapper\">\n\t\t\t<p class=\"translation-block\">Working with data analytics has always meant interacting visually with them, but imagine what if you could talk directly with this data? With <strong>Qlik Insight Bot<\/strong>, this is possible directly from Qlik Sense and through the collaborative messaging tools we work with on a daily basis, for example Skype. This allows more people to make decisions based on the data we analyze.<\/p>\n<p align=\"center\"><iframe loading=\"lazy\" src=\"https:\/\/www.youtube.com\/embed\/fciqrjhF_bQ\" width=\"560\" height=\"315\" frameborder=\"0\" allowfullscreen=\"allowfullscreen\"><\/iframe><\/p>\n<h3><strong>Analytics capable to speak our language<br \/>\n<\/strong><\/h3>\n<p>Qlik Insight Bot offers a quick and easy way to ask questions and generate insights using our language. The tool is available directly in Qlik Sense and can be integrated into popular tools such as Slack, Skype and Microsoft Teams.<\/p>\n<p>Every question we ask will instantly bring up relevant charts and insights, including some key data points, comparisons, predictions and more. Its Artificial Intelligence helps self-learning the tool, which helps the system become more intelligent.<\/p>\n<p><img loading=\"lazy\" decoding=\"async\" class=\"aligncenter size-full wp-image-5275\" src=\"https:\/\/b-solutionsgroup.com\/wp-content\/uploads\/2019\/09\/qlik-bot-features.png\" alt=\"\" width=\"1467\" height=\"416\" srcset=\"https:\/\/b-solutionsgroup.com\/wp-content\/uploads\/2019\/09\/qlik-bot-features.png 1467w, https:\/\/b-solutionsgroup.com\/wp-content\/uploads\/2019\/09\/qlik-bot-features-300x85.png 300w, https:\/\/b-solutionsgroup.com\/wp-content\/uploads\/2019\/09\/qlik-bot-features-768x218.png 768w, https:\/\/b-solutionsgroup.com\/wp-content\/uploads\/2019\/09\/qlik-bot-features-1024x290.png 1024w\" sizes=\"auto, (max-width: 1467px) 100vw, 1467px\" \/><\/p>\n\n\t\t<\/div>\n\t<\/div>\n<\/div><\/div><\/div><script type=\"text\/javascript\">(function($) {$(\"head\").append(\"<style>.rella-row-shadowbox-69ea413887acd{-webkit-box-shadow:;-moz-box-shadow:;box-shadow:;}<\/style>\");})(jQuery);<\/script><\/div>\n<\/div>","protected":false},"excerpt":{"rendered":"An\u00e1lisis conversacional impulsado por Inteligencia ArtificialTrabajar con an\u00e1lisis siempre ha involucrado interactuar visualmente con los datos, pero \u00bfqu\u00e9 suceder\u00eda si pudi\u00e9ramos hablar directamente con estos an\u00e1lisis de datos? Solicite su demo Trabajar con an\u00e1lisis de datos siempre ha significado interactuar visualmente con ellos, pero \u00bfqu\u00e9 sucede si pudieras hablar directamente con estos datos? Con Qlik [...]","protected":false},"author":2,"featured_media":0,"parent":0,"menu_order":0,"comment_status":"closed","ping_status":"closed","template":"","meta":{"footnotes":""},"class_list":["post-5270","page","type-page","status-publish","hentry"],"yoast_head":"<!-- This site is optimized with the Yoast SEO plugin v27.2 - https:\/\/yoast.com\/product\/yoast-seo-wordpress\/ -->\n<title>BSolutions Group | Qlik Insight Bot\u2122<\/title>\n<meta name=\"robots\" content=\"index, follow, max-snippet:-1, max-image-preview:large, max-video-preview:-1\" \/>\n<link rel=\"canonical\" href=\"https:\/\/b-solutionsgroup.com\/en\/qlik-insight-bot\/\" \/>\n<meta property=\"og:locale\" content=\"en_US\" \/>\n<meta property=\"og:type\" content=\"article\" \/>\n<meta property=\"og:title\" content=\"BSolutions Group | Qlik Insight Bot\u2122\" \/>\n<meta property=\"og:url\" content=\"https:\/\/b-solutionsgroup.com\/en\/qlik-insight-bot\/\" \/>\n<meta property=\"og:site_name\" content=\"BSolutions Group\" \/>\n<meta property=\"article:publisher\" content=\"https:\/\/www.facebook.com\/BSolutionsGroupCR\/\" \/>\n<meta property=\"article:modified_time\" content=\"2019-09-25T16:17:09+00:00\" \/>\n<meta property=\"og:image\" content=\"https:\/\/b-solutionsgroup.com\/wp-content\/uploads\/2019\/09\/qlik-bot-features.png\" \/>\n<meta name=\"twitter:card\" content=\"summary_large_image\" \/>\n<meta name=\"twitter:site\" content=\"@bsgwriteus\" \/>\n<meta name=\"twitter:label1\" content=\"Est. reading time\" \/>\n\t<meta name=\"twitter:data1\" content=\"1 minute\" \/>\n<script type=\"application\/ld+json\" class=\"yoast-schema-graph\">{\"@context\":\"https:\/\/schema.org\",\"@graph\":[{\"@type\":\"WebPage\",\"@id\":\"https:\/\/b-solutionsgroup.com\/qlik-insight-bot\/\",\"url\":\"https:\/\/b-solutionsgroup.com\/qlik-insight-bot\/\",\"name\":\"BSolutions Group | Qlik Insight Bot\u2122\",\"isPartOf\":{\"@id\":\"https:\/\/b-solutionsgroup.com\/#website\"},\"primaryImageOfPage\":{\"@id\":\"https:\/\/b-solutionsgroup.com\/qlik-insight-bot\/#primaryimage\"},\"image\":{\"@id\":\"https:\/\/b-solutionsgroup.com\/qlik-insight-bot\/#primaryimage\"},\"thumbnailUrl\":\"https:\/\/b-solutionsgroup.com\/wp-content\/uploads\/2019\/09\/qlik-bot-features.png\",\"datePublished\":\"2019-09-24T20:51:27+00:00\",\"dateModified\":\"2019-09-25T16:17:09+00:00\",\"breadcrumb\":{\"@id\":\"https:\/\/b-solutionsgroup.com\/qlik-insight-bot\/#breadcrumb\"},\"inLanguage\":\"en-US\",\"potentialAction\":[{\"@type\":\"ReadAction\",\"target\":[\"https:\/\/b-solutionsgroup.com\/qlik-insight-bot\/\"]}]},{\"@type\":\"ImageObject\",\"inLanguage\":\"en-US\",\"@id\":\"https:\/\/b-solutionsgroup.com\/qlik-insight-bot\/#primaryimage\",\"url\":\"https:\/\/b-solutionsgroup.com\/wp-content\/uploads\/2019\/09\/qlik-bot-features.png\",\"contentUrl\":\"https:\/\/b-solutionsgroup.com\/wp-content\/uploads\/2019\/09\/qlik-bot-features.png\"},{\"@type\":\"BreadcrumbList\",\"@id\":\"https:\/\/b-solutionsgroup.com\/qlik-insight-bot\/#breadcrumb\",\"itemListElement\":[{\"@type\":\"ListItem\",\"position\":1,\"name\":\"Portada\",\"item\":\"https:\/\/b-solutionsgroup.com\/\"},{\"@type\":\"ListItem\",\"position\":2,\"name\":\"Qlik Insight Bot\u2122\"}]},{\"@type\":\"WebSite\",\"@id\":\"https:\/\/b-solutionsgroup.com\/#website\",\"url\":\"https:\/\/b-solutionsgroup.com\/\",\"name\":\"BSolutions Group\",\"description\":\"Expertos en soluciones de negocios\",\"publisher\":{\"@id\":\"https:\/\/b-solutionsgroup.com\/#organization\"},\"potentialAction\":[{\"@type\":\"SearchAction\",\"target\":{\"@type\":\"EntryPoint\",\"urlTemplate\":\"https:\/\/b-solutionsgroup.com\/?s={search_term_string}\"},\"query-input\":{\"@type\":\"PropertyValueSpecification\",\"valueRequired\":true,\"valueName\":\"search_term_string\"}}],\"inLanguage\":\"en-US\"},{\"@type\":\"Organization\",\"@id\":\"https:\/\/b-solutionsgroup.com\/#organization\",\"name\":\"BSolutions Group\",\"url\":\"https:\/\/b-solutionsgroup.com\/\",\"logo\":{\"@type\":\"ImageObject\",\"inLanguage\":\"en-US\",\"@id\":\"https:\/\/b-solutionsgroup.com\/#\/schema\/logo\/image\/\",\"url\":\"https:\/\/b-solutionsgroup.com\/wp-content\/uploads\/2018\/06\/BSG_logo.png\",\"contentUrl\":\"https:\/\/b-solutionsgroup.com\/wp-content\/uploads\/2018\/06\/BSG_logo.png\",\"width\":197,\"height\":48,\"caption\":\"BSolutions Group\"},\"image\":{\"@id\":\"https:\/\/b-solutionsgroup.com\/#\/schema\/logo\/image\/\"},\"sameAs\":[\"https:\/\/www.facebook.com\/BSolutionsGroupCR\/\",\"https:\/\/x.com\/bsgwriteus\",\"https:\/\/www.linkedin.com\/company\/bsolutions-group\/\"]}]}<\/script>\n<!-- \/ Yoast SEO plugin. -->","yoast_head_json":{"title":"BSolutions Group | Qlik Insight Bot\u2122","robots":{"index":"index","follow":"follow","max-snippet":"max-snippet:-1","max-image-preview":"max-image-preview:large","max-video-preview":"max-video-preview:-1"},"canonical":"https:\/\/b-solutionsgroup.com\/en\/qlik-insight-bot\/","og_locale":"en_US","og_type":"article","og_title":"BSolutions Group | Qlik Insight Bot\u2122","og_url":"https:\/\/b-solutionsgroup.com\/en\/qlik-insight-bot\/","og_site_name":"BSolutions Group","article_publisher":"https:\/\/www.facebook.com\/BSolutionsGroupCR\/","article_modified_time":"2019-09-25T16:17:09+00:00","og_image":[{"url":"https:\/\/b-solutionsgroup.com\/wp-content\/uploads\/2019\/09\/qlik-bot-features.png","type":"","width":"","height":""}],"twitter_card":"summary_large_image","twitter_site":"@bsgwriteus","twitter_misc":{"Est. reading time":"1 minute"},"schema":{"@context":"https:\/\/schema.org","@graph":[{"@type":"WebPage","@id":"https:\/\/b-solutionsgroup.com\/qlik-insight-bot\/","url":"https:\/\/b-solutionsgroup.com\/qlik-insight-bot\/","name":"BSolutions Group | Qlik Insight Bot\u2122","isPartOf":{"@id":"https:\/\/b-solutionsgroup.com\/#website"},"primaryImageOfPage":{"@id":"https:\/\/b-solutionsgroup.com\/qlik-insight-bot\/#primaryimage"},"image":{"@id":"https:\/\/b-solutionsgroup.com\/qlik-insight-bot\/#primaryimage"},"thumbnailUrl":"https:\/\/b-solutionsgroup.com\/wp-content\/uploads\/2019\/09\/qlik-bot-features.png","datePublished":"2019-09-24T20:51:27+00:00","dateModified":"2019-09-25T16:17:09+00:00","breadcrumb":{"@id":"https:\/\/b-solutionsgroup.com\/qlik-insight-bot\/#breadcrumb"},"inLanguage":"en-US","potentialAction":[{"@type":"ReadAction","target":["https:\/\/b-solutionsgroup.com\/qlik-insight-bot\/"]}]},{"@type":"ImageObject","inLanguage":"en-US","@id":"https:\/\/b-solutionsgroup.com\/qlik-insight-bot\/#primaryimage","url":"https:\/\/b-solutionsgroup.com\/wp-content\/uploads\/2019\/09\/qlik-bot-features.png","contentUrl":"https:\/\/b-solutionsgroup.com\/wp-content\/uploads\/2019\/09\/qlik-bot-features.png"},{"@type":"BreadcrumbList","@id":"https:\/\/b-solutionsgroup.com\/qlik-insight-bot\/#breadcrumb","itemListElement":[{"@type":"ListItem","position":1,"name":"Portada","item":"https:\/\/b-solutionsgroup.com\/"},{"@type":"ListItem","position":2,"name":"Qlik Insight Bot\u2122"}]},{"@type":"WebSite","@id":"https:\/\/b-solutionsgroup.com\/#website","url":"https:\/\/b-solutionsgroup.com\/","name":"BSolutions Group","description":"Expertos en soluciones de negocios","publisher":{"@id":"https:\/\/b-solutionsgroup.com\/#organization"},"potentialAction":[{"@type":"SearchAction","target":{"@type":"EntryPoint","urlTemplate":"https:\/\/b-solutionsgroup.com\/?s={search_term_string}"},"query-input":{"@type":"PropertyValueSpecification","valueRequired":true,"valueName":"search_term_string"}}],"inLanguage":"en-US"},{"@type":"Organization","@id":"https:\/\/b-solutionsgroup.com\/#organization","name":"BSolutions Group","url":"https:\/\/b-solutionsgroup.com\/","logo":{"@type":"ImageObject","inLanguage":"en-US","@id":"https:\/\/b-solutionsgroup.com\/#\/schema\/logo\/image\/","url":"https:\/\/b-solutionsgroup.com\/wp-content\/uploads\/2018\/06\/BSG_logo.png","contentUrl":"https:\/\/b-solutionsgroup.com\/wp-content\/uploads\/2018\/06\/BSG_logo.png","width":197,"height":48,"caption":"BSolutions Group"},"image":{"@id":"https:\/\/b-solutionsgroup.com\/#\/schema\/logo\/image\/"},"sameAs":["https:\/\/www.facebook.com\/BSolutionsGroupCR\/","https:\/\/x.com\/bsgwriteus","https:\/\/www.linkedin.com\/company\/bsolutions-group\/"]}]}},"_links":{"self":[{"href":"https:\/\/b-solutionsgroup.com\/en\/wp-json\/wp\/v2\/pages\/5270","targetHints":{"allow":["GET"]}}],"collection":[{"href":"https:\/\/b-solutionsgroup.com\/en\/wp-json\/wp\/v2\/pages"}],"about":[{"href":"https:\/\/b-solutionsgroup.com\/en\/wp-json\/wp\/v2\/types\/page"}],"author":[{"embeddable":true,"href":"https:\/\/b-solutionsgroup.com\/en\/wp-json\/wp\/v2\/users\/2"}],"replies":[{"embeddable":true,"href":"https:\/\/b-solutionsgroup.com\/en\/wp-json\/wp\/v2\/comments?post=5270"}],"version-history":[{"count":4,"href":"https:\/\/b-solutionsgroup.com\/en\/wp-json\/wp\/v2\/pages\/5270\/revisions"}],"predecessor-version":[{"id":5276,"href":"https:\/\/b-solutionsgroup.com\/en\/wp-json\/wp\/v2\/pages\/5270\/revisions\/5276"}],"wp:attachment":[{"href":"https:\/\/b-solutionsgroup.com\/en\/wp-json\/wp\/v2\/media?parent=5270"}],"curies":[{"name":"wp","href":"https:\/\/api.w.org\/{rel}","templated":true}]}}