{"id":4195,"date":"2017-05-27T16:42:22","date_gmt":"2017-05-27T16:42:22","guid":{"rendered":"http:\/\/corporate-two.boo.themerella.com\/?page_id=4195"},"modified":"2018-08-22T13:47:14","modified_gmt":"2018-08-22T19:47:14","slug":"servicios","status":"publish","type":"page","link":"https:\/\/b-solutionsgroup.com\/es\/servicios\/","title":{"rendered":"Servicios"},"content":{"rendered":"<div class=\"wpb-content-wrapper\"><div data-row-brightness=\"light\" class=\"vc_row wpb_row vc_row-fluid vc_custom_1495903779865 rella-row-shadowbox-69ea1c89eef10\" style=\"\"><div class=\"wpb_column vc_column_container vc_col-sm-12 vc_col-md-4\" ><div class=\"vc_column-inner \"  style=\"\"><div class=\"wpb_wrapper\"><style>.ra_content_box_69ea1c89ef3a2 h3{color: !important;font-size:20px !important;}.ra_content_box_69ea1c89ef3a2 .content-box-content p{color: !important;font-size: !important;}<\/style><div id=\"ra_content_box_69ea1c89ef3a2\" class=\"content-box content-box-boxed-centered content-box-default content-box-with-border text-center ra_content_box_69ea1c89ef3a2\">\n\n\t\t<figure> <img loading=\"lazy\" decoding=\"async\" width=\"400\" height=\"400\" src=\"https:\/\/b-solutionsgroup.com\/wp-content\/uploads\/2018\/06\/audit-30x30.png\" class=\"attachment-full size-full progressive__img progressive--not-loaded\" alt=\"\" data-rjs=\"https:\/\/b-solutionsgroup.com\/wp-content\/uploads\/2018\/06\/audit.png\" srcset=\"\" sizes=\"auto, (max-width: 400px) 100vw, 400px\" data-progressive=\"https:\/\/b-solutionsgroup.com\/wp-content\/uploads\/2018\/06\/audit.png\" \/><\/figure>\n\t<div class=\"content-box-content\">\n\t\t<h3>Auditor\u00eda Inform\u00e1tica<\/h3>\t\t\n\t\t\t\t<p>Servicios de auditor\u00eda infom\u00e1tica.<\/p>\n\t\t<style>.ra_button_69ea1c8a3a4e7{border-color: !important;color: !important;}<\/style><a href=\"http:\/\/b-solutionsgroup.com\/auditoria-informatica\/\" class=\"btn btn-naked border-thin text-uppercase ra_button_69ea1c8a3a4e7\" >\n\t\t\t\t<span>\n\tConoce nuestros servicios<i class=\"fa fa-long-arrow-right\"><\/i>\t<\/span>\n<\/a>\n\t\t\n\t<\/div>\n\n<\/div><style>.ra_content_box_69ea1c8a3a616 h3{color: !important;font-size: !important;}.ra_content_box_69ea1c8a3a616 .content-box-content p{color: !important;font-size: !important;}<\/style><div id=\"ra_content_box_69ea1c8a3a616\" class=\"content-box content-box-boxed-centered content-box-default content-box-with-border text-center ra_content_box_69ea1c8a3a616\">\n\n\t\t<figure> <img loading=\"lazy\" decoding=\"async\" width=\"400\" height=\"400\" src=\"https:\/\/b-solutionsgroup.com\/wp-content\/uploads\/2018\/06\/governance-30x30.png\" class=\"attachment-full size-full progressive__img progressive--not-loaded\" alt=\"\" data-rjs=\"https:\/\/b-solutionsgroup.com\/wp-content\/uploads\/2018\/06\/governance.png\" srcset=\"\" sizes=\"auto, (max-width: 400px) 100vw, 400px\" data-progressive=\"https:\/\/b-solutionsgroup.com\/wp-content\/uploads\/2018\/06\/governance.png\" \/><\/figure>\n\t<div class=\"content-box-content\">\n\t\t<h3>Gobierno Corporativo y T.I.C.<\/h3>\t\t\n\t\t\t\t<p>Servicios de gobernanza.<\/p>\n\t\t<style>.ra_button_69ea1c8a7b36a{border-color: !important;color: !important;}<\/style><a href=\"http:\/\/b-solutionsgroup.com\/gobierno\/\" class=\"btn btn-naked border-thin text-uppercase ra_button_69ea1c8a7b36a\" >\n\t\t\t\t<span>\n\tConoce nuestros servicios<i class=\"fa fa-long-arrow-right\"><\/i>\t<\/span>\n<\/a>\n\t\t\n\t<\/div>\n\n<\/div><style>.ra_content_box_69ea1c8a7b4a7 h3{color: !important;font-size: !important;}.ra_content_box_69ea1c8a7b4a7 .content-box-content p{color: !important;font-size: !important;}<\/style><div id=\"ra_content_box_69ea1c8a7b4a7\" class=\"content-box content-box-boxed-centered content-box-default content-box-with-border text-center ra_content_box_69ea1c8a7b4a7\">\n\n\t\t<figure> <img loading=\"lazy\" decoding=\"async\" width=\"400\" height=\"400\" src=\"https:\/\/b-solutionsgroup.com\/wp-content\/uploads\/2018\/08\/talento-humano-30x30.png\" class=\"attachment-full size-full progressive__img progressive--not-loaded\" alt=\"\" data-rjs=\"https:\/\/b-solutionsgroup.com\/wp-content\/uploads\/2018\/08\/talento-humano.png\" srcset=\"\" sizes=\"auto, (max-width: 400px) 100vw, 400px\" data-progressive=\"https:\/\/b-solutionsgroup.com\/wp-content\/uploads\/2018\/08\/talento-humano.png\" \/><\/figure>\n\t<div class=\"content-box-content\">\n\t\t<h3>Gesti\u00f3n del Talento Humano<\/h3>\t\t\n\t\t\t\t<p>Servicios de Gesti\u00f3n del Talento Humano.<\/p>\n\t\t<style>.ra_button_69ea1c8abcbb0{border-color: !important;color: !important;}<\/style><a href=\"http:\/\/b-solutionsgroup.com\/gestion-del-talento-humano\/\" class=\"btn btn-naked border-thin text-uppercase ra_button_69ea1c8abcbb0\" >\n\t\t\t\t<span>\n\tConoce nuestros servicios<i class=\"fa fa-long-arrow-right\"><\/i>\t<\/span>\n<\/a>\n\t\t\n\t<\/div>\n\n<\/div><\/div><\/div><\/div><div class=\"wpb_column vc_column_container vc_col-sm-6 vc_col-md-4\" ><div class=\"vc_column-inner \"  style=\"\"><div class=\"wpb_wrapper\"><style>.ra_content_box_69ea1c8abce8d h3{color: !important;font-size:20px !important;}.ra_content_box_69ea1c8abce8d .content-box-content p{color: !important;font-size: !important;}<\/style><div id=\"ra_content_box_69ea1c8abce8d\" class=\"content-box content-box-boxed-centered content-box-default content-box-with-border text-center ra_content_box_69ea1c8abce8d\">\n\n\t\t<figure> <img loading=\"lazy\" decoding=\"async\" width=\"400\" height=\"400\" src=\"https:\/\/b-solutionsgroup.com\/wp-content\/uploads\/2018\/06\/risk-30x30.png\" class=\"attachment-full size-full progressive__img progressive--not-loaded\" alt=\"\" data-rjs=\"https:\/\/b-solutionsgroup.com\/wp-content\/uploads\/2018\/06\/risk.png\" srcset=\"\" sizes=\"auto, (max-width: 400px) 100vw, 400px\" data-progressive=\"https:\/\/b-solutionsgroup.com\/wp-content\/uploads\/2018\/06\/risk.png\" \/><\/figure>\n\t<div class=\"content-box-content\">\n\t\t<h3>Administraci\u00f3n Riesgos<\/h3>\t\t\n\t\t\t\t<p>Servicios de gesti\u00f3n de riesgos.<\/p>\n\t\t<style>.ra_button_69ea1c8b09316{border-color: !important;color: !important;}<\/style><a href=\"http:\/\/b-solutionsgroup.com\/administracion-de-riesgos\/\" class=\"btn btn-naked border-thin text-uppercase ra_button_69ea1c8b09316\" >\n\t\t\t\t<span>\n\tConoce nuestros servicios<i class=\"fa fa-long-arrow-right\"><\/i>\t<\/span>\n<\/a>\n\t\t\n\t<\/div>\n\n<\/div><style>.ra_content_box_69ea1c8b09440 h3{color: !important;font-size: !important;}.ra_content_box_69ea1c8b09440 .content-box-content p{color: !important;font-size: !important;}<\/style><div id=\"ra_content_box_69ea1c8b09440\" class=\"content-box content-box-boxed-centered content-box-default content-box-with-border text-center ra_content_box_69ea1c8b09440\">\n\n\t\t<figure> <img loading=\"lazy\" decoding=\"async\" width=\"400\" height=\"400\" src=\"https:\/\/b-solutionsgroup.com\/wp-content\/uploads\/2018\/06\/BI-30x30.png\" class=\"attachment-full size-full progressive__img progressive--not-loaded\" alt=\"\" data-rjs=\"https:\/\/b-solutionsgroup.com\/wp-content\/uploads\/2018\/06\/BI.png\" srcset=\"\" sizes=\"auto, (max-width: 400px) 100vw, 400px\" data-progressive=\"https:\/\/b-solutionsgroup.com\/wp-content\/uploads\/2018\/06\/BI.png\" \/><\/figure>\n\t<div class=\"content-box-content\">\n\t\t<h3>Inteligencia Empresarial<\/h3>\t\t\n\t\t\t\t<p>Servicios de inteligencia empresarial.<\/p>\n\t\t<style>.ra_button_69ea1c8b4a4fa{border-color: !important;color: !important;}<\/style><a href=\"http:\/\/b-solutionsgroup.com\/inteligencia-informacion-e-infografia\/\" class=\"btn btn-naked border-thin text-uppercase ra_button_69ea1c8b4a4fa\" >\n\t\t\t\t<span>\n\tConoce nuestros servicios<i class=\"fa fa-long-arrow-right\"><\/i>\t<\/span>\n<\/a>\n\t\t\n\t<\/div>\n\n<\/div><\/div><\/div><\/div><div class=\"wpb_column vc_column_container vc_col-sm-6 vc_col-md-4\" ><div class=\"vc_column-inner \"  style=\"\"><div class=\"wpb_wrapper\"><style>.ra_content_box_69ea1c8b4a7ee h3{color: !important;font-size:20px !important;}.ra_content_box_69ea1c8b4a7ee .content-box-content p{color: !important;font-size: !important;}<\/style><div id=\"ra_content_box_69ea1c8b4a7ee\" class=\"content-box content-box-boxed-centered content-box-default content-box-with-border text-center ra_content_box_69ea1c8b4a7ee\">\n\n\t\t<figure> <img loading=\"lazy\" decoding=\"async\" width=\"400\" height=\"400\" src=\"https:\/\/b-solutionsgroup.com\/wp-content\/uploads\/2018\/06\/planning-30x30.png\" class=\"attachment-full size-full progressive__img progressive--not-loaded\" alt=\"\" data-rjs=\"https:\/\/b-solutionsgroup.com\/wp-content\/uploads\/2018\/06\/planning.png\" srcset=\"\" sizes=\"auto, (max-width: 400px) 100vw, 400px\" data-progressive=\"https:\/\/b-solutionsgroup.com\/wp-content\/uploads\/2018\/06\/planning.png\" \/><\/figure>\n\t<div class=\"content-box-content\">\n\t\t<h3>Planificaci\u00f3n<\/h3>\t\t\n\t\t\t\t<p>Servicios de Planificaci\u00f3n.<\/p>\n\t\t<style>.ra_button_69ea1c8b8ceea{border-color: !important;color: !important;}<\/style><a href=\"http:\/\/b-solutionsgroup.com\/planificacion\/\" class=\"btn btn-naked border-thin text-uppercase ra_button_69ea1c8b8ceea\" >\n\t\t\t\t<span>\n\tConoce nuestros servicios<i class=\"fa fa-long-arrow-right\"><\/i>\t<\/span>\n<\/a>\n\t\t\n\t<\/div>\n\n<\/div><style>.ra_content_box_69ea1c8b8d042 h3{color: !important;font-size: !important;}.ra_content_box_69ea1c8b8d042 .content-box-content p{color: !important;font-size: !important;}<\/style><div id=\"ra_content_box_69ea1c8b8d042\" class=\"content-box content-box-boxed-centered content-box-default content-box-with-border text-center ra_content_box_69ea1c8b8d042\">\n\n\t\t<figure> <img loading=\"lazy\" decoding=\"async\" width=\"400\" height=\"400\" src=\"https:\/\/b-solutionsgroup.com\/wp-content\/uploads\/2018\/06\/procesos-30x30.png\" class=\"attachment-full size-full progressive__img progressive--not-loaded\" alt=\"\" data-rjs=\"https:\/\/b-solutionsgroup.com\/wp-content\/uploads\/2018\/06\/procesos.png\" srcset=\"\" sizes=\"auto, (max-width: 400px) 100vw, 400px\" data-progressive=\"https:\/\/b-solutionsgroup.com\/wp-content\/uploads\/2018\/06\/procesos.png\" \/><\/figure>\n\t<div class=\"content-box-content\">\n\t\t<h3>Optimizaci\u00f3n de Procesos y Recursos<\/h3>\t\t\n\t\t\t\t<p>Servicios de procesos y recursos.<\/p>\n\t\t<style>.ra_button_69ea1c8bca418{border-color: !important;color: !important;}<\/style><a href=\"http:\/\/b-solutionsgroup.com\/optimizacion-de-procesos-y-recursos\/\" class=\"btn btn-naked border-thin text-uppercase ra_button_69ea1c8bca418\" >\n\t\t\t\t<span>\n\tConoce nuestros servicios<i class=\"fa fa-long-arrow-right\"><\/i>\t<\/span>\n<\/a>\n\t\t\n\t<\/div>\n\n<\/div><\/div><\/div><\/div><script type=\"text\/javascript\">(function($) {$(\"head\").append(\"<style>.rella-row-shadowbox-69ea1c89eef10{-webkit-box-shadow:;-moz-box-shadow:;box-shadow:;}<\/style>\");})(jQuery);<\/script><\/div>\n<\/div>","protected":false},"excerpt":{"rendered":"Auditor\u00eda Inform\u00e1tica Servicios de auditor\u00eda infom\u00e1tica. Conoce nuestros servicios Gobierno Corporativo y T.I.C. Servicios de gobernanza. Conoce nuestros servicios Gesti\u00f3n del Talento Humano Servicios de Gesti\u00f3n del Talento Humano. Conoce nuestros servicios Administraci\u00f3n Riesgos Servicios de gesti\u00f3n de riesgos. Conoce nuestros servicios Inteligencia Empresarial Servicios de inteligencia empresarial. Conoce nuestros servicios Planificaci\u00f3n Servicios de Planificaci\u00f3n. [...]","protected":false},"author":2,"featured_media":0,"parent":0,"menu_order":0,"comment_status":"closed","ping_status":"closed","template":"","meta":{"footnotes":""},"class_list":["post-4195","page","type-page","status-publish","hentry"],"yoast_head":"<!-- This site is optimized with the Yoast SEO plugin v27.2 - https:\/\/yoast.com\/product\/yoast-seo-wordpress\/ -->\n<title>BSolutions Group | Servicios<\/title>\n<meta name=\"robots\" content=\"index, follow, max-snippet:-1, max-image-preview:large, max-video-preview:-1\" \/>\n<link rel=\"canonical\" href=\"https:\/\/b-solutionsgroup.com\/es\/servicios\/\" \/>\n<meta property=\"og:locale\" content=\"es_ES\" \/>\n<meta property=\"og:type\" content=\"article\" \/>\n<meta property=\"og:title\" content=\"BSolutions Group | Servicios\" \/>\n<meta property=\"og:url\" content=\"https:\/\/b-solutionsgroup.com\/es\/servicios\/\" \/>\n<meta property=\"og:site_name\" content=\"BSolutions Group\" \/>\n<meta property=\"article:publisher\" content=\"https:\/\/www.facebook.com\/BSolutionsGroupCR\/\" \/>\n<meta property=\"article:modified_time\" content=\"2018-08-22T19:47:14+00:00\" \/>\n<meta property=\"og:image\" content=\"https:\/\/b-solutionsgroup.com\/wp-content\/uploads\/2018\/06\/bsg-web-imagen.jpg\" \/>\n\t<meta property=\"og:image:width\" content=\"2300\" \/>\n\t<meta property=\"og:image:height\" content=\"1150\" \/>\n\t<meta property=\"og:image:type\" content=\"image\/jpeg\" \/>\n<meta name=\"twitter:card\" content=\"summary_large_image\" \/>\n<meta name=\"twitter:site\" content=\"@bsgwriteus\" \/>\n<meta name=\"twitter:label1\" content=\"Est. reading time\" \/>\n\t<meta name=\"twitter:data1\" content=\"2 minutos\" \/>\n<script type=\"application\/ld+json\" class=\"yoast-schema-graph\">{\"@context\":\"https:\/\/schema.org\",\"@graph\":[{\"@type\":\"WebPage\",\"@id\":\"https:\/\/b-solutionsgroup.com\/servicios\/\",\"url\":\"https:\/\/b-solutionsgroup.com\/servicios\/\",\"name\":\"BSolutions Group | Servicios\",\"isPartOf\":{\"@id\":\"https:\/\/b-solutionsgroup.com\/#website\"},\"datePublished\":\"2017-05-27T16:42:22+00:00\",\"dateModified\":\"2018-08-22T19:47:14+00:00\",\"breadcrumb\":{\"@id\":\"https:\/\/b-solutionsgroup.com\/servicios\/#breadcrumb\"},\"inLanguage\":\"es-CR\",\"potentialAction\":[{\"@type\":\"ReadAction\",\"target\":[\"https:\/\/b-solutionsgroup.com\/servicios\/\"]}]},{\"@type\":\"BreadcrumbList\",\"@id\":\"https:\/\/b-solutionsgroup.com\/servicios\/#breadcrumb\",\"itemListElement\":[{\"@type\":\"ListItem\",\"position\":1,\"name\":\"Portada\",\"item\":\"https:\/\/b-solutionsgroup.com\/\"},{\"@type\":\"ListItem\",\"position\":2,\"name\":\"Servicios\"}]},{\"@type\":\"WebSite\",\"@id\":\"https:\/\/b-solutionsgroup.com\/#website\",\"url\":\"https:\/\/b-solutionsgroup.com\/\",\"name\":\"BSolutions Group\",\"description\":\"Expertos en soluciones de negocios\",\"publisher\":{\"@id\":\"https:\/\/b-solutionsgroup.com\/#organization\"},\"potentialAction\":[{\"@type\":\"SearchAction\",\"target\":{\"@type\":\"EntryPoint\",\"urlTemplate\":\"https:\/\/b-solutionsgroup.com\/?s={search_term_string}\"},\"query-input\":{\"@type\":\"PropertyValueSpecification\",\"valueRequired\":true,\"valueName\":\"search_term_string\"}}],\"inLanguage\":\"es-CR\"},{\"@type\":\"Organization\",\"@id\":\"https:\/\/b-solutionsgroup.com\/#organization\",\"name\":\"BSolutions Group\",\"url\":\"https:\/\/b-solutionsgroup.com\/\",\"logo\":{\"@type\":\"ImageObject\",\"inLanguage\":\"es-CR\",\"@id\":\"https:\/\/b-solutionsgroup.com\/#\/schema\/logo\/image\/\",\"url\":\"https:\/\/b-solutionsgroup.com\/wp-content\/uploads\/2018\/06\/BSG_logo.png\",\"contentUrl\":\"https:\/\/b-solutionsgroup.com\/wp-content\/uploads\/2018\/06\/BSG_logo.png\",\"width\":197,\"height\":48,\"caption\":\"BSolutions Group\"},\"image\":{\"@id\":\"https:\/\/b-solutionsgroup.com\/#\/schema\/logo\/image\/\"},\"sameAs\":[\"https:\/\/www.facebook.com\/BSolutionsGroupCR\/\",\"https:\/\/x.com\/bsgwriteus\",\"https:\/\/www.linkedin.com\/company\/bsolutions-group\/\"]}]}<\/script>\n<!-- \/ Yoast SEO plugin. -->","yoast_head_json":{"title":"BSolutions Group | Servicios","robots":{"index":"index","follow":"follow","max-snippet":"max-snippet:-1","max-image-preview":"max-image-preview:large","max-video-preview":"max-video-preview:-1"},"canonical":"https:\/\/b-solutionsgroup.com\/es\/servicios\/","og_locale":"es_ES","og_type":"article","og_title":"BSolutions Group | Servicios","og_url":"https:\/\/b-solutionsgroup.com\/es\/servicios\/","og_site_name":"BSolutions Group","article_publisher":"https:\/\/www.facebook.com\/BSolutionsGroupCR\/","article_modified_time":"2018-08-22T19:47:14+00:00","og_image":[{"width":2300,"height":1150,"url":"https:\/\/b-solutionsgroup.com\/wp-content\/uploads\/2018\/06\/bsg-web-imagen.jpg","type":"image\/jpeg"}],"twitter_card":"summary_large_image","twitter_site":"@bsgwriteus","twitter_misc":{"Est. reading time":"2 minutos"},"schema":{"@context":"https:\/\/schema.org","@graph":[{"@type":"WebPage","@id":"https:\/\/b-solutionsgroup.com\/servicios\/","url":"https:\/\/b-solutionsgroup.com\/servicios\/","name":"BSolutions Group | Servicios","isPartOf":{"@id":"https:\/\/b-solutionsgroup.com\/#website"},"datePublished":"2017-05-27T16:42:22+00:00","dateModified":"2018-08-22T19:47:14+00:00","breadcrumb":{"@id":"https:\/\/b-solutionsgroup.com\/servicios\/#breadcrumb"},"inLanguage":"es-CR","potentialAction":[{"@type":"ReadAction","target":["https:\/\/b-solutionsgroup.com\/servicios\/"]}]},{"@type":"BreadcrumbList","@id":"https:\/\/b-solutionsgroup.com\/servicios\/#breadcrumb","itemListElement":[{"@type":"ListItem","position":1,"name":"Portada","item":"https:\/\/b-solutionsgroup.com\/"},{"@type":"ListItem","position":2,"name":"Servicios"}]},{"@type":"WebSite","@id":"https:\/\/b-solutionsgroup.com\/#website","url":"https:\/\/b-solutionsgroup.com\/","name":"BSolutions Group","description":"Expertos en soluciones de negocios","publisher":{"@id":"https:\/\/b-solutionsgroup.com\/#organization"},"potentialAction":[{"@type":"SearchAction","target":{"@type":"EntryPoint","urlTemplate":"https:\/\/b-solutionsgroup.com\/?s={search_term_string}"},"query-input":{"@type":"PropertyValueSpecification","valueRequired":true,"valueName":"search_term_string"}}],"inLanguage":"es-CR"},{"@type":"Organization","@id":"https:\/\/b-solutionsgroup.com\/#organization","name":"BSolutions Group","url":"https:\/\/b-solutionsgroup.com\/","logo":{"@type":"ImageObject","inLanguage":"es-CR","@id":"https:\/\/b-solutionsgroup.com\/#\/schema\/logo\/image\/","url":"https:\/\/b-solutionsgroup.com\/wp-content\/uploads\/2018\/06\/BSG_logo.png","contentUrl":"https:\/\/b-solutionsgroup.com\/wp-content\/uploads\/2018\/06\/BSG_logo.png","width":197,"height":48,"caption":"BSolutions Group"},"image":{"@id":"https:\/\/b-solutionsgroup.com\/#\/schema\/logo\/image\/"},"sameAs":["https:\/\/www.facebook.com\/BSolutionsGroupCR\/","https:\/\/x.com\/bsgwriteus","https:\/\/www.linkedin.com\/company\/bsolutions-group\/"]}]}},"_links":{"self":[{"href":"https:\/\/b-solutionsgroup.com\/es\/wp-json\/wp\/v2\/pages\/4195","targetHints":{"allow":["GET"]}}],"collection":[{"href":"https:\/\/b-solutionsgroup.com\/es\/wp-json\/wp\/v2\/pages"}],"about":[{"href":"https:\/\/b-solutionsgroup.com\/es\/wp-json\/wp\/v2\/types\/page"}],"author":[{"embeddable":true,"href":"https:\/\/b-solutionsgroup.com\/es\/wp-json\/wp\/v2\/users\/2"}],"replies":[{"embeddable":true,"href":"https:\/\/b-solutionsgroup.com\/es\/wp-json\/wp\/v2\/comments?post=4195"}],"version-history":[{"count":5,"href":"https:\/\/b-solutionsgroup.com\/es\/wp-json\/wp\/v2\/pages\/4195\/revisions"}],"predecessor-version":[{"id":5142,"href":"https:\/\/b-solutionsgroup.com\/es\/wp-json\/wp\/v2\/pages\/4195\/revisions\/5142"}],"wp:attachment":[{"href":"https:\/\/b-solutionsgroup.com\/es\/wp-json\/wp\/v2\/media?parent=4195"}],"curies":[{"name":"wp","href":"https:\/\/api.w.org\/{rel}","templated":true}]}}