{"id":4574,"date":"2018-06-14T20:07:29","date_gmt":"2018-06-14T20:07:29","guid":{"rendered":"http:\/\/demo.b-solutionsgroup.com\/?page_id=4574"},"modified":"2018-08-22T13:48:55","modified_gmt":"2018-08-22T19:48:55","slug":"auditoria-continua","status":"publish","type":"page","link":"https:\/\/b-solutionsgroup.com\/es\/auditoria-continua\/","title":{"rendered":"Auditor\u00eda Cont\u00ednua"},"content":{"rendered":"<div class=\"wpb-content-wrapper\"><div data-row-brightness=\"light\" class=\"vc_row wpb_row vc_row-fluid rella-row-shadowbox-69ea40d095aad\" style=\"\"><div class=\"wpb_column vc_column_container vc_col-sm-12\" ><div class=\"vc_column-inner \"  style=\"\"><div class=\"wpb_wrapper\">\n\t<div class=\"wpb_text_column wpb_content_element \">\n\t\t<div class=\"wpb_wrapper\">\n\t\t\t<p>Hist\u00f3ricamente los procesos de auditor\u00eda se ejecutan con una brecha significativa en tiempo con respecto a la ocurrencia del evento, sin llegar a ser forense claro est\u00e1, pero en la generalidad se le ha reconocido y aceptado que hay una carencia en la oportunidad con la que la administraci\u00f3n recibe la retroalimentaci\u00f3n. La propuesta de Auditor\u00eda Continua, tiene como objetivo producir informaci\u00f3n de forma casi simult\u00e1nea a la materializaci\u00f3n de un evento y en su defecto si se aplican modelos predictivos, podr\u00eda adelantarse a algunos de \u00e9stos.<\/p>\n<p>Nuestro objetivo, en cualquiera de los servicios relacionados, es realizar una implementaci\u00f3n, basada en tecnolog\u00eda, que permita validar un conjunto de reglas de negocio, que previamente han sido definidas, y establecer un modelo de alertas y alertas tempranas que comuniquen oportunamente a los interesados. Para el \u00e9xito de este tipo de auditor\u00edas, igual se debe afinar el modelo de comunicaci\u00f3n ya que el mismo nos debe permitir lograr la eficiencia y eficacia esperada por el negocio.<\/p>\n<p>Nuestra experiencia en este tipo de auditor\u00edas nos permite optimizar los riesgos y los recursos requeridos para su implementaci\u00f3n y le asegura un alcance amplio de la auditor\u00eda incluyendo los modelos de Gobierno y Gesti\u00f3n, aplicados a la realidad empresarial y al contexto o industria de su organizaci\u00f3n.<\/p>\n<p>Para asegurar la calidad de nuestro portafolio de servicios contamos con profesionales con una vasta experiencia profesional, mismos que, garantizamos son parte integral del equipo consultor.<\/p>\n<p><img loading=\"lazy\" decoding=\"async\" class=\"wp-image-4577 size-full aligncenter\" src=\"http:\/\/demo.b-solutionsgroup.com\/wp-content\/uploads\/2018\/06\/grafico-auditoria-continua-1.jpg\" alt=\"\" width=\"800\" height=\"200\" srcset=\"https:\/\/b-solutionsgroup.com\/wp-content\/uploads\/2018\/06\/grafico-auditoria-continua-1.jpg 800w, https:\/\/b-solutionsgroup.com\/wp-content\/uploads\/2018\/06\/grafico-auditoria-continua-1-300x75.jpg 300w, https:\/\/b-solutionsgroup.com\/wp-content\/uploads\/2018\/06\/grafico-auditoria-continua-1-768x192.jpg 768w\" sizes=\"auto, (max-width: 800px) 100vw, 800px\" \/><\/p>\n\n\t\t<\/div>\n\t<\/div>\n<header class=\"section-title section-title-blue-underline2 align-center ra_section_title_69ea40d095f84\" >\n\t<h2 class=\"title\">Preguntas frecuentes<\/h2><hr><\/header>\n\t<div class=\"wpb_text_column wpb_content_element \">\n\t\t<div class=\"wpb_wrapper\">\n\t\t\t<h4><strong>\u00bfCu\u00e1ndo genera valor implementar este tipo de auditor\u00edas?<\/strong><\/h4>\n<p>El valor de este tipo de auditor\u00edas inicia en el r\u00e1pido retorno de la inversi\u00f3n que se tiene, hemos encontrado mucha aceptaci\u00f3n en ambientes donde los recursos de auditor\u00eda interna est\u00e1n limitados o en organizaciones donde la medici\u00f3n se vuelve compleja para implementaciones manuales. De igual forma, hay negocios que por su naturaleza este tipo de auditor\u00edas le son naturales, tal es el caso del amplio sector de servicios financieros o sistemas de producci\u00f3n con especificaciones de calidad y calibraci\u00f3n muy estrictas.<\/p>\n<h4><strong>\u00bfCu\u00e1l es el valor de este tipo de auditor\u00edas como para invertir en \u00e9stas?<\/strong><\/h4>\n<p>El valor se puede apreciar desde la perspectiva de medici\u00f3n y la oportunidad en la que se recibe la informaci\u00f3n, ahora bien, si quitamos la palabra auditor\u00eda el valor que este tipo de herramientas puede generar se extiende a toda la organizaci\u00f3n.<\/p>\n\n\t\t<\/div>\n\t<\/div>\n<\/div><\/div><\/div><script type=\"text\/javascript\">(function($) {$(\"head\").append(\"<style>.rella-row-shadowbox-69ea40d095aad{-webkit-box-shadow:;-moz-box-shadow:;box-shadow:;}<\/style>\");})(jQuery);<\/script><\/div>\n<\/div>","protected":false},"excerpt":{"rendered":"Hist\u00f3ricamente los procesos de auditor\u00eda se ejecutan con una brecha significativa en tiempo con respecto a la ocurrencia del evento, sin llegar a ser forense claro est\u00e1, pero en la generalidad se le ha reconocido y aceptado que hay una carencia en la oportunidad con la que la administraci\u00f3n recibe la retroalimentaci\u00f3n. La propuesta de [...]","protected":false},"author":2,"featured_media":0,"parent":0,"menu_order":0,"comment_status":"closed","ping_status":"closed","template":"","meta":{"footnotes":""},"class_list":["post-4574","page","type-page","status-publish","hentry"],"yoast_head":"<!-- This site is optimized with the Yoast SEO plugin v27.2 - https:\/\/yoast.com\/product\/yoast-seo-wordpress\/ -->\n<title>BSolutions Group | Auditor\u00eda Cont\u00ednua<\/title>\n<meta name=\"robots\" content=\"index, follow, max-snippet:-1, max-image-preview:large, max-video-preview:-1\" \/>\n<link rel=\"canonical\" href=\"https:\/\/b-solutionsgroup.com\/es\/auditoria-continua\/\" \/>\n<meta property=\"og:locale\" content=\"es_ES\" \/>\n<meta property=\"og:type\" content=\"article\" \/>\n<meta property=\"og:title\" content=\"BSolutions Group | Auditor\u00eda Cont\u00ednua\" \/>\n<meta property=\"og:url\" content=\"https:\/\/b-solutionsgroup.com\/es\/auditoria-continua\/\" \/>\n<meta property=\"og:site_name\" content=\"BSolutions Group\" \/>\n<meta property=\"article:publisher\" content=\"https:\/\/www.facebook.com\/BSolutionsGroupCR\/\" \/>\n<meta property=\"article:modified_time\" content=\"2018-08-22T19:48:55+00:00\" \/>\n<meta property=\"og:image\" content=\"http:\/\/demo.b-solutionsgroup.com\/wp-content\/uploads\/2018\/06\/grafico-auditoria-continua-1.jpg\" \/>\n<meta name=\"twitter:card\" content=\"summary_large_image\" \/>\n<meta name=\"twitter:site\" content=\"@bsgwriteus\" \/>\n<meta name=\"twitter:label1\" content=\"Est. reading time\" \/>\n\t<meta name=\"twitter:data1\" content=\"2 minutos\" \/>\n<script type=\"application\/ld+json\" class=\"yoast-schema-graph\">{\"@context\":\"https:\/\/schema.org\",\"@graph\":[{\"@type\":\"WebPage\",\"@id\":\"https:\/\/b-solutionsgroup.com\/auditoria-continua\/\",\"url\":\"https:\/\/b-solutionsgroup.com\/auditoria-continua\/\",\"name\":\"BSolutions Group | Auditor\u00eda Cont\u00ednua\",\"isPartOf\":{\"@id\":\"https:\/\/b-solutionsgroup.com\/#website\"},\"primaryImageOfPage\":{\"@id\":\"https:\/\/b-solutionsgroup.com\/auditoria-continua\/#primaryimage\"},\"image\":{\"@id\":\"https:\/\/b-solutionsgroup.com\/auditoria-continua\/#primaryimage\"},\"thumbnailUrl\":\"http:\/\/demo.b-solutionsgroup.com\/wp-content\/uploads\/2018\/06\/grafico-auditoria-continua-1.jpg\",\"datePublished\":\"2018-06-14T20:07:29+00:00\",\"dateModified\":\"2018-08-22T19:48:55+00:00\",\"breadcrumb\":{\"@id\":\"https:\/\/b-solutionsgroup.com\/auditoria-continua\/#breadcrumb\"},\"inLanguage\":\"es-CR\",\"potentialAction\":[{\"@type\":\"ReadAction\",\"target\":[\"https:\/\/b-solutionsgroup.com\/auditoria-continua\/\"]}]},{\"@type\":\"ImageObject\",\"inLanguage\":\"es-CR\",\"@id\":\"https:\/\/b-solutionsgroup.com\/auditoria-continua\/#primaryimage\",\"url\":\"http:\/\/demo.b-solutionsgroup.com\/wp-content\/uploads\/2018\/06\/grafico-auditoria-continua-1.jpg\",\"contentUrl\":\"http:\/\/demo.b-solutionsgroup.com\/wp-content\/uploads\/2018\/06\/grafico-auditoria-continua-1.jpg\"},{\"@type\":\"BreadcrumbList\",\"@id\":\"https:\/\/b-solutionsgroup.com\/auditoria-continua\/#breadcrumb\",\"itemListElement\":[{\"@type\":\"ListItem\",\"position\":1,\"name\":\"Portada\",\"item\":\"https:\/\/b-solutionsgroup.com\/\"},{\"@type\":\"ListItem\",\"position\":2,\"name\":\"Auditor\u00eda Cont\u00ednua\"}]},{\"@type\":\"WebSite\",\"@id\":\"https:\/\/b-solutionsgroup.com\/#website\",\"url\":\"https:\/\/b-solutionsgroup.com\/\",\"name\":\"BSolutions Group\",\"description\":\"Expertos en soluciones de negocios\",\"publisher\":{\"@id\":\"https:\/\/b-solutionsgroup.com\/#organization\"},\"potentialAction\":[{\"@type\":\"SearchAction\",\"target\":{\"@type\":\"EntryPoint\",\"urlTemplate\":\"https:\/\/b-solutionsgroup.com\/?s={search_term_string}\"},\"query-input\":{\"@type\":\"PropertyValueSpecification\",\"valueRequired\":true,\"valueName\":\"search_term_string\"}}],\"inLanguage\":\"es-CR\"},{\"@type\":\"Organization\",\"@id\":\"https:\/\/b-solutionsgroup.com\/#organization\",\"name\":\"BSolutions Group\",\"url\":\"https:\/\/b-solutionsgroup.com\/\",\"logo\":{\"@type\":\"ImageObject\",\"inLanguage\":\"es-CR\",\"@id\":\"https:\/\/b-solutionsgroup.com\/#\/schema\/logo\/image\/\",\"url\":\"https:\/\/b-solutionsgroup.com\/wp-content\/uploads\/2018\/06\/BSG_logo.png\",\"contentUrl\":\"https:\/\/b-solutionsgroup.com\/wp-content\/uploads\/2018\/06\/BSG_logo.png\",\"width\":197,\"height\":48,\"caption\":\"BSolutions Group\"},\"image\":{\"@id\":\"https:\/\/b-solutionsgroup.com\/#\/schema\/logo\/image\/\"},\"sameAs\":[\"https:\/\/www.facebook.com\/BSolutionsGroupCR\/\",\"https:\/\/x.com\/bsgwriteus\",\"https:\/\/www.linkedin.com\/company\/bsolutions-group\/\"]}]}<\/script>\n<!-- \/ Yoast SEO plugin. -->","yoast_head_json":{"title":"BSolutions Group | Auditor\u00eda Cont\u00ednua","robots":{"index":"index","follow":"follow","max-snippet":"max-snippet:-1","max-image-preview":"max-image-preview:large","max-video-preview":"max-video-preview:-1"},"canonical":"https:\/\/b-solutionsgroup.com\/es\/auditoria-continua\/","og_locale":"es_ES","og_type":"article","og_title":"BSolutions Group | Auditor\u00eda Cont\u00ednua","og_url":"https:\/\/b-solutionsgroup.com\/es\/auditoria-continua\/","og_site_name":"BSolutions Group","article_publisher":"https:\/\/www.facebook.com\/BSolutionsGroupCR\/","article_modified_time":"2018-08-22T19:48:55+00:00","og_image":[{"url":"http:\/\/demo.b-solutionsgroup.com\/wp-content\/uploads\/2018\/06\/grafico-auditoria-continua-1.jpg","type":"","width":"","height":""}],"twitter_card":"summary_large_image","twitter_site":"@bsgwriteus","twitter_misc":{"Est. reading time":"2 minutos"},"schema":{"@context":"https:\/\/schema.org","@graph":[{"@type":"WebPage","@id":"https:\/\/b-solutionsgroup.com\/auditoria-continua\/","url":"https:\/\/b-solutionsgroup.com\/auditoria-continua\/","name":"BSolutions Group | Auditor\u00eda Cont\u00ednua","isPartOf":{"@id":"https:\/\/b-solutionsgroup.com\/#website"},"primaryImageOfPage":{"@id":"https:\/\/b-solutionsgroup.com\/auditoria-continua\/#primaryimage"},"image":{"@id":"https:\/\/b-solutionsgroup.com\/auditoria-continua\/#primaryimage"},"thumbnailUrl":"http:\/\/demo.b-solutionsgroup.com\/wp-content\/uploads\/2018\/06\/grafico-auditoria-continua-1.jpg","datePublished":"2018-06-14T20:07:29+00:00","dateModified":"2018-08-22T19:48:55+00:00","breadcrumb":{"@id":"https:\/\/b-solutionsgroup.com\/auditoria-continua\/#breadcrumb"},"inLanguage":"es-CR","potentialAction":[{"@type":"ReadAction","target":["https:\/\/b-solutionsgroup.com\/auditoria-continua\/"]}]},{"@type":"ImageObject","inLanguage":"es-CR","@id":"https:\/\/b-solutionsgroup.com\/auditoria-continua\/#primaryimage","url":"http:\/\/demo.b-solutionsgroup.com\/wp-content\/uploads\/2018\/06\/grafico-auditoria-continua-1.jpg","contentUrl":"http:\/\/demo.b-solutionsgroup.com\/wp-content\/uploads\/2018\/06\/grafico-auditoria-continua-1.jpg"},{"@type":"BreadcrumbList","@id":"https:\/\/b-solutionsgroup.com\/auditoria-continua\/#breadcrumb","itemListElement":[{"@type":"ListItem","position":1,"name":"Portada","item":"https:\/\/b-solutionsgroup.com\/"},{"@type":"ListItem","position":2,"name":"Auditor\u00eda Cont\u00ednua"}]},{"@type":"WebSite","@id":"https:\/\/b-solutionsgroup.com\/#website","url":"https:\/\/b-solutionsgroup.com\/","name":"BSolutions Group","description":"Expertos en soluciones de negocios","publisher":{"@id":"https:\/\/b-solutionsgroup.com\/#organization"},"potentialAction":[{"@type":"SearchAction","target":{"@type":"EntryPoint","urlTemplate":"https:\/\/b-solutionsgroup.com\/?s={search_term_string}"},"query-input":{"@type":"PropertyValueSpecification","valueRequired":true,"valueName":"search_term_string"}}],"inLanguage":"es-CR"},{"@type":"Organization","@id":"https:\/\/b-solutionsgroup.com\/#organization","name":"BSolutions Group","url":"https:\/\/b-solutionsgroup.com\/","logo":{"@type":"ImageObject","inLanguage":"es-CR","@id":"https:\/\/b-solutionsgroup.com\/#\/schema\/logo\/image\/","url":"https:\/\/b-solutionsgroup.com\/wp-content\/uploads\/2018\/06\/BSG_logo.png","contentUrl":"https:\/\/b-solutionsgroup.com\/wp-content\/uploads\/2018\/06\/BSG_logo.png","width":197,"height":48,"caption":"BSolutions Group"},"image":{"@id":"https:\/\/b-solutionsgroup.com\/#\/schema\/logo\/image\/"},"sameAs":["https:\/\/www.facebook.com\/BSolutionsGroupCR\/","https:\/\/x.com\/bsgwriteus","https:\/\/www.linkedin.com\/company\/bsolutions-group\/"]}]}},"_links":{"self":[{"href":"https:\/\/b-solutionsgroup.com\/es\/wp-json\/wp\/v2\/pages\/4574","targetHints":{"allow":["GET"]}}],"collection":[{"href":"https:\/\/b-solutionsgroup.com\/es\/wp-json\/wp\/v2\/pages"}],"about":[{"href":"https:\/\/b-solutionsgroup.com\/es\/wp-json\/wp\/v2\/types\/page"}],"author":[{"embeddable":true,"href":"https:\/\/b-solutionsgroup.com\/es\/wp-json\/wp\/v2\/users\/2"}],"replies":[{"embeddable":true,"href":"https:\/\/b-solutionsgroup.com\/es\/wp-json\/wp\/v2\/comments?post=4574"}],"version-history":[{"count":5,"href":"https:\/\/b-solutionsgroup.com\/es\/wp-json\/wp\/v2\/pages\/4574\/revisions"}],"predecessor-version":[{"id":4585,"href":"https:\/\/b-solutionsgroup.com\/es\/wp-json\/wp\/v2\/pages\/4574\/revisions\/4585"}],"wp:attachment":[{"href":"https:\/\/b-solutionsgroup.com\/es\/wp-json\/wp\/v2\/media?parent=4574"}],"curies":[{"name":"wp","href":"https:\/\/api.w.org\/{rel}","templated":true}]}}