{"id":4581,"date":"2018-06-14T20:32:10","date_gmt":"2018-06-14T20:32:10","guid":{"rendered":"http:\/\/demo.b-solutionsgroup.com\/?page_id=4581"},"modified":"2018-06-14T20:32:10","modified_gmt":"2018-06-14T20:32:10","slug":"auditoria-tecnologia-de-informacion-y-comunicaciones","status":"publish","type":"page","link":"https:\/\/b-solutionsgroup.com\/es\/auditoria-tecnologia-de-informacion-y-comunicaciones\/","title":{"rendered":"Auditor\u00eda \u2013 Tecnolog\u00eda de Informaci\u00f3n y Comunicaciones"},"content":{"rendered":"<div class=\"wpb-content-wrapper\"><div data-row-brightness=\"light\" class=\"vc_row wpb_row vc_row-fluid rella-row-shadowbox-69ea42ecdf664\" style=\"\"><div class=\"wpb_column vc_column_container vc_col-sm-12\" ><div class=\"vc_column-inner \"  style=\"\"><div class=\"wpb_wrapper\">\n\t<div class=\"wpb_text_column wpb_content_element \">\n\t\t<div class=\"wpb_wrapper\">\n\t\t\t<p>Para realizar un proceso de auditor\u00eda sobre la pr\u00e1ctica de Tecnolog\u00eda de Informaci\u00f3n y Comunicaciones, la primera consideraci\u00f3n que se toma es la importancia que la informaci\u00f3n tiene para la toma de decisiones y el nivel de dependencia, en toda la pir\u00e1mide organizacional, de los procesos de negocios. Ahora bien, cuando auditamos la T.I.C. en la organizaci\u00f3n nos interesa el modelo de gesti\u00f3n y el modelo de gobierno, de tal forma que se busca auditar bajo la correcta y concreta integraci\u00f3n de la T.I.C. para con el negocio y viceversa.<\/p>\n<p>Nuestro objetivo, en cualquiera de los servicios relacionados, es realizar recomendaciones de valor, fundamentadas en nuestra experiencia en la implementaci\u00f3n de las pr\u00e1cticas relacionadas con T.I.C., para alinear la Gesti\u00f3n de la Tecnolog\u00eda de Informaci\u00f3n y Comunicaciones con los requerimientos de la organizaci\u00f3n de tal forma la tecnolog\u00eda se convierta en un canal de soporte para el logro de los objetivos. Adicionalmente nos interesa asegurar el modelo de gobierno de T.I.C. para que todos los procesos de inversi\u00f3n respondan a una estrategia y se optimicen los recursos y procesos sin dejar de lado una gesti\u00f3n apropiada de los riesgos relacionados.<\/p>\n<p>Nuestra experiencia en este proceso nos permite optimizar los riesgos y los recursos requeridos para el desarrollo de este tipo de procesos y le asegura un alcance amplio de la auditor\u00eda incluyendo los modelos de Gobierno y Gesti\u00f3n, aplicados a la realidad empresarial y al contexto o industria de su organizaci\u00f3n.<\/p>\n<p>Para asegurar la calidad de nuestro portafolio de servicios contamos con profesionales con una vasta experiencia profesional, mismos que, garantizamos son parte integral del equipo consultor.<\/p>\n<p><img loading=\"lazy\" decoding=\"async\" class=\"size-full wp-image-4583 aligncenter\" src=\"http:\/\/demo.b-solutionsgroup.com\/wp-content\/uploads\/2018\/06\/auditorias-tic-imagen.jpg\" alt=\"\" width=\"800\" height=\"125\" srcset=\"https:\/\/b-solutionsgroup.com\/wp-content\/uploads\/2018\/06\/auditorias-tic-imagen.jpg 800w, https:\/\/b-solutionsgroup.com\/wp-content\/uploads\/2018\/06\/auditorias-tic-imagen-300x47.jpg 300w, https:\/\/b-solutionsgroup.com\/wp-content\/uploads\/2018\/06\/auditorias-tic-imagen-768x120.jpg 768w\" sizes=\"auto, (max-width: 800px) 100vw, 800px\" \/><\/p>\n\n\t\t<\/div>\n\t<\/div>\n<header class=\"section-title section-title-blue-underline2 align-center ra_section_title_69ea42ecdfcf6\" >\n\t<h2 class=\"title\">Preguntas frecuentes<\/h2><hr><\/header>\n\t<div class=\"wpb_text_column wpb_content_element \">\n\t\t<div class=\"wpb_wrapper\">\n\t\t\t<h4><strong>\u00bfVale la pena auditar basados en un marco de referencia internacional, sin estar certificados o implementados en la organizaci\u00f3n?<\/strong><\/h4>\n<p>Normalmente el uso de un est\u00e1ndar o un marco de referencia internacional genera valor para la organizaci\u00f3n, en cualquiera que sea el nivel de implementaci\u00f3n de \u00e9stos en las organizaciones, siempre ser\u00e1 de valor las recomendaciones que se obtienen al comparar lo hecho con un modelo internacional, siempre y cuando, se entienda la realidad, la capacidad y la obligaci\u00f3n u objetivo de la administraci\u00f3n en mejorar en un aspecto espec\u00edfico.<\/p>\n<h4><strong>\u00bfPor qu\u00e9 auditar el gobierno de la Tecnolog\u00eda de Informaci\u00f3n?<\/strong><\/h4>\n<p>El rol de la alta administraci\u00f3n en las pr\u00e1cticas de T.I.C. es fundamental, sus decisiones son las que deben guiar a la T.I.C. en los temas relacionados con la Estrategia, los recursos, los riesgos y la misma generaci\u00f3n de valor, caso contrario, la T.I.C. corre el riesgo de llegar a ser un departamento operativo con roles t\u00e1cticos y estrat\u00e9gicos.<\/p>\n\n\t\t<\/div>\n\t<\/div>\n<\/div><\/div><\/div><script type=\"text\/javascript\">(function($) {$(\"head\").append(\"<style>.rella-row-shadowbox-69ea42ecdf664{-webkit-box-shadow:;-moz-box-shadow:;box-shadow:;}<\/style>\");})(jQuery);<\/script><\/div>\n<\/div>","protected":false},"excerpt":{"rendered":"Para realizar un proceso de auditor\u00eda sobre la pr\u00e1ctica de Tecnolog\u00eda de Informaci\u00f3n y Comunicaciones, la primera consideraci\u00f3n que se toma es la importancia que la informaci\u00f3n tiene para la toma de decisiones y el nivel de dependencia, en toda la pir\u00e1mide organizacional, de los procesos de negocios. Ahora bien, cuando auditamos la T.I.C. en [...]","protected":false},"author":2,"featured_media":0,"parent":0,"menu_order":0,"comment_status":"closed","ping_status":"closed","template":"","meta":{"footnotes":""},"class_list":["post-4581","page","type-page","status-publish","hentry"],"yoast_head":"<!-- This site is optimized with the Yoast SEO plugin v27.2 - https:\/\/yoast.com\/product\/yoast-seo-wordpress\/ -->\n<title>BSolutions Group | Auditor\u00eda \u2013 Tecnolog\u00eda de Informaci\u00f3n y Comunicaciones<\/title>\n<meta name=\"robots\" content=\"index, follow, max-snippet:-1, max-image-preview:large, max-video-preview:-1\" \/>\n<link rel=\"canonical\" href=\"https:\/\/b-solutionsgroup.com\/es\/auditoria-tecnologia-de-informacion-y-comunicaciones\/\" \/>\n<meta property=\"og:locale\" content=\"es_ES\" \/>\n<meta property=\"og:type\" content=\"article\" \/>\n<meta property=\"og:title\" content=\"BSolutions Group | Auditor\u00eda \u2013 Tecnolog\u00eda de Informaci\u00f3n y Comunicaciones\" \/>\n<meta property=\"og:url\" content=\"https:\/\/b-solutionsgroup.com\/es\/auditoria-tecnologia-de-informacion-y-comunicaciones\/\" \/>\n<meta property=\"og:site_name\" content=\"BSolutions Group\" \/>\n<meta property=\"article:publisher\" content=\"https:\/\/www.facebook.com\/BSolutionsGroupCR\/\" \/>\n<meta property=\"og:image\" content=\"http:\/\/demo.b-solutionsgroup.com\/wp-content\/uploads\/2018\/06\/auditorias-tic-imagen.jpg\" \/>\n<meta name=\"twitter:card\" content=\"summary_large_image\" \/>\n<meta name=\"twitter:site\" content=\"@bsgwriteus\" \/>\n<meta name=\"twitter:label1\" content=\"Est. reading time\" \/>\n\t<meta name=\"twitter:data1\" content=\"3 minutos\" \/>\n<script type=\"application\/ld+json\" class=\"yoast-schema-graph\">{\"@context\":\"https:\/\/schema.org\",\"@graph\":[{\"@type\":\"WebPage\",\"@id\":\"https:\/\/b-solutionsgroup.com\/auditoria-tecnologia-de-informacion-y-comunicaciones\/\",\"url\":\"https:\/\/b-solutionsgroup.com\/auditoria-tecnologia-de-informacion-y-comunicaciones\/\",\"name\":\"BSolutions Group | Auditor\u00eda \u2013 Tecnolog\u00eda de Informaci\u00f3n y Comunicaciones\",\"isPartOf\":{\"@id\":\"https:\/\/b-solutionsgroup.com\/#website\"},\"primaryImageOfPage\":{\"@id\":\"https:\/\/b-solutionsgroup.com\/auditoria-tecnologia-de-informacion-y-comunicaciones\/#primaryimage\"},\"image\":{\"@id\":\"https:\/\/b-solutionsgroup.com\/auditoria-tecnologia-de-informacion-y-comunicaciones\/#primaryimage\"},\"thumbnailUrl\":\"http:\/\/demo.b-solutionsgroup.com\/wp-content\/uploads\/2018\/06\/auditorias-tic-imagen.jpg\",\"datePublished\":\"2018-06-14T20:32:10+00:00\",\"breadcrumb\":{\"@id\":\"https:\/\/b-solutionsgroup.com\/auditoria-tecnologia-de-informacion-y-comunicaciones\/#breadcrumb\"},\"inLanguage\":\"es-CR\",\"potentialAction\":[{\"@type\":\"ReadAction\",\"target\":[\"https:\/\/b-solutionsgroup.com\/auditoria-tecnologia-de-informacion-y-comunicaciones\/\"]}]},{\"@type\":\"ImageObject\",\"inLanguage\":\"es-CR\",\"@id\":\"https:\/\/b-solutionsgroup.com\/auditoria-tecnologia-de-informacion-y-comunicaciones\/#primaryimage\",\"url\":\"http:\/\/demo.b-solutionsgroup.com\/wp-content\/uploads\/2018\/06\/auditorias-tic-imagen.jpg\",\"contentUrl\":\"http:\/\/demo.b-solutionsgroup.com\/wp-content\/uploads\/2018\/06\/auditorias-tic-imagen.jpg\"},{\"@type\":\"BreadcrumbList\",\"@id\":\"https:\/\/b-solutionsgroup.com\/auditoria-tecnologia-de-informacion-y-comunicaciones\/#breadcrumb\",\"itemListElement\":[{\"@type\":\"ListItem\",\"position\":1,\"name\":\"Portada\",\"item\":\"https:\/\/b-solutionsgroup.com\/\"},{\"@type\":\"ListItem\",\"position\":2,\"name\":\"Auditor\u00eda \u2013 Tecnolog\u00eda de Informaci\u00f3n y Comunicaciones\"}]},{\"@type\":\"WebSite\",\"@id\":\"https:\/\/b-solutionsgroup.com\/#website\",\"url\":\"https:\/\/b-solutionsgroup.com\/\",\"name\":\"BSolutions Group\",\"description\":\"Expertos en soluciones de negocios\",\"publisher\":{\"@id\":\"https:\/\/b-solutionsgroup.com\/#organization\"},\"potentialAction\":[{\"@type\":\"SearchAction\",\"target\":{\"@type\":\"EntryPoint\",\"urlTemplate\":\"https:\/\/b-solutionsgroup.com\/?s={search_term_string}\"},\"query-input\":{\"@type\":\"PropertyValueSpecification\",\"valueRequired\":true,\"valueName\":\"search_term_string\"}}],\"inLanguage\":\"es-CR\"},{\"@type\":\"Organization\",\"@id\":\"https:\/\/b-solutionsgroup.com\/#organization\",\"name\":\"BSolutions Group\",\"url\":\"https:\/\/b-solutionsgroup.com\/\",\"logo\":{\"@type\":\"ImageObject\",\"inLanguage\":\"es-CR\",\"@id\":\"https:\/\/b-solutionsgroup.com\/#\/schema\/logo\/image\/\",\"url\":\"https:\/\/b-solutionsgroup.com\/wp-content\/uploads\/2018\/06\/BSG_logo.png\",\"contentUrl\":\"https:\/\/b-solutionsgroup.com\/wp-content\/uploads\/2018\/06\/BSG_logo.png\",\"width\":197,\"height\":48,\"caption\":\"BSolutions Group\"},\"image\":{\"@id\":\"https:\/\/b-solutionsgroup.com\/#\/schema\/logo\/image\/\"},\"sameAs\":[\"https:\/\/www.facebook.com\/BSolutionsGroupCR\/\",\"https:\/\/x.com\/bsgwriteus\",\"https:\/\/www.linkedin.com\/company\/bsolutions-group\/\"]}]}<\/script>\n<!-- \/ Yoast SEO plugin. -->","yoast_head_json":{"title":"BSolutions Group | Auditor\u00eda \u2013 Tecnolog\u00eda de Informaci\u00f3n y Comunicaciones","robots":{"index":"index","follow":"follow","max-snippet":"max-snippet:-1","max-image-preview":"max-image-preview:large","max-video-preview":"max-video-preview:-1"},"canonical":"https:\/\/b-solutionsgroup.com\/es\/auditoria-tecnologia-de-informacion-y-comunicaciones\/","og_locale":"es_ES","og_type":"article","og_title":"BSolutions Group | Auditor\u00eda \u2013 Tecnolog\u00eda de Informaci\u00f3n y Comunicaciones","og_url":"https:\/\/b-solutionsgroup.com\/es\/auditoria-tecnologia-de-informacion-y-comunicaciones\/","og_site_name":"BSolutions Group","article_publisher":"https:\/\/www.facebook.com\/BSolutionsGroupCR\/","og_image":[{"url":"http:\/\/demo.b-solutionsgroup.com\/wp-content\/uploads\/2018\/06\/auditorias-tic-imagen.jpg","type":"","width":"","height":""}],"twitter_card":"summary_large_image","twitter_site":"@bsgwriteus","twitter_misc":{"Est. reading time":"3 minutos"},"schema":{"@context":"https:\/\/schema.org","@graph":[{"@type":"WebPage","@id":"https:\/\/b-solutionsgroup.com\/auditoria-tecnologia-de-informacion-y-comunicaciones\/","url":"https:\/\/b-solutionsgroup.com\/auditoria-tecnologia-de-informacion-y-comunicaciones\/","name":"BSolutions Group | Auditor\u00eda \u2013 Tecnolog\u00eda de Informaci\u00f3n y Comunicaciones","isPartOf":{"@id":"https:\/\/b-solutionsgroup.com\/#website"},"primaryImageOfPage":{"@id":"https:\/\/b-solutionsgroup.com\/auditoria-tecnologia-de-informacion-y-comunicaciones\/#primaryimage"},"image":{"@id":"https:\/\/b-solutionsgroup.com\/auditoria-tecnologia-de-informacion-y-comunicaciones\/#primaryimage"},"thumbnailUrl":"http:\/\/demo.b-solutionsgroup.com\/wp-content\/uploads\/2018\/06\/auditorias-tic-imagen.jpg","datePublished":"2018-06-14T20:32:10+00:00","breadcrumb":{"@id":"https:\/\/b-solutionsgroup.com\/auditoria-tecnologia-de-informacion-y-comunicaciones\/#breadcrumb"},"inLanguage":"es-CR","potentialAction":[{"@type":"ReadAction","target":["https:\/\/b-solutionsgroup.com\/auditoria-tecnologia-de-informacion-y-comunicaciones\/"]}]},{"@type":"ImageObject","inLanguage":"es-CR","@id":"https:\/\/b-solutionsgroup.com\/auditoria-tecnologia-de-informacion-y-comunicaciones\/#primaryimage","url":"http:\/\/demo.b-solutionsgroup.com\/wp-content\/uploads\/2018\/06\/auditorias-tic-imagen.jpg","contentUrl":"http:\/\/demo.b-solutionsgroup.com\/wp-content\/uploads\/2018\/06\/auditorias-tic-imagen.jpg"},{"@type":"BreadcrumbList","@id":"https:\/\/b-solutionsgroup.com\/auditoria-tecnologia-de-informacion-y-comunicaciones\/#breadcrumb","itemListElement":[{"@type":"ListItem","position":1,"name":"Portada","item":"https:\/\/b-solutionsgroup.com\/"},{"@type":"ListItem","position":2,"name":"Auditor\u00eda \u2013 Tecnolog\u00eda de Informaci\u00f3n y Comunicaciones"}]},{"@type":"WebSite","@id":"https:\/\/b-solutionsgroup.com\/#website","url":"https:\/\/b-solutionsgroup.com\/","name":"BSolutions Group","description":"Expertos en soluciones de negocios","publisher":{"@id":"https:\/\/b-solutionsgroup.com\/#organization"},"potentialAction":[{"@type":"SearchAction","target":{"@type":"EntryPoint","urlTemplate":"https:\/\/b-solutionsgroup.com\/?s={search_term_string}"},"query-input":{"@type":"PropertyValueSpecification","valueRequired":true,"valueName":"search_term_string"}}],"inLanguage":"es-CR"},{"@type":"Organization","@id":"https:\/\/b-solutionsgroup.com\/#organization","name":"BSolutions Group","url":"https:\/\/b-solutionsgroup.com\/","logo":{"@type":"ImageObject","inLanguage":"es-CR","@id":"https:\/\/b-solutionsgroup.com\/#\/schema\/logo\/image\/","url":"https:\/\/b-solutionsgroup.com\/wp-content\/uploads\/2018\/06\/BSG_logo.png","contentUrl":"https:\/\/b-solutionsgroup.com\/wp-content\/uploads\/2018\/06\/BSG_logo.png","width":197,"height":48,"caption":"BSolutions Group"},"image":{"@id":"https:\/\/b-solutionsgroup.com\/#\/schema\/logo\/image\/"},"sameAs":["https:\/\/www.facebook.com\/BSolutionsGroupCR\/","https:\/\/x.com\/bsgwriteus","https:\/\/www.linkedin.com\/company\/bsolutions-group\/"]}]}},"_links":{"self":[{"href":"https:\/\/b-solutionsgroup.com\/es\/wp-json\/wp\/v2\/pages\/4581","targetHints":{"allow":["GET"]}}],"collection":[{"href":"https:\/\/b-solutionsgroup.com\/es\/wp-json\/wp\/v2\/pages"}],"about":[{"href":"https:\/\/b-solutionsgroup.com\/es\/wp-json\/wp\/v2\/types\/page"}],"author":[{"embeddable":true,"href":"https:\/\/b-solutionsgroup.com\/es\/wp-json\/wp\/v2\/users\/2"}],"replies":[{"embeddable":true,"href":"https:\/\/b-solutionsgroup.com\/es\/wp-json\/wp\/v2\/comments?post=4581"}],"version-history":[{"count":2,"href":"https:\/\/b-solutionsgroup.com\/es\/wp-json\/wp\/v2\/pages\/4581\/revisions"}],"predecessor-version":[{"id":4584,"href":"https:\/\/b-solutionsgroup.com\/es\/wp-json\/wp\/v2\/pages\/4581\/revisions\/4584"}],"wp:attachment":[{"href":"https:\/\/b-solutionsgroup.com\/es\/wp-json\/wp\/v2\/media?parent=4581"}],"curies":[{"name":"wp","href":"https:\/\/api.w.org\/{rel}","templated":true}]}}