{"id":4586,"date":"2018-06-14T20:36:32","date_gmt":"2018-06-14T20:36:32","guid":{"rendered":"http:\/\/demo.b-solutionsgroup.com\/?page_id=4586"},"modified":"2018-06-14T20:36:32","modified_gmt":"2018-06-14T20:36:32","slug":"administracion-de-proyectos","status":"publish","type":"page","link":"https:\/\/b-solutionsgroup.com\/es\/administracion-de-proyectos\/","title":{"rendered":"Administraci\u00f3n de proyectos"},"content":{"rendered":"<div class=\"wpb-content-wrapper\"><div data-row-brightness=\"light\" class=\"vc_row wpb_row vc_row-fluid rella-row-shadowbox-69ea410564045\" style=\"\"><div class=\"wpb_column vc_column_container vc_col-sm-12\" ><div class=\"vc_column-inner \"  style=\"\"><div class=\"wpb_wrapper\">\n\t<div class=\"wpb_text_column wpb_content_element \">\n\t\t<div class=\"wpb_wrapper\">\n\t\t\t<p><span style=\"font-family: 'Arial',sans-serif;\">La pr\u00e1ctica de administraci\u00f3n de proyectos se ha especializado en los \u00faltimos a\u00f1os, esa especializaci\u00f3n a derivado en una formalizaci\u00f3n del proceso desde su concepci\u00f3n hasta el cierre respectivo. Normalmente la formalizaci\u00f3n se entiende como la aplicaci\u00f3n de un est\u00e1ndar o marco de referencia internacional, lo cual aporta mucho valor, pero nosotros como consultores y auditores, estamos convencidos que la mejor pr\u00e1ctica ser\u00e1 siempre la que ha llevado al \u00e9xito a la organizaci\u00f3n, es por eso que nuestra intensi\u00f3n como auditores es validar que en temas de proyectos la organizaci\u00f3n da los pasos oportunos y correctos para conseguir los objetivos planteados.<\/span><\/p>\n<p><span style=\"font-family: 'Arial',sans-serif;\">Nuestro objetivo, en cualquiera de los servicios relacionados, es realizar recomendaciones de valor, fundamentadas en nuestra experiencia en la implementaci\u00f3n de las pr\u00e1cticas relacionadas con la administraci\u00f3n de proyectos y derivadas de marcos de referencia como PMBok o Prince 2, para alinear el proyecto, cualesquiera que este sea, con la consecuci\u00f3n del logro definido. Adicionalmente nos interesa asegurar el modelo de gobierno para los proyectos, para que la\u00a0inversi\u00f3n responda a una estrategia y se optimicen los recursos y procesos sin dejar de lado una gesti\u00f3n apropiada de los riesgos relacionados.<\/span><\/p>\n<p><span style=\"font-family: 'Arial',sans-serif;\">Nuestra experiencia en este proceso nos permite optimizar los riesgos y los recursos requeridos para el desarrollo de este tipo de procesos y le asegura un alcance amplio de la auditor\u00eda incluyendo los modelos de Gobierno y Gesti\u00f3n, aplicados a la realidad empresarial y al contexto o industria de su organizaci\u00f3n.<\/span><\/p>\n<p><span style=\"font-family: 'Arial',sans-serif;\">Para asegurar la calidad de nuestro portafolio de servicios contamos con profesionales con una vasta experiencia profesional, mismos que, garantizamos son parte integral del equipo consultor.<\/span><\/p>\n\n\t\t<\/div>\n\t<\/div>\n<\/div><\/div><\/div><script type=\"text\/javascript\">(function($) {$(\"head\").append(\"<style>.rella-row-shadowbox-69ea410564045{-webkit-box-shadow:;-moz-box-shadow:;box-shadow:;}<\/style>\");})(jQuery);<\/script><\/div>\n<\/div>","protected":false},"excerpt":{"rendered":"La pr\u00e1ctica de administraci\u00f3n de proyectos se ha especializado en los \u00faltimos a\u00f1os, esa especializaci\u00f3n a derivado en una formalizaci\u00f3n del proceso desde su concepci\u00f3n hasta el cierre respectivo. Normalmente la formalizaci\u00f3n se entiende como la aplicaci\u00f3n de un est\u00e1ndar o marco de referencia internacional, lo cual aporta mucho valor, pero nosotros como consultores y [...]","protected":false},"author":2,"featured_media":0,"parent":0,"menu_order":0,"comment_status":"closed","ping_status":"closed","template":"","meta":{"footnotes":""},"class_list":["post-4586","page","type-page","status-publish","hentry"],"yoast_head":"<!-- This site is optimized with the Yoast SEO plugin v27.2 - https:\/\/yoast.com\/product\/yoast-seo-wordpress\/ -->\n<title>BSolutions Group | Administraci\u00f3n de proyectos<\/title>\n<meta name=\"robots\" content=\"index, follow, max-snippet:-1, max-image-preview:large, max-video-preview:-1\" \/>\n<link rel=\"canonical\" href=\"https:\/\/b-solutionsgroup.com\/es\/administracion-de-proyectos\/\" \/>\n<meta property=\"og:locale\" content=\"es_ES\" \/>\n<meta property=\"og:type\" content=\"article\" \/>\n<meta property=\"og:title\" content=\"BSolutions Group | Administraci\u00f3n de proyectos\" \/>\n<meta property=\"og:url\" content=\"https:\/\/b-solutionsgroup.com\/es\/administracion-de-proyectos\/\" \/>\n<meta property=\"og:site_name\" content=\"BSolutions Group\" \/>\n<meta property=\"article:publisher\" content=\"https:\/\/www.facebook.com\/BSolutionsGroupCR\/\" \/>\n<meta property=\"og:image\" content=\"https:\/\/b-solutionsgroup.com\/wp-content\/uploads\/2018\/06\/bsg-web-imagen.jpg\" \/>\n\t<meta property=\"og:image:width\" content=\"2300\" \/>\n\t<meta property=\"og:image:height\" content=\"1150\" \/>\n\t<meta property=\"og:image:type\" content=\"image\/jpeg\" \/>\n<meta name=\"twitter:card\" content=\"summary_large_image\" \/>\n<meta name=\"twitter:site\" content=\"@bsgwriteus\" \/>\n<meta name=\"twitter:label1\" content=\"Est. reading time\" \/>\n\t<meta name=\"twitter:data1\" content=\"2 minutos\" \/>\n<script type=\"application\/ld+json\" class=\"yoast-schema-graph\">{\"@context\":\"https:\/\/schema.org\",\"@graph\":[{\"@type\":\"WebPage\",\"@id\":\"https:\/\/b-solutionsgroup.com\/administracion-de-proyectos\/\",\"url\":\"https:\/\/b-solutionsgroup.com\/administracion-de-proyectos\/\",\"name\":\"BSolutions Group | Administraci\u00f3n de proyectos\",\"isPartOf\":{\"@id\":\"https:\/\/b-solutionsgroup.com\/#website\"},\"datePublished\":\"2018-06-14T20:36:32+00:00\",\"breadcrumb\":{\"@id\":\"https:\/\/b-solutionsgroup.com\/administracion-de-proyectos\/#breadcrumb\"},\"inLanguage\":\"es-CR\",\"potentialAction\":[{\"@type\":\"ReadAction\",\"target\":[\"https:\/\/b-solutionsgroup.com\/administracion-de-proyectos\/\"]}]},{\"@type\":\"BreadcrumbList\",\"@id\":\"https:\/\/b-solutionsgroup.com\/administracion-de-proyectos\/#breadcrumb\",\"itemListElement\":[{\"@type\":\"ListItem\",\"position\":1,\"name\":\"Portada\",\"item\":\"https:\/\/b-solutionsgroup.com\/\"},{\"@type\":\"ListItem\",\"position\":2,\"name\":\"Administraci\u00f3n de proyectos\"}]},{\"@type\":\"WebSite\",\"@id\":\"https:\/\/b-solutionsgroup.com\/#website\",\"url\":\"https:\/\/b-solutionsgroup.com\/\",\"name\":\"BSolutions Group\",\"description\":\"Expertos en soluciones de negocios\",\"publisher\":{\"@id\":\"https:\/\/b-solutionsgroup.com\/#organization\"},\"potentialAction\":[{\"@type\":\"SearchAction\",\"target\":{\"@type\":\"EntryPoint\",\"urlTemplate\":\"https:\/\/b-solutionsgroup.com\/?s={search_term_string}\"},\"query-input\":{\"@type\":\"PropertyValueSpecification\",\"valueRequired\":true,\"valueName\":\"search_term_string\"}}],\"inLanguage\":\"es-CR\"},{\"@type\":\"Organization\",\"@id\":\"https:\/\/b-solutionsgroup.com\/#organization\",\"name\":\"BSolutions Group\",\"url\":\"https:\/\/b-solutionsgroup.com\/\",\"logo\":{\"@type\":\"ImageObject\",\"inLanguage\":\"es-CR\",\"@id\":\"https:\/\/b-solutionsgroup.com\/#\/schema\/logo\/image\/\",\"url\":\"https:\/\/b-solutionsgroup.com\/wp-content\/uploads\/2018\/06\/BSG_logo.png\",\"contentUrl\":\"https:\/\/b-solutionsgroup.com\/wp-content\/uploads\/2018\/06\/BSG_logo.png\",\"width\":197,\"height\":48,\"caption\":\"BSolutions Group\"},\"image\":{\"@id\":\"https:\/\/b-solutionsgroup.com\/#\/schema\/logo\/image\/\"},\"sameAs\":[\"https:\/\/www.facebook.com\/BSolutionsGroupCR\/\",\"https:\/\/x.com\/bsgwriteus\",\"https:\/\/www.linkedin.com\/company\/bsolutions-group\/\"]}]}<\/script>\n<!-- \/ Yoast SEO plugin. -->","yoast_head_json":{"title":"BSolutions Group | Administraci\u00f3n de proyectos","robots":{"index":"index","follow":"follow","max-snippet":"max-snippet:-1","max-image-preview":"max-image-preview:large","max-video-preview":"max-video-preview:-1"},"canonical":"https:\/\/b-solutionsgroup.com\/es\/administracion-de-proyectos\/","og_locale":"es_ES","og_type":"article","og_title":"BSolutions Group | Administraci\u00f3n de proyectos","og_url":"https:\/\/b-solutionsgroup.com\/es\/administracion-de-proyectos\/","og_site_name":"BSolutions Group","article_publisher":"https:\/\/www.facebook.com\/BSolutionsGroupCR\/","og_image":[{"width":2300,"height":1150,"url":"https:\/\/b-solutionsgroup.com\/wp-content\/uploads\/2018\/06\/bsg-web-imagen.jpg","type":"image\/jpeg"}],"twitter_card":"summary_large_image","twitter_site":"@bsgwriteus","twitter_misc":{"Est. reading time":"2 minutos"},"schema":{"@context":"https:\/\/schema.org","@graph":[{"@type":"WebPage","@id":"https:\/\/b-solutionsgroup.com\/administracion-de-proyectos\/","url":"https:\/\/b-solutionsgroup.com\/administracion-de-proyectos\/","name":"BSolutions Group | Administraci\u00f3n de proyectos","isPartOf":{"@id":"https:\/\/b-solutionsgroup.com\/#website"},"datePublished":"2018-06-14T20:36:32+00:00","breadcrumb":{"@id":"https:\/\/b-solutionsgroup.com\/administracion-de-proyectos\/#breadcrumb"},"inLanguage":"es-CR","potentialAction":[{"@type":"ReadAction","target":["https:\/\/b-solutionsgroup.com\/administracion-de-proyectos\/"]}]},{"@type":"BreadcrumbList","@id":"https:\/\/b-solutionsgroup.com\/administracion-de-proyectos\/#breadcrumb","itemListElement":[{"@type":"ListItem","position":1,"name":"Portada","item":"https:\/\/b-solutionsgroup.com\/"},{"@type":"ListItem","position":2,"name":"Administraci\u00f3n de proyectos"}]},{"@type":"WebSite","@id":"https:\/\/b-solutionsgroup.com\/#website","url":"https:\/\/b-solutionsgroup.com\/","name":"BSolutions Group","description":"Expertos en soluciones de negocios","publisher":{"@id":"https:\/\/b-solutionsgroup.com\/#organization"},"potentialAction":[{"@type":"SearchAction","target":{"@type":"EntryPoint","urlTemplate":"https:\/\/b-solutionsgroup.com\/?s={search_term_string}"},"query-input":{"@type":"PropertyValueSpecification","valueRequired":true,"valueName":"search_term_string"}}],"inLanguage":"es-CR"},{"@type":"Organization","@id":"https:\/\/b-solutionsgroup.com\/#organization","name":"BSolutions Group","url":"https:\/\/b-solutionsgroup.com\/","logo":{"@type":"ImageObject","inLanguage":"es-CR","@id":"https:\/\/b-solutionsgroup.com\/#\/schema\/logo\/image\/","url":"https:\/\/b-solutionsgroup.com\/wp-content\/uploads\/2018\/06\/BSG_logo.png","contentUrl":"https:\/\/b-solutionsgroup.com\/wp-content\/uploads\/2018\/06\/BSG_logo.png","width":197,"height":48,"caption":"BSolutions Group"},"image":{"@id":"https:\/\/b-solutionsgroup.com\/#\/schema\/logo\/image\/"},"sameAs":["https:\/\/www.facebook.com\/BSolutionsGroupCR\/","https:\/\/x.com\/bsgwriteus","https:\/\/www.linkedin.com\/company\/bsolutions-group\/"]}]}},"_links":{"self":[{"href":"https:\/\/b-solutionsgroup.com\/es\/wp-json\/wp\/v2\/pages\/4586","targetHints":{"allow":["GET"]}}],"collection":[{"href":"https:\/\/b-solutionsgroup.com\/es\/wp-json\/wp\/v2\/pages"}],"about":[{"href":"https:\/\/b-solutionsgroup.com\/es\/wp-json\/wp\/v2\/types\/page"}],"author":[{"embeddable":true,"href":"https:\/\/b-solutionsgroup.com\/es\/wp-json\/wp\/v2\/users\/2"}],"replies":[{"embeddable":true,"href":"https:\/\/b-solutionsgroup.com\/es\/wp-json\/wp\/v2\/comments?post=4586"}],"version-history":[{"count":1,"href":"https:\/\/b-solutionsgroup.com\/es\/wp-json\/wp\/v2\/pages\/4586\/revisions"}],"predecessor-version":[{"id":4587,"href":"https:\/\/b-solutionsgroup.com\/es\/wp-json\/wp\/v2\/pages\/4586\/revisions\/4587"}],"wp:attachment":[{"href":"https:\/\/b-solutionsgroup.com\/es\/wp-json\/wp\/v2\/media?parent=4586"}],"curies":[{"name":"wp","href":"https:\/\/api.w.org\/{rel}","templated":true}]}}