{"id":4617,"date":"2018-06-15T15:59:08","date_gmt":"2018-06-15T15:59:08","guid":{"rendered":"http:\/\/demo.b-solutionsgroup.com\/?page_id=4617"},"modified":"2018-06-15T16:02:10","modified_gmt":"2018-06-15T16:02:10","slug":"plan-de-continuidad-de-los-procesos-de-negocios","status":"publish","type":"page","link":"https:\/\/b-solutionsgroup.com\/es\/plan-de-continuidad-de-los-procesos-de-negocios\/","title":{"rendered":"Plan de Continuidad de los Procesos de Negocios"},"content":{"rendered":"<div class=\"wpb-content-wrapper\"><div data-row-brightness=\"light\" class=\"vc_row wpb_row vc_row-fluid rella-row-shadowbox-69ea4104cd1fc\" style=\"\"><div class=\"wpb_column vc_column_container vc_col-sm-12\" ><div class=\"vc_column-inner \"  style=\"\"><div class=\"wpb_wrapper\">\n\t<div class=\"wpb_text_column wpb_content_element \">\n\t\t<div class=\"wpb_wrapper\">\n\t\t\t<p>Un Plan de Continuidad tiene como objetivo garantizar que los procesos de negocios y por consiguiente los servicios de la empresa est\u00e9n disponibles para los clientes en cualquier momento, seg\u00fan las expectativas y naturaleza del negocio. Adicionalmente, y hacia el interno, es una buena herramienta para asegurar la inversi\u00f3n en tecnolog\u00eda y la informaci\u00f3n asociada a los procesos de negocios.<\/p>\n<p>Nuestro objetivo, en cualesquiera de los servicios relacionados, es alinear los resultados del Plan de Continuidad con las expectativas de los diferentes participantes en la toma de decisiones del negocio, incluyendo los clientes, y que todos los recursos requeridos para lograr ese alineamiento est\u00e9n bajo un modelo de gesti\u00f3n y gobierno.<\/p>\n<p>Nuestra experiencia en este proceso nos ha llevado a utilizar diferentes marcos de referencia y est\u00e1ndares internacionales, normalmente utilizamos lo definido por el Disaster Recovery Institute (DRII) y gestionamos de acuerdo al ISO-22301, sin olvidar los requerimientos de la ISO-27001 y los fundamentos de la ISO-31000. Para que este combinado de pr\u00e1cticas sea aplicado correctamente contamos con los profesionales certificados internacionalmente, mismos que, garantizamos son parte integral del equipo consultor.<\/p>\n<p><img loading=\"lazy\" decoding=\"async\" class=\"wp-image-4621 size-full aligncenter\" src=\"http:\/\/demo.b-solutionsgroup.com\/wp-content\/uploads\/2018\/06\/plan-de-continuidad-grafico.jpg\" alt=\"\" width=\"800\" height=\"341\" srcset=\"https:\/\/b-solutionsgroup.com\/wp-content\/uploads\/2018\/06\/plan-de-continuidad-grafico.jpg 800w, https:\/\/b-solutionsgroup.com\/wp-content\/uploads\/2018\/06\/plan-de-continuidad-grafico-300x128.jpg 300w, https:\/\/b-solutionsgroup.com\/wp-content\/uploads\/2018\/06\/plan-de-continuidad-grafico-768x327.jpg 768w\" sizes=\"auto, (max-width: 800px) 100vw, 800px\" \/><\/p>\n\n\t\t<\/div>\n\t<\/div>\n<header class=\"section-title section-title-blue-underline2 align-center ra_section_title_69ea4104cd702\" >\n\t<h2 class=\"title\">Preguntas frecuentes<\/h2><hr><\/header>\n\t<div class=\"wpb_text_column wpb_content_element \">\n\t\t<div class=\"wpb_wrapper\">\n\t\t\t<h4><strong>\u00bfEl Plan de Continuidad incluye el Plan de Recuperaci\u00f3n de T.I.C.?<\/strong><\/h4>\n<p>Correcto, no se puede desarrollar un Plan de Continuidad de los Procesos del Negocio sin considerar la Tecnolog\u00eda de Informaci\u00f3n y Comunicaciones<\/p>\n<h4><strong>\u00bfDebe la empresa contar con un gestor de Continuidad para implementar?<\/strong><\/h4>\n<p>En nuestras latitudes es complicado imaginar a una persona desarrollando este Puesto, hay organizaciones que lo ameritan por su tama\u00f1o y naturaleza, pero la generalidad es que esto es m\u00e1s un rol que debe ser asumido por una persona con al menos otro Rol en la organizaci\u00f3n.<\/p>\n\n\t\t<\/div>\n\t<\/div>\n<\/div><\/div><\/div><script type=\"text\/javascript\">(function($) {$(\"head\").append(\"<style>.rella-row-shadowbox-69ea4104cd1fc{-webkit-box-shadow:;-moz-box-shadow:;box-shadow:;}<\/style>\");})(jQuery);<\/script><\/div>\n<\/div>","protected":false},"excerpt":{"rendered":"Un Plan de Continuidad tiene como objetivo garantizar que los procesos de negocios y por consiguiente los servicios de la empresa est\u00e9n disponibles para los clientes en cualquier momento, seg\u00fan las expectativas y naturaleza del negocio. Adicionalmente, y hacia el interno, es una buena herramienta para asegurar la inversi\u00f3n en tecnolog\u00eda y la informaci\u00f3n asociada [...]","protected":false},"author":2,"featured_media":0,"parent":0,"menu_order":0,"comment_status":"closed","ping_status":"closed","template":"","meta":{"footnotes":""},"class_list":["post-4617","page","type-page","status-publish","hentry"],"yoast_head":"<!-- This site is optimized with the Yoast SEO plugin v27.2 - https:\/\/yoast.com\/product\/yoast-seo-wordpress\/ -->\n<title>BSolutions Group | Plan de Continuidad de los Procesos de Negocios<\/title>\n<meta name=\"robots\" content=\"index, follow, max-snippet:-1, max-image-preview:large, max-video-preview:-1\" \/>\n<link rel=\"canonical\" href=\"https:\/\/b-solutionsgroup.com\/es\/plan-de-continuidad-de-los-procesos-de-negocios\/\" \/>\n<meta property=\"og:locale\" content=\"es_ES\" \/>\n<meta property=\"og:type\" content=\"article\" \/>\n<meta property=\"og:title\" content=\"BSolutions Group | Plan de Continuidad de los Procesos de Negocios\" \/>\n<meta property=\"og:url\" content=\"https:\/\/b-solutionsgroup.com\/es\/plan-de-continuidad-de-los-procesos-de-negocios\/\" \/>\n<meta property=\"og:site_name\" content=\"BSolutions Group\" \/>\n<meta property=\"article:publisher\" content=\"https:\/\/www.facebook.com\/BSolutionsGroupCR\/\" \/>\n<meta property=\"article:modified_time\" content=\"2018-06-15T16:02:10+00:00\" \/>\n<meta property=\"og:image\" content=\"http:\/\/demo.b-solutionsgroup.com\/wp-content\/uploads\/2018\/06\/plan-de-continuidad-grafico.jpg\" \/>\n<meta name=\"twitter:card\" content=\"summary_large_image\" \/>\n<meta name=\"twitter:site\" content=\"@bsgwriteus\" \/>\n<meta name=\"twitter:label1\" content=\"Est. reading time\" \/>\n\t<meta name=\"twitter:data1\" content=\"2 minutos\" \/>\n<script type=\"application\/ld+json\" class=\"yoast-schema-graph\">{\"@context\":\"https:\/\/schema.org\",\"@graph\":[{\"@type\":\"WebPage\",\"@id\":\"https:\/\/b-solutionsgroup.com\/plan-de-continuidad-de-los-procesos-de-negocios\/\",\"url\":\"https:\/\/b-solutionsgroup.com\/plan-de-continuidad-de-los-procesos-de-negocios\/\",\"name\":\"BSolutions Group | Plan de Continuidad de los Procesos de Negocios\",\"isPartOf\":{\"@id\":\"https:\/\/b-solutionsgroup.com\/#website\"},\"primaryImageOfPage\":{\"@id\":\"https:\/\/b-solutionsgroup.com\/plan-de-continuidad-de-los-procesos-de-negocios\/#primaryimage\"},\"image\":{\"@id\":\"https:\/\/b-solutionsgroup.com\/plan-de-continuidad-de-los-procesos-de-negocios\/#primaryimage\"},\"thumbnailUrl\":\"http:\/\/demo.b-solutionsgroup.com\/wp-content\/uploads\/2018\/06\/plan-de-continuidad-grafico.jpg\",\"datePublished\":\"2018-06-15T15:59:08+00:00\",\"dateModified\":\"2018-06-15T16:02:10+00:00\",\"breadcrumb\":{\"@id\":\"https:\/\/b-solutionsgroup.com\/plan-de-continuidad-de-los-procesos-de-negocios\/#breadcrumb\"},\"inLanguage\":\"es-CR\",\"potentialAction\":[{\"@type\":\"ReadAction\",\"target\":[\"https:\/\/b-solutionsgroup.com\/plan-de-continuidad-de-los-procesos-de-negocios\/\"]}]},{\"@type\":\"ImageObject\",\"inLanguage\":\"es-CR\",\"@id\":\"https:\/\/b-solutionsgroup.com\/plan-de-continuidad-de-los-procesos-de-negocios\/#primaryimage\",\"url\":\"http:\/\/demo.b-solutionsgroup.com\/wp-content\/uploads\/2018\/06\/plan-de-continuidad-grafico.jpg\",\"contentUrl\":\"http:\/\/demo.b-solutionsgroup.com\/wp-content\/uploads\/2018\/06\/plan-de-continuidad-grafico.jpg\"},{\"@type\":\"BreadcrumbList\",\"@id\":\"https:\/\/b-solutionsgroup.com\/plan-de-continuidad-de-los-procesos-de-negocios\/#breadcrumb\",\"itemListElement\":[{\"@type\":\"ListItem\",\"position\":1,\"name\":\"Portada\",\"item\":\"https:\/\/b-solutionsgroup.com\/\"},{\"@type\":\"ListItem\",\"position\":2,\"name\":\"Plan de Continuidad de los Procesos de Negocios\"}]},{\"@type\":\"WebSite\",\"@id\":\"https:\/\/b-solutionsgroup.com\/#website\",\"url\":\"https:\/\/b-solutionsgroup.com\/\",\"name\":\"BSolutions Group\",\"description\":\"Expertos en soluciones de negocios\",\"publisher\":{\"@id\":\"https:\/\/b-solutionsgroup.com\/#organization\"},\"potentialAction\":[{\"@type\":\"SearchAction\",\"target\":{\"@type\":\"EntryPoint\",\"urlTemplate\":\"https:\/\/b-solutionsgroup.com\/?s={search_term_string}\"},\"query-input\":{\"@type\":\"PropertyValueSpecification\",\"valueRequired\":true,\"valueName\":\"search_term_string\"}}],\"inLanguage\":\"es-CR\"},{\"@type\":\"Organization\",\"@id\":\"https:\/\/b-solutionsgroup.com\/#organization\",\"name\":\"BSolutions Group\",\"url\":\"https:\/\/b-solutionsgroup.com\/\",\"logo\":{\"@type\":\"ImageObject\",\"inLanguage\":\"es-CR\",\"@id\":\"https:\/\/b-solutionsgroup.com\/#\/schema\/logo\/image\/\",\"url\":\"https:\/\/b-solutionsgroup.com\/wp-content\/uploads\/2018\/06\/BSG_logo.png\",\"contentUrl\":\"https:\/\/b-solutionsgroup.com\/wp-content\/uploads\/2018\/06\/BSG_logo.png\",\"width\":197,\"height\":48,\"caption\":\"BSolutions Group\"},\"image\":{\"@id\":\"https:\/\/b-solutionsgroup.com\/#\/schema\/logo\/image\/\"},\"sameAs\":[\"https:\/\/www.facebook.com\/BSolutionsGroupCR\/\",\"https:\/\/x.com\/bsgwriteus\",\"https:\/\/www.linkedin.com\/company\/bsolutions-group\/\"]}]}<\/script>\n<!-- \/ Yoast SEO plugin. -->","yoast_head_json":{"title":"BSolutions Group | Plan de Continuidad de los Procesos de Negocios","robots":{"index":"index","follow":"follow","max-snippet":"max-snippet:-1","max-image-preview":"max-image-preview:large","max-video-preview":"max-video-preview:-1"},"canonical":"https:\/\/b-solutionsgroup.com\/es\/plan-de-continuidad-de-los-procesos-de-negocios\/","og_locale":"es_ES","og_type":"article","og_title":"BSolutions Group | Plan de Continuidad de los Procesos de Negocios","og_url":"https:\/\/b-solutionsgroup.com\/es\/plan-de-continuidad-de-los-procesos-de-negocios\/","og_site_name":"BSolutions Group","article_publisher":"https:\/\/www.facebook.com\/BSolutionsGroupCR\/","article_modified_time":"2018-06-15T16:02:10+00:00","og_image":[{"url":"http:\/\/demo.b-solutionsgroup.com\/wp-content\/uploads\/2018\/06\/plan-de-continuidad-grafico.jpg","type":"","width":"","height":""}],"twitter_card":"summary_large_image","twitter_site":"@bsgwriteus","twitter_misc":{"Est. reading time":"2 minutos"},"schema":{"@context":"https:\/\/schema.org","@graph":[{"@type":"WebPage","@id":"https:\/\/b-solutionsgroup.com\/plan-de-continuidad-de-los-procesos-de-negocios\/","url":"https:\/\/b-solutionsgroup.com\/plan-de-continuidad-de-los-procesos-de-negocios\/","name":"BSolutions Group | Plan de Continuidad de los Procesos de Negocios","isPartOf":{"@id":"https:\/\/b-solutionsgroup.com\/#website"},"primaryImageOfPage":{"@id":"https:\/\/b-solutionsgroup.com\/plan-de-continuidad-de-los-procesos-de-negocios\/#primaryimage"},"image":{"@id":"https:\/\/b-solutionsgroup.com\/plan-de-continuidad-de-los-procesos-de-negocios\/#primaryimage"},"thumbnailUrl":"http:\/\/demo.b-solutionsgroup.com\/wp-content\/uploads\/2018\/06\/plan-de-continuidad-grafico.jpg","datePublished":"2018-06-15T15:59:08+00:00","dateModified":"2018-06-15T16:02:10+00:00","breadcrumb":{"@id":"https:\/\/b-solutionsgroup.com\/plan-de-continuidad-de-los-procesos-de-negocios\/#breadcrumb"},"inLanguage":"es-CR","potentialAction":[{"@type":"ReadAction","target":["https:\/\/b-solutionsgroup.com\/plan-de-continuidad-de-los-procesos-de-negocios\/"]}]},{"@type":"ImageObject","inLanguage":"es-CR","@id":"https:\/\/b-solutionsgroup.com\/plan-de-continuidad-de-los-procesos-de-negocios\/#primaryimage","url":"http:\/\/demo.b-solutionsgroup.com\/wp-content\/uploads\/2018\/06\/plan-de-continuidad-grafico.jpg","contentUrl":"http:\/\/demo.b-solutionsgroup.com\/wp-content\/uploads\/2018\/06\/plan-de-continuidad-grafico.jpg"},{"@type":"BreadcrumbList","@id":"https:\/\/b-solutionsgroup.com\/plan-de-continuidad-de-los-procesos-de-negocios\/#breadcrumb","itemListElement":[{"@type":"ListItem","position":1,"name":"Portada","item":"https:\/\/b-solutionsgroup.com\/"},{"@type":"ListItem","position":2,"name":"Plan de Continuidad de los Procesos de Negocios"}]},{"@type":"WebSite","@id":"https:\/\/b-solutionsgroup.com\/#website","url":"https:\/\/b-solutionsgroup.com\/","name":"BSolutions Group","description":"Expertos en soluciones de negocios","publisher":{"@id":"https:\/\/b-solutionsgroup.com\/#organization"},"potentialAction":[{"@type":"SearchAction","target":{"@type":"EntryPoint","urlTemplate":"https:\/\/b-solutionsgroup.com\/?s={search_term_string}"},"query-input":{"@type":"PropertyValueSpecification","valueRequired":true,"valueName":"search_term_string"}}],"inLanguage":"es-CR"},{"@type":"Organization","@id":"https:\/\/b-solutionsgroup.com\/#organization","name":"BSolutions Group","url":"https:\/\/b-solutionsgroup.com\/","logo":{"@type":"ImageObject","inLanguage":"es-CR","@id":"https:\/\/b-solutionsgroup.com\/#\/schema\/logo\/image\/","url":"https:\/\/b-solutionsgroup.com\/wp-content\/uploads\/2018\/06\/BSG_logo.png","contentUrl":"https:\/\/b-solutionsgroup.com\/wp-content\/uploads\/2018\/06\/BSG_logo.png","width":197,"height":48,"caption":"BSolutions Group"},"image":{"@id":"https:\/\/b-solutionsgroup.com\/#\/schema\/logo\/image\/"},"sameAs":["https:\/\/www.facebook.com\/BSolutionsGroupCR\/","https:\/\/x.com\/bsgwriteus","https:\/\/www.linkedin.com\/company\/bsolutions-group\/"]}]}},"_links":{"self":[{"href":"https:\/\/b-solutionsgroup.com\/es\/wp-json\/wp\/v2\/pages\/4617","targetHints":{"allow":["GET"]}}],"collection":[{"href":"https:\/\/b-solutionsgroup.com\/es\/wp-json\/wp\/v2\/pages"}],"about":[{"href":"https:\/\/b-solutionsgroup.com\/es\/wp-json\/wp\/v2\/types\/page"}],"author":[{"embeddable":true,"href":"https:\/\/b-solutionsgroup.com\/es\/wp-json\/wp\/v2\/users\/2"}],"replies":[{"embeddable":true,"href":"https:\/\/b-solutionsgroup.com\/es\/wp-json\/wp\/v2\/comments?post=4617"}],"version-history":[{"count":2,"href":"https:\/\/b-solutionsgroup.com\/es\/wp-json\/wp\/v2\/pages\/4617\/revisions"}],"predecessor-version":[{"id":4622,"href":"https:\/\/b-solutionsgroup.com\/es\/wp-json\/wp\/v2\/pages\/4617\/revisions\/4622"}],"wp:attachment":[{"href":"https:\/\/b-solutionsgroup.com\/es\/wp-json\/wp\/v2\/media?parent=4617"}],"curies":[{"name":"wp","href":"https:\/\/api.w.org\/{rel}","templated":true}]}}