{"id":4629,"date":"2018-06-15T16:24:44","date_gmt":"2018-06-15T16:24:44","guid":{"rendered":"http:\/\/demo.b-solutionsgroup.com\/?page_id=4629"},"modified":"2018-06-15T16:24:44","modified_gmt":"2018-06-15T16:24:44","slug":"plan-de-recuperacion-en-caso-de-desastres","status":"publish","type":"page","link":"https:\/\/b-solutionsgroup.com\/es\/plan-de-recuperacion-en-caso-de-desastres\/","title":{"rendered":"Plan de Recuperaci\u00f3n en Caso de Desastres"},"content":{"rendered":"<div class=\"wpb-content-wrapper\"><div data-row-brightness=\"light\" class=\"vc_row wpb_row vc_row-fluid rella-row-shadowbox-69ea42df5915a\" style=\"\"><div class=\"wpb_column vc_column_container vc_col-sm-12\" ><div class=\"vc_column-inner \"  style=\"\"><div class=\"wpb_wrapper\">\n\t<div class=\"wpb_text_column wpb_content_element \">\n\t\t<div class=\"wpb_wrapper\">\n\t\t\t<p>Un Plan de Recuperaci\u00f3n en caso de Desastres, tiene como objetivo garantizar que los servicios de Tecnolog\u00eda de Informaci\u00f3n y Comunicaciones puedan seguir soportando, ante una contingencia, la ejecuci\u00f3n de los procesos de negocios y por consiguiente asegurar que los servicios de la empresa est\u00e9n disponibles para los clientes en cualquier momento, seg\u00fan las expectativas y naturaleza del negocio. Adicionalmente, y hacia el interno, es una buena herramienta para asegurar la inversi\u00f3n en tecnolog\u00eda y la informaci\u00f3n asociada a los procesos de negocios.<\/p>\n<p>Nuestro objetivo, en cualesquiera de los servicios relacionados, es alinear los resultados del Plan de Recuperaci\u00f3n con las expectativas de los diferentes participantes en la toma de decisiones del negocio, incluyendo los clientes, y que todos los recursos requeridos para lograr ese alineamiento est\u00e9n bajo un modelo de gesti\u00f3n y gobierno.<\/p>\n<p>Nuestra experiencia en este proceso nos ha llevado a utilizar diferentes marcos de referencia y est\u00e1ndares internacionales, normalmente utilizamos lo definido por el Disaster Recovery Institute (DRII) y gestionamos de acuerdo al ISO-22301, sin olvidar los requerimientos de la ISO-27001 y los fundamentos de la ISO-31000 y el alineamiento de recursos tecnol\u00f3gicos requerido por ITILv3. Para que este combinado de pr\u00e1cticas sea aplicado correctamente contamos con los profesionales certificados internacionalmente, mismos que, garantizamos son parte integral del equipo consultor.<\/p>\n<p><img loading=\"lazy\" decoding=\"async\" class=\"size-full wp-image-4627 aligncenter\" src=\"http:\/\/demo.b-solutionsgroup.com\/wp-content\/uploads\/2018\/06\/plan-de-recuperaci\u00f3n-de-desastres-1-1024x436.jpg\" alt=\"\" width=\"1024\" height=\"436\" srcset=\"https:\/\/b-solutionsgroup.com\/wp-content\/uploads\/2018\/06\/plan-de-recuperaci\u00f3n-de-desastres-1-1024x436.jpg 1024w, https:\/\/b-solutionsgroup.com\/wp-content\/uploads\/2018\/06\/plan-de-recuperaci\u00f3n-de-desastres-1-1024x436-300x128.jpg 300w, https:\/\/b-solutionsgroup.com\/wp-content\/uploads\/2018\/06\/plan-de-recuperaci\u00f3n-de-desastres-1-1024x436-768x327.jpg 768w\" sizes=\"auto, (max-width: 1024px) 100vw, 1024px\" \/><\/p>\n\n\t\t<\/div>\n\t<\/div>\n<header class=\"section-title section-title-blue-underline2 align-center ra_section_title_69ea42df59592\" >\n\t<h2 class=\"title\">Preguntas frecuentes<\/h2><hr><\/header>\n\t<div class=\"wpb_text_column wpb_content_element \">\n\t\t<div class=\"wpb_wrapper\">\n\t\t\t<h4><strong>\u00bfSe puede desarrollar el Plan de Recuperaci\u00f3n de T.I.C. sin tener un Plan de Continuidad de los Procesos de Negocios?<\/strong><\/h4>\n<p>Correcto, se puede desarrollar, idealmente se deben elaborar ambos planes en forma conjunta para aprovechar las sinergias que se dan en el desarrollo de la respectiva consultor\u00eda.<\/p>\n<h4><strong>\u00bfEl resultado final de un Plan de Recuperaci\u00f3n es siempre tener que implementar un Centro de Datos Alterno?<\/strong><\/h4>\n<p>En realidad, la estrategia de recuperaci\u00f3n, depender\u00e1 del proceso de consultor\u00eda, donde una combinaci\u00f3n de requerimientos de los procesos de negocios y la naturaleza misma del negocio, establecer\u00e1n los escenarios para los cu\u00e1les se debe implementar una respuesta contingente y no en todos los casos ser\u00e1 el tener que contar con un sitio alterno. Todo debe responder a una relaci\u00f3n de Costo\/Beneficio\/Riesgo.<\/p>\n\n\t\t<\/div>\n\t<\/div>\n<\/div><\/div><\/div><script type=\"text\/javascript\">(function($) {$(\"head\").append(\"<style>.rella-row-shadowbox-69ea42df5915a{-webkit-box-shadow:;-moz-box-shadow:;box-shadow:;}<\/style>\");})(jQuery);<\/script><\/div>\n<\/div>","protected":false},"excerpt":{"rendered":"Un Plan de Recuperaci\u00f3n en caso de Desastres, tiene como objetivo garantizar que los servicios de Tecnolog\u00eda de Informaci\u00f3n y Comunicaciones puedan seguir soportando, ante una contingencia, la ejecuci\u00f3n de los procesos de negocios y por consiguiente asegurar que los servicios de la empresa est\u00e9n disponibles para los clientes en cualquier momento, seg\u00fan las expectativas [...]","protected":false},"author":2,"featured_media":0,"parent":0,"menu_order":0,"comment_status":"closed","ping_status":"closed","template":"","meta":{"footnotes":""},"class_list":["post-4629","page","type-page","status-publish","hentry"],"yoast_head":"<!-- This site is optimized with the Yoast SEO plugin v27.2 - https:\/\/yoast.com\/product\/yoast-seo-wordpress\/ -->\n<title>BSolutions Group | Plan de Recuperaci\u00f3n en Caso de Desastres<\/title>\n<meta name=\"robots\" content=\"index, follow, max-snippet:-1, max-image-preview:large, max-video-preview:-1\" \/>\n<link rel=\"canonical\" href=\"https:\/\/b-solutionsgroup.com\/es\/plan-de-recuperacion-en-caso-de-desastres\/\" \/>\n<meta property=\"og:locale\" content=\"es_ES\" \/>\n<meta property=\"og:type\" content=\"article\" \/>\n<meta property=\"og:title\" content=\"BSolutions Group | Plan de Recuperaci\u00f3n en Caso de Desastres\" \/>\n<meta property=\"og:url\" content=\"https:\/\/b-solutionsgroup.com\/es\/plan-de-recuperacion-en-caso-de-desastres\/\" \/>\n<meta property=\"og:site_name\" content=\"BSolutions Group\" \/>\n<meta property=\"article:publisher\" content=\"https:\/\/www.facebook.com\/BSolutionsGroupCR\/\" \/>\n<meta property=\"og:image\" content=\"http:\/\/demo.b-solutionsgroup.com\/wp-content\/uploads\/2018\/06\/plan-de-recuperaci\u00f3n-de-desastres-1-1024x436.jpg\" \/>\n<meta name=\"twitter:card\" content=\"summary_large_image\" \/>\n<meta name=\"twitter:site\" content=\"@bsgwriteus\" \/>\n<meta name=\"twitter:label1\" content=\"Est. reading time\" \/>\n\t<meta name=\"twitter:data1\" content=\"2 minutos\" \/>\n<script type=\"application\/ld+json\" class=\"yoast-schema-graph\">{\"@context\":\"https:\/\/schema.org\",\"@graph\":[{\"@type\":\"WebPage\",\"@id\":\"https:\/\/b-solutionsgroup.com\/plan-de-recuperacion-en-caso-de-desastres\/\",\"url\":\"https:\/\/b-solutionsgroup.com\/plan-de-recuperacion-en-caso-de-desastres\/\",\"name\":\"BSolutions Group | Plan de Recuperaci\u00f3n en Caso de Desastres\",\"isPartOf\":{\"@id\":\"https:\/\/b-solutionsgroup.com\/#website\"},\"datePublished\":\"2018-06-15T16:24:44+00:00\",\"breadcrumb\":{\"@id\":\"https:\/\/b-solutionsgroup.com\/plan-de-recuperacion-en-caso-de-desastres\/#breadcrumb\"},\"inLanguage\":\"es-CR\",\"potentialAction\":[{\"@type\":\"ReadAction\",\"target\":[\"https:\/\/b-solutionsgroup.com\/plan-de-recuperacion-en-caso-de-desastres\/\"]}]},{\"@type\":\"BreadcrumbList\",\"@id\":\"https:\/\/b-solutionsgroup.com\/plan-de-recuperacion-en-caso-de-desastres\/#breadcrumb\",\"itemListElement\":[{\"@type\":\"ListItem\",\"position\":1,\"name\":\"Portada\",\"item\":\"https:\/\/b-solutionsgroup.com\/\"},{\"@type\":\"ListItem\",\"position\":2,\"name\":\"Plan de Recuperaci\u00f3n en Caso de Desastres\"}]},{\"@type\":\"WebSite\",\"@id\":\"https:\/\/b-solutionsgroup.com\/#website\",\"url\":\"https:\/\/b-solutionsgroup.com\/\",\"name\":\"BSolutions Group\",\"description\":\"Expertos en soluciones de negocios\",\"publisher\":{\"@id\":\"https:\/\/b-solutionsgroup.com\/#organization\"},\"potentialAction\":[{\"@type\":\"SearchAction\",\"target\":{\"@type\":\"EntryPoint\",\"urlTemplate\":\"https:\/\/b-solutionsgroup.com\/?s={search_term_string}\"},\"query-input\":{\"@type\":\"PropertyValueSpecification\",\"valueRequired\":true,\"valueName\":\"search_term_string\"}}],\"inLanguage\":\"es-CR\"},{\"@type\":\"Organization\",\"@id\":\"https:\/\/b-solutionsgroup.com\/#organization\",\"name\":\"BSolutions Group\",\"url\":\"https:\/\/b-solutionsgroup.com\/\",\"logo\":{\"@type\":\"ImageObject\",\"inLanguage\":\"es-CR\",\"@id\":\"https:\/\/b-solutionsgroup.com\/#\/schema\/logo\/image\/\",\"url\":\"https:\/\/b-solutionsgroup.com\/wp-content\/uploads\/2018\/06\/BSG_logo.png\",\"contentUrl\":\"https:\/\/b-solutionsgroup.com\/wp-content\/uploads\/2018\/06\/BSG_logo.png\",\"width\":197,\"height\":48,\"caption\":\"BSolutions Group\"},\"image\":{\"@id\":\"https:\/\/b-solutionsgroup.com\/#\/schema\/logo\/image\/\"},\"sameAs\":[\"https:\/\/www.facebook.com\/BSolutionsGroupCR\/\",\"https:\/\/x.com\/bsgwriteus\",\"https:\/\/www.linkedin.com\/company\/bsolutions-group\/\"]}]}<\/script>\n<!-- \/ Yoast SEO plugin. -->","yoast_head_json":{"title":"BSolutions Group | Plan de Recuperaci\u00f3n en Caso de Desastres","robots":{"index":"index","follow":"follow","max-snippet":"max-snippet:-1","max-image-preview":"max-image-preview:large","max-video-preview":"max-video-preview:-1"},"canonical":"https:\/\/b-solutionsgroup.com\/es\/plan-de-recuperacion-en-caso-de-desastres\/","og_locale":"es_ES","og_type":"article","og_title":"BSolutions Group | Plan de Recuperaci\u00f3n en Caso de Desastres","og_url":"https:\/\/b-solutionsgroup.com\/es\/plan-de-recuperacion-en-caso-de-desastres\/","og_site_name":"BSolutions Group","article_publisher":"https:\/\/www.facebook.com\/BSolutionsGroupCR\/","og_image":[{"url":"http:\/\/demo.b-solutionsgroup.com\/wp-content\/uploads\/2018\/06\/plan-de-recuperaci\u00f3n-de-desastres-1-1024x436.jpg","type":"","width":"","height":""}],"twitter_card":"summary_large_image","twitter_site":"@bsgwriteus","twitter_misc":{"Est. reading time":"2 minutos"},"schema":{"@context":"https:\/\/schema.org","@graph":[{"@type":"WebPage","@id":"https:\/\/b-solutionsgroup.com\/plan-de-recuperacion-en-caso-de-desastres\/","url":"https:\/\/b-solutionsgroup.com\/plan-de-recuperacion-en-caso-de-desastres\/","name":"BSolutions Group | Plan de Recuperaci\u00f3n en Caso de Desastres","isPartOf":{"@id":"https:\/\/b-solutionsgroup.com\/#website"},"datePublished":"2018-06-15T16:24:44+00:00","breadcrumb":{"@id":"https:\/\/b-solutionsgroup.com\/plan-de-recuperacion-en-caso-de-desastres\/#breadcrumb"},"inLanguage":"es-CR","potentialAction":[{"@type":"ReadAction","target":["https:\/\/b-solutionsgroup.com\/plan-de-recuperacion-en-caso-de-desastres\/"]}]},{"@type":"BreadcrumbList","@id":"https:\/\/b-solutionsgroup.com\/plan-de-recuperacion-en-caso-de-desastres\/#breadcrumb","itemListElement":[{"@type":"ListItem","position":1,"name":"Portada","item":"https:\/\/b-solutionsgroup.com\/"},{"@type":"ListItem","position":2,"name":"Plan de Recuperaci\u00f3n en Caso de Desastres"}]},{"@type":"WebSite","@id":"https:\/\/b-solutionsgroup.com\/#website","url":"https:\/\/b-solutionsgroup.com\/","name":"BSolutions Group","description":"Expertos en soluciones de negocios","publisher":{"@id":"https:\/\/b-solutionsgroup.com\/#organization"},"potentialAction":[{"@type":"SearchAction","target":{"@type":"EntryPoint","urlTemplate":"https:\/\/b-solutionsgroup.com\/?s={search_term_string}"},"query-input":{"@type":"PropertyValueSpecification","valueRequired":true,"valueName":"search_term_string"}}],"inLanguage":"es-CR"},{"@type":"Organization","@id":"https:\/\/b-solutionsgroup.com\/#organization","name":"BSolutions Group","url":"https:\/\/b-solutionsgroup.com\/","logo":{"@type":"ImageObject","inLanguage":"es-CR","@id":"https:\/\/b-solutionsgroup.com\/#\/schema\/logo\/image\/","url":"https:\/\/b-solutionsgroup.com\/wp-content\/uploads\/2018\/06\/BSG_logo.png","contentUrl":"https:\/\/b-solutionsgroup.com\/wp-content\/uploads\/2018\/06\/BSG_logo.png","width":197,"height":48,"caption":"BSolutions Group"},"image":{"@id":"https:\/\/b-solutionsgroup.com\/#\/schema\/logo\/image\/"},"sameAs":["https:\/\/www.facebook.com\/BSolutionsGroupCR\/","https:\/\/x.com\/bsgwriteus","https:\/\/www.linkedin.com\/company\/bsolutions-group\/"]}]}},"_links":{"self":[{"href":"https:\/\/b-solutionsgroup.com\/es\/wp-json\/wp\/v2\/pages\/4629","targetHints":{"allow":["GET"]}}],"collection":[{"href":"https:\/\/b-solutionsgroup.com\/es\/wp-json\/wp\/v2\/pages"}],"about":[{"href":"https:\/\/b-solutionsgroup.com\/es\/wp-json\/wp\/v2\/types\/page"}],"author":[{"embeddable":true,"href":"https:\/\/b-solutionsgroup.com\/es\/wp-json\/wp\/v2\/users\/2"}],"replies":[{"embeddable":true,"href":"https:\/\/b-solutionsgroup.com\/es\/wp-json\/wp\/v2\/comments?post=4629"}],"version-history":[{"count":1,"href":"https:\/\/b-solutionsgroup.com\/es\/wp-json\/wp\/v2\/pages\/4629\/revisions"}],"predecessor-version":[{"id":4630,"href":"https:\/\/b-solutionsgroup.com\/es\/wp-json\/wp\/v2\/pages\/4629\/revisions\/4630"}],"wp:attachment":[{"href":"https:\/\/b-solutionsgroup.com\/es\/wp-json\/wp\/v2\/media?parent=4629"}],"curies":[{"name":"wp","href":"https:\/\/api.w.org\/{rel}","templated":true}]}}