{"id":4658,"date":"2018-06-15T21:39:48","date_gmt":"2018-06-15T21:39:48","guid":{"rendered":"http:\/\/demo.b-solutionsgroup.com\/?page_id=4658"},"modified":"2022-08-23T09:28:42","modified_gmt":"2022-08-23T15:28:42","slug":"arquitectura-de-la-informacion","status":"publish","type":"page","link":"https:\/\/b-solutionsgroup.com\/es\/arquitectura-de-la-informacion\/","title":{"rendered":"Arquitectura de la Informaci\u00f3n"},"content":{"rendered":"<div class=\"wpb-content-wrapper\"><div data-row-brightness=\"light\" class=\"vc_row wpb_row vc_row-fluid rella-row-shadowbox-69ea42df591ee\" style=\"\"><div class=\"wpb_column vc_column_container vc_col-sm-12\" ><div class=\"vc_column-inner \"  style=\"\"><div class=\"wpb_wrapper\">\n\t<div class=\"wpb_text_column wpb_content_element \">\n\t\t<div class=\"wpb_wrapper\">\n\t\t\t<p><span style=\"font-family: 'Arial',sans-serif;\">Las facilidades actuales para el acceso y manejo de la informaci\u00f3n, establecen un reto para las organizaciones, dado que es fundamental asegurar las fuentes de datos de consulta y los resultados obtenidos de este mismo proceso. Un proceso de planificaci\u00f3n de la arquitectura de la informaci\u00f3n, como primera fase, ante la implementaci\u00f3n de un modelo de gobierno, es fundamental y necesario para priorizar y tener bajo control la construcci\u00f3n de cualquier modelo de toma de decisi\u00f3n en la organizaci\u00f3n.<\/span><\/p>\n<p><span style=\"font-family: 'Arial',sans-serif;\">Nuestro objetivo, en el proceso de planificaci\u00f3n, es asegurar que la informaci\u00f3n cumple con el principio de unicidad y que se produce bajo los par\u00e1metros de calidad y seguridad requeridos para garantizar la oportunidad y veracidad de la misma en todo momento y ante cualquier proceso de toma de decisi\u00f3n. Este proceso de planificaci\u00f3n normalmente va de la mano de la arquitectura tecnol\u00f3gica y de los est\u00e1ndares tecnol\u00f3gicos definidos por la organizaci\u00f3n.<\/span><\/p>\n<p><span style=\"font-family: 'Arial',sans-serif;\">Nuestra experiencia en este proceso nos permite optimizar los riesgos y los recursos requeridos para el desarrollo de este tipo de procesos y le asegura la prevenci\u00f3n debida para implementar otros procesos como el Gobierno y Seguridad de la Informaci\u00f3n.<\/span><\/p>\n<p><span style=\"font-family: 'Arial',sans-serif;\">Para asegurar la calidad de nuestro portafolio de servicios contamos con profesionales con una vasta experiencia profesional, mismos que, garantizamos son parte integral del equipo consultor.<\/span><\/p>\n\n\t\t<\/div>\n\t<\/div>\n<header class=\"section-title section-title-blue-underline2 align-center ra_section_title_69ea42df5964b\" >\n\t<h2 class=\"title\">Preguntas frecuentes<\/h2><hr><\/header>\n\t<div class=\"wpb_text_column wpb_content_element \">\n\t\t<div class=\"wpb_wrapper\">\n\t\t\t<h4><strong>\u00bfLa Arquitectura de Informaci\u00f3n implica tener que cambiar parte de mi plataforma tecnol\u00f3gica?<\/strong><\/h4>\n<p>No necesariamente es as\u00ed, implica asegurar que sus datos son consistentes y que las fuentes que se utilizan para la toma de decisiones representan la situaci\u00f3n real de la organizaci\u00f3n. Para esto algunas veces se debe sustituir tecnolog\u00eda formal para lograr una mejor estandarizaci\u00f3n y normalmente sustituir la tecnolog\u00eda informal como los desarrollos en hojas de c\u00e1lculo, por fuentes m\u00e1s confiables y administradas.<\/p>\n<h4><strong>\u00bfSe puede implementar la Arquitectura de la Informaci\u00f3n en forma gradual?<\/strong><\/h4>\n<p>La implementaci\u00f3n de una planificaci\u00f3n de la Arquitectura de Informaci\u00f3n es definitivamente gradual y se puede fusionar con procesos tales como Gobierno de la Informaci\u00f3n y Arquitectura Empresarial.<\/p>\n\n\t\t<\/div>\n\t<\/div>\n<\/div><\/div><\/div><script type=\"text\/javascript\">(function($) {$(\"head\").append(\"<style>.rella-row-shadowbox-69ea42df591ee{-webkit-box-shadow:;-moz-box-shadow:;box-shadow:;}<\/style>\");})(jQuery);<\/script><\/div>\n<\/div>","protected":false},"excerpt":{"rendered":"Las facilidades actuales para el acceso y manejo de la informaci\u00f3n, establecen un reto para las organizaciones, dado que es fundamental asegurar las fuentes de datos de consulta y los resultados obtenidos de este mismo proceso. Un proceso de planificaci\u00f3n de la arquitectura de la informaci\u00f3n, como primera fase, ante la implementaci\u00f3n de un modelo [...]","protected":false},"author":2,"featured_media":0,"parent":0,"menu_order":0,"comment_status":"closed","ping_status":"closed","template":"","meta":{"footnotes":""},"class_list":["post-4658","page","type-page","status-publish","hentry"],"yoast_head":"<!-- This site is optimized with the Yoast SEO plugin v27.2 - https:\/\/yoast.com\/product\/yoast-seo-wordpress\/ -->\n<title>BSolutions Group | Arquitectura de la Informaci\u00f3n<\/title>\n<meta name=\"robots\" content=\"index, follow, max-snippet:-1, max-image-preview:large, max-video-preview:-1\" \/>\n<link rel=\"canonical\" href=\"https:\/\/b-solutionsgroup.com\/es\/arquitectura-de-la-informacion\/\" \/>\n<meta property=\"og:locale\" content=\"es_ES\" \/>\n<meta property=\"og:type\" content=\"article\" \/>\n<meta property=\"og:title\" content=\"BSolutions Group | Arquitectura de la Informaci\u00f3n\" \/>\n<meta property=\"og:url\" content=\"https:\/\/b-solutionsgroup.com\/es\/arquitectura-de-la-informacion\/\" \/>\n<meta property=\"og:site_name\" content=\"BSolutions Group\" \/>\n<meta property=\"article:publisher\" content=\"https:\/\/www.facebook.com\/BSolutionsGroupCR\/\" \/>\n<meta property=\"article:modified_time\" content=\"2022-08-23T15:28:42+00:00\" \/>\n<meta property=\"og:image\" content=\"https:\/\/b-solutionsgroup.com\/wp-content\/uploads\/2018\/06\/bsg-web-imagen.jpg\" \/>\n\t<meta property=\"og:image:width\" content=\"2300\" \/>\n\t<meta property=\"og:image:height\" content=\"1150\" \/>\n\t<meta property=\"og:image:type\" content=\"image\/jpeg\" \/>\n<meta name=\"twitter:card\" content=\"summary_large_image\" \/>\n<meta name=\"twitter:site\" content=\"@bsgwriteus\" \/>\n<meta name=\"twitter:label1\" content=\"Est. reading time\" \/>\n\t<meta name=\"twitter:data1\" content=\"2 minutos\" \/>\n<script type=\"application\/ld+json\" class=\"yoast-schema-graph\">{\"@context\":\"https:\/\/schema.org\",\"@graph\":[{\"@type\":\"WebPage\",\"@id\":\"https:\/\/b-solutionsgroup.com\/arquitectura-de-la-informacion\/\",\"url\":\"https:\/\/b-solutionsgroup.com\/arquitectura-de-la-informacion\/\",\"name\":\"BSolutions Group | Arquitectura de la Informaci\u00f3n\",\"isPartOf\":{\"@id\":\"https:\/\/b-solutionsgroup.com\/#website\"},\"datePublished\":\"2018-06-15T21:39:48+00:00\",\"dateModified\":\"2022-08-23T15:28:42+00:00\",\"breadcrumb\":{\"@id\":\"https:\/\/b-solutionsgroup.com\/arquitectura-de-la-informacion\/#breadcrumb\"},\"inLanguage\":\"es-CR\",\"potentialAction\":[{\"@type\":\"ReadAction\",\"target\":[\"https:\/\/b-solutionsgroup.com\/arquitectura-de-la-informacion\/\"]}]},{\"@type\":\"BreadcrumbList\",\"@id\":\"https:\/\/b-solutionsgroup.com\/arquitectura-de-la-informacion\/#breadcrumb\",\"itemListElement\":[{\"@type\":\"ListItem\",\"position\":1,\"name\":\"Portada\",\"item\":\"https:\/\/b-solutionsgroup.com\/\"},{\"@type\":\"ListItem\",\"position\":2,\"name\":\"Arquitectura de la Informaci\u00f3n\"}]},{\"@type\":\"WebSite\",\"@id\":\"https:\/\/b-solutionsgroup.com\/#website\",\"url\":\"https:\/\/b-solutionsgroup.com\/\",\"name\":\"BSolutions Group\",\"description\":\"Expertos en soluciones de negocios\",\"publisher\":{\"@id\":\"https:\/\/b-solutionsgroup.com\/#organization\"},\"potentialAction\":[{\"@type\":\"SearchAction\",\"target\":{\"@type\":\"EntryPoint\",\"urlTemplate\":\"https:\/\/b-solutionsgroup.com\/?s={search_term_string}\"},\"query-input\":{\"@type\":\"PropertyValueSpecification\",\"valueRequired\":true,\"valueName\":\"search_term_string\"}}],\"inLanguage\":\"es-CR\"},{\"@type\":\"Organization\",\"@id\":\"https:\/\/b-solutionsgroup.com\/#organization\",\"name\":\"BSolutions Group\",\"url\":\"https:\/\/b-solutionsgroup.com\/\",\"logo\":{\"@type\":\"ImageObject\",\"inLanguage\":\"es-CR\",\"@id\":\"https:\/\/b-solutionsgroup.com\/#\/schema\/logo\/image\/\",\"url\":\"https:\/\/b-solutionsgroup.com\/wp-content\/uploads\/2018\/06\/BSG_logo.png\",\"contentUrl\":\"https:\/\/b-solutionsgroup.com\/wp-content\/uploads\/2018\/06\/BSG_logo.png\",\"width\":197,\"height\":48,\"caption\":\"BSolutions Group\"},\"image\":{\"@id\":\"https:\/\/b-solutionsgroup.com\/#\/schema\/logo\/image\/\"},\"sameAs\":[\"https:\/\/www.facebook.com\/BSolutionsGroupCR\/\",\"https:\/\/x.com\/bsgwriteus\",\"https:\/\/www.linkedin.com\/company\/bsolutions-group\/\"]}]}<\/script>\n<!-- \/ Yoast SEO plugin. -->","yoast_head_json":{"title":"BSolutions Group | Arquitectura de la Informaci\u00f3n","robots":{"index":"index","follow":"follow","max-snippet":"max-snippet:-1","max-image-preview":"max-image-preview:large","max-video-preview":"max-video-preview:-1"},"canonical":"https:\/\/b-solutionsgroup.com\/es\/arquitectura-de-la-informacion\/","og_locale":"es_ES","og_type":"article","og_title":"BSolutions Group | Arquitectura de la Informaci\u00f3n","og_url":"https:\/\/b-solutionsgroup.com\/es\/arquitectura-de-la-informacion\/","og_site_name":"BSolutions Group","article_publisher":"https:\/\/www.facebook.com\/BSolutionsGroupCR\/","article_modified_time":"2022-08-23T15:28:42+00:00","og_image":[{"width":2300,"height":1150,"url":"https:\/\/b-solutionsgroup.com\/wp-content\/uploads\/2018\/06\/bsg-web-imagen.jpg","type":"image\/jpeg"}],"twitter_card":"summary_large_image","twitter_site":"@bsgwriteus","twitter_misc":{"Est. reading time":"2 minutos"},"schema":{"@context":"https:\/\/schema.org","@graph":[{"@type":"WebPage","@id":"https:\/\/b-solutionsgroup.com\/arquitectura-de-la-informacion\/","url":"https:\/\/b-solutionsgroup.com\/arquitectura-de-la-informacion\/","name":"BSolutions Group | Arquitectura de la Informaci\u00f3n","isPartOf":{"@id":"https:\/\/b-solutionsgroup.com\/#website"},"datePublished":"2018-06-15T21:39:48+00:00","dateModified":"2022-08-23T15:28:42+00:00","breadcrumb":{"@id":"https:\/\/b-solutionsgroup.com\/arquitectura-de-la-informacion\/#breadcrumb"},"inLanguage":"es-CR","potentialAction":[{"@type":"ReadAction","target":["https:\/\/b-solutionsgroup.com\/arquitectura-de-la-informacion\/"]}]},{"@type":"BreadcrumbList","@id":"https:\/\/b-solutionsgroup.com\/arquitectura-de-la-informacion\/#breadcrumb","itemListElement":[{"@type":"ListItem","position":1,"name":"Portada","item":"https:\/\/b-solutionsgroup.com\/"},{"@type":"ListItem","position":2,"name":"Arquitectura de la Informaci\u00f3n"}]},{"@type":"WebSite","@id":"https:\/\/b-solutionsgroup.com\/#website","url":"https:\/\/b-solutionsgroup.com\/","name":"BSolutions Group","description":"Expertos en soluciones de negocios","publisher":{"@id":"https:\/\/b-solutionsgroup.com\/#organization"},"potentialAction":[{"@type":"SearchAction","target":{"@type":"EntryPoint","urlTemplate":"https:\/\/b-solutionsgroup.com\/?s={search_term_string}"},"query-input":{"@type":"PropertyValueSpecification","valueRequired":true,"valueName":"search_term_string"}}],"inLanguage":"es-CR"},{"@type":"Organization","@id":"https:\/\/b-solutionsgroup.com\/#organization","name":"BSolutions Group","url":"https:\/\/b-solutionsgroup.com\/","logo":{"@type":"ImageObject","inLanguage":"es-CR","@id":"https:\/\/b-solutionsgroup.com\/#\/schema\/logo\/image\/","url":"https:\/\/b-solutionsgroup.com\/wp-content\/uploads\/2018\/06\/BSG_logo.png","contentUrl":"https:\/\/b-solutionsgroup.com\/wp-content\/uploads\/2018\/06\/BSG_logo.png","width":197,"height":48,"caption":"BSolutions Group"},"image":{"@id":"https:\/\/b-solutionsgroup.com\/#\/schema\/logo\/image\/"},"sameAs":["https:\/\/www.facebook.com\/BSolutionsGroupCR\/","https:\/\/x.com\/bsgwriteus","https:\/\/www.linkedin.com\/company\/bsolutions-group\/"]}]}},"_links":{"self":[{"href":"https:\/\/b-solutionsgroup.com\/es\/wp-json\/wp\/v2\/pages\/4658","targetHints":{"allow":["GET"]}}],"collection":[{"href":"https:\/\/b-solutionsgroup.com\/es\/wp-json\/wp\/v2\/pages"}],"about":[{"href":"https:\/\/b-solutionsgroup.com\/es\/wp-json\/wp\/v2\/types\/page"}],"author":[{"embeddable":true,"href":"https:\/\/b-solutionsgroup.com\/es\/wp-json\/wp\/v2\/users\/2"}],"replies":[{"embeddable":true,"href":"https:\/\/b-solutionsgroup.com\/es\/wp-json\/wp\/v2\/comments?post=4658"}],"version-history":[{"count":2,"href":"https:\/\/b-solutionsgroup.com\/es\/wp-json\/wp\/v2\/pages\/4658\/revisions"}],"predecessor-version":[{"id":5505,"href":"https:\/\/b-solutionsgroup.com\/es\/wp-json\/wp\/v2\/pages\/4658\/revisions\/5505"}],"wp:attachment":[{"href":"https:\/\/b-solutionsgroup.com\/es\/wp-json\/wp\/v2\/media?parent=4658"}],"curies":[{"name":"wp","href":"https:\/\/api.w.org\/{rel}","templated":true}]}}