{"id":4668,"date":"2018-06-18T20:23:18","date_gmt":"2018-06-18T20:23:18","guid":{"rendered":"http:\/\/demo.b-solutionsgroup.com\/?page_id=4668"},"modified":"2018-06-18T20:23:18","modified_gmt":"2018-06-18T20:23:18","slug":"gobierno-corporativo","status":"publish","type":"page","link":"https:\/\/b-solutionsgroup.com\/es\/gobierno-corporativo\/","title":{"rendered":"Gobierno Corporativo"},"content":{"rendered":"<div class=\"wpb-content-wrapper\"><div data-row-brightness=\"light\" class=\"vc_row wpb_row vc_row-fluid rella-row-shadowbox-69ea42ecdf380\" style=\"\"><div class=\"wpb_column vc_column_container vc_col-sm-12\" ><div class=\"vc_column-inner \"  style=\"\"><div class=\"wpb_wrapper\">\n\t<div class=\"wpb_text_column wpb_content_element \">\n\t\t<div class=\"wpb_wrapper\">\n\t\t\t<p>La implementaci\u00f3n de un Gobierno Corporativo, tiene como finalidad establecer un trato igualitario y darles protecci\u00f3n a los intereses de los accionistas, para lograr esto se requiere implementar elementos tales como transparencia, monitoreo y gesti\u00f3n de riesgos, entre otros.<\/p>\n<p>Nuestro objetivo, en cualquiera de los servicios relacionados, es que las estructuras organizativas y los procesos de supervisi\u00f3n y auditor\u00eda, aporten a la optimizaci\u00f3n de los riesgos y los procesos y recursos de la organizaci\u00f3n, todo esto alineado a una correcta implementaci\u00f3n de la estrategia definida.<\/p>\n<p>Nuestra experiencia en este proceso nos permite implementar adecuadamente una estructura de gobierno corporativo, seg\u00fan los requerimientos y capacidades de la organizaci\u00f3n. Se da \u00e9nfasis en el uso de los recursos, la optimizaci\u00f3n de los procesos y la oportuna atenci\u00f3n de los riesgos empresariales, para asegurar que la organizaci\u00f3n se gestiona y gobierna con responsabilidad.<\/p>\n<p>Para asegurar la calidad de nuestro portafolio de servicios contamos con profesionales con una vasta experiencia profesional, mismos que, garantizamos son parte integral del equipo consultor.<\/p>\n\n\t\t<\/div>\n\t<\/div>\n<header class=\"section-title section-title-blue-underline2 align-center ra_section_title_69ea42ecdfa24\" >\n\t<h2 class=\"title\">Preguntas frecuentes<\/h2><hr><\/header>\n\t<div class=\"wpb_text_column wpb_content_element \">\n\t\t<div class=\"wpb_wrapper\">\n\t\t\t<h4><strong>\u00bfSe puede integrar el Gobierno Corporativo con el gobierno de T.I.C. y de la informaci\u00f3n?<\/strong><\/h4>\n<p>La implementaci\u00f3n de un modelo de Gobierno Corporativo, implica implementar una filosof\u00eda empresarial, por ende, todo modelo de gobierno, ya sea de T.I.C. o Informaci\u00f3n, se beneficiar\u00e1 de las mismas estructuras y procedimientos generales, m\u00e1s todo el terreno ganado en el tema cultural organizacional.<\/p>\n<h4><strong>\u00bfSe puede implementar Gobierno Corporativo sin una adecuada implementaci\u00f3n de la gesti\u00f3n de riesgos?<\/strong><\/h4>\n<p>No se puede, si se piensa en una implementaci\u00f3n integral de las pr\u00e1cticas de Gobierno Corporativo.<\/p>\n\n\t\t<\/div>\n\t<\/div>\n<\/div><\/div><\/div><script type=\"text\/javascript\">(function($) {$(\"head\").append(\"<style>.rella-row-shadowbox-69ea42ecdf380{-webkit-box-shadow:;-moz-box-shadow:;box-shadow:;}<\/style>\");})(jQuery);<\/script><\/div>\n<\/div>","protected":false},"excerpt":{"rendered":"La implementaci\u00f3n de un Gobierno Corporativo, tiene como finalidad establecer un trato igualitario y darles protecci\u00f3n a los intereses de los accionistas, para lograr esto se requiere implementar elementos tales como transparencia, monitoreo y gesti\u00f3n de riesgos, entre otros. Nuestro objetivo, en cualquiera de los servicios relacionados, es que las estructuras organizativas y los procesos [...]","protected":false},"author":2,"featured_media":0,"parent":0,"menu_order":0,"comment_status":"closed","ping_status":"closed","template":"","meta":{"footnotes":""},"class_list":["post-4668","page","type-page","status-publish","hentry"],"yoast_head":"<!-- This site is optimized with the Yoast SEO plugin v27.2 - https:\/\/yoast.com\/product\/yoast-seo-wordpress\/ -->\n<title>BSolutions Group | Gobierno Corporativo<\/title>\n<meta name=\"robots\" content=\"index, follow, max-snippet:-1, max-image-preview:large, max-video-preview:-1\" \/>\n<link rel=\"canonical\" href=\"https:\/\/b-solutionsgroup.com\/es\/gobierno-corporativo\/\" \/>\n<meta property=\"og:locale\" content=\"es_ES\" \/>\n<meta property=\"og:type\" content=\"article\" \/>\n<meta property=\"og:title\" content=\"BSolutions Group | Gobierno Corporativo\" \/>\n<meta property=\"og:url\" content=\"https:\/\/b-solutionsgroup.com\/es\/gobierno-corporativo\/\" \/>\n<meta property=\"og:site_name\" content=\"BSolutions Group\" \/>\n<meta property=\"article:publisher\" content=\"https:\/\/www.facebook.com\/BSolutionsGroupCR\/\" \/>\n<meta property=\"og:image\" content=\"https:\/\/b-solutionsgroup.com\/wp-content\/uploads\/2018\/06\/bsg-web-imagen.jpg\" \/>\n\t<meta property=\"og:image:width\" content=\"2300\" \/>\n\t<meta property=\"og:image:height\" content=\"1150\" \/>\n\t<meta property=\"og:image:type\" content=\"image\/jpeg\" \/>\n<meta name=\"twitter:card\" content=\"summary_large_image\" \/>\n<meta name=\"twitter:site\" content=\"@bsgwriteus\" \/>\n<meta name=\"twitter:label1\" content=\"Est. reading time\" \/>\n\t<meta name=\"twitter:data1\" content=\"2 minutos\" \/>\n<script type=\"application\/ld+json\" class=\"yoast-schema-graph\">{\"@context\":\"https:\/\/schema.org\",\"@graph\":[{\"@type\":\"WebPage\",\"@id\":\"https:\/\/b-solutionsgroup.com\/gobierno-corporativo\/\",\"url\":\"https:\/\/b-solutionsgroup.com\/gobierno-corporativo\/\",\"name\":\"BSolutions Group | Gobierno Corporativo\",\"isPartOf\":{\"@id\":\"https:\/\/b-solutionsgroup.com\/#website\"},\"datePublished\":\"2018-06-18T20:23:18+00:00\",\"breadcrumb\":{\"@id\":\"https:\/\/b-solutionsgroup.com\/gobierno-corporativo\/#breadcrumb\"},\"inLanguage\":\"es-CR\",\"potentialAction\":[{\"@type\":\"ReadAction\",\"target\":[\"https:\/\/b-solutionsgroup.com\/gobierno-corporativo\/\"]}]},{\"@type\":\"BreadcrumbList\",\"@id\":\"https:\/\/b-solutionsgroup.com\/gobierno-corporativo\/#breadcrumb\",\"itemListElement\":[{\"@type\":\"ListItem\",\"position\":1,\"name\":\"Portada\",\"item\":\"https:\/\/b-solutionsgroup.com\/\"},{\"@type\":\"ListItem\",\"position\":2,\"name\":\"Gobierno Corporativo\"}]},{\"@type\":\"WebSite\",\"@id\":\"https:\/\/b-solutionsgroup.com\/#website\",\"url\":\"https:\/\/b-solutionsgroup.com\/\",\"name\":\"BSolutions Group\",\"description\":\"Expertos en soluciones de negocios\",\"publisher\":{\"@id\":\"https:\/\/b-solutionsgroup.com\/#organization\"},\"potentialAction\":[{\"@type\":\"SearchAction\",\"target\":{\"@type\":\"EntryPoint\",\"urlTemplate\":\"https:\/\/b-solutionsgroup.com\/?s={search_term_string}\"},\"query-input\":{\"@type\":\"PropertyValueSpecification\",\"valueRequired\":true,\"valueName\":\"search_term_string\"}}],\"inLanguage\":\"es-CR\"},{\"@type\":\"Organization\",\"@id\":\"https:\/\/b-solutionsgroup.com\/#organization\",\"name\":\"BSolutions Group\",\"url\":\"https:\/\/b-solutionsgroup.com\/\",\"logo\":{\"@type\":\"ImageObject\",\"inLanguage\":\"es-CR\",\"@id\":\"https:\/\/b-solutionsgroup.com\/#\/schema\/logo\/image\/\",\"url\":\"https:\/\/b-solutionsgroup.com\/wp-content\/uploads\/2018\/06\/BSG_logo.png\",\"contentUrl\":\"https:\/\/b-solutionsgroup.com\/wp-content\/uploads\/2018\/06\/BSG_logo.png\",\"width\":197,\"height\":48,\"caption\":\"BSolutions Group\"},\"image\":{\"@id\":\"https:\/\/b-solutionsgroup.com\/#\/schema\/logo\/image\/\"},\"sameAs\":[\"https:\/\/www.facebook.com\/BSolutionsGroupCR\/\",\"https:\/\/x.com\/bsgwriteus\",\"https:\/\/www.linkedin.com\/company\/bsolutions-group\/\"]}]}<\/script>\n<!-- \/ Yoast SEO plugin. -->","yoast_head_json":{"title":"BSolutions Group | Gobierno Corporativo","robots":{"index":"index","follow":"follow","max-snippet":"max-snippet:-1","max-image-preview":"max-image-preview:large","max-video-preview":"max-video-preview:-1"},"canonical":"https:\/\/b-solutionsgroup.com\/es\/gobierno-corporativo\/","og_locale":"es_ES","og_type":"article","og_title":"BSolutions Group | Gobierno Corporativo","og_url":"https:\/\/b-solutionsgroup.com\/es\/gobierno-corporativo\/","og_site_name":"BSolutions Group","article_publisher":"https:\/\/www.facebook.com\/BSolutionsGroupCR\/","og_image":[{"width":2300,"height":1150,"url":"https:\/\/b-solutionsgroup.com\/wp-content\/uploads\/2018\/06\/bsg-web-imagen.jpg","type":"image\/jpeg"}],"twitter_card":"summary_large_image","twitter_site":"@bsgwriteus","twitter_misc":{"Est. reading time":"2 minutos"},"schema":{"@context":"https:\/\/schema.org","@graph":[{"@type":"WebPage","@id":"https:\/\/b-solutionsgroup.com\/gobierno-corporativo\/","url":"https:\/\/b-solutionsgroup.com\/gobierno-corporativo\/","name":"BSolutions Group | Gobierno Corporativo","isPartOf":{"@id":"https:\/\/b-solutionsgroup.com\/#website"},"datePublished":"2018-06-18T20:23:18+00:00","breadcrumb":{"@id":"https:\/\/b-solutionsgroup.com\/gobierno-corporativo\/#breadcrumb"},"inLanguage":"es-CR","potentialAction":[{"@type":"ReadAction","target":["https:\/\/b-solutionsgroup.com\/gobierno-corporativo\/"]}]},{"@type":"BreadcrumbList","@id":"https:\/\/b-solutionsgroup.com\/gobierno-corporativo\/#breadcrumb","itemListElement":[{"@type":"ListItem","position":1,"name":"Portada","item":"https:\/\/b-solutionsgroup.com\/"},{"@type":"ListItem","position":2,"name":"Gobierno Corporativo"}]},{"@type":"WebSite","@id":"https:\/\/b-solutionsgroup.com\/#website","url":"https:\/\/b-solutionsgroup.com\/","name":"BSolutions Group","description":"Expertos en soluciones de negocios","publisher":{"@id":"https:\/\/b-solutionsgroup.com\/#organization"},"potentialAction":[{"@type":"SearchAction","target":{"@type":"EntryPoint","urlTemplate":"https:\/\/b-solutionsgroup.com\/?s={search_term_string}"},"query-input":{"@type":"PropertyValueSpecification","valueRequired":true,"valueName":"search_term_string"}}],"inLanguage":"es-CR"},{"@type":"Organization","@id":"https:\/\/b-solutionsgroup.com\/#organization","name":"BSolutions Group","url":"https:\/\/b-solutionsgroup.com\/","logo":{"@type":"ImageObject","inLanguage":"es-CR","@id":"https:\/\/b-solutionsgroup.com\/#\/schema\/logo\/image\/","url":"https:\/\/b-solutionsgroup.com\/wp-content\/uploads\/2018\/06\/BSG_logo.png","contentUrl":"https:\/\/b-solutionsgroup.com\/wp-content\/uploads\/2018\/06\/BSG_logo.png","width":197,"height":48,"caption":"BSolutions Group"},"image":{"@id":"https:\/\/b-solutionsgroup.com\/#\/schema\/logo\/image\/"},"sameAs":["https:\/\/www.facebook.com\/BSolutionsGroupCR\/","https:\/\/x.com\/bsgwriteus","https:\/\/www.linkedin.com\/company\/bsolutions-group\/"]}]}},"_links":{"self":[{"href":"https:\/\/b-solutionsgroup.com\/es\/wp-json\/wp\/v2\/pages\/4668","targetHints":{"allow":["GET"]}}],"collection":[{"href":"https:\/\/b-solutionsgroup.com\/es\/wp-json\/wp\/v2\/pages"}],"about":[{"href":"https:\/\/b-solutionsgroup.com\/es\/wp-json\/wp\/v2\/types\/page"}],"author":[{"embeddable":true,"href":"https:\/\/b-solutionsgroup.com\/es\/wp-json\/wp\/v2\/users\/2"}],"replies":[{"embeddable":true,"href":"https:\/\/b-solutionsgroup.com\/es\/wp-json\/wp\/v2\/comments?post=4668"}],"version-history":[{"count":1,"href":"https:\/\/b-solutionsgroup.com\/es\/wp-json\/wp\/v2\/pages\/4668\/revisions"}],"predecessor-version":[{"id":4671,"href":"https:\/\/b-solutionsgroup.com\/es\/wp-json\/wp\/v2\/pages\/4668\/revisions\/4671"}],"wp:attachment":[{"href":"https:\/\/b-solutionsgroup.com\/es\/wp-json\/wp\/v2\/media?parent=4668"}],"curies":[{"name":"wp","href":"https:\/\/api.w.org\/{rel}","templated":true}]}}