{"id":4676,"date":"2018-06-18T20:30:36","date_gmt":"2018-06-18T20:30:36","guid":{"rendered":"http:\/\/demo.b-solutionsgroup.com\/?page_id=4676"},"modified":"2018-06-18T20:30:36","modified_gmt":"2018-06-18T20:30:36","slug":"gobierno-de-la-tecnologia-de-informacion-y-comunicaciones","status":"publish","type":"page","link":"https:\/\/b-solutionsgroup.com\/es\/gobierno-de-la-tecnologia-de-informacion-y-comunicaciones\/","title":{"rendered":"Gobierno de la Tecnolog\u00eda de Informaci\u00f3n y Comunicaciones"},"content":{"rendered":"<div class=\"wpb-content-wrapper\"><div data-row-brightness=\"light\" class=\"vc_row wpb_row vc_row-fluid rella-row-shadowbox-69ea557fc5c48\" style=\"\"><div class=\"wpb_column vc_column_container vc_col-sm-12\" ><div class=\"vc_column-inner \"  style=\"\"><div class=\"wpb_wrapper\">\n\t<div class=\"wpb_text_column wpb_content_element \">\n\t\t<div class=\"wpb_wrapper\">\n\t\t\t<p>El gobierno de la Tecnolog\u00eda de Informaci\u00f3n y Comunicaciones, tiene como objetivo proveer y mantener el liderazgo y las estructuras organizacionales para asegurar el alineamiento con el gobierno empresarial y la utilizaci\u00f3n de las mejores pr\u00e1cticas para desarrollar el ambiente de control oportuno y adecuado de la informaci\u00f3n del negocio y de las pr\u00e1cticas en Tecnolog\u00eda de Informaci\u00f3n.<\/p>\n<p>Nuestro objetivo, en cualquiera de los servicios relacionados, es alinear el Gobierno de la Tecnolog\u00eda de Informaci\u00f3n y Comunicaciones con los requerimientos de la organizaci\u00f3n de tal forma que se cuente con un Marco Normativo que asegure que el modelo de Gesti\u00f3n de la T.I.C. se realiza bajo la sombrilla estrat\u00e9gica de la organizaci\u00f3n y que el logro de los beneficios se mide adecuadamente, optimizando en principio, los recursos y los riesgos. El Gobierno de T.I.C., desde nuestra perspectiva debe producir indicadores que permitan determinar si la inversi\u00f3n se redit\u00faa en los procesos de negocios y\/o se transforma en ventajas competitivas.<\/p>\n<p>Nuestra experiencia en este proceso nos permite optimizar los riesgos y los recursos requeridos para el desarrollo de este tipo de procesos y le asegura una correcta medici\u00f3n para con el cumplimiento de los objetivos, tal y como demanda un modelo de Gobierno, cualesquiera que este sea.<\/p>\n<p>Para asegurar la calidad de nuestro portafolio de servicios contamos con profesionales con una vasta experiencia profesional, mismos que, garantizamos son parte integral del equipo consultor.<\/p>\n\n\t\t<\/div>\n\t<\/div>\n<header class=\"section-title section-title-blue-underline2 align-center ra_section_title_69ea557fc5fdb\" >\n\t<h2 class=\"title\">Preguntas frecuentes<\/h2><hr><\/header>\n\t<div class=\"wpb_text_column wpb_content_element \">\n\t\t<div class=\"wpb_wrapper\">\n\t\t\t<h4><strong>\u00bfSe requiere implementar COBIT para lograr implementar un modelo de Gobierno de TIC?<\/strong><\/h4>\n<p>M\u00e1s que implementar un marco de referencia como COBIT, debemos considerar la implementaci\u00f3n de un modelo de mejores pr\u00e1cticas, que permita que los procesos o pr\u00e1cticas realizadas en T.I.C., puedan ser medidos y estructurados en funci\u00f3n de los requerimientos del negocio.<\/p>\n<h4><strong>\u00bfSe requiere conocer de Arquitectura Empresarial para Implementar el Gobierno de TIC?<\/strong><\/h4>\n<p>No es un concepto requerido, pero si es deseable tener dominio del tema ya que por medio de la arquitectura empresarial se pueden anticipar interdependencias.<\/p>\n\n\t\t<\/div>\n\t<\/div>\n<\/div><\/div><\/div><script type=\"text\/javascript\">(function($) {$(\"head\").append(\"<style>.rella-row-shadowbox-69ea557fc5c48{-webkit-box-shadow:;-moz-box-shadow:;box-shadow:;}<\/style>\");})(jQuery);<\/script><\/div>\n<\/div>","protected":false},"excerpt":{"rendered":"El gobierno de la Tecnolog\u00eda de Informaci\u00f3n y Comunicaciones, tiene como objetivo proveer y mantener el liderazgo y las estructuras organizacionales para asegurar el alineamiento con el gobierno empresarial y la utilizaci\u00f3n de las mejores pr\u00e1cticas para desarrollar el ambiente de control oportuno y adecuado de la informaci\u00f3n del negocio y de las pr\u00e1cticas en [...]","protected":false},"author":2,"featured_media":0,"parent":0,"menu_order":0,"comment_status":"closed","ping_status":"closed","template":"","meta":{"footnotes":""},"class_list":["post-4676","page","type-page","status-publish","hentry"],"yoast_head":"<!-- This site is optimized with the Yoast SEO plugin v27.2 - https:\/\/yoast.com\/product\/yoast-seo-wordpress\/ -->\n<title>BSolutions Group | Gobierno de la Tecnolog\u00eda de Informaci\u00f3n y Comunicaciones<\/title>\n<meta name=\"robots\" content=\"index, follow, max-snippet:-1, max-image-preview:large, max-video-preview:-1\" \/>\n<link rel=\"canonical\" href=\"https:\/\/b-solutionsgroup.com\/es\/gobierno-de-la-tecnologia-de-informacion-y-comunicaciones\/\" \/>\n<meta property=\"og:locale\" content=\"es_ES\" \/>\n<meta property=\"og:type\" content=\"article\" \/>\n<meta property=\"og:title\" content=\"BSolutions Group | Gobierno de la Tecnolog\u00eda de Informaci\u00f3n y Comunicaciones\" \/>\n<meta property=\"og:url\" content=\"https:\/\/b-solutionsgroup.com\/es\/gobierno-de-la-tecnologia-de-informacion-y-comunicaciones\/\" \/>\n<meta property=\"og:site_name\" content=\"BSolutions Group\" \/>\n<meta property=\"article:publisher\" content=\"https:\/\/www.facebook.com\/BSolutionsGroupCR\/\" \/>\n<meta property=\"og:image\" content=\"https:\/\/b-solutionsgroup.com\/wp-content\/uploads\/2018\/06\/bsg-web-imagen.jpg\" \/>\n\t<meta property=\"og:image:width\" content=\"2300\" \/>\n\t<meta property=\"og:image:height\" content=\"1150\" \/>\n\t<meta property=\"og:image:type\" content=\"image\/jpeg\" \/>\n<meta name=\"twitter:card\" content=\"summary_large_image\" \/>\n<meta name=\"twitter:site\" content=\"@bsgwriteus\" \/>\n<meta name=\"twitter:label1\" content=\"Est. reading time\" \/>\n\t<meta name=\"twitter:data1\" content=\"2 minutos\" \/>\n<script type=\"application\/ld+json\" class=\"yoast-schema-graph\">{\"@context\":\"https:\/\/schema.org\",\"@graph\":[{\"@type\":\"WebPage\",\"@id\":\"https:\/\/b-solutionsgroup.com\/gobierno-de-la-tecnologia-de-informacion-y-comunicaciones\/\",\"url\":\"https:\/\/b-solutionsgroup.com\/gobierno-de-la-tecnologia-de-informacion-y-comunicaciones\/\",\"name\":\"BSolutions Group | Gobierno de la Tecnolog\u00eda de Informaci\u00f3n y Comunicaciones\",\"isPartOf\":{\"@id\":\"https:\/\/b-solutionsgroup.com\/#website\"},\"datePublished\":\"2018-06-18T20:30:36+00:00\",\"breadcrumb\":{\"@id\":\"https:\/\/b-solutionsgroup.com\/gobierno-de-la-tecnologia-de-informacion-y-comunicaciones\/#breadcrumb\"},\"inLanguage\":\"es-CR\",\"potentialAction\":[{\"@type\":\"ReadAction\",\"target\":[\"https:\/\/b-solutionsgroup.com\/gobierno-de-la-tecnologia-de-informacion-y-comunicaciones\/\"]}]},{\"@type\":\"BreadcrumbList\",\"@id\":\"https:\/\/b-solutionsgroup.com\/gobierno-de-la-tecnologia-de-informacion-y-comunicaciones\/#breadcrumb\",\"itemListElement\":[{\"@type\":\"ListItem\",\"position\":1,\"name\":\"Portada\",\"item\":\"https:\/\/b-solutionsgroup.com\/\"},{\"@type\":\"ListItem\",\"position\":2,\"name\":\"Gobierno de la Tecnolog\u00eda de Informaci\u00f3n y Comunicaciones\"}]},{\"@type\":\"WebSite\",\"@id\":\"https:\/\/b-solutionsgroup.com\/#website\",\"url\":\"https:\/\/b-solutionsgroup.com\/\",\"name\":\"BSolutions Group\",\"description\":\"Expertos en soluciones de negocios\",\"publisher\":{\"@id\":\"https:\/\/b-solutionsgroup.com\/#organization\"},\"potentialAction\":[{\"@type\":\"SearchAction\",\"target\":{\"@type\":\"EntryPoint\",\"urlTemplate\":\"https:\/\/b-solutionsgroup.com\/?s={search_term_string}\"},\"query-input\":{\"@type\":\"PropertyValueSpecification\",\"valueRequired\":true,\"valueName\":\"search_term_string\"}}],\"inLanguage\":\"es-CR\"},{\"@type\":\"Organization\",\"@id\":\"https:\/\/b-solutionsgroup.com\/#organization\",\"name\":\"BSolutions Group\",\"url\":\"https:\/\/b-solutionsgroup.com\/\",\"logo\":{\"@type\":\"ImageObject\",\"inLanguage\":\"es-CR\",\"@id\":\"https:\/\/b-solutionsgroup.com\/#\/schema\/logo\/image\/\",\"url\":\"https:\/\/b-solutionsgroup.com\/wp-content\/uploads\/2018\/06\/BSG_logo.png\",\"contentUrl\":\"https:\/\/b-solutionsgroup.com\/wp-content\/uploads\/2018\/06\/BSG_logo.png\",\"width\":197,\"height\":48,\"caption\":\"BSolutions Group\"},\"image\":{\"@id\":\"https:\/\/b-solutionsgroup.com\/#\/schema\/logo\/image\/\"},\"sameAs\":[\"https:\/\/www.facebook.com\/BSolutionsGroupCR\/\",\"https:\/\/x.com\/bsgwriteus\",\"https:\/\/www.linkedin.com\/company\/bsolutions-group\/\"]}]}<\/script>\n<!-- \/ Yoast SEO plugin. -->","yoast_head_json":{"title":"BSolutions Group | Gobierno de la Tecnolog\u00eda de Informaci\u00f3n y Comunicaciones","robots":{"index":"index","follow":"follow","max-snippet":"max-snippet:-1","max-image-preview":"max-image-preview:large","max-video-preview":"max-video-preview:-1"},"canonical":"https:\/\/b-solutionsgroup.com\/es\/gobierno-de-la-tecnologia-de-informacion-y-comunicaciones\/","og_locale":"es_ES","og_type":"article","og_title":"BSolutions Group | Gobierno de la Tecnolog\u00eda de Informaci\u00f3n y Comunicaciones","og_url":"https:\/\/b-solutionsgroup.com\/es\/gobierno-de-la-tecnologia-de-informacion-y-comunicaciones\/","og_site_name":"BSolutions Group","article_publisher":"https:\/\/www.facebook.com\/BSolutionsGroupCR\/","og_image":[{"width":2300,"height":1150,"url":"https:\/\/b-solutionsgroup.com\/wp-content\/uploads\/2018\/06\/bsg-web-imagen.jpg","type":"image\/jpeg"}],"twitter_card":"summary_large_image","twitter_site":"@bsgwriteus","twitter_misc":{"Est. reading time":"2 minutos"},"schema":{"@context":"https:\/\/schema.org","@graph":[{"@type":"WebPage","@id":"https:\/\/b-solutionsgroup.com\/gobierno-de-la-tecnologia-de-informacion-y-comunicaciones\/","url":"https:\/\/b-solutionsgroup.com\/gobierno-de-la-tecnologia-de-informacion-y-comunicaciones\/","name":"BSolutions Group | Gobierno de la Tecnolog\u00eda de Informaci\u00f3n y Comunicaciones","isPartOf":{"@id":"https:\/\/b-solutionsgroup.com\/#website"},"datePublished":"2018-06-18T20:30:36+00:00","breadcrumb":{"@id":"https:\/\/b-solutionsgroup.com\/gobierno-de-la-tecnologia-de-informacion-y-comunicaciones\/#breadcrumb"},"inLanguage":"es-CR","potentialAction":[{"@type":"ReadAction","target":["https:\/\/b-solutionsgroup.com\/gobierno-de-la-tecnologia-de-informacion-y-comunicaciones\/"]}]},{"@type":"BreadcrumbList","@id":"https:\/\/b-solutionsgroup.com\/gobierno-de-la-tecnologia-de-informacion-y-comunicaciones\/#breadcrumb","itemListElement":[{"@type":"ListItem","position":1,"name":"Portada","item":"https:\/\/b-solutionsgroup.com\/"},{"@type":"ListItem","position":2,"name":"Gobierno de la Tecnolog\u00eda de Informaci\u00f3n y Comunicaciones"}]},{"@type":"WebSite","@id":"https:\/\/b-solutionsgroup.com\/#website","url":"https:\/\/b-solutionsgroup.com\/","name":"BSolutions Group","description":"Expertos en soluciones de negocios","publisher":{"@id":"https:\/\/b-solutionsgroup.com\/#organization"},"potentialAction":[{"@type":"SearchAction","target":{"@type":"EntryPoint","urlTemplate":"https:\/\/b-solutionsgroup.com\/?s={search_term_string}"},"query-input":{"@type":"PropertyValueSpecification","valueRequired":true,"valueName":"search_term_string"}}],"inLanguage":"es-CR"},{"@type":"Organization","@id":"https:\/\/b-solutionsgroup.com\/#organization","name":"BSolutions Group","url":"https:\/\/b-solutionsgroup.com\/","logo":{"@type":"ImageObject","inLanguage":"es-CR","@id":"https:\/\/b-solutionsgroup.com\/#\/schema\/logo\/image\/","url":"https:\/\/b-solutionsgroup.com\/wp-content\/uploads\/2018\/06\/BSG_logo.png","contentUrl":"https:\/\/b-solutionsgroup.com\/wp-content\/uploads\/2018\/06\/BSG_logo.png","width":197,"height":48,"caption":"BSolutions Group"},"image":{"@id":"https:\/\/b-solutionsgroup.com\/#\/schema\/logo\/image\/"},"sameAs":["https:\/\/www.facebook.com\/BSolutionsGroupCR\/","https:\/\/x.com\/bsgwriteus","https:\/\/www.linkedin.com\/company\/bsolutions-group\/"]}]}},"_links":{"self":[{"href":"https:\/\/b-solutionsgroup.com\/es\/wp-json\/wp\/v2\/pages\/4676","targetHints":{"allow":["GET"]}}],"collection":[{"href":"https:\/\/b-solutionsgroup.com\/es\/wp-json\/wp\/v2\/pages"}],"about":[{"href":"https:\/\/b-solutionsgroup.com\/es\/wp-json\/wp\/v2\/types\/page"}],"author":[{"embeddable":true,"href":"https:\/\/b-solutionsgroup.com\/es\/wp-json\/wp\/v2\/users\/2"}],"replies":[{"embeddable":true,"href":"https:\/\/b-solutionsgroup.com\/es\/wp-json\/wp\/v2\/comments?post=4676"}],"version-history":[{"count":2,"href":"https:\/\/b-solutionsgroup.com\/es\/wp-json\/wp\/v2\/pages\/4676\/revisions"}],"predecessor-version":[{"id":5525,"href":"https:\/\/b-solutionsgroup.com\/es\/wp-json\/wp\/v2\/pages\/4676\/revisions\/5525"}],"wp:attachment":[{"href":"https:\/\/b-solutionsgroup.com\/es\/wp-json\/wp\/v2\/media?parent=4676"}],"curies":[{"name":"wp","href":"https:\/\/api.w.org\/{rel}","templated":true}]}}