{"id":4689,"date":"2018-06-18T20:47:45","date_gmt":"2018-06-18T20:47:45","guid":{"rendered":"http:\/\/demo.b-solutionsgroup.com\/?page_id=4689"},"modified":"2018-06-18T20:47:45","modified_gmt":"2018-06-18T20:47:45","slug":"analitica-de-la-informacion","status":"publish","type":"page","link":"https:\/\/b-solutionsgroup.com\/es\/analitica-de-la-informacion\/","title":{"rendered":"Anal\u00edtica de la Informaci\u00f3n"},"content":{"rendered":"<div class=\"wpb-content-wrapper\"><div data-row-brightness=\"light\" class=\"vc_row wpb_row vc_row-fluid rella-row-shadowbox-69ea42f739bf5\" style=\"\"><div class=\"wpb_column vc_column_container vc_col-sm-12\" ><div class=\"vc_column-inner \"  style=\"\"><div class=\"wpb_wrapper\">\n\t<div class=\"wpb_text_column wpb_content_element \">\n\t\t<div class=\"wpb_wrapper\">\n\t\t\t<p><span style=\"font-family: 'Arial',sans-serif;\">\u201cAnalytics\u201d en forma muy resumida es potenciar el uso de los datos convertidos en informaci\u00f3n para la toma de decisiones en toda la pir\u00e1mide organizacional. La Anal\u00edtica, para nosotros es un excelente punto de partida, no solo para medir las actividades de la organizaci\u00f3n, sino para empoderar moderadamente la toma de decisiones en las organizaciones, de tal forma, que todas las ventajas que da la informaci\u00f3n, se puedan utilizar desde las funciones operativas para mejorar los procesos y el conocimiento mismo de los usuarios. Adicionalmente a esta potencialidad se pueden incorporar reglas del negocio, para poder contar con un sistema de alertas tempranas y lograr un excelente ambiente de \u201cconexi\u00f3n\u201d entre los procesos de la organizaci\u00f3n.<\/span><\/p>\n<p><span style=\"font-family: 'Arial',sans-serif;\">Nuestro objetivo, es adem\u00e1s de focalizarnos en los datos, la informaci\u00f3n, los procesos y los usuarios, es poder generar ventajas en la operativa de la organizaci\u00f3n, tratando en todo momento de conectar el proceso y la toma de decisi\u00f3n con el usuario y con el siguiente paso en la cadena de valor. Con \u201cAnalytics\u201d podemos consultar en l\u00ednea, comparar, sugerir, predecir y anticipar, entre otros, y esto permitir\u00e1 lograr mejores niveles de eficiencia y eficacia que a su vez se transformar\u00e1n en una mejor propuesta de valor para sus clientes.<\/span><\/p>\n<p><span style=\"font-family: 'Arial',sans-serif;\">Nuestra experiencia en este proceso nos obliga a utilizar tecnolog\u00eda de \u00faltima generaci\u00f3n bajo un enfoque neural-asociativo (Qlik), este tipo de tecnolog\u00eda permite procesar grandes cantidades de datos (Big Data) bajo par\u00e1metros mundiales de eficiencia y efectividad. En el caso en que nuestro cliente posea este tipo de tecnolog\u00eda, no necesariamente la misma, tratamos de aprovechar al m\u00e1ximo esa situaci\u00f3n y lo complementamos con nuestra plataforma de soluci\u00f3n.<\/span><\/p>\n<p><span style=\"font-family: 'Arial',sans-serif;\">Para asegurar la calidad de nuestro portafolio de servicios contamos con profesionales certificados internacionalmente, mismos que, garantizamos son parte integral del equipo consultor.<\/span><\/p>\n<p><img loading=\"lazy\" decoding=\"async\" class=\"size-full wp-image-4690 aligncenter\" src=\"http:\/\/demo.b-solutionsgroup.com\/wp-content\/uploads\/2018\/06\/analytics.jpg\" alt=\"\" width=\"600\" height=\"300\" srcset=\"https:\/\/b-solutionsgroup.com\/wp-content\/uploads\/2018\/06\/analytics.jpg 600w, https:\/\/b-solutionsgroup.com\/wp-content\/uploads\/2018\/06\/analytics-300x150.jpg 300w\" sizes=\"auto, (max-width: 600px) 100vw, 600px\" \/><\/p>\n\n\t\t<\/div>\n\t<\/div>\n<header class=\"section-title section-title-blue-underline2 align-center ra_section_title_69ea42f73a1fe\" >\n\t<h2 class=\"title\">Preguntas frecuentes<\/h2><hr><\/header>\n\t<div class=\"wpb_text_column wpb_content_element \">\n\t\t<div class=\"wpb_wrapper\">\n\t\t\t<h4><strong>\u00bfEl servicio de \u201cAnalytics\u201d se implementa solo para los nivel T\u00e1cticos y Estrat\u00e9gicos de la organizaci\u00f3n?<\/strong><\/h4>\n<p>El concepto de Analytics, es para toda la organizaci\u00f3n, con la tecnolog\u00eda adecuada, se puede implementar en los niveles operativos de la organizaci\u00f3n y potenciar as\u00ed el conocimiento y el uso asertivo de la informaci\u00f3n.<\/p>\n<h4><strong>\u00bfSe requiere un proceso de Gobierno de la Informaci\u00f3n para implementar \u201cAnalytics\u201d?<\/strong><\/h4>\n<p>Esta es una decisi\u00f3n que se toma caso a caso, idealmente debe existir el proceso de gobierno de la informaci\u00f3n, pero no significa que no se pueda procesos de \u201cAnalytics\u201d sin \u00e9ste. Metodol\u00f3gicamente se hacen los ajustes necesarios para garantizar mayoritariamente las fuentes de datos y el acceso a la informaci\u00f3n generada.<\/p>\n\n\t\t<\/div>\n\t<\/div>\n<\/div><\/div><\/div><script type=\"text\/javascript\">(function($) {$(\"head\").append(\"<style>.rella-row-shadowbox-69ea42f739bf5{-webkit-box-shadow:;-moz-box-shadow:;box-shadow:;}<\/style>\");})(jQuery);<\/script><\/div>\n<\/div>","protected":false},"excerpt":{"rendered":"\u201cAnalytics\u201d en forma muy resumida es potenciar el uso de los datos convertidos en informaci\u00f3n para la toma de decisiones en toda la pir\u00e1mide organizacional. La Anal\u00edtica, para nosotros es un excelente punto de partida, no solo para medir las actividades de la organizaci\u00f3n, sino para empoderar moderadamente la toma de decisiones en las organizaciones, [...]","protected":false},"author":2,"featured_media":0,"parent":0,"menu_order":0,"comment_status":"closed","ping_status":"closed","template":"","meta":{"footnotes":""},"class_list":["post-4689","page","type-page","status-publish","hentry"],"yoast_head":"<!-- This site is optimized with the Yoast SEO plugin v27.2 - https:\/\/yoast.com\/product\/yoast-seo-wordpress\/ -->\n<title>BSolutions Group | Anal\u00edtica de la Informaci\u00f3n<\/title>\n<meta name=\"robots\" content=\"index, follow, max-snippet:-1, max-image-preview:large, max-video-preview:-1\" \/>\n<link rel=\"canonical\" href=\"https:\/\/b-solutionsgroup.com\/es\/analitica-de-la-informacion\/\" \/>\n<meta property=\"og:locale\" content=\"es_ES\" \/>\n<meta property=\"og:type\" content=\"article\" \/>\n<meta property=\"og:title\" content=\"BSolutions Group | Anal\u00edtica de la Informaci\u00f3n\" \/>\n<meta property=\"og:url\" content=\"https:\/\/b-solutionsgroup.com\/es\/analitica-de-la-informacion\/\" \/>\n<meta property=\"og:site_name\" content=\"BSolutions Group\" \/>\n<meta property=\"article:publisher\" content=\"https:\/\/www.facebook.com\/BSolutionsGroupCR\/\" \/>\n<meta property=\"og:image\" content=\"http:\/\/demo.b-solutionsgroup.com\/wp-content\/uploads\/2018\/06\/analytics.jpg\" \/>\n<meta name=\"twitter:card\" content=\"summary_large_image\" \/>\n<meta name=\"twitter:site\" content=\"@bsgwriteus\" \/>\n<meta name=\"twitter:label1\" content=\"Est. reading time\" \/>\n\t<meta name=\"twitter:data1\" content=\"2 minutos\" \/>\n<script type=\"application\/ld+json\" class=\"yoast-schema-graph\">{\"@context\":\"https:\/\/schema.org\",\"@graph\":[{\"@type\":\"WebPage\",\"@id\":\"https:\/\/b-solutionsgroup.com\/analitica-de-la-informacion\/\",\"url\":\"https:\/\/b-solutionsgroup.com\/analitica-de-la-informacion\/\",\"name\":\"BSolutions Group | Anal\u00edtica de la Informaci\u00f3n\",\"isPartOf\":{\"@id\":\"https:\/\/b-solutionsgroup.com\/#website\"},\"primaryImageOfPage\":{\"@id\":\"https:\/\/b-solutionsgroup.com\/analitica-de-la-informacion\/#primaryimage\"},\"image\":{\"@id\":\"https:\/\/b-solutionsgroup.com\/analitica-de-la-informacion\/#primaryimage\"},\"thumbnailUrl\":\"http:\/\/demo.b-solutionsgroup.com\/wp-content\/uploads\/2018\/06\/analytics.jpg\",\"datePublished\":\"2018-06-18T20:47:45+00:00\",\"breadcrumb\":{\"@id\":\"https:\/\/b-solutionsgroup.com\/analitica-de-la-informacion\/#breadcrumb\"},\"inLanguage\":\"es-CR\",\"potentialAction\":[{\"@type\":\"ReadAction\",\"target\":[\"https:\/\/b-solutionsgroup.com\/analitica-de-la-informacion\/\"]}]},{\"@type\":\"ImageObject\",\"inLanguage\":\"es-CR\",\"@id\":\"https:\/\/b-solutionsgroup.com\/analitica-de-la-informacion\/#primaryimage\",\"url\":\"http:\/\/demo.b-solutionsgroup.com\/wp-content\/uploads\/2018\/06\/analytics.jpg\",\"contentUrl\":\"http:\/\/demo.b-solutionsgroup.com\/wp-content\/uploads\/2018\/06\/analytics.jpg\"},{\"@type\":\"BreadcrumbList\",\"@id\":\"https:\/\/b-solutionsgroup.com\/analitica-de-la-informacion\/#breadcrumb\",\"itemListElement\":[{\"@type\":\"ListItem\",\"position\":1,\"name\":\"Portada\",\"item\":\"https:\/\/b-solutionsgroup.com\/\"},{\"@type\":\"ListItem\",\"position\":2,\"name\":\"Anal\u00edtica de la Informaci\u00f3n\"}]},{\"@type\":\"WebSite\",\"@id\":\"https:\/\/b-solutionsgroup.com\/#website\",\"url\":\"https:\/\/b-solutionsgroup.com\/\",\"name\":\"BSolutions Group\",\"description\":\"Expertos en soluciones de negocios\",\"publisher\":{\"@id\":\"https:\/\/b-solutionsgroup.com\/#organization\"},\"potentialAction\":[{\"@type\":\"SearchAction\",\"target\":{\"@type\":\"EntryPoint\",\"urlTemplate\":\"https:\/\/b-solutionsgroup.com\/?s={search_term_string}\"},\"query-input\":{\"@type\":\"PropertyValueSpecification\",\"valueRequired\":true,\"valueName\":\"search_term_string\"}}],\"inLanguage\":\"es-CR\"},{\"@type\":\"Organization\",\"@id\":\"https:\/\/b-solutionsgroup.com\/#organization\",\"name\":\"BSolutions Group\",\"url\":\"https:\/\/b-solutionsgroup.com\/\",\"logo\":{\"@type\":\"ImageObject\",\"inLanguage\":\"es-CR\",\"@id\":\"https:\/\/b-solutionsgroup.com\/#\/schema\/logo\/image\/\",\"url\":\"https:\/\/b-solutionsgroup.com\/wp-content\/uploads\/2018\/06\/BSG_logo.png\",\"contentUrl\":\"https:\/\/b-solutionsgroup.com\/wp-content\/uploads\/2018\/06\/BSG_logo.png\",\"width\":197,\"height\":48,\"caption\":\"BSolutions Group\"},\"image\":{\"@id\":\"https:\/\/b-solutionsgroup.com\/#\/schema\/logo\/image\/\"},\"sameAs\":[\"https:\/\/www.facebook.com\/BSolutionsGroupCR\/\",\"https:\/\/x.com\/bsgwriteus\",\"https:\/\/www.linkedin.com\/company\/bsolutions-group\/\"]}]}<\/script>\n<!-- \/ Yoast SEO plugin. -->","yoast_head_json":{"title":"BSolutions Group | Anal\u00edtica de la Informaci\u00f3n","robots":{"index":"index","follow":"follow","max-snippet":"max-snippet:-1","max-image-preview":"max-image-preview:large","max-video-preview":"max-video-preview:-1"},"canonical":"https:\/\/b-solutionsgroup.com\/es\/analitica-de-la-informacion\/","og_locale":"es_ES","og_type":"article","og_title":"BSolutions Group | Anal\u00edtica de la Informaci\u00f3n","og_url":"https:\/\/b-solutionsgroup.com\/es\/analitica-de-la-informacion\/","og_site_name":"BSolutions Group","article_publisher":"https:\/\/www.facebook.com\/BSolutionsGroupCR\/","og_image":[{"url":"http:\/\/demo.b-solutionsgroup.com\/wp-content\/uploads\/2018\/06\/analytics.jpg","type":"","width":"","height":""}],"twitter_card":"summary_large_image","twitter_site":"@bsgwriteus","twitter_misc":{"Est. reading time":"2 minutos"},"schema":{"@context":"https:\/\/schema.org","@graph":[{"@type":"WebPage","@id":"https:\/\/b-solutionsgroup.com\/analitica-de-la-informacion\/","url":"https:\/\/b-solutionsgroup.com\/analitica-de-la-informacion\/","name":"BSolutions Group | Anal\u00edtica de la Informaci\u00f3n","isPartOf":{"@id":"https:\/\/b-solutionsgroup.com\/#website"},"primaryImageOfPage":{"@id":"https:\/\/b-solutionsgroup.com\/analitica-de-la-informacion\/#primaryimage"},"image":{"@id":"https:\/\/b-solutionsgroup.com\/analitica-de-la-informacion\/#primaryimage"},"thumbnailUrl":"http:\/\/demo.b-solutionsgroup.com\/wp-content\/uploads\/2018\/06\/analytics.jpg","datePublished":"2018-06-18T20:47:45+00:00","breadcrumb":{"@id":"https:\/\/b-solutionsgroup.com\/analitica-de-la-informacion\/#breadcrumb"},"inLanguage":"es-CR","potentialAction":[{"@type":"ReadAction","target":["https:\/\/b-solutionsgroup.com\/analitica-de-la-informacion\/"]}]},{"@type":"ImageObject","inLanguage":"es-CR","@id":"https:\/\/b-solutionsgroup.com\/analitica-de-la-informacion\/#primaryimage","url":"http:\/\/demo.b-solutionsgroup.com\/wp-content\/uploads\/2018\/06\/analytics.jpg","contentUrl":"http:\/\/demo.b-solutionsgroup.com\/wp-content\/uploads\/2018\/06\/analytics.jpg"},{"@type":"BreadcrumbList","@id":"https:\/\/b-solutionsgroup.com\/analitica-de-la-informacion\/#breadcrumb","itemListElement":[{"@type":"ListItem","position":1,"name":"Portada","item":"https:\/\/b-solutionsgroup.com\/"},{"@type":"ListItem","position":2,"name":"Anal\u00edtica de la Informaci\u00f3n"}]},{"@type":"WebSite","@id":"https:\/\/b-solutionsgroup.com\/#website","url":"https:\/\/b-solutionsgroup.com\/","name":"BSolutions Group","description":"Expertos en soluciones de negocios","publisher":{"@id":"https:\/\/b-solutionsgroup.com\/#organization"},"potentialAction":[{"@type":"SearchAction","target":{"@type":"EntryPoint","urlTemplate":"https:\/\/b-solutionsgroup.com\/?s={search_term_string}"},"query-input":{"@type":"PropertyValueSpecification","valueRequired":true,"valueName":"search_term_string"}}],"inLanguage":"es-CR"},{"@type":"Organization","@id":"https:\/\/b-solutionsgroup.com\/#organization","name":"BSolutions Group","url":"https:\/\/b-solutionsgroup.com\/","logo":{"@type":"ImageObject","inLanguage":"es-CR","@id":"https:\/\/b-solutionsgroup.com\/#\/schema\/logo\/image\/","url":"https:\/\/b-solutionsgroup.com\/wp-content\/uploads\/2018\/06\/BSG_logo.png","contentUrl":"https:\/\/b-solutionsgroup.com\/wp-content\/uploads\/2018\/06\/BSG_logo.png","width":197,"height":48,"caption":"BSolutions Group"},"image":{"@id":"https:\/\/b-solutionsgroup.com\/#\/schema\/logo\/image\/"},"sameAs":["https:\/\/www.facebook.com\/BSolutionsGroupCR\/","https:\/\/x.com\/bsgwriteus","https:\/\/www.linkedin.com\/company\/bsolutions-group\/"]}]}},"_links":{"self":[{"href":"https:\/\/b-solutionsgroup.com\/es\/wp-json\/wp\/v2\/pages\/4689","targetHints":{"allow":["GET"]}}],"collection":[{"href":"https:\/\/b-solutionsgroup.com\/es\/wp-json\/wp\/v2\/pages"}],"about":[{"href":"https:\/\/b-solutionsgroup.com\/es\/wp-json\/wp\/v2\/types\/page"}],"author":[{"embeddable":true,"href":"https:\/\/b-solutionsgroup.com\/es\/wp-json\/wp\/v2\/users\/2"}],"replies":[{"embeddable":true,"href":"https:\/\/b-solutionsgroup.com\/es\/wp-json\/wp\/v2\/comments?post=4689"}],"version-history":[{"count":1,"href":"https:\/\/b-solutionsgroup.com\/es\/wp-json\/wp\/v2\/pages\/4689\/revisions"}],"predecessor-version":[{"id":4691,"href":"https:\/\/b-solutionsgroup.com\/es\/wp-json\/wp\/v2\/pages\/4689\/revisions\/4691"}],"wp:attachment":[{"href":"https:\/\/b-solutionsgroup.com\/es\/wp-json\/wp\/v2\/media?parent=4689"}],"curies":[{"name":"wp","href":"https:\/\/api.w.org\/{rel}","templated":true}]}}