{"id":4695,"date":"2018-06-18T20:53:29","date_gmt":"2018-06-18T20:53:29","guid":{"rendered":"http:\/\/demo.b-solutionsgroup.com\/?page_id=4695"},"modified":"2018-06-18T20:53:29","modified_gmt":"2018-06-18T20:53:29","slug":"inteligencia-de-negocios-y-analitica-de-datos","status":"publish","type":"page","link":"https:\/\/b-solutionsgroup.com\/es\/inteligencia-de-negocios-y-analitica-de-datos\/","title":{"rendered":"Inteligencia de Negocios y Anal\u00edtica de Datos"},"content":{"rendered":"<div class=\"wpb-content-wrapper\"><div data-row-brightness=\"light\" class=\"vc_row wpb_row vc_row-fluid rella-row-shadowbox-69ea42f74b43b\" style=\"\"><div class=\"wpb_column vc_column_container vc_col-sm-12\" ><div class=\"vc_column-inner \"  style=\"\"><div class=\"wpb_wrapper\">\n\t<div class=\"wpb_text_column wpb_content_element \">\n\t\t<div class=\"wpb_wrapper\">\n\t\t\t<p>La Inteligencia de Negocios y los procesos de an\u00e1lisis sobre los datos de la organizaci\u00f3n y fuera de \u00e9sta, tienen como objetivo potenciar la exactitud y oportunidad de las decisiones en la organizaci\u00f3n, de tal forma que en todo momento se tenga la posibilidad de conocer el estado actual y se pueda, basado en los datos, predecir uno o varios escenarios futuros. En este mismo enfoque de an\u00e1lisis, se deben implementar las reglas del negocio que permiten ser preventivos y proactivos desde la base de las operaciones de la organizaci\u00f3n, en otras palabras, en el d\u00eda a d\u00eda.<\/p>\n<p>Nuestro objetivo, en cualquiera de los servicios relacionados, es alinear la inteligencia de negocios con los requerimientos de la organizaci\u00f3n y de la naturaleza misma del sector donde desarrolla su negocio, buscamos convertir los datos en generadores de ventajas competitivas a trav\u00e9s del conocimiento del interno y externo de la organizaci\u00f3n. Creamos modelos de an\u00e1lisis capaces de apoyar el proceso de toma de decisi\u00f3n y mecanismos que por medio del conocimiento, nos permitan anticipar decisiones ante posibles escenarios.<\/p>\n<p>Nuestra experiencia en este proceso nos ha llevado a utilizar tecnolog\u00eda de Inteligencia de Negocios de Segunda Generaci\u00f3n, bajo un enfoque neural-asociativo, este tipo de tecnolog\u00eda permite procesar grandes cantidades de datos (Big Data) bajo par\u00e1metros mundiales de eficiencia y efectividad. En el caso en que nuestro cliente posea este tipo de tecnolog\u00eda, no necesariamente la misma, tratamos de aprovechar al m\u00e1ximo esa situaci\u00f3n y lo complementamos con nuestra plataforma de soluci\u00f3n.<\/p>\n<p>Para asegurar la calidad de nuestro portafolio de servicios contamos con profesionales certificados internacionalmente, mismos que, garantizamos son parte integral del equipo consultor.<\/p>\n<p><img loading=\"lazy\" decoding=\"async\" class=\"aligncenter wp-image-4697 size-full\" src=\"http:\/\/demo.b-solutionsgroup.com\/wp-content\/uploads\/2018\/06\/planinfografiagerencial-1024x438.jpg\" alt=\"\" width=\"1024\" height=\"438\" srcset=\"https:\/\/b-solutionsgroup.com\/wp-content\/uploads\/2018\/06\/planinfografiagerencial-1024x438.jpg 1024w, https:\/\/b-solutionsgroup.com\/wp-content\/uploads\/2018\/06\/planinfografiagerencial-1024x438-300x128.jpg 300w, https:\/\/b-solutionsgroup.com\/wp-content\/uploads\/2018\/06\/planinfografiagerencial-1024x438-768x329.jpg 768w\" sizes=\"auto, (max-width: 1024px) 100vw, 1024px\" \/><\/p>\n\n\t\t<\/div>\n\t<\/div>\n<header class=\"section-title section-title-blue-underline2 align-center ra_section_title_69ea42f74b99f\" >\n\t<h2 class=\"title\">Preguntas frecuentes<\/h2><hr><\/header>\n\t<div class=\"wpb_text_column wpb_content_element \">\n\t\t<div class=\"wpb_wrapper\">\n\t\t\t<h4><strong>\u00bfPuedo integrar datos que est\u00e1n fuera de mi organizaci\u00f3n a un proceso de Inteligencia de Negocios?<\/strong><\/h4>\n<p>Efectivamente, se puede hacer una integraci\u00f3n de esa informaci\u00f3n con la informaci\u00f3n interna de su organizaci\u00f3n, sin que esto implique grandes inversiones o esfuerzos por parte de la organizaci\u00f3n.<\/p>\n<h4><strong>\u00bfSe requiere un proceso de Gobierno de la Informaci\u00f3n para implementar Inteligencia de Negocios?<\/strong><\/h4>\n<p>Esta es una decisi\u00f3n que se toma caso a caso, idealmente debe existir el proceso de gobierno de la informaci\u00f3n, pero no significa que no se pueda implementar Inteligencia de Negocios sin \u00e9ste. Metodol\u00f3gicamente se hacen los ajustes necesarios para garantizar mayoritariamente las fuentes de datos y el acceso a la informaci\u00f3n generada.<\/p>\n\n\t\t<\/div>\n\t<\/div>\n<\/div><\/div><\/div><script type=\"text\/javascript\">(function($) {$(\"head\").append(\"<style>.rella-row-shadowbox-69ea42f74b43b{-webkit-box-shadow:;-moz-box-shadow:;box-shadow:;}<\/style>\");})(jQuery);<\/script><\/div>\n<\/div>","protected":false},"excerpt":{"rendered":"La Inteligencia de Negocios y los procesos de an\u00e1lisis sobre los datos de la organizaci\u00f3n y fuera de \u00e9sta, tienen como objetivo potenciar la exactitud y oportunidad de las decisiones en la organizaci\u00f3n, de tal forma que en todo momento se tenga la posibilidad de conocer el estado actual y se pueda, basado en los [...]","protected":false},"author":2,"featured_media":0,"parent":0,"menu_order":0,"comment_status":"closed","ping_status":"closed","template":"","meta":{"footnotes":""},"class_list":["post-4695","page","type-page","status-publish","hentry"],"yoast_head":"<!-- This site is optimized with the Yoast SEO plugin v27.2 - https:\/\/yoast.com\/product\/yoast-seo-wordpress\/ -->\n<title>BSolutions Group | Inteligencia de Negocios y Anal\u00edtica de Datos<\/title>\n<meta name=\"robots\" content=\"index, follow, max-snippet:-1, max-image-preview:large, max-video-preview:-1\" \/>\n<link rel=\"canonical\" href=\"https:\/\/b-solutionsgroup.com\/es\/inteligencia-de-negocios-y-analitica-de-datos\/\" \/>\n<meta property=\"og:locale\" content=\"es_ES\" \/>\n<meta property=\"og:type\" content=\"article\" \/>\n<meta property=\"og:title\" content=\"BSolutions Group | Inteligencia de Negocios y Anal\u00edtica de Datos\" \/>\n<meta property=\"og:url\" content=\"https:\/\/b-solutionsgroup.com\/es\/inteligencia-de-negocios-y-analitica-de-datos\/\" \/>\n<meta property=\"og:site_name\" content=\"BSolutions Group\" \/>\n<meta property=\"article:publisher\" content=\"https:\/\/www.facebook.com\/BSolutionsGroupCR\/\" \/>\n<meta property=\"og:image\" content=\"http:\/\/demo.b-solutionsgroup.com\/wp-content\/uploads\/2018\/06\/planinfografiagerencial-1024x438.jpg\" \/>\n<meta name=\"twitter:card\" content=\"summary_large_image\" \/>\n<meta name=\"twitter:site\" content=\"@bsgwriteus\" \/>\n<meta name=\"twitter:label1\" content=\"Est. reading time\" \/>\n\t<meta name=\"twitter:data1\" content=\"2 minutos\" \/>\n<script type=\"application\/ld+json\" class=\"yoast-schema-graph\">{\"@context\":\"https:\/\/schema.org\",\"@graph\":[{\"@type\":\"WebPage\",\"@id\":\"https:\/\/b-solutionsgroup.com\/inteligencia-de-negocios-y-analitica-de-datos\/\",\"url\":\"https:\/\/b-solutionsgroup.com\/inteligencia-de-negocios-y-analitica-de-datos\/\",\"name\":\"BSolutions Group | Inteligencia de Negocios y Anal\u00edtica de Datos\",\"isPartOf\":{\"@id\":\"https:\/\/b-solutionsgroup.com\/#website\"},\"primaryImageOfPage\":{\"@id\":\"https:\/\/b-solutionsgroup.com\/inteligencia-de-negocios-y-analitica-de-datos\/#primaryimage\"},\"image\":{\"@id\":\"https:\/\/b-solutionsgroup.com\/inteligencia-de-negocios-y-analitica-de-datos\/#primaryimage\"},\"thumbnailUrl\":\"http:\/\/demo.b-solutionsgroup.com\/wp-content\/uploads\/2018\/06\/planinfografiagerencial-1024x438.jpg\",\"datePublished\":\"2018-06-18T20:53:29+00:00\",\"breadcrumb\":{\"@id\":\"https:\/\/b-solutionsgroup.com\/inteligencia-de-negocios-y-analitica-de-datos\/#breadcrumb\"},\"inLanguage\":\"es-CR\",\"potentialAction\":[{\"@type\":\"ReadAction\",\"target\":[\"https:\/\/b-solutionsgroup.com\/inteligencia-de-negocios-y-analitica-de-datos\/\"]}]},{\"@type\":\"ImageObject\",\"inLanguage\":\"es-CR\",\"@id\":\"https:\/\/b-solutionsgroup.com\/inteligencia-de-negocios-y-analitica-de-datos\/#primaryimage\",\"url\":\"http:\/\/demo.b-solutionsgroup.com\/wp-content\/uploads\/2018\/06\/planinfografiagerencial-1024x438.jpg\",\"contentUrl\":\"http:\/\/demo.b-solutionsgroup.com\/wp-content\/uploads\/2018\/06\/planinfografiagerencial-1024x438.jpg\"},{\"@type\":\"BreadcrumbList\",\"@id\":\"https:\/\/b-solutionsgroup.com\/inteligencia-de-negocios-y-analitica-de-datos\/#breadcrumb\",\"itemListElement\":[{\"@type\":\"ListItem\",\"position\":1,\"name\":\"Portada\",\"item\":\"https:\/\/b-solutionsgroup.com\/\"},{\"@type\":\"ListItem\",\"position\":2,\"name\":\"Inteligencia de Negocios y Anal\u00edtica de Datos\"}]},{\"@type\":\"WebSite\",\"@id\":\"https:\/\/b-solutionsgroup.com\/#website\",\"url\":\"https:\/\/b-solutionsgroup.com\/\",\"name\":\"BSolutions Group\",\"description\":\"Expertos en soluciones de negocios\",\"publisher\":{\"@id\":\"https:\/\/b-solutionsgroup.com\/#organization\"},\"potentialAction\":[{\"@type\":\"SearchAction\",\"target\":{\"@type\":\"EntryPoint\",\"urlTemplate\":\"https:\/\/b-solutionsgroup.com\/?s={search_term_string}\"},\"query-input\":{\"@type\":\"PropertyValueSpecification\",\"valueRequired\":true,\"valueName\":\"search_term_string\"}}],\"inLanguage\":\"es-CR\"},{\"@type\":\"Organization\",\"@id\":\"https:\/\/b-solutionsgroup.com\/#organization\",\"name\":\"BSolutions Group\",\"url\":\"https:\/\/b-solutionsgroup.com\/\",\"logo\":{\"@type\":\"ImageObject\",\"inLanguage\":\"es-CR\",\"@id\":\"https:\/\/b-solutionsgroup.com\/#\/schema\/logo\/image\/\",\"url\":\"https:\/\/b-solutionsgroup.com\/wp-content\/uploads\/2018\/06\/BSG_logo.png\",\"contentUrl\":\"https:\/\/b-solutionsgroup.com\/wp-content\/uploads\/2018\/06\/BSG_logo.png\",\"width\":197,\"height\":48,\"caption\":\"BSolutions Group\"},\"image\":{\"@id\":\"https:\/\/b-solutionsgroup.com\/#\/schema\/logo\/image\/\"},\"sameAs\":[\"https:\/\/www.facebook.com\/BSolutionsGroupCR\/\",\"https:\/\/x.com\/bsgwriteus\",\"https:\/\/www.linkedin.com\/company\/bsolutions-group\/\"]}]}<\/script>\n<!-- \/ Yoast SEO plugin. -->","yoast_head_json":{"title":"BSolutions Group | Inteligencia de Negocios y Anal\u00edtica de Datos","robots":{"index":"index","follow":"follow","max-snippet":"max-snippet:-1","max-image-preview":"max-image-preview:large","max-video-preview":"max-video-preview:-1"},"canonical":"https:\/\/b-solutionsgroup.com\/es\/inteligencia-de-negocios-y-analitica-de-datos\/","og_locale":"es_ES","og_type":"article","og_title":"BSolutions Group | Inteligencia de Negocios y Anal\u00edtica de Datos","og_url":"https:\/\/b-solutionsgroup.com\/es\/inteligencia-de-negocios-y-analitica-de-datos\/","og_site_name":"BSolutions Group","article_publisher":"https:\/\/www.facebook.com\/BSolutionsGroupCR\/","og_image":[{"url":"http:\/\/demo.b-solutionsgroup.com\/wp-content\/uploads\/2018\/06\/planinfografiagerencial-1024x438.jpg","type":"","width":"","height":""}],"twitter_card":"summary_large_image","twitter_site":"@bsgwriteus","twitter_misc":{"Est. reading time":"2 minutos"},"schema":{"@context":"https:\/\/schema.org","@graph":[{"@type":"WebPage","@id":"https:\/\/b-solutionsgroup.com\/inteligencia-de-negocios-y-analitica-de-datos\/","url":"https:\/\/b-solutionsgroup.com\/inteligencia-de-negocios-y-analitica-de-datos\/","name":"BSolutions Group | Inteligencia de Negocios y Anal\u00edtica de Datos","isPartOf":{"@id":"https:\/\/b-solutionsgroup.com\/#website"},"primaryImageOfPage":{"@id":"https:\/\/b-solutionsgroup.com\/inteligencia-de-negocios-y-analitica-de-datos\/#primaryimage"},"image":{"@id":"https:\/\/b-solutionsgroup.com\/inteligencia-de-negocios-y-analitica-de-datos\/#primaryimage"},"thumbnailUrl":"http:\/\/demo.b-solutionsgroup.com\/wp-content\/uploads\/2018\/06\/planinfografiagerencial-1024x438.jpg","datePublished":"2018-06-18T20:53:29+00:00","breadcrumb":{"@id":"https:\/\/b-solutionsgroup.com\/inteligencia-de-negocios-y-analitica-de-datos\/#breadcrumb"},"inLanguage":"es-CR","potentialAction":[{"@type":"ReadAction","target":["https:\/\/b-solutionsgroup.com\/inteligencia-de-negocios-y-analitica-de-datos\/"]}]},{"@type":"ImageObject","inLanguage":"es-CR","@id":"https:\/\/b-solutionsgroup.com\/inteligencia-de-negocios-y-analitica-de-datos\/#primaryimage","url":"http:\/\/demo.b-solutionsgroup.com\/wp-content\/uploads\/2018\/06\/planinfografiagerencial-1024x438.jpg","contentUrl":"http:\/\/demo.b-solutionsgroup.com\/wp-content\/uploads\/2018\/06\/planinfografiagerencial-1024x438.jpg"},{"@type":"BreadcrumbList","@id":"https:\/\/b-solutionsgroup.com\/inteligencia-de-negocios-y-analitica-de-datos\/#breadcrumb","itemListElement":[{"@type":"ListItem","position":1,"name":"Portada","item":"https:\/\/b-solutionsgroup.com\/"},{"@type":"ListItem","position":2,"name":"Inteligencia de Negocios y Anal\u00edtica de Datos"}]},{"@type":"WebSite","@id":"https:\/\/b-solutionsgroup.com\/#website","url":"https:\/\/b-solutionsgroup.com\/","name":"BSolutions Group","description":"Expertos en soluciones de negocios","publisher":{"@id":"https:\/\/b-solutionsgroup.com\/#organization"},"potentialAction":[{"@type":"SearchAction","target":{"@type":"EntryPoint","urlTemplate":"https:\/\/b-solutionsgroup.com\/?s={search_term_string}"},"query-input":{"@type":"PropertyValueSpecification","valueRequired":true,"valueName":"search_term_string"}}],"inLanguage":"es-CR"},{"@type":"Organization","@id":"https:\/\/b-solutionsgroup.com\/#organization","name":"BSolutions Group","url":"https:\/\/b-solutionsgroup.com\/","logo":{"@type":"ImageObject","inLanguage":"es-CR","@id":"https:\/\/b-solutionsgroup.com\/#\/schema\/logo\/image\/","url":"https:\/\/b-solutionsgroup.com\/wp-content\/uploads\/2018\/06\/BSG_logo.png","contentUrl":"https:\/\/b-solutionsgroup.com\/wp-content\/uploads\/2018\/06\/BSG_logo.png","width":197,"height":48,"caption":"BSolutions Group"},"image":{"@id":"https:\/\/b-solutionsgroup.com\/#\/schema\/logo\/image\/"},"sameAs":["https:\/\/www.facebook.com\/BSolutionsGroupCR\/","https:\/\/x.com\/bsgwriteus","https:\/\/www.linkedin.com\/company\/bsolutions-group\/"]}]}},"_links":{"self":[{"href":"https:\/\/b-solutionsgroup.com\/es\/wp-json\/wp\/v2\/pages\/4695","targetHints":{"allow":["GET"]}}],"collection":[{"href":"https:\/\/b-solutionsgroup.com\/es\/wp-json\/wp\/v2\/pages"}],"about":[{"href":"https:\/\/b-solutionsgroup.com\/es\/wp-json\/wp\/v2\/types\/page"}],"author":[{"embeddable":true,"href":"https:\/\/b-solutionsgroup.com\/es\/wp-json\/wp\/v2\/users\/2"}],"replies":[{"embeddable":true,"href":"https:\/\/b-solutionsgroup.com\/es\/wp-json\/wp\/v2\/comments?post=4695"}],"version-history":[{"count":1,"href":"https:\/\/b-solutionsgroup.com\/es\/wp-json\/wp\/v2\/pages\/4695\/revisions"}],"predecessor-version":[{"id":4698,"href":"https:\/\/b-solutionsgroup.com\/es\/wp-json\/wp\/v2\/pages\/4695\/revisions\/4698"}],"wp:attachment":[{"href":"https:\/\/b-solutionsgroup.com\/es\/wp-json\/wp\/v2\/media?parent=4695"}],"curies":[{"name":"wp","href":"https:\/\/api.w.org\/{rel}","templated":true}]}}