{"id":4700,"date":"2018-06-18T20:57:31","date_gmt":"2018-06-18T20:57:31","guid":{"rendered":"http:\/\/demo.b-solutionsgroup.com\/?page_id=4700"},"modified":"2018-06-18T20:57:31","modified_gmt":"2018-06-18T20:57:31","slug":"modelos-predictivos","status":"publish","type":"page","link":"https:\/\/b-solutionsgroup.com\/es\/modelos-predictivos\/","title":{"rendered":"Modelos Predictivos"},"content":{"rendered":"<div class=\"wpb-content-wrapper\"><div data-row-brightness=\"light\" class=\"vc_row wpb_row vc_row-fluid rella-row-shadowbox-69ea411534b76\" style=\"\"><div class=\"wpb_column vc_column_container vc_col-sm-12\" ><div class=\"vc_column-inner \"  style=\"\"><div class=\"wpb_wrapper\">\n\t<div class=\"wpb_text_column wpb_content_element \">\n\t\t<div class=\"wpb_wrapper\">\n\t\t\t<p>Utilizando t\u00e9cnicas de \u201cAnalytics\u201d nos es posible, utilizar los datos y el comportamiento del negocio reflejado en los mismos, para establecer secuencias predictivas que permitir\u00edan tomar decisiones con anticipaci\u00f3n de acuerdo sea el requerimiento de la organizaci\u00f3n. Estos modelos se basan en el comportamiento similar hist\u00f3rico de los datos y el desplazamiento de las condiciones del ambiente end\u00f3geno y ex\u00f3geno que pueden condicionar el valor de los datos para una situaci\u00f3n en particular.<\/p>\n<p>Nuestro objetivo es producir modelos predictivos utilizando l\u00f3gica relacionada con la Ciencia de Datos, que puedan simular los datos del pasado y predecir de la manera m\u00e1s acertada un futuro cercano bajo condiciones de ambiente similares. Esta t\u00e9cnica se puede utilizar en temas relacionados con procesos de demanda o planificaci\u00f3n de recursos entre otros.<\/p>\n<p>Nuestra experiencia en este proceso nos obliga a utilizar tecnolog\u00eda de \u00faltima generaci\u00f3n bajo un enfoque neural-asociativo (Qlik), este tipo de tecnolog\u00eda permite procesar grandes cantidades de datos (Big Data) bajo par\u00e1metros mundiales de eficiencia y efectividad. En el caso en que nuestro cliente posea este tipo de tecnolog\u00eda, no necesariamente la misma, tratamos de aprovechar al m\u00e1ximo esa situaci\u00f3n y lo complementamos con nuestra plataforma de soluci\u00f3n.<\/p>\n<p>Para asegurar la calidad de nuestro portafolio de servicios contamos con profesionales certificados internacionalmente, mismos que, garantizamos son parte integral del equipo consultor.<\/p>\n<p><img loading=\"lazy\" decoding=\"async\" class=\"size-full wp-image-4701 aligncenter\" src=\"http:\/\/demo.b-solutionsgroup.com\/wp-content\/uploads\/2018\/06\/modelos-predictivos.jpg\" alt=\"\" width=\"800\" height=\"155\" srcset=\"https:\/\/b-solutionsgroup.com\/wp-content\/uploads\/2018\/06\/modelos-predictivos.jpg 800w, https:\/\/b-solutionsgroup.com\/wp-content\/uploads\/2018\/06\/modelos-predictivos-300x58.jpg 300w, https:\/\/b-solutionsgroup.com\/wp-content\/uploads\/2018\/06\/modelos-predictivos-768x149.jpg 768w\" sizes=\"auto, (max-width: 800px) 100vw, 800px\" \/><\/p>\n\n\t\t<\/div>\n\t<\/div>\n<header class=\"section-title section-title-blue-underline2 align-center ra_section_title_69ea411534fcb\" >\n\t<h2 class=\"title\">Preguntas frecuentes<\/h2><hr><\/header>\n\t<div class=\"wpb_text_column wpb_content_element \">\n\t\t<div class=\"wpb_wrapper\">\n\t\t\t<h4><strong>\u00bfCu\u00e1l es el nivel de precisi\u00f3n de este tipo de modelos?<\/strong><\/h4>\n<p>La precisi\u00f3n de los modelos depender\u00e1 en gran medida de dos factores, el primero es la cantidad y calidad de la informaci\u00f3n hist\u00f3rica y el segundo del correcto modelado de los datos por parte del Cient\u00edfico de Datos. Normalmente estos modelos pueden rondan en una precisi\u00f3n por encima del 85%.<\/p>\n<h4><strong>\u00bfCu\u00e1les han sido las \u00e1reas de mayor demanda en este tipo de modelos?<\/strong><\/h4>\n<p>En general, la t\u00e9cnica puede ser utilizada para muchas \u00e1reas, pero la mayor\u00eda de los requerimientos recibidos est\u00e1n relacionados con pron\u00f3sticos de ventas, planificaci\u00f3n de la demanda, inventarios y aplicaciones adicionales a los modelos de Scoring.<\/p>\n\n\t\t<\/div>\n\t<\/div>\n<\/div><\/div><\/div><script type=\"text\/javascript\">(function($) {$(\"head\").append(\"<style>.rella-row-shadowbox-69ea411534b76{-webkit-box-shadow:;-moz-box-shadow:;box-shadow:;}<\/style>\");})(jQuery);<\/script><\/div>\n<\/div>","protected":false},"excerpt":{"rendered":"Utilizando t\u00e9cnicas de \u201cAnalytics\u201d nos es posible, utilizar los datos y el comportamiento del negocio reflejado en los mismos, para establecer secuencias predictivas que permitir\u00edan tomar decisiones con anticipaci\u00f3n de acuerdo sea el requerimiento de la organizaci\u00f3n. Estos modelos se basan en el comportamiento similar hist\u00f3rico de los datos y el desplazamiento de las condiciones [...]","protected":false},"author":2,"featured_media":0,"parent":0,"menu_order":0,"comment_status":"closed","ping_status":"closed","template":"","meta":{"footnotes":""},"class_list":["post-4700","page","type-page","status-publish","hentry"],"yoast_head":"<!-- This site is optimized with the Yoast SEO plugin v27.2 - https:\/\/yoast.com\/product\/yoast-seo-wordpress\/ -->\n<title>BSolutions Group | Modelos Predictivos<\/title>\n<meta name=\"robots\" content=\"index, follow, max-snippet:-1, max-image-preview:large, max-video-preview:-1\" \/>\n<link rel=\"canonical\" href=\"https:\/\/b-solutionsgroup.com\/es\/modelos-predictivos\/\" \/>\n<meta property=\"og:locale\" content=\"es_ES\" \/>\n<meta property=\"og:type\" content=\"article\" \/>\n<meta property=\"og:title\" content=\"BSolutions Group | Modelos Predictivos\" \/>\n<meta property=\"og:url\" content=\"https:\/\/b-solutionsgroup.com\/es\/modelos-predictivos\/\" \/>\n<meta property=\"og:site_name\" content=\"BSolutions Group\" \/>\n<meta property=\"article:publisher\" content=\"https:\/\/www.facebook.com\/BSolutionsGroupCR\/\" \/>\n<meta property=\"og:image\" content=\"http:\/\/demo.b-solutionsgroup.com\/wp-content\/uploads\/2018\/06\/modelos-predictivos.jpg\" \/>\n<meta name=\"twitter:card\" content=\"summary_large_image\" \/>\n<meta name=\"twitter:site\" content=\"@bsgwriteus\" \/>\n<meta name=\"twitter:label1\" content=\"Est. reading time\" \/>\n\t<meta name=\"twitter:data1\" content=\"2 minutos\" \/>\n<script type=\"application\/ld+json\" class=\"yoast-schema-graph\">{\"@context\":\"https:\/\/schema.org\",\"@graph\":[{\"@type\":\"WebPage\",\"@id\":\"https:\/\/b-solutionsgroup.com\/modelos-predictivos\/\",\"url\":\"https:\/\/b-solutionsgroup.com\/modelos-predictivos\/\",\"name\":\"BSolutions Group | Modelos Predictivos\",\"isPartOf\":{\"@id\":\"https:\/\/b-solutionsgroup.com\/#website\"},\"primaryImageOfPage\":{\"@id\":\"https:\/\/b-solutionsgroup.com\/modelos-predictivos\/#primaryimage\"},\"image\":{\"@id\":\"https:\/\/b-solutionsgroup.com\/modelos-predictivos\/#primaryimage\"},\"thumbnailUrl\":\"http:\/\/demo.b-solutionsgroup.com\/wp-content\/uploads\/2018\/06\/modelos-predictivos.jpg\",\"datePublished\":\"2018-06-18T20:57:31+00:00\",\"breadcrumb\":{\"@id\":\"https:\/\/b-solutionsgroup.com\/modelos-predictivos\/#breadcrumb\"},\"inLanguage\":\"es-CR\",\"potentialAction\":[{\"@type\":\"ReadAction\",\"target\":[\"https:\/\/b-solutionsgroup.com\/modelos-predictivos\/\"]}]},{\"@type\":\"ImageObject\",\"inLanguage\":\"es-CR\",\"@id\":\"https:\/\/b-solutionsgroup.com\/modelos-predictivos\/#primaryimage\",\"url\":\"http:\/\/demo.b-solutionsgroup.com\/wp-content\/uploads\/2018\/06\/modelos-predictivos.jpg\",\"contentUrl\":\"http:\/\/demo.b-solutionsgroup.com\/wp-content\/uploads\/2018\/06\/modelos-predictivos.jpg\"},{\"@type\":\"BreadcrumbList\",\"@id\":\"https:\/\/b-solutionsgroup.com\/modelos-predictivos\/#breadcrumb\",\"itemListElement\":[{\"@type\":\"ListItem\",\"position\":1,\"name\":\"Portada\",\"item\":\"https:\/\/b-solutionsgroup.com\/\"},{\"@type\":\"ListItem\",\"position\":2,\"name\":\"Modelos Predictivos\"}]},{\"@type\":\"WebSite\",\"@id\":\"https:\/\/b-solutionsgroup.com\/#website\",\"url\":\"https:\/\/b-solutionsgroup.com\/\",\"name\":\"BSolutions Group\",\"description\":\"Expertos en soluciones de negocios\",\"publisher\":{\"@id\":\"https:\/\/b-solutionsgroup.com\/#organization\"},\"potentialAction\":[{\"@type\":\"SearchAction\",\"target\":{\"@type\":\"EntryPoint\",\"urlTemplate\":\"https:\/\/b-solutionsgroup.com\/?s={search_term_string}\"},\"query-input\":{\"@type\":\"PropertyValueSpecification\",\"valueRequired\":true,\"valueName\":\"search_term_string\"}}],\"inLanguage\":\"es-CR\"},{\"@type\":\"Organization\",\"@id\":\"https:\/\/b-solutionsgroup.com\/#organization\",\"name\":\"BSolutions Group\",\"url\":\"https:\/\/b-solutionsgroup.com\/\",\"logo\":{\"@type\":\"ImageObject\",\"inLanguage\":\"es-CR\",\"@id\":\"https:\/\/b-solutionsgroup.com\/#\/schema\/logo\/image\/\",\"url\":\"https:\/\/b-solutionsgroup.com\/wp-content\/uploads\/2018\/06\/BSG_logo.png\",\"contentUrl\":\"https:\/\/b-solutionsgroup.com\/wp-content\/uploads\/2018\/06\/BSG_logo.png\",\"width\":197,\"height\":48,\"caption\":\"BSolutions Group\"},\"image\":{\"@id\":\"https:\/\/b-solutionsgroup.com\/#\/schema\/logo\/image\/\"},\"sameAs\":[\"https:\/\/www.facebook.com\/BSolutionsGroupCR\/\",\"https:\/\/x.com\/bsgwriteus\",\"https:\/\/www.linkedin.com\/company\/bsolutions-group\/\"]}]}<\/script>\n<!-- \/ Yoast SEO plugin. -->","yoast_head_json":{"title":"BSolutions Group | Modelos Predictivos","robots":{"index":"index","follow":"follow","max-snippet":"max-snippet:-1","max-image-preview":"max-image-preview:large","max-video-preview":"max-video-preview:-1"},"canonical":"https:\/\/b-solutionsgroup.com\/es\/modelos-predictivos\/","og_locale":"es_ES","og_type":"article","og_title":"BSolutions Group | Modelos Predictivos","og_url":"https:\/\/b-solutionsgroup.com\/es\/modelos-predictivos\/","og_site_name":"BSolutions Group","article_publisher":"https:\/\/www.facebook.com\/BSolutionsGroupCR\/","og_image":[{"url":"http:\/\/demo.b-solutionsgroup.com\/wp-content\/uploads\/2018\/06\/modelos-predictivos.jpg","type":"","width":"","height":""}],"twitter_card":"summary_large_image","twitter_site":"@bsgwriteus","twitter_misc":{"Est. reading time":"2 minutos"},"schema":{"@context":"https:\/\/schema.org","@graph":[{"@type":"WebPage","@id":"https:\/\/b-solutionsgroup.com\/modelos-predictivos\/","url":"https:\/\/b-solutionsgroup.com\/modelos-predictivos\/","name":"BSolutions Group | Modelos Predictivos","isPartOf":{"@id":"https:\/\/b-solutionsgroup.com\/#website"},"primaryImageOfPage":{"@id":"https:\/\/b-solutionsgroup.com\/modelos-predictivos\/#primaryimage"},"image":{"@id":"https:\/\/b-solutionsgroup.com\/modelos-predictivos\/#primaryimage"},"thumbnailUrl":"http:\/\/demo.b-solutionsgroup.com\/wp-content\/uploads\/2018\/06\/modelos-predictivos.jpg","datePublished":"2018-06-18T20:57:31+00:00","breadcrumb":{"@id":"https:\/\/b-solutionsgroup.com\/modelos-predictivos\/#breadcrumb"},"inLanguage":"es-CR","potentialAction":[{"@type":"ReadAction","target":["https:\/\/b-solutionsgroup.com\/modelos-predictivos\/"]}]},{"@type":"ImageObject","inLanguage":"es-CR","@id":"https:\/\/b-solutionsgroup.com\/modelos-predictivos\/#primaryimage","url":"http:\/\/demo.b-solutionsgroup.com\/wp-content\/uploads\/2018\/06\/modelos-predictivos.jpg","contentUrl":"http:\/\/demo.b-solutionsgroup.com\/wp-content\/uploads\/2018\/06\/modelos-predictivos.jpg"},{"@type":"BreadcrumbList","@id":"https:\/\/b-solutionsgroup.com\/modelos-predictivos\/#breadcrumb","itemListElement":[{"@type":"ListItem","position":1,"name":"Portada","item":"https:\/\/b-solutionsgroup.com\/"},{"@type":"ListItem","position":2,"name":"Modelos Predictivos"}]},{"@type":"WebSite","@id":"https:\/\/b-solutionsgroup.com\/#website","url":"https:\/\/b-solutionsgroup.com\/","name":"BSolutions Group","description":"Expertos en soluciones de negocios","publisher":{"@id":"https:\/\/b-solutionsgroup.com\/#organization"},"potentialAction":[{"@type":"SearchAction","target":{"@type":"EntryPoint","urlTemplate":"https:\/\/b-solutionsgroup.com\/?s={search_term_string}"},"query-input":{"@type":"PropertyValueSpecification","valueRequired":true,"valueName":"search_term_string"}}],"inLanguage":"es-CR"},{"@type":"Organization","@id":"https:\/\/b-solutionsgroup.com\/#organization","name":"BSolutions Group","url":"https:\/\/b-solutionsgroup.com\/","logo":{"@type":"ImageObject","inLanguage":"es-CR","@id":"https:\/\/b-solutionsgroup.com\/#\/schema\/logo\/image\/","url":"https:\/\/b-solutionsgroup.com\/wp-content\/uploads\/2018\/06\/BSG_logo.png","contentUrl":"https:\/\/b-solutionsgroup.com\/wp-content\/uploads\/2018\/06\/BSG_logo.png","width":197,"height":48,"caption":"BSolutions Group"},"image":{"@id":"https:\/\/b-solutionsgroup.com\/#\/schema\/logo\/image\/"},"sameAs":["https:\/\/www.facebook.com\/BSolutionsGroupCR\/","https:\/\/x.com\/bsgwriteus","https:\/\/www.linkedin.com\/company\/bsolutions-group\/"]}]}},"_links":{"self":[{"href":"https:\/\/b-solutionsgroup.com\/es\/wp-json\/wp\/v2\/pages\/4700","targetHints":{"allow":["GET"]}}],"collection":[{"href":"https:\/\/b-solutionsgroup.com\/es\/wp-json\/wp\/v2\/pages"}],"about":[{"href":"https:\/\/b-solutionsgroup.com\/es\/wp-json\/wp\/v2\/types\/page"}],"author":[{"embeddable":true,"href":"https:\/\/b-solutionsgroup.com\/es\/wp-json\/wp\/v2\/users\/2"}],"replies":[{"embeddable":true,"href":"https:\/\/b-solutionsgroup.com\/es\/wp-json\/wp\/v2\/comments?post=4700"}],"version-history":[{"count":1,"href":"https:\/\/b-solutionsgroup.com\/es\/wp-json\/wp\/v2\/pages\/4700\/revisions"}],"predecessor-version":[{"id":4702,"href":"https:\/\/b-solutionsgroup.com\/es\/wp-json\/wp\/v2\/pages\/4700\/revisions\/4702"}],"wp:attachment":[{"href":"https:\/\/b-solutionsgroup.com\/es\/wp-json\/wp\/v2\/media?parent=4700"}],"curies":[{"name":"wp","href":"https:\/\/api.w.org\/{rel}","templated":true}]}}