{"id":4706,"date":"2018-06-18T21:18:58","date_gmt":"2018-06-18T21:18:58","guid":{"rendered":"http:\/\/demo.b-solutionsgroup.com\/?page_id=4706"},"modified":"2018-10-19T10:32:01","modified_gmt":"2018-10-19T16:32:01","slug":"optimizacion-de-procesos-y-recursos","status":"publish","type":"page","link":"https:\/\/b-solutionsgroup.com\/es\/optimizacion-de-procesos-y-recursos\/","title":{"rendered":"Optimizaci\u00f3n de Procesos y Recursos"},"content":{"rendered":"<div class=\"wpb-content-wrapper\"><div data-row-brightness=\"light\" class=\"vc_row wpb_row vc_row-fluid vc_custom_1484515871556 rella-row-shadowbox-69ea2f4a1ffbd\" style=\"\"><div class=\"wpb_column vc_column_container vc_col-sm-12\" ><div class=\"vc_column-inner \"  style=\"\"><div class=\"wpb_wrapper\"><div class=\"vc_row wpb_row vc_inner vc_row-fluid\" style=\"background-attachment:;\"><div class=\"wpb_column vc_column_container vc_col-sm-12 vc_col-md-4\" ><div class=\"vc_column-inner \" style=\"\"><div class=\"wpb_wrapper\"><style>.ra_content_box_69ea2f4a2055c h3{color:#000000 !important;font-size:23px !important;}.ra_content_box_69ea2f4a2055c .content-box-content p{color: !important;font-size: !important;}<\/style><div id=\"ra_content_box_69ea2f4a2055c\" class=\"content-box content-box-boxed content-box-boxed-default content-box-default content-box-with-border ra_content_box_69ea2f4a2055c\">\n\n\t\t<figure> <img loading=\"lazy\" decoding=\"async\" width=\"400\" height=\"400\" src=\"https:\/\/b-solutionsgroup.com\/wp-content\/uploads\/2018\/06\/optimizacionesTIC-30x30.png\" class=\"attachment-full size-full progressive__img progressive--not-loaded\" alt=\"\" data-rjs=\"https:\/\/b-solutionsgroup.com\/wp-content\/uploads\/2018\/06\/optimizacionesTIC.png\" srcset=\"\" sizes=\"auto, (max-width: 400px) 100vw, 400px\" data-progressive=\"https:\/\/b-solutionsgroup.com\/wp-content\/uploads\/2018\/06\/optimizacionesTIC.png\" \/><\/figure>\n\t<div class=\"content-box-content\">\n\t\t<h3>Tecnolog\u00eda de Informaci\u00f3n y Comunicaciones<\/h3>\t\t\n\t\t\t\t<p>En el \u00e1rea de Tecnolog\u00eda de Informaci\u00f3n y Comunicaciones, se tiene como objetivo lograr niveles de capacidad adecuados&#8230;<\/p>\n\t\t<style>.ra_button_69ea2f4a61a4e{border-color:!important;line-height:32px !important;font-size:13px !important;font-weight:600 !important;letter-spacing:0.15em !important;}.ra_button_69ea2f4a61a4e:focus,.ra_button_69ea2f4a61a4e:hover{border-color:!important;}<\/style><a href=\"http:\/\/b-solutionsgroup.com\/tecnologia-de-informacion-y-comunicaciones\/\" class=\"btn btn-solid border-thin text-uppercase ra_button_69ea2f4a61a4e vc_custom_1539966717314\" >\n\t\t\t\t<span>\n\tConoce m\u00e1s<i class=\"fa fa-angle-right\"><\/i>\t<\/span>\n<\/a>\n\t\t\n\t<\/div>\n\n<\/div><\/div><\/div><\/div><div class=\"wpb_column vc_column_container vc_col-sm-6 vc_col-md-4\" ><div class=\"vc_column-inner \" style=\"\"><div class=\"wpb_wrapper\"><style>.ra_content_box_69ea2f4a61d3a h3{color:#000000 !important;font-size:23px !important;}.ra_content_box_69ea2f4a61d3a .content-box-content p{color: !important;font-size: !important;}<\/style><div id=\"ra_content_box_69ea2f4a61d3a\" class=\"content-box content-box-boxed content-box-boxed-default content-box-default content-box-with-border ra_content_box_69ea2f4a61d3a\">\n\n\t\t<figure> <img loading=\"lazy\" decoding=\"async\" width=\"400\" height=\"400\" src=\"https:\/\/b-solutionsgroup.com\/wp-content\/uploads\/2018\/06\/arquitecturaempresarial-30x30.png\" class=\"attachment-full size-full progressive__img progressive--not-loaded\" alt=\"\" data-rjs=\"https:\/\/b-solutionsgroup.com\/wp-content\/uploads\/2018\/06\/arquitecturaempresarial.png\" srcset=\"\" sizes=\"auto, (max-width: 400px) 100vw, 400px\" data-progressive=\"https:\/\/b-solutionsgroup.com\/wp-content\/uploads\/2018\/06\/arquitecturaempresarial.png\" \/><\/figure>\n\t<div class=\"content-box-content\">\n\t\t<h3>Arquitectura Empresarial<\/h3>\t\t\n\t\t\t\t<p>La optimizaci\u00f3n de los procesos y recursos, involucra, indistintamente de la naturaleza del negocio, el servicio de T.I.C&#8230;<\/p>\n\t\t<style>.ra_button_69ea2f4aa2bd0{border-color:!important;line-height:32px !important;font-size:13px !important;font-weight:600 !important;letter-spacing:0.15em !important;}.ra_button_69ea2f4aa2bd0:focus,.ra_button_69ea2f4aa2bd0:hover{border-color:!important;}<\/style><a href=\"http:\/\/b-solutionsgroup.com\/arquitectura-empresarial\/\" class=\"btn btn-solid border-thin text-uppercase ra_button_69ea2f4aa2bd0 vc_custom_1530137690773\" >\n\t\t\t\t<span>\n\tConoce m\u00e1s<i class=\"fa fa-angle-right\"><\/i>\t<\/span>\n<\/a>\n\t\t\n\t<\/div>\n\n<\/div><\/div><\/div><\/div><\/div><\/div><\/div><\/div><script type=\"text\/javascript\">(function($) {$(\"head\").append(\"<style>.rella-row-shadowbox-69ea2f4a1ffbd{-webkit-box-shadow:;-moz-box-shadow:;box-shadow:;}<\/style>\");})(jQuery);<\/script><\/div>\n<\/div>","protected":false},"excerpt":{"rendered":"Tecnolog\u00eda de Informaci\u00f3n y Comunicaciones En el \u00e1rea de Tecnolog\u00eda de Informaci\u00f3n y Comunicaciones, se tiene como objetivo lograr niveles de capacidad adecuados... Conoce m\u00e1s Arquitectura Empresarial La optimizaci\u00f3n de los procesos y recursos, involucra, indistintamente de la naturaleza del negocio, el servicio de T.I.C... Conoce m\u00e1s","protected":false},"author":2,"featured_media":0,"parent":0,"menu_order":0,"comment_status":"closed","ping_status":"closed","template":"","meta":{"footnotes":""},"class_list":["post-4706","page","type-page","status-publish","hentry"],"yoast_head":"<!-- This site is optimized with the Yoast SEO plugin v27.2 - https:\/\/yoast.com\/product\/yoast-seo-wordpress\/ -->\n<title>BSolutions Group | Optimizaci\u00f3n de Procesos y Recursos<\/title>\n<meta name=\"robots\" content=\"index, follow, max-snippet:-1, max-image-preview:large, max-video-preview:-1\" \/>\n<link rel=\"canonical\" href=\"https:\/\/b-solutionsgroup.com\/es\/optimizacion-de-procesos-y-recursos\/\" \/>\n<meta property=\"og:locale\" content=\"es_ES\" \/>\n<meta property=\"og:type\" content=\"article\" \/>\n<meta property=\"og:title\" content=\"BSolutions Group | Optimizaci\u00f3n de Procesos y Recursos\" \/>\n<meta property=\"og:url\" content=\"https:\/\/b-solutionsgroup.com\/es\/optimizacion-de-procesos-y-recursos\/\" \/>\n<meta property=\"og:site_name\" content=\"BSolutions Group\" \/>\n<meta property=\"article:publisher\" content=\"https:\/\/www.facebook.com\/BSolutionsGroupCR\/\" \/>\n<meta property=\"article:modified_time\" content=\"2018-10-19T16:32:01+00:00\" \/>\n<meta property=\"og:image\" content=\"https:\/\/b-solutionsgroup.com\/wp-content\/uploads\/2018\/06\/bsg-web-imagen.jpg\" \/>\n\t<meta property=\"og:image:width\" content=\"2300\" \/>\n\t<meta property=\"og:image:height\" content=\"1150\" \/>\n\t<meta property=\"og:image:type\" content=\"image\/jpeg\" \/>\n<meta name=\"twitter:card\" content=\"summary_large_image\" \/>\n<meta name=\"twitter:site\" content=\"@bsgwriteus\" \/>\n<meta name=\"twitter:label1\" content=\"Est. reading time\" \/>\n\t<meta name=\"twitter:data1\" content=\"1 minuto\" \/>\n<script type=\"application\/ld+json\" class=\"yoast-schema-graph\">{\"@context\":\"https:\/\/schema.org\",\"@graph\":[{\"@type\":\"WebPage\",\"@id\":\"https:\/\/b-solutionsgroup.com\/optimizacion-de-procesos-y-recursos\/\",\"url\":\"https:\/\/b-solutionsgroup.com\/optimizacion-de-procesos-y-recursos\/\",\"name\":\"BSolutions Group | Optimizaci\u00f3n de Procesos y Recursos\",\"isPartOf\":{\"@id\":\"https:\/\/b-solutionsgroup.com\/#website\"},\"datePublished\":\"2018-06-18T21:18:58+00:00\",\"dateModified\":\"2018-10-19T16:32:01+00:00\",\"breadcrumb\":{\"@id\":\"https:\/\/b-solutionsgroup.com\/optimizacion-de-procesos-y-recursos\/#breadcrumb\"},\"inLanguage\":\"es-CR\",\"potentialAction\":[{\"@type\":\"ReadAction\",\"target\":[\"https:\/\/b-solutionsgroup.com\/optimizacion-de-procesos-y-recursos\/\"]}]},{\"@type\":\"BreadcrumbList\",\"@id\":\"https:\/\/b-solutionsgroup.com\/optimizacion-de-procesos-y-recursos\/#breadcrumb\",\"itemListElement\":[{\"@type\":\"ListItem\",\"position\":1,\"name\":\"Portada\",\"item\":\"https:\/\/b-solutionsgroup.com\/\"},{\"@type\":\"ListItem\",\"position\":2,\"name\":\"Optimizaci\u00f3n de Procesos y Recursos\"}]},{\"@type\":\"WebSite\",\"@id\":\"https:\/\/b-solutionsgroup.com\/#website\",\"url\":\"https:\/\/b-solutionsgroup.com\/\",\"name\":\"BSolutions Group\",\"description\":\"Expertos en soluciones de negocios\",\"publisher\":{\"@id\":\"https:\/\/b-solutionsgroup.com\/#organization\"},\"potentialAction\":[{\"@type\":\"SearchAction\",\"target\":{\"@type\":\"EntryPoint\",\"urlTemplate\":\"https:\/\/b-solutionsgroup.com\/?s={search_term_string}\"},\"query-input\":{\"@type\":\"PropertyValueSpecification\",\"valueRequired\":true,\"valueName\":\"search_term_string\"}}],\"inLanguage\":\"es-CR\"},{\"@type\":\"Organization\",\"@id\":\"https:\/\/b-solutionsgroup.com\/#organization\",\"name\":\"BSolutions Group\",\"url\":\"https:\/\/b-solutionsgroup.com\/\",\"logo\":{\"@type\":\"ImageObject\",\"inLanguage\":\"es-CR\",\"@id\":\"https:\/\/b-solutionsgroup.com\/#\/schema\/logo\/image\/\",\"url\":\"https:\/\/b-solutionsgroup.com\/wp-content\/uploads\/2018\/06\/BSG_logo.png\",\"contentUrl\":\"https:\/\/b-solutionsgroup.com\/wp-content\/uploads\/2018\/06\/BSG_logo.png\",\"width\":197,\"height\":48,\"caption\":\"BSolutions Group\"},\"image\":{\"@id\":\"https:\/\/b-solutionsgroup.com\/#\/schema\/logo\/image\/\"},\"sameAs\":[\"https:\/\/www.facebook.com\/BSolutionsGroupCR\/\",\"https:\/\/x.com\/bsgwriteus\",\"https:\/\/www.linkedin.com\/company\/bsolutions-group\/\"]}]}<\/script>\n<!-- \/ Yoast SEO plugin. -->","yoast_head_json":{"title":"BSolutions Group | Optimizaci\u00f3n de Procesos y Recursos","robots":{"index":"index","follow":"follow","max-snippet":"max-snippet:-1","max-image-preview":"max-image-preview:large","max-video-preview":"max-video-preview:-1"},"canonical":"https:\/\/b-solutionsgroup.com\/es\/optimizacion-de-procesos-y-recursos\/","og_locale":"es_ES","og_type":"article","og_title":"BSolutions Group | Optimizaci\u00f3n de Procesos y Recursos","og_url":"https:\/\/b-solutionsgroup.com\/es\/optimizacion-de-procesos-y-recursos\/","og_site_name":"BSolutions Group","article_publisher":"https:\/\/www.facebook.com\/BSolutionsGroupCR\/","article_modified_time":"2018-10-19T16:32:01+00:00","og_image":[{"width":2300,"height":1150,"url":"https:\/\/b-solutionsgroup.com\/wp-content\/uploads\/2018\/06\/bsg-web-imagen.jpg","type":"image\/jpeg"}],"twitter_card":"summary_large_image","twitter_site":"@bsgwriteus","twitter_misc":{"Est. reading time":"1 minuto"},"schema":{"@context":"https:\/\/schema.org","@graph":[{"@type":"WebPage","@id":"https:\/\/b-solutionsgroup.com\/optimizacion-de-procesos-y-recursos\/","url":"https:\/\/b-solutionsgroup.com\/optimizacion-de-procesos-y-recursos\/","name":"BSolutions Group | Optimizaci\u00f3n de Procesos y Recursos","isPartOf":{"@id":"https:\/\/b-solutionsgroup.com\/#website"},"datePublished":"2018-06-18T21:18:58+00:00","dateModified":"2018-10-19T16:32:01+00:00","breadcrumb":{"@id":"https:\/\/b-solutionsgroup.com\/optimizacion-de-procesos-y-recursos\/#breadcrumb"},"inLanguage":"es-CR","potentialAction":[{"@type":"ReadAction","target":["https:\/\/b-solutionsgroup.com\/optimizacion-de-procesos-y-recursos\/"]}]},{"@type":"BreadcrumbList","@id":"https:\/\/b-solutionsgroup.com\/optimizacion-de-procesos-y-recursos\/#breadcrumb","itemListElement":[{"@type":"ListItem","position":1,"name":"Portada","item":"https:\/\/b-solutionsgroup.com\/"},{"@type":"ListItem","position":2,"name":"Optimizaci\u00f3n de Procesos y Recursos"}]},{"@type":"WebSite","@id":"https:\/\/b-solutionsgroup.com\/#website","url":"https:\/\/b-solutionsgroup.com\/","name":"BSolutions Group","description":"Expertos en soluciones de negocios","publisher":{"@id":"https:\/\/b-solutionsgroup.com\/#organization"},"potentialAction":[{"@type":"SearchAction","target":{"@type":"EntryPoint","urlTemplate":"https:\/\/b-solutionsgroup.com\/?s={search_term_string}"},"query-input":{"@type":"PropertyValueSpecification","valueRequired":true,"valueName":"search_term_string"}}],"inLanguage":"es-CR"},{"@type":"Organization","@id":"https:\/\/b-solutionsgroup.com\/#organization","name":"BSolutions Group","url":"https:\/\/b-solutionsgroup.com\/","logo":{"@type":"ImageObject","inLanguage":"es-CR","@id":"https:\/\/b-solutionsgroup.com\/#\/schema\/logo\/image\/","url":"https:\/\/b-solutionsgroup.com\/wp-content\/uploads\/2018\/06\/BSG_logo.png","contentUrl":"https:\/\/b-solutionsgroup.com\/wp-content\/uploads\/2018\/06\/BSG_logo.png","width":197,"height":48,"caption":"BSolutions Group"},"image":{"@id":"https:\/\/b-solutionsgroup.com\/#\/schema\/logo\/image\/"},"sameAs":["https:\/\/www.facebook.com\/BSolutionsGroupCR\/","https:\/\/x.com\/bsgwriteus","https:\/\/www.linkedin.com\/company\/bsolutions-group\/"]}]}},"_links":{"self":[{"href":"https:\/\/b-solutionsgroup.com\/es\/wp-json\/wp\/v2\/pages\/4706","targetHints":{"allow":["GET"]}}],"collection":[{"href":"https:\/\/b-solutionsgroup.com\/es\/wp-json\/wp\/v2\/pages"}],"about":[{"href":"https:\/\/b-solutionsgroup.com\/es\/wp-json\/wp\/v2\/types\/page"}],"author":[{"embeddable":true,"href":"https:\/\/b-solutionsgroup.com\/es\/wp-json\/wp\/v2\/users\/2"}],"replies":[{"embeddable":true,"href":"https:\/\/b-solutionsgroup.com\/es\/wp-json\/wp\/v2\/comments?post=4706"}],"version-history":[{"count":5,"href":"https:\/\/b-solutionsgroup.com\/es\/wp-json\/wp\/v2\/pages\/4706\/revisions"}],"predecessor-version":[{"id":5195,"href":"https:\/\/b-solutionsgroup.com\/es\/wp-json\/wp\/v2\/pages\/4706\/revisions\/5195"}],"wp:attachment":[{"href":"https:\/\/b-solutionsgroup.com\/es\/wp-json\/wp\/v2\/media?parent=4706"}],"curies":[{"name":"wp","href":"https:\/\/api.w.org\/{rel}","templated":true}]}}