{"id":4715,"date":"2018-06-18T21:26:40","date_gmt":"2018-06-18T21:26:40","guid":{"rendered":"http:\/\/demo.b-solutionsgroup.com\/?page_id=4715"},"modified":"2018-06-18T21:26:40","modified_gmt":"2018-06-18T21:26:40","slug":"arquitectura-empresarial","status":"publish","type":"page","link":"https:\/\/b-solutionsgroup.com\/es\/arquitectura-empresarial\/","title":{"rendered":"Arquitectura Empresarial"},"content":{"rendered":"<div class=\"wpb-content-wrapper\"><div data-row-brightness=\"light\" class=\"vc_row wpb_row vc_row-fluid rella-row-shadowbox-69ea41144a2c4\" style=\"\"><div class=\"wpb_column vc_column_container vc_col-sm-12\" ><div class=\"vc_column-inner \"  style=\"\"><div class=\"wpb_wrapper\">\n\t<div class=\"wpb_text_column wpb_content_element \">\n\t\t<div class=\"wpb_wrapper\">\n\t\t\t<p>La optimizaci\u00f3n de los procesos y recursos, involucra, indistintamente de la naturaleza del negocio, el servicio de T.I.C., por ende, el alineamiento entre la estrategia, la informaci\u00f3n, los procesos, aplicaciones y la tecnolog\u00eda misma, se convierte en algo ideal y necesario para lograr eficiencia y efectividad en las organizaciones.<\/p>\n<p>Nuestro objetivo, en el proceso de arquitectura empresarial es alinear los requerimientos de informaci\u00f3n del negocio con la tecnolog\u00eda actual y determinar las brechas que, convertidas en proyectos, permitir\u00e1n asegurar la inversi\u00f3n en T.I.C., con respecto a lo que el negocio necesita y requiere. Un valor agregado adicional de la implementaci\u00f3n de la Arquitectura Empresarial est\u00e1 en el modelo de medici\u00f3n que se debe implementar para validar que la T.I.C. cumple con las expectativas del negocio.<\/p>\n<p>Nuestra experiencia en este proceso nos permite optimizar los riesgos y los recursos requeridos para el desarrollo de este tipo de procesos y nos permite un enfoque de implementaci\u00f3n integrado al d\u00eda a d\u00eda del negocio.<\/p>\n<p>Para asegurar la calidad de nuestro portafolio de servicios contamos con profesionales con una vasta experiencia profesional, mismos que, garantizamos son parte integral del equipo consultor.<\/p>\n<p><img loading=\"lazy\" decoding=\"async\" class=\"size-full wp-image-4716 aligncenter\" src=\"http:\/\/demo.b-solutionsgroup.com\/wp-content\/uploads\/2018\/06\/arquitectura-empresarial.jpg\" alt=\"\" width=\"800\" height=\"401\" srcset=\"https:\/\/b-solutionsgroup.com\/wp-content\/uploads\/2018\/06\/arquitectura-empresarial.jpg 800w, https:\/\/b-solutionsgroup.com\/wp-content\/uploads\/2018\/06\/arquitectura-empresarial-300x150.jpg 300w, https:\/\/b-solutionsgroup.com\/wp-content\/uploads\/2018\/06\/arquitectura-empresarial-768x385.jpg 768w\" sizes=\"auto, (max-width: 800px) 100vw, 800px\" \/><\/p>\n\n\t\t<\/div>\n\t<\/div>\n<header class=\"section-title section-title-blue-underline2 align-center ra_section_title_69ea41144a8ef\" >\n\t<h2 class=\"title\">Preguntas frecuentes<\/h2><hr><\/header>\n\t<div class=\"wpb_text_column wpb_content_element \">\n\t\t<div class=\"wpb_wrapper\">\n\t\t\t<h4><strong>\u00bfLa Arquitectura Empresarial implica tener que cambiar parte de mi plataforma tecnol\u00f3gica?<\/strong><\/h4>\n<p>En primera instancia, no se puede ver de esa forma, m\u00e1s bien es un proceso de ordenamiento interno para lograr responder de la mejor forma posible a los requerimientos del negocio, podr\u00eda presentarse el caso en que sea necesario mejorar o sustituir alguna tecnolog\u00eda que no es concordante con lo que el negocio requiere.<\/p>\n<h4><strong>\u00bfEl la Arquitectura Empresarial un tema que solo involucra a T.I.C.?<\/strong><\/h4>\n<p>La implementaci\u00f3n de un modelo de Arquitectura Empresarial, impacta a todas las \u00e1reas de la organizaci\u00f3n, depende del nivel de madurez que se tenga en aspectos tales como Organizaci\u00f3n por Procesos, Sistemas de Gesti\u00f3n, Estandarizaci\u00f3n, el nivel de Cobertura de las Aplicaciones y de la Informaci\u00f3n, para establecer el nivel de involucramiento que deben tener las \u00e1reas fuera de T.I.C.<\/p>\n\n\t\t<\/div>\n\t<\/div>\n<\/div><\/div><\/div><script type=\"text\/javascript\">(function($) {$(\"head\").append(\"<style>.rella-row-shadowbox-69ea41144a2c4{-webkit-box-shadow:;-moz-box-shadow:;box-shadow:;}<\/style>\");})(jQuery);<\/script><\/div>\n<\/div>","protected":false},"excerpt":{"rendered":"La optimizaci\u00f3n de los procesos y recursos, involucra, indistintamente de la naturaleza del negocio, el servicio de T.I.C., por ende, el alineamiento entre la estrategia, la informaci\u00f3n, los procesos, aplicaciones y la tecnolog\u00eda misma, se convierte en algo ideal y necesario para lograr eficiencia y efectividad en las organizaciones. Nuestro objetivo, en el proceso de [...]","protected":false},"author":2,"featured_media":0,"parent":0,"menu_order":0,"comment_status":"closed","ping_status":"closed","template":"","meta":{"footnotes":""},"class_list":["post-4715","page","type-page","status-publish","hentry"],"yoast_head":"<!-- This site is optimized with the Yoast SEO plugin v27.2 - https:\/\/yoast.com\/product\/yoast-seo-wordpress\/ -->\n<title>BSolutions Group | Arquitectura Empresarial<\/title>\n<meta name=\"robots\" content=\"index, follow, max-snippet:-1, max-image-preview:large, max-video-preview:-1\" \/>\n<link rel=\"canonical\" href=\"https:\/\/b-solutionsgroup.com\/es\/arquitectura-empresarial\/\" \/>\n<meta property=\"og:locale\" content=\"es_ES\" \/>\n<meta property=\"og:type\" content=\"article\" \/>\n<meta property=\"og:title\" content=\"BSolutions Group | Arquitectura Empresarial\" \/>\n<meta property=\"og:url\" content=\"https:\/\/b-solutionsgroup.com\/es\/arquitectura-empresarial\/\" \/>\n<meta property=\"og:site_name\" content=\"BSolutions Group\" \/>\n<meta property=\"article:publisher\" content=\"https:\/\/www.facebook.com\/BSolutionsGroupCR\/\" \/>\n<meta property=\"og:image\" content=\"http:\/\/demo.b-solutionsgroup.com\/wp-content\/uploads\/2018\/06\/arquitectura-empresarial.jpg\" \/>\n<meta name=\"twitter:card\" content=\"summary_large_image\" \/>\n<meta name=\"twitter:site\" content=\"@bsgwriteus\" \/>\n<meta name=\"twitter:label1\" content=\"Est. reading time\" \/>\n\t<meta name=\"twitter:data1\" content=\"2 minutos\" \/>\n<script type=\"application\/ld+json\" class=\"yoast-schema-graph\">{\"@context\":\"https:\/\/schema.org\",\"@graph\":[{\"@type\":\"WebPage\",\"@id\":\"https:\/\/b-solutionsgroup.com\/arquitectura-empresarial\/\",\"url\":\"https:\/\/b-solutionsgroup.com\/arquitectura-empresarial\/\",\"name\":\"BSolutions Group | Arquitectura Empresarial\",\"isPartOf\":{\"@id\":\"https:\/\/b-solutionsgroup.com\/#website\"},\"primaryImageOfPage\":{\"@id\":\"https:\/\/b-solutionsgroup.com\/arquitectura-empresarial\/#primaryimage\"},\"image\":{\"@id\":\"https:\/\/b-solutionsgroup.com\/arquitectura-empresarial\/#primaryimage\"},\"thumbnailUrl\":\"http:\/\/demo.b-solutionsgroup.com\/wp-content\/uploads\/2018\/06\/arquitectura-empresarial.jpg\",\"datePublished\":\"2018-06-18T21:26:40+00:00\",\"breadcrumb\":{\"@id\":\"https:\/\/b-solutionsgroup.com\/arquitectura-empresarial\/#breadcrumb\"},\"inLanguage\":\"es-CR\",\"potentialAction\":[{\"@type\":\"ReadAction\",\"target\":[\"https:\/\/b-solutionsgroup.com\/arquitectura-empresarial\/\"]}]},{\"@type\":\"ImageObject\",\"inLanguage\":\"es-CR\",\"@id\":\"https:\/\/b-solutionsgroup.com\/arquitectura-empresarial\/#primaryimage\",\"url\":\"http:\/\/demo.b-solutionsgroup.com\/wp-content\/uploads\/2018\/06\/arquitectura-empresarial.jpg\",\"contentUrl\":\"http:\/\/demo.b-solutionsgroup.com\/wp-content\/uploads\/2018\/06\/arquitectura-empresarial.jpg\"},{\"@type\":\"BreadcrumbList\",\"@id\":\"https:\/\/b-solutionsgroup.com\/arquitectura-empresarial\/#breadcrumb\",\"itemListElement\":[{\"@type\":\"ListItem\",\"position\":1,\"name\":\"Portada\",\"item\":\"https:\/\/b-solutionsgroup.com\/\"},{\"@type\":\"ListItem\",\"position\":2,\"name\":\"Arquitectura Empresarial\"}]},{\"@type\":\"WebSite\",\"@id\":\"https:\/\/b-solutionsgroup.com\/#website\",\"url\":\"https:\/\/b-solutionsgroup.com\/\",\"name\":\"BSolutions Group\",\"description\":\"Expertos en soluciones de negocios\",\"publisher\":{\"@id\":\"https:\/\/b-solutionsgroup.com\/#organization\"},\"potentialAction\":[{\"@type\":\"SearchAction\",\"target\":{\"@type\":\"EntryPoint\",\"urlTemplate\":\"https:\/\/b-solutionsgroup.com\/?s={search_term_string}\"},\"query-input\":{\"@type\":\"PropertyValueSpecification\",\"valueRequired\":true,\"valueName\":\"search_term_string\"}}],\"inLanguage\":\"es-CR\"},{\"@type\":\"Organization\",\"@id\":\"https:\/\/b-solutionsgroup.com\/#organization\",\"name\":\"BSolutions Group\",\"url\":\"https:\/\/b-solutionsgroup.com\/\",\"logo\":{\"@type\":\"ImageObject\",\"inLanguage\":\"es-CR\",\"@id\":\"https:\/\/b-solutionsgroup.com\/#\/schema\/logo\/image\/\",\"url\":\"https:\/\/b-solutionsgroup.com\/wp-content\/uploads\/2018\/06\/BSG_logo.png\",\"contentUrl\":\"https:\/\/b-solutionsgroup.com\/wp-content\/uploads\/2018\/06\/BSG_logo.png\",\"width\":197,\"height\":48,\"caption\":\"BSolutions Group\"},\"image\":{\"@id\":\"https:\/\/b-solutionsgroup.com\/#\/schema\/logo\/image\/\"},\"sameAs\":[\"https:\/\/www.facebook.com\/BSolutionsGroupCR\/\",\"https:\/\/x.com\/bsgwriteus\",\"https:\/\/www.linkedin.com\/company\/bsolutions-group\/\"]}]}<\/script>\n<!-- \/ Yoast SEO plugin. -->","yoast_head_json":{"title":"BSolutions Group | Arquitectura Empresarial","robots":{"index":"index","follow":"follow","max-snippet":"max-snippet:-1","max-image-preview":"max-image-preview:large","max-video-preview":"max-video-preview:-1"},"canonical":"https:\/\/b-solutionsgroup.com\/es\/arquitectura-empresarial\/","og_locale":"es_ES","og_type":"article","og_title":"BSolutions Group | Arquitectura Empresarial","og_url":"https:\/\/b-solutionsgroup.com\/es\/arquitectura-empresarial\/","og_site_name":"BSolutions Group","article_publisher":"https:\/\/www.facebook.com\/BSolutionsGroupCR\/","og_image":[{"url":"http:\/\/demo.b-solutionsgroup.com\/wp-content\/uploads\/2018\/06\/arquitectura-empresarial.jpg","type":"","width":"","height":""}],"twitter_card":"summary_large_image","twitter_site":"@bsgwriteus","twitter_misc":{"Est. reading time":"2 minutos"},"schema":{"@context":"https:\/\/schema.org","@graph":[{"@type":"WebPage","@id":"https:\/\/b-solutionsgroup.com\/arquitectura-empresarial\/","url":"https:\/\/b-solutionsgroup.com\/arquitectura-empresarial\/","name":"BSolutions Group | Arquitectura Empresarial","isPartOf":{"@id":"https:\/\/b-solutionsgroup.com\/#website"},"primaryImageOfPage":{"@id":"https:\/\/b-solutionsgroup.com\/arquitectura-empresarial\/#primaryimage"},"image":{"@id":"https:\/\/b-solutionsgroup.com\/arquitectura-empresarial\/#primaryimage"},"thumbnailUrl":"http:\/\/demo.b-solutionsgroup.com\/wp-content\/uploads\/2018\/06\/arquitectura-empresarial.jpg","datePublished":"2018-06-18T21:26:40+00:00","breadcrumb":{"@id":"https:\/\/b-solutionsgroup.com\/arquitectura-empresarial\/#breadcrumb"},"inLanguage":"es-CR","potentialAction":[{"@type":"ReadAction","target":["https:\/\/b-solutionsgroup.com\/arquitectura-empresarial\/"]}]},{"@type":"ImageObject","inLanguage":"es-CR","@id":"https:\/\/b-solutionsgroup.com\/arquitectura-empresarial\/#primaryimage","url":"http:\/\/demo.b-solutionsgroup.com\/wp-content\/uploads\/2018\/06\/arquitectura-empresarial.jpg","contentUrl":"http:\/\/demo.b-solutionsgroup.com\/wp-content\/uploads\/2018\/06\/arquitectura-empresarial.jpg"},{"@type":"BreadcrumbList","@id":"https:\/\/b-solutionsgroup.com\/arquitectura-empresarial\/#breadcrumb","itemListElement":[{"@type":"ListItem","position":1,"name":"Portada","item":"https:\/\/b-solutionsgroup.com\/"},{"@type":"ListItem","position":2,"name":"Arquitectura Empresarial"}]},{"@type":"WebSite","@id":"https:\/\/b-solutionsgroup.com\/#website","url":"https:\/\/b-solutionsgroup.com\/","name":"BSolutions Group","description":"Expertos en soluciones de negocios","publisher":{"@id":"https:\/\/b-solutionsgroup.com\/#organization"},"potentialAction":[{"@type":"SearchAction","target":{"@type":"EntryPoint","urlTemplate":"https:\/\/b-solutionsgroup.com\/?s={search_term_string}"},"query-input":{"@type":"PropertyValueSpecification","valueRequired":true,"valueName":"search_term_string"}}],"inLanguage":"es-CR"},{"@type":"Organization","@id":"https:\/\/b-solutionsgroup.com\/#organization","name":"BSolutions Group","url":"https:\/\/b-solutionsgroup.com\/","logo":{"@type":"ImageObject","inLanguage":"es-CR","@id":"https:\/\/b-solutionsgroup.com\/#\/schema\/logo\/image\/","url":"https:\/\/b-solutionsgroup.com\/wp-content\/uploads\/2018\/06\/BSG_logo.png","contentUrl":"https:\/\/b-solutionsgroup.com\/wp-content\/uploads\/2018\/06\/BSG_logo.png","width":197,"height":48,"caption":"BSolutions Group"},"image":{"@id":"https:\/\/b-solutionsgroup.com\/#\/schema\/logo\/image\/"},"sameAs":["https:\/\/www.facebook.com\/BSolutionsGroupCR\/","https:\/\/x.com\/bsgwriteus","https:\/\/www.linkedin.com\/company\/bsolutions-group\/"]}]}},"_links":{"self":[{"href":"https:\/\/b-solutionsgroup.com\/es\/wp-json\/wp\/v2\/pages\/4715","targetHints":{"allow":["GET"]}}],"collection":[{"href":"https:\/\/b-solutionsgroup.com\/es\/wp-json\/wp\/v2\/pages"}],"about":[{"href":"https:\/\/b-solutionsgroup.com\/es\/wp-json\/wp\/v2\/types\/page"}],"author":[{"embeddable":true,"href":"https:\/\/b-solutionsgroup.com\/es\/wp-json\/wp\/v2\/users\/2"}],"replies":[{"embeddable":true,"href":"https:\/\/b-solutionsgroup.com\/es\/wp-json\/wp\/v2\/comments?post=4715"}],"version-history":[{"count":1,"href":"https:\/\/b-solutionsgroup.com\/es\/wp-json\/wp\/v2\/pages\/4715\/revisions"}],"predecessor-version":[{"id":4717,"href":"https:\/\/b-solutionsgroup.com\/es\/wp-json\/wp\/v2\/pages\/4715\/revisions\/4717"}],"wp:attachment":[{"href":"https:\/\/b-solutionsgroup.com\/es\/wp-json\/wp\/v2\/media?parent=4715"}],"curies":[{"name":"wp","href":"https:\/\/api.w.org\/{rel}","templated":true}]}}