{"id":4734,"date":"2018-06-19T20:43:54","date_gmt":"2018-06-19T20:43:54","guid":{"rendered":"http:\/\/demo.b-solutionsgroup.com\/?page_id=4734"},"modified":"2022-08-29T08:40:46","modified_gmt":"2022-08-29T14:40:46","slug":"qlikview","status":"publish","type":"page","link":"https:\/\/b-solutionsgroup.com\/es\/qlikview\/","title":{"rendered":"QlikView\u00ae"},"content":{"rendered":"<div class=\"wpb-content-wrapper\"><div data-row-brightness=\"light\" class=\"vc_row wpb_row vc_row-fluid rella-row-shadowbox-69ea2f244585c\" style=\"\"><div class=\"wpb_column vc_column_container vc_col-sm-12\" ><div class=\"vc_column-inner \"  style=\"\"><div class=\"wpb_wrapper\"><header class=\"section-title section-title-underlined-title align-center ra_section_title_69ea2f2445bee\" >\n\t<h2 class=\"title\">Anal\u00edtica guiada QlikView\u00ae<\/h2><div class=\"page-title__copy\">\n<p>Descubra conocimiento de valor mediante la creaci\u00f3n de sus propias aplicaciones espec\u00edficas de anal\u00edtica guiada con una soluci\u00f3n empresarial flexible.<\/p>\n<\/div>\n<style>.ra_button_69ea2f2445f39{border-color:!important;}<\/style><a href=\"http:\/\/b-solutionsgroup.com\/qlik-formulario-de-solicitud-de-demo\/\" class=\"btn btn-default border-thin ra_button_69ea2f2445f39\" >\n\t\t\t\t<span>\n\tSolicite su demo\t<\/span>\n<\/a>\n<\/header>\n\t<div class=\"wpb_text_column wpb_content_element \">\n\t\t<div class=\"wpb_wrapper\">\n\t\t\t<p>Las expectativas con respecto a la inteligencia de negocio (BI) han cambiado para siempre. Ya no es aceptable trabajar con un software excesivamente complejo, dise\u00f1ado para unos pocos usuarios avanzados, que requieran largos ciclos de implementaci\u00f3n y con bajos \u00edndices de \u00e9xito en los proyectos. El espectacular crecimiento de QlikTech demuestra que cada vez m\u00e1s empresas con miras al futuro est\u00e1n apostando por la innovadora tecnolog\u00eda de Qlik. Saben que Qlik les ofrece algo que no pueden recibir de ning\u00fan otro proveedor BI: una sencillez real, que proporciona respuestas de negocio al instante, con un s\u00f3lo clic, para todos los usuarios, no s\u00f3lo para usuarios avanzados. Con Qlik, la generaci\u00f3n de valor se mide en d\u00edas y semanas y sus opciones de implementaci\u00f3n son ilimitadas. M\u00e1s de 11.100 clientes de Qlik han experimentado ya \u00edndices sin precedentes de \u00e9xito en sus proyectos, con m\u00e1s de 300 nuevos clientes que se incorporan cada mes.<\/p>\n<p><img loading=\"lazy\" decoding=\"async\" class=\"size-full wp-image-4926 aligncenter\" src=\"http:\/\/b-solutionsgroup.com\/wp-content\/uploads\/2018\/07\/qlik-estructura.png\" alt=\"\" width=\"800\" height=\"235\" srcset=\"https:\/\/b-solutionsgroup.com\/wp-content\/uploads\/2018\/07\/qlik-estructura.png 800w, https:\/\/b-solutionsgroup.com\/wp-content\/uploads\/2018\/07\/qlik-estructura-300x88.png 300w, https:\/\/b-solutionsgroup.com\/wp-content\/uploads\/2018\/07\/qlik-estructura-768x226.png 768w\" sizes=\"auto, (max-width: 800px) 100vw, 800px\" \/><\/p>\n<p>Una de las claves del \u00e9xito de Qlik es su galardonada y exclusiva \u201ctecnolog\u00eda asociativa residente en memoria\u201d. El an\u00e1lisis e informes en memoria implican acceso mediante un solo clic a cuadros de mando interactivos y visualmente atractivos, que cualquier persona puede elaborar r\u00e1pidamente y modifi car con facilidad. Esto permite al usuario nuevas formas de ver y conocer su negocio y explorar interactivamente los datos sin limitaciones. Ahora, los usuarios pueden combinar sus datos con incre\u00edble rapidez y tomar decisiones basadas en informaci\u00f3n y de forma proactiva.<\/p>\n<p>Qlik ha demostrado sistem\u00e1ticamente c\u00f3mo maximiza el uso eficiente de la memoria disponible en plataformas avanzadas de hardware multin\u00facleo de 64 bits para permitir a miles de usuarios acceder a miles de millones de registros de datos. Qlik sigue consider\u00e1ndose una soluci\u00f3n superior en la oferta de productos con hardware Intel donde puede demostrar el potencial de su incre\u00edble capacidad de procesamiento con sus nuevas y avanzadas arquitecturas de memoria. Esto refuerza el concepto de que Qlik es una herramienta de inteligencia de negocio incre\u00edblemente flexible y altamente escalable, con un coste muy inferior al de las soluciones BI tradicionales.<\/p>\n<p>F\u00e1cil de aprender, f\u00e1cil de usar. La codificaci\u00f3n por colores y el m\u00e9todo de apuntar y hacer clic con el rat\u00f3n hacen de Qlik una aplicaci\u00f3n extremadamente intuitiva y f\u00e1cil de aprender para cualquier tipo de usuario. Los cambios en las aplicaciones Qlik se realizan en cuesti\u00f3n de segundos, por lo que resulta f\u00e1cil responder con rapidez a las necesidades BI en constante cambio de una organizaci\u00f3n.<\/p>\n<p><iframe loading=\"lazy\" title=\"YouTube video player\" src=\"https:\/\/www.youtube.com\/embed\/EviVLpij1nA\" width=\"560\" height=\"315\" frameborder=\"0\" allowfullscreen=\"allowfullscreen\"><\/iframe><\/p>\n\n\t\t<\/div>\n\t<\/div>\n<\/div><\/div><\/div><script type=\"text\/javascript\">(function($) {$(\"head\").append(\"<style>.rella-row-shadowbox-69ea2f244585c{-webkit-box-shadow:;-moz-box-shadow:;box-shadow:;}<\/style>\");})(jQuery);<\/script><\/div>\n<\/div>","protected":false},"excerpt":{"rendered":"Anal\u00edtica guiada QlikView\u00ae Descubra conocimiento de valor mediante la creaci\u00f3n de sus propias aplicaciones espec\u00edficas de anal\u00edtica guiada con una soluci\u00f3n empresarial flexible. Solicite su demo Las expectativas con respecto a la inteligencia de negocio (BI) han cambiado para siempre. Ya no es aceptable trabajar con un software excesivamente complejo, dise\u00f1ado para unos pocos usuarios [...]","protected":false},"author":2,"featured_media":0,"parent":0,"menu_order":0,"comment_status":"closed","ping_status":"closed","template":"","meta":{"footnotes":""},"class_list":["post-4734","page","type-page","status-publish","hentry"],"yoast_head":"<!-- This site is optimized with the Yoast SEO plugin v27.2 - https:\/\/yoast.com\/product\/yoast-seo-wordpress\/ -->\n<title>BSolutions Group | QlikView\u00ae<\/title>\n<meta name=\"robots\" content=\"index, follow, max-snippet:-1, max-image-preview:large, max-video-preview:-1\" \/>\n<link rel=\"canonical\" href=\"https:\/\/b-solutionsgroup.com\/es\/qlikview\/\" \/>\n<meta property=\"og:locale\" content=\"es_ES\" \/>\n<meta property=\"og:type\" content=\"article\" \/>\n<meta property=\"og:title\" content=\"BSolutions Group | QlikView\u00ae\" \/>\n<meta property=\"og:url\" content=\"https:\/\/b-solutionsgroup.com\/es\/qlikview\/\" \/>\n<meta property=\"og:site_name\" content=\"BSolutions Group\" \/>\n<meta property=\"article:publisher\" content=\"https:\/\/www.facebook.com\/BSolutionsGroupCR\/\" \/>\n<meta property=\"article:modified_time\" content=\"2022-08-29T14:40:46+00:00\" \/>\n<meta property=\"og:image\" content=\"http:\/\/b-solutionsgroup.com\/wp-content\/uploads\/2018\/07\/qlik-estructura.png\" \/>\n<meta name=\"twitter:card\" content=\"summary_large_image\" \/>\n<meta name=\"twitter:site\" content=\"@bsgwriteus\" \/>\n<meta name=\"twitter:label1\" content=\"Est. reading time\" \/>\n\t<meta name=\"twitter:data1\" content=\"3 minutos\" \/>\n<script type=\"application\/ld+json\" class=\"yoast-schema-graph\">{\"@context\":\"https:\/\/schema.org\",\"@graph\":[{\"@type\":\"WebPage\",\"@id\":\"https:\/\/b-solutionsgroup.com\/qlikview\/\",\"url\":\"https:\/\/b-solutionsgroup.com\/qlikview\/\",\"name\":\"BSolutions Group | QlikView\u00ae\",\"isPartOf\":{\"@id\":\"https:\/\/b-solutionsgroup.com\/#website\"},\"primaryImageOfPage\":{\"@id\":\"https:\/\/b-solutionsgroup.com\/qlikview\/#primaryimage\"},\"image\":{\"@id\":\"https:\/\/b-solutionsgroup.com\/qlikview\/#primaryimage\"},\"thumbnailUrl\":\"http:\/\/b-solutionsgroup.com\/wp-content\/uploads\/2018\/07\/qlik-estructura.png\",\"datePublished\":\"2018-06-19T20:43:54+00:00\",\"dateModified\":\"2022-08-29T14:40:46+00:00\",\"breadcrumb\":{\"@id\":\"https:\/\/b-solutionsgroup.com\/qlikview\/#breadcrumb\"},\"inLanguage\":\"es-CR\",\"potentialAction\":[{\"@type\":\"ReadAction\",\"target\":[\"https:\/\/b-solutionsgroup.com\/qlikview\/\"]}]},{\"@type\":\"ImageObject\",\"inLanguage\":\"es-CR\",\"@id\":\"https:\/\/b-solutionsgroup.com\/qlikview\/#primaryimage\",\"url\":\"http:\/\/b-solutionsgroup.com\/wp-content\/uploads\/2018\/07\/qlik-estructura.png\",\"contentUrl\":\"http:\/\/b-solutionsgroup.com\/wp-content\/uploads\/2018\/07\/qlik-estructura.png\"},{\"@type\":\"BreadcrumbList\",\"@id\":\"https:\/\/b-solutionsgroup.com\/qlikview\/#breadcrumb\",\"itemListElement\":[{\"@type\":\"ListItem\",\"position\":1,\"name\":\"Portada\",\"item\":\"https:\/\/b-solutionsgroup.com\/\"},{\"@type\":\"ListItem\",\"position\":2,\"name\":\"QlikView\u00ae\"}]},{\"@type\":\"WebSite\",\"@id\":\"https:\/\/b-solutionsgroup.com\/#website\",\"url\":\"https:\/\/b-solutionsgroup.com\/\",\"name\":\"BSolutions Group\",\"description\":\"Expertos en soluciones de negocios\",\"publisher\":{\"@id\":\"https:\/\/b-solutionsgroup.com\/#organization\"},\"potentialAction\":[{\"@type\":\"SearchAction\",\"target\":{\"@type\":\"EntryPoint\",\"urlTemplate\":\"https:\/\/b-solutionsgroup.com\/?s={search_term_string}\"},\"query-input\":{\"@type\":\"PropertyValueSpecification\",\"valueRequired\":true,\"valueName\":\"search_term_string\"}}],\"inLanguage\":\"es-CR\"},{\"@type\":\"Organization\",\"@id\":\"https:\/\/b-solutionsgroup.com\/#organization\",\"name\":\"BSolutions Group\",\"url\":\"https:\/\/b-solutionsgroup.com\/\",\"logo\":{\"@type\":\"ImageObject\",\"inLanguage\":\"es-CR\",\"@id\":\"https:\/\/b-solutionsgroup.com\/#\/schema\/logo\/image\/\",\"url\":\"https:\/\/b-solutionsgroup.com\/wp-content\/uploads\/2018\/06\/BSG_logo.png\",\"contentUrl\":\"https:\/\/b-solutionsgroup.com\/wp-content\/uploads\/2018\/06\/BSG_logo.png\",\"width\":197,\"height\":48,\"caption\":\"BSolutions Group\"},\"image\":{\"@id\":\"https:\/\/b-solutionsgroup.com\/#\/schema\/logo\/image\/\"},\"sameAs\":[\"https:\/\/www.facebook.com\/BSolutionsGroupCR\/\",\"https:\/\/x.com\/bsgwriteus\",\"https:\/\/www.linkedin.com\/company\/bsolutions-group\/\"]}]}<\/script>\n<!-- \/ Yoast SEO plugin. -->","yoast_head_json":{"title":"BSolutions Group | QlikView\u00ae","robots":{"index":"index","follow":"follow","max-snippet":"max-snippet:-1","max-image-preview":"max-image-preview:large","max-video-preview":"max-video-preview:-1"},"canonical":"https:\/\/b-solutionsgroup.com\/es\/qlikview\/","og_locale":"es_ES","og_type":"article","og_title":"BSolutions Group | QlikView\u00ae","og_url":"https:\/\/b-solutionsgroup.com\/es\/qlikview\/","og_site_name":"BSolutions Group","article_publisher":"https:\/\/www.facebook.com\/BSolutionsGroupCR\/","article_modified_time":"2022-08-29T14:40:46+00:00","og_image":[{"url":"http:\/\/b-solutionsgroup.com\/wp-content\/uploads\/2018\/07\/qlik-estructura.png","type":"","width":"","height":""}],"twitter_card":"summary_large_image","twitter_site":"@bsgwriteus","twitter_misc":{"Est. reading time":"3 minutos"},"schema":{"@context":"https:\/\/schema.org","@graph":[{"@type":"WebPage","@id":"https:\/\/b-solutionsgroup.com\/qlikview\/","url":"https:\/\/b-solutionsgroup.com\/qlikview\/","name":"BSolutions Group | QlikView\u00ae","isPartOf":{"@id":"https:\/\/b-solutionsgroup.com\/#website"},"primaryImageOfPage":{"@id":"https:\/\/b-solutionsgroup.com\/qlikview\/#primaryimage"},"image":{"@id":"https:\/\/b-solutionsgroup.com\/qlikview\/#primaryimage"},"thumbnailUrl":"http:\/\/b-solutionsgroup.com\/wp-content\/uploads\/2018\/07\/qlik-estructura.png","datePublished":"2018-06-19T20:43:54+00:00","dateModified":"2022-08-29T14:40:46+00:00","breadcrumb":{"@id":"https:\/\/b-solutionsgroup.com\/qlikview\/#breadcrumb"},"inLanguage":"es-CR","potentialAction":[{"@type":"ReadAction","target":["https:\/\/b-solutionsgroup.com\/qlikview\/"]}]},{"@type":"ImageObject","inLanguage":"es-CR","@id":"https:\/\/b-solutionsgroup.com\/qlikview\/#primaryimage","url":"http:\/\/b-solutionsgroup.com\/wp-content\/uploads\/2018\/07\/qlik-estructura.png","contentUrl":"http:\/\/b-solutionsgroup.com\/wp-content\/uploads\/2018\/07\/qlik-estructura.png"},{"@type":"BreadcrumbList","@id":"https:\/\/b-solutionsgroup.com\/qlikview\/#breadcrumb","itemListElement":[{"@type":"ListItem","position":1,"name":"Portada","item":"https:\/\/b-solutionsgroup.com\/"},{"@type":"ListItem","position":2,"name":"QlikView\u00ae"}]},{"@type":"WebSite","@id":"https:\/\/b-solutionsgroup.com\/#website","url":"https:\/\/b-solutionsgroup.com\/","name":"BSolutions Group","description":"Expertos en soluciones de negocios","publisher":{"@id":"https:\/\/b-solutionsgroup.com\/#organization"},"potentialAction":[{"@type":"SearchAction","target":{"@type":"EntryPoint","urlTemplate":"https:\/\/b-solutionsgroup.com\/?s={search_term_string}"},"query-input":{"@type":"PropertyValueSpecification","valueRequired":true,"valueName":"search_term_string"}}],"inLanguage":"es-CR"},{"@type":"Organization","@id":"https:\/\/b-solutionsgroup.com\/#organization","name":"BSolutions Group","url":"https:\/\/b-solutionsgroup.com\/","logo":{"@type":"ImageObject","inLanguage":"es-CR","@id":"https:\/\/b-solutionsgroup.com\/#\/schema\/logo\/image\/","url":"https:\/\/b-solutionsgroup.com\/wp-content\/uploads\/2018\/06\/BSG_logo.png","contentUrl":"https:\/\/b-solutionsgroup.com\/wp-content\/uploads\/2018\/06\/BSG_logo.png","width":197,"height":48,"caption":"BSolutions Group"},"image":{"@id":"https:\/\/b-solutionsgroup.com\/#\/schema\/logo\/image\/"},"sameAs":["https:\/\/www.facebook.com\/BSolutionsGroupCR\/","https:\/\/x.com\/bsgwriteus","https:\/\/www.linkedin.com\/company\/bsolutions-group\/"]}]}},"_links":{"self":[{"href":"https:\/\/b-solutionsgroup.com\/es\/wp-json\/wp\/v2\/pages\/4734","targetHints":{"allow":["GET"]}}],"collection":[{"href":"https:\/\/b-solutionsgroup.com\/es\/wp-json\/wp\/v2\/pages"}],"about":[{"href":"https:\/\/b-solutionsgroup.com\/es\/wp-json\/wp\/v2\/types\/page"}],"author":[{"embeddable":true,"href":"https:\/\/b-solutionsgroup.com\/es\/wp-json\/wp\/v2\/users\/2"}],"replies":[{"embeddable":true,"href":"https:\/\/b-solutionsgroup.com\/es\/wp-json\/wp\/v2\/comments?post=4734"}],"version-history":[{"count":5,"href":"https:\/\/b-solutionsgroup.com\/es\/wp-json\/wp\/v2\/pages\/4734\/revisions"}],"predecessor-version":[{"id":5510,"href":"https:\/\/b-solutionsgroup.com\/es\/wp-json\/wp\/v2\/pages\/4734\/revisions\/5510"}],"wp:attachment":[{"href":"https:\/\/b-solutionsgroup.com\/es\/wp-json\/wp\/v2\/media?parent=4734"}],"curies":[{"name":"wp","href":"https:\/\/api.w.org\/{rel}","templated":true}]}}