{"id":4738,"date":"2018-06-19T20:53:19","date_gmt":"2018-06-19T20:53:19","guid":{"rendered":"http:\/\/demo.b-solutionsgroup.com\/?page_id=4738"},"modified":"2022-08-29T09:10:14","modified_gmt":"2022-08-29T15:10:14","slug":"qlik-sense","status":"publish","type":"page","link":"https:\/\/b-solutionsgroup.com\/es\/qlik-sense\/","title":{"rendered":"Qlik Sense\u00ae"},"content":{"rendered":"<div class=\"wpb-content-wrapper\"><div data-row-brightness=\"light\" class=\"vc_row wpb_row vc_row-fluid rella-row-shadowbox-69ea2f4b5e481\" style=\"\"><div class=\"wpb_column vc_column_container vc_col-sm-12\" ><div class=\"vc_column-inner \"  style=\"\"><div class=\"wpb_wrapper\"><header class=\"section-title section-title-blue-underline2 align-center ra_section_title_69ea2f4b5e750\" >\n\t<h2 class=\"title\">Qlik Sense\u00ae. Anal\u00edtica sin \u00e1ngulos muertos.<\/h2><hr><style>.ra_button_69ea2f4b5e987{border-color:!important;}<\/style><a href=\"http:\/\/b-solutionsgroup.com\/qlik-formulario-de-solicitud-de-demo\/\" class=\"btn btn-default border-thin ra_button_69ea2f4b5e987\" >\n\t\t\t\t<span>\n\tSolicite su demo\t<\/span>\n<\/a>\n<\/header>\n\t<div class=\"wpb_text_column wpb_content_element \">\n\t\t<div class=\"wpb_wrapper\">\n\t\t\t<p>Qlik Sense, con su elemento central, el motor asociativo le permite descubrir conocimientos que las herramientas de BI basadas en consultas simplemente no captan. Busque y explore libremente entre todos sus datos y cambie de forma instant\u00e1nea los an\u00e1lisis cuando surjan ideas nuevas. No se ver\u00e1 restringido a una exploraci\u00f3n lineal con visualizaciones parciales de datos. Obtendr\u00e1 una flexibilidad total, con una plataforma de anal\u00edtica de datos lista para la nube que cubre el abanico completo de casos pr\u00e1cticos de BI; ideal para cualquier analista, equipo o empresa de \u00e1mbito mundial.<\/p>\n<h4><strong>Haga lo inimaginable con sus datos<\/strong><\/h4>\n<p>Qlik Sense le da superpoderes de datos. Combine f\u00e1cilmente todas sus fuentes de datos, independientemente de su tama\u00f1o, en una \u00fanica visualizaci\u00f3n. El motor asociativo de Qlik indexa cada relaci\u00f3n posible de sus datos para que pueda obtener conocimientos inmediatos y explorar en la direcci\u00f3n en la que su intuici\u00f3n le lleve. A diferencia de las herramientas basadas en consultas, aqu\u00ed no hay datos agregados previamente ni consultas predefinidas que le frenen. Esto significa que puede hacer nuevas preguntas y crear anal\u00edtica sin tener que desarrollar nuevas consultas o esperar por los expertos.<\/p>\n<p><img loading=\"lazy\" decoding=\"async\" class=\"size-full wp-image-4740 aligncenter\" src=\"http:\/\/demo.b-solutionsgroup.com\/wp-content\/uploads\/2018\/06\/qliksense-caracteristicas.png\" alt=\"\" width=\"1387\" height=\"739\" srcset=\"https:\/\/b-solutionsgroup.com\/wp-content\/uploads\/2018\/06\/qliksense-caracteristicas.png 1387w, https:\/\/b-solutionsgroup.com\/wp-content\/uploads\/2018\/06\/qliksense-caracteristicas-300x160.png 300w, https:\/\/b-solutionsgroup.com\/wp-content\/uploads\/2018\/06\/qliksense-caracteristicas-768x409.png 768w, https:\/\/b-solutionsgroup.com\/wp-content\/uploads\/2018\/06\/qliksense-caracteristicas-1024x546.png 1024w\" sizes=\"auto, (max-width: 1387px) 100vw, 1387px\" \/><\/p>\n<h4><strong>Tome mejores decisiones. De forma conjunta.<\/strong><\/h4>\n<p>Con Qlik Sense, todo el mundo puede tomar decisiones m\u00e1s inteligentes y mejor informadas, de forma conjunta. No importa el tama\u00f1o que tenga su equipo, comparta conocimientos de forma sencilla y trabaje de forma colaborativa de maneras muy potentes:<\/p>\n<ul>\n<li>Mant\u00e9ngase conectado con un centro unificado: encuentre y comparta apps de anal\u00edtica de forma segura desde un lugar centralizado.<\/li>\n<li>Colabore de forma segura: cree y comparta modelos de datos fiables, anal\u00edtica y visualizaciones con compa\u00f1eros para impulsar la innovaci\u00f3n empresarial de forma conjunta.<\/li>\n<li>Comparta historias basadas en datos: cree historias guiadas sobre sus resultados sin abandonar sus an\u00e1lisis. Tambi\u00e9n puede exportar en formatos de archivo populares.<\/li>\n<\/ul>\n<p><iframe loading=\"lazy\" title=\"YouTube video player\" src=\"https:\/\/www.youtube.com\/embed\/sd84bsRWSLY\" width=\"560\" height=\"315\" frameborder=\"0\" allowfullscreen=\"allowfullscreen\"><\/iframe><\/p>\n\n\t\t<\/div>\n\t<\/div>\n<\/div><\/div><\/div><script type=\"text\/javascript\">(function($) {$(\"head\").append(\"<style>.rella-row-shadowbox-69ea2f4b5e481{-webkit-box-shadow:;-moz-box-shadow:;box-shadow:;}<\/style>\");})(jQuery);<\/script><\/div>\n<\/div>","protected":false},"excerpt":{"rendered":"Qlik Sense\u00ae. Anal\u00edtica sin \u00e1ngulos muertos. Solicite su demo Qlik Sense, con su elemento central, el motor asociativo le permite descubrir conocimientos que las herramientas de BI basadas en consultas simplemente no captan. Busque y explore libremente entre todos sus datos y cambie de forma instant\u00e1nea los an\u00e1lisis cuando surjan ideas nuevas. No se ver\u00e1 [...]","protected":false},"author":2,"featured_media":0,"parent":0,"menu_order":0,"comment_status":"closed","ping_status":"closed","template":"","meta":{"footnotes":""},"class_list":["post-4738","page","type-page","status-publish","hentry"],"yoast_head":"<!-- This site is optimized with the Yoast SEO plugin v27.2 - https:\/\/yoast.com\/product\/yoast-seo-wordpress\/ -->\n<title>BSolutions Group | Qlik Sense\u00ae<\/title>\n<meta name=\"robots\" content=\"index, follow, max-snippet:-1, max-image-preview:large, max-video-preview:-1\" \/>\n<link rel=\"canonical\" href=\"https:\/\/b-solutionsgroup.com\/es\/qlik-sense\/\" \/>\n<meta property=\"og:locale\" content=\"es_ES\" \/>\n<meta property=\"og:type\" content=\"article\" \/>\n<meta property=\"og:title\" content=\"BSolutions Group | Qlik Sense\u00ae\" \/>\n<meta property=\"og:url\" content=\"https:\/\/b-solutionsgroup.com\/es\/qlik-sense\/\" \/>\n<meta property=\"og:site_name\" content=\"BSolutions Group\" \/>\n<meta property=\"article:publisher\" content=\"https:\/\/www.facebook.com\/BSolutionsGroupCR\/\" \/>\n<meta property=\"article:modified_time\" content=\"2022-08-29T15:10:14+00:00\" \/>\n<meta property=\"og:image\" content=\"http:\/\/demo.b-solutionsgroup.com\/wp-content\/uploads\/2018\/06\/qliksense-caracteristicas.png\" \/>\n<meta name=\"twitter:card\" content=\"summary_large_image\" \/>\n<meta name=\"twitter:site\" content=\"@bsgwriteus\" \/>\n<meta name=\"twitter:label1\" content=\"Est. reading time\" \/>\n\t<meta name=\"twitter:data1\" content=\"2 minutos\" \/>\n<script type=\"application\/ld+json\" class=\"yoast-schema-graph\">{\"@context\":\"https:\/\/schema.org\",\"@graph\":[{\"@type\":\"WebPage\",\"@id\":\"https:\/\/b-solutionsgroup.com\/qlik-sense\/\",\"url\":\"https:\/\/b-solutionsgroup.com\/qlik-sense\/\",\"name\":\"BSolutions Group | Qlik Sense\u00ae\",\"isPartOf\":{\"@id\":\"https:\/\/b-solutionsgroup.com\/#website\"},\"primaryImageOfPage\":{\"@id\":\"https:\/\/b-solutionsgroup.com\/qlik-sense\/#primaryimage\"},\"image\":{\"@id\":\"https:\/\/b-solutionsgroup.com\/qlik-sense\/#primaryimage\"},\"thumbnailUrl\":\"http:\/\/demo.b-solutionsgroup.com\/wp-content\/uploads\/2018\/06\/qliksense-caracteristicas.png\",\"datePublished\":\"2018-06-19T20:53:19+00:00\",\"dateModified\":\"2022-08-29T15:10:14+00:00\",\"breadcrumb\":{\"@id\":\"https:\/\/b-solutionsgroup.com\/qlik-sense\/#breadcrumb\"},\"inLanguage\":\"es-CR\",\"potentialAction\":[{\"@type\":\"ReadAction\",\"target\":[\"https:\/\/b-solutionsgroup.com\/qlik-sense\/\"]}]},{\"@type\":\"ImageObject\",\"inLanguage\":\"es-CR\",\"@id\":\"https:\/\/b-solutionsgroup.com\/qlik-sense\/#primaryimage\",\"url\":\"http:\/\/demo.b-solutionsgroup.com\/wp-content\/uploads\/2018\/06\/qliksense-caracteristicas.png\",\"contentUrl\":\"http:\/\/demo.b-solutionsgroup.com\/wp-content\/uploads\/2018\/06\/qliksense-caracteristicas.png\"},{\"@type\":\"BreadcrumbList\",\"@id\":\"https:\/\/b-solutionsgroup.com\/qlik-sense\/#breadcrumb\",\"itemListElement\":[{\"@type\":\"ListItem\",\"position\":1,\"name\":\"Portada\",\"item\":\"https:\/\/b-solutionsgroup.com\/\"},{\"@type\":\"ListItem\",\"position\":2,\"name\":\"Qlik Sense\u00ae\"}]},{\"@type\":\"WebSite\",\"@id\":\"https:\/\/b-solutionsgroup.com\/#website\",\"url\":\"https:\/\/b-solutionsgroup.com\/\",\"name\":\"BSolutions Group\",\"description\":\"Expertos en soluciones de negocios\",\"publisher\":{\"@id\":\"https:\/\/b-solutionsgroup.com\/#organization\"},\"potentialAction\":[{\"@type\":\"SearchAction\",\"target\":{\"@type\":\"EntryPoint\",\"urlTemplate\":\"https:\/\/b-solutionsgroup.com\/?s={search_term_string}\"},\"query-input\":{\"@type\":\"PropertyValueSpecification\",\"valueRequired\":true,\"valueName\":\"search_term_string\"}}],\"inLanguage\":\"es-CR\"},{\"@type\":\"Organization\",\"@id\":\"https:\/\/b-solutionsgroup.com\/#organization\",\"name\":\"BSolutions Group\",\"url\":\"https:\/\/b-solutionsgroup.com\/\",\"logo\":{\"@type\":\"ImageObject\",\"inLanguage\":\"es-CR\",\"@id\":\"https:\/\/b-solutionsgroup.com\/#\/schema\/logo\/image\/\",\"url\":\"https:\/\/b-solutionsgroup.com\/wp-content\/uploads\/2018\/06\/BSG_logo.png\",\"contentUrl\":\"https:\/\/b-solutionsgroup.com\/wp-content\/uploads\/2018\/06\/BSG_logo.png\",\"width\":197,\"height\":48,\"caption\":\"BSolutions Group\"},\"image\":{\"@id\":\"https:\/\/b-solutionsgroup.com\/#\/schema\/logo\/image\/\"},\"sameAs\":[\"https:\/\/www.facebook.com\/BSolutionsGroupCR\/\",\"https:\/\/x.com\/bsgwriteus\",\"https:\/\/www.linkedin.com\/company\/bsolutions-group\/\"]}]}<\/script>\n<!-- \/ Yoast SEO plugin. -->","yoast_head_json":{"title":"BSolutions Group | Qlik Sense\u00ae","robots":{"index":"index","follow":"follow","max-snippet":"max-snippet:-1","max-image-preview":"max-image-preview:large","max-video-preview":"max-video-preview:-1"},"canonical":"https:\/\/b-solutionsgroup.com\/es\/qlik-sense\/","og_locale":"es_ES","og_type":"article","og_title":"BSolutions Group | Qlik Sense\u00ae","og_url":"https:\/\/b-solutionsgroup.com\/es\/qlik-sense\/","og_site_name":"BSolutions Group","article_publisher":"https:\/\/www.facebook.com\/BSolutionsGroupCR\/","article_modified_time":"2022-08-29T15:10:14+00:00","og_image":[{"url":"http:\/\/demo.b-solutionsgroup.com\/wp-content\/uploads\/2018\/06\/qliksense-caracteristicas.png","type":"","width":"","height":""}],"twitter_card":"summary_large_image","twitter_site":"@bsgwriteus","twitter_misc":{"Est. reading time":"2 minutos"},"schema":{"@context":"https:\/\/schema.org","@graph":[{"@type":"WebPage","@id":"https:\/\/b-solutionsgroup.com\/qlik-sense\/","url":"https:\/\/b-solutionsgroup.com\/qlik-sense\/","name":"BSolutions Group | Qlik Sense\u00ae","isPartOf":{"@id":"https:\/\/b-solutionsgroup.com\/#website"},"primaryImageOfPage":{"@id":"https:\/\/b-solutionsgroup.com\/qlik-sense\/#primaryimage"},"image":{"@id":"https:\/\/b-solutionsgroup.com\/qlik-sense\/#primaryimage"},"thumbnailUrl":"http:\/\/demo.b-solutionsgroup.com\/wp-content\/uploads\/2018\/06\/qliksense-caracteristicas.png","datePublished":"2018-06-19T20:53:19+00:00","dateModified":"2022-08-29T15:10:14+00:00","breadcrumb":{"@id":"https:\/\/b-solutionsgroup.com\/qlik-sense\/#breadcrumb"},"inLanguage":"es-CR","potentialAction":[{"@type":"ReadAction","target":["https:\/\/b-solutionsgroup.com\/qlik-sense\/"]}]},{"@type":"ImageObject","inLanguage":"es-CR","@id":"https:\/\/b-solutionsgroup.com\/qlik-sense\/#primaryimage","url":"http:\/\/demo.b-solutionsgroup.com\/wp-content\/uploads\/2018\/06\/qliksense-caracteristicas.png","contentUrl":"http:\/\/demo.b-solutionsgroup.com\/wp-content\/uploads\/2018\/06\/qliksense-caracteristicas.png"},{"@type":"BreadcrumbList","@id":"https:\/\/b-solutionsgroup.com\/qlik-sense\/#breadcrumb","itemListElement":[{"@type":"ListItem","position":1,"name":"Portada","item":"https:\/\/b-solutionsgroup.com\/"},{"@type":"ListItem","position":2,"name":"Qlik Sense\u00ae"}]},{"@type":"WebSite","@id":"https:\/\/b-solutionsgroup.com\/#website","url":"https:\/\/b-solutionsgroup.com\/","name":"BSolutions Group","description":"Expertos en soluciones de negocios","publisher":{"@id":"https:\/\/b-solutionsgroup.com\/#organization"},"potentialAction":[{"@type":"SearchAction","target":{"@type":"EntryPoint","urlTemplate":"https:\/\/b-solutionsgroup.com\/?s={search_term_string}"},"query-input":{"@type":"PropertyValueSpecification","valueRequired":true,"valueName":"search_term_string"}}],"inLanguage":"es-CR"},{"@type":"Organization","@id":"https:\/\/b-solutionsgroup.com\/#organization","name":"BSolutions Group","url":"https:\/\/b-solutionsgroup.com\/","logo":{"@type":"ImageObject","inLanguage":"es-CR","@id":"https:\/\/b-solutionsgroup.com\/#\/schema\/logo\/image\/","url":"https:\/\/b-solutionsgroup.com\/wp-content\/uploads\/2018\/06\/BSG_logo.png","contentUrl":"https:\/\/b-solutionsgroup.com\/wp-content\/uploads\/2018\/06\/BSG_logo.png","width":197,"height":48,"caption":"BSolutions Group"},"image":{"@id":"https:\/\/b-solutionsgroup.com\/#\/schema\/logo\/image\/"},"sameAs":["https:\/\/www.facebook.com\/BSolutionsGroupCR\/","https:\/\/x.com\/bsgwriteus","https:\/\/www.linkedin.com\/company\/bsolutions-group\/"]}]}},"_links":{"self":[{"href":"https:\/\/b-solutionsgroup.com\/es\/wp-json\/wp\/v2\/pages\/4738","targetHints":{"allow":["GET"]}}],"collection":[{"href":"https:\/\/b-solutionsgroup.com\/es\/wp-json\/wp\/v2\/pages"}],"about":[{"href":"https:\/\/b-solutionsgroup.com\/es\/wp-json\/wp\/v2\/types\/page"}],"author":[{"embeddable":true,"href":"https:\/\/b-solutionsgroup.com\/es\/wp-json\/wp\/v2\/users\/2"}],"replies":[{"embeddable":true,"href":"https:\/\/b-solutionsgroup.com\/es\/wp-json\/wp\/v2\/comments?post=4738"}],"version-history":[{"count":4,"href":"https:\/\/b-solutionsgroup.com\/es\/wp-json\/wp\/v2\/pages\/4738\/revisions"}],"predecessor-version":[{"id":5516,"href":"https:\/\/b-solutionsgroup.com\/es\/wp-json\/wp\/v2\/pages\/4738\/revisions\/5516"}],"wp:attachment":[{"href":"https:\/\/b-solutionsgroup.com\/es\/wp-json\/wp\/v2\/media?parent=4738"}],"curies":[{"name":"wp","href":"https:\/\/api.w.org\/{rel}","templated":true}]}}