{"id":4744,"date":"2018-06-19T21:00:36","date_gmt":"2018-06-19T21:00:36","guid":{"rendered":"http:\/\/demo.b-solutionsgroup.com\/?page_id=4744"},"modified":"2024-12-05T16:10:41","modified_gmt":"2024-12-05T22:10:41","slug":"b-race-tools","status":"publish","type":"page","link":"https:\/\/b-solutionsgroup.com\/es\/b-race-tools\/","title":{"rendered":"B-RACE Tools\u00ae"},"content":{"rendered":"<div class=\"wpb-content-wrapper\"><div data-row-brightness=\"light\" class=\"vc_row wpb_row vc_row-fluid rella-row-shadowbox-6a04d1256c01b\" style=\"\"><div class=\"wpb_column vc_column_container vc_col-sm-12\" ><div class=\"vc_column-inner \"  style=\"\"><div class=\"wpb_wrapper\"><header class=\"section-title section-title-default section-title-resolve align-center ra_section_title_6a04d1256c3cd\" >\n\t<h2 class=\"title\">Su soluci\u00f3n de riesgos<\/h2><p>La soluci\u00f3n B-RACE Tools\u00ae est\u00e1 soportada en la plataforma Qlik\u00ae, el cual es un poderoso programa para an\u00e1lisis visual y an\u00e1lisis de informaci\u00f3n, que le ayudan en la toma de decisiones dentro de su organizaci\u00f3n.<\/p>\n<style>.ra_button_6a04d1256c687{border-color:!important;}.ra_button_6a04d1256c687:focus,.ra_button_6a04d1256c687:hover{border-color:!important;}<\/style><a href=\"http:\/\/b-solutionsgroup.com\/b-race-tools-formulario-de-solicitud-de-demo\/\" class=\"btn btn-solid border-thin ra_button_6a04d1256c687\" >\n\t\t\t\t<span>\n\tSolicite su demo\t<\/span>\n<\/a>\n<\/header>\n\t<div class=\"wpb_text_column wpb_content_element \">\n\t\t<div class=\"wpb_wrapper\">\n\t\t\t<p><strong>B-RACE Tools\u00ae<\/strong> incluye una serie de modelos de informaci\u00f3n ajustados a las normas internacionales y a las pr\u00e1cticas de gesti\u00f3n y control generalmente aceptadas para que su Empresa pueda administrar y gestionar los riesgos inherentes a las actividades empresariales que desarrolla.<\/p>\n<p>El alcance de la soluci\u00f3n est\u00e1 estructurado de acuerdo a las grandes divisiones de riesgo generalmente aceptados. En la actualidad la soluci\u00f3n incorpora los requerimientos para la gesti\u00f3n y administraci\u00f3n del riesgo de mercado, riesgo de liquidez, riesgo de cr\u00e9dito y el riesgo operativo, brindando las facilidades del caso para su seguimiento, an\u00e1lisis de impacto, tendencias y una serie de mecanismos de presentaci\u00f3n de informaci\u00f3n, simulaci\u00f3n y an\u00e1lisis especializados.<\/p>\n<div style=\"text-align: center;\"><iframe loading=\"lazy\" src=\"https:\/\/www.youtube.com\/embed\/8fgRnuJAtiQ?rel=0\" width=\"560\" height=\"315\" frameborder=\"0\" allowfullscreen=\"allowfullscreen\"><\/iframe><\/div>\n\n\t\t<\/div>\n\t<\/div>\n<header class=\"section-title section-title-side-line align-center ra_section_title_6a04d1256cb5e\" >\n\t<h2 class=\"title\">Funciones de B-RACE Tools<\/h2><\/header>\n\t<div class=\"wpb_text_column wpb_content_element \">\n\t\t<div class=\"wpb_wrapper\">\n\t\t\t<h4><strong>B-RACE Tools\u00ae &#8211; C\u00e1lculo del VaR<\/strong><\/h4>\n<p>El Valor en Riesgo es una metodolog\u00eda utilizada para cuantificar la exposici\u00f3n al riesgo de mercado, cr\u00e9dito o liquidez, haciendo uso de t\u00e9cnicas estad\u00edsticas. En t\u00e9rminos sencillos, se cuantifica el monto o porcentaje de p\u00e9rdida que un portafolio de inversi\u00f3n enfrentar\u00e1 en un horizonte de tiempo determinado.<\/p>\n<p>Uno de los \u00a0objetivos principales de las funcionalidades de los modelos de Riesgo de Mercado y Cr\u00e9dito, es obtener el dato del valor en riesgo (VaR), para el caso del modelo de riesgo de Liquidez es obtener los principales indicadores de liquidez de la entidad financiera y poder contar con herramientas para administrar los efectos potenciales de un deterioro en la liquidez de la Entidad. La soluci\u00f3n <strong>B-RACE Tools\u00ae<\/strong> \u00a0incorpora\u00a0 tres m\u00e9todos de simulaci\u00f3n para medir el VaR:<\/p>\n<ol>\n<li>M\u00e9todo de simulaci\u00f3n hist\u00f3rica<\/li>\n<li>M\u00e9todo delta normal<\/li>\n<li>M\u00e9todo de Monte Carlo<\/li>\n<\/ol>\n<h4><strong>B-RACE Tools\u00ae &#8211; Back Testing<\/strong><\/h4>\n<p>Esta prueba de contraste se puede llevar a cabo en <strong>B-RACE Tools\u00ae<\/strong>, para las metodolog\u00edas de c\u00e1lculo param\u00e9trica e hist\u00f3rica. Una prueba de Back-Testing es una t\u00e9cnica estad\u00edstica que permite validar la precisi\u00f3n y calibraci\u00f3n del modelo VaR utilizado.<\/p>\n<p><strong>B-RACE Tools\u00ae<\/strong> registra la tasa de fallos del modelo VaR utilizado, ya sea \u00e9ste, hist\u00f3rico, param\u00e9trico, o Montecarlo, adem\u00e1s presenta el VaR en t\u00e9rminos absolutos y relativos.<\/p>\n<h4><strong>B-RACE Tools\u00ae &#8211; Stress Testing<\/strong><\/h4>\n<p>El stress Testing es una herramienta complementaria al VaR lo que hace es analizar diferentes escenarios en condiciones de estr\u00e9s y situaciones at\u00edpicas del mercado. Esta herramienta es muy necesaria por cuanto:<\/p>\n<ul>\n<li>Se\u00f1ala el impacto sobre una cartera producto de eventos excepcionales pero plausibles.<\/li>\n<li>Comprueba si el colch\u00f3n de capital es suficiente en las condiciones de estr\u00e9s.<\/li>\n<li>Apoya en las decisiones de asignaci\u00f3n de cartera m\u00e1s all\u00e1 del rango de las condiciones normales de trabajo.<\/li>\n<\/ul>\n<h4><strong>B-RACE Tools\u00ae &#8211; Indicadores y An\u00e1lisis de informaci\u00f3n<\/strong><\/h4>\n<p>Presenta los indicadores por tipo de moneda y por plazos, a 1 y 3 meses o configurables de acuerdo a las tolerancias de la Entidad Financiera; indicadores operativos y estructurales, as\u00ed como el \u00edndice o coeficiente de cobertura de liquidez (LCR) y el flujo de caja de la entidad financiera el cu\u00e1l durante el proceso de implementaci\u00f3n puede ser adaptado a la naturaleza de la Entidad.<\/p>\n\n\t\t<\/div>\n\t<\/div>\n<header class=\"section-title section-title-orange-underline align-center ra_section_title_6a04d1256cc67\" >\n\t<h2 class=\"title\">Riesgo de Mercado<\/h2><hr><\/header>\n\t<div class=\"wpb_text_column wpb_content_element \">\n\t\t<div class=\"wpb_wrapper\">\n\t\t\t<p>El modelo de <strong>Riesgo de Mercado<\/strong> de <strong>B-RACE Tools\u00ae<\/strong>, est\u00e1 soportado en la plataforma <strong>Qlik View\u00ae<\/strong>, el cual es un poderoso programa para an\u00e1lisis visual e inteligencia de negocios suficientes y necesarios para la toma de decisiones. La mayor fortaleza de esta plataforma es su motor de an\u00e1lisis asociativo y neural similar al comportamiento del cerebro humano, al hacer un an\u00e1lisis de la informaci\u00f3n y explorar las asociaciones entre los datos. Su motor de inferencia mantiene las asociaciones entre los datos autom\u00e1ticamente.<\/p>\n<p><strong>B-RACE Tools\u00ae Mercado<\/strong>, permite la Gesti\u00f3n del Riesgo de \u00a0Mercado: el cu\u00e1l considera la posibilidad de sufrir p\u00e9rdidas en el activo o inversi\u00f3n, producto de fluctuaciones en el mercado. Estas fluctuaciones pueden afectar tres factores distintos, el <strong>Riesgo de Precio de inversi\u00f3n, Riesgo Tasa de inter\u00e9s<\/strong>, y <strong>Riesgo del tipo de Cambio de divisas<\/strong>.<\/p>\n\n\t\t<\/div>\n\t<\/div>\n<header class=\"section-title section-title-orange-underline align-center ra_section_title_6a04d1256cd06\" >\n\t<h2 class=\"title\">Riesgo de Cr\u00e9dito<\/h2><hr><\/header>\n\t<div class=\"wpb_text_column wpb_content_element \">\n\t\t<div class=\"wpb_wrapper\">\n\t\t\t<p>El modelo de <strong>Riesgo de Cr\u00e9dito<\/strong> de <strong>B-RACE Tools\u00ae<\/strong>, est\u00e1 soportado en la plataforma <strong>Qlik View\u00ae<\/strong>, el cual es un poderoso programa para an\u00e1lisis visual e inteligencia de negocios suficientes y necesarios para la toma de decisiones. La mayor fortaleza de esta plataforma es su motor de an\u00e1lisis asociativo y neural similar al comportamiento del cerebro humano, al hacer un an\u00e1lisis de la informaci\u00f3n y explorar las asociaciones entre los datos. Su motor de inferencia mantiene las asociaciones entre los datos autom\u00e1ticamente. El modelo de <strong>B-RACE Tools\u00ae<\/strong> gestiona el <strong>Riesgo de \u00a0Cr\u00e9dito<\/strong>, analizando \u00a0la posibilidad de las \u00a0p\u00e9rdidas que puede enfrentar una Entidad \u00a0Financiera producto del incumplimiento en el pago de las obligaciones contractuales asumidas por los deudores.<\/p>\n<p><strong>B-RACE Tools\u00ae &#8211; Riesgo de Cr\u00e9dito<\/strong> utiliza la metodolog\u00eda del Valor en Riesgo (VaR), un m\u00e9todo utilizado para cuantificar la exposici\u00f3n al riesgo de cr\u00e9dito, haciendo uso de t\u00e9cnicas estad\u00edsticas. En t\u00e9rminos sencillos, se cuantifica el monto o porcentaje de p\u00e9rdida que un portafolio puede enfrentar en un horizonte de tiempo determinado. En una Entidad Financiera, los miembros de la Alta Direcci\u00f3n son los responsables de definir dos aspectos fundamentales para el c\u00e1lculo del VaR: el nivel de confianza que desean tener para determinar el VaR, y el horizonte de tiempo con que se va a medir.<\/p>\n<p>El VaR no otorga certidumbre con respecto a las p\u00e9rdidas que se podr\u00edan sufrir, lo que ofrece es una expectativa de los posibles resultados con base en series de datos en el tiempo, haciendo uso de la estad\u00edstica.<\/p>\n\n\t\t<\/div>\n\t<\/div>\n<header class=\"section-title section-title-orange-underline align-center ra_section_title_6a04d1256cd97\" >\n\t<h2 class=\"title\">Riesgo de Liquidez<\/h2><hr><\/header>\n\t<div class=\"wpb_text_column wpb_content_element \">\n\t\t<div class=\"wpb_wrapper\">\n\t\t\t<p>El modelo de <strong>Riesgo de Liquidez <\/strong>de <strong>B-RACE Tools\u00ae<\/strong>, est\u00e1 soportado en la plataforma <strong>Qlik View\u00ae<\/strong>, el cual es un poderoso programa para an\u00e1lisis visual e inteligencia de negocios suficientes y necesarios para la toma de decisiones. La mayor fortaleza de esta plataforma es su motor de an\u00e1lisis asociativo y neural similar al comportamiento del cerebro humano, al hacer un an\u00e1lisis de la informaci\u00f3n y explorar las asociaciones entre los datos. Su motor de inferencia mantiene las asociaciones entre los datos autom\u00e1ticamente.<\/p>\n<p><strong>B-RACE Tools\u00ae Liquidez<\/strong>, permite la Gesti\u00f3n del Riesgo de Liquidez: el cu\u00e1l considera la posibilidad de que una Entidad Financiera, no sea capaz de atender a sus compromisos de pago a corto plazo. Para esto la herramienta proporciona una serie de indicadores y el c\u00e1lculo del VaR de liquidez, con la finalidad de contar con la informaci\u00f3n suficiente para que la Entidad Financiera pueda mantener la cantidad de dinero en efectivo para atender todas sus obligaciones a tiempo.<\/p>\n<p>El alcance principal de la soluci\u00f3n, es brindarle las facilidades a los gestores de riesgos, para el c\u00e1lculo del Riesgo de Liquidez, lo cual se logra con la combinaci\u00f3n de sus componentes de c\u00e1lculo y an\u00e1lisis visual de la informaci\u00f3n. El Valor en Riesgo se genera por medio de la combinaci\u00f3n de una serie de indicadores y alertas relacionadas con:<\/p>\n<ul>\n<li>\u00cdndice de cobertura de Liquidez<\/li>\n<li>\u00cdndices de Cobertura y Estabilidad<\/li>\n<\/ul>\n\n\t\t<\/div>\n\t<\/div>\n<header class=\"section-title section-title-orange-underline align-center ra_section_title_6a04d1256ce2e\" >\n\t<h2 class=\"title\">Riesgo Operativo<\/h2><hr><\/header>\n\t<div class=\"wpb_text_column wpb_content_element \">\n\t\t<div class=\"wpb_wrapper\">\n\t\t\t<div style=\"text-align: center;\"><iframe loading=\"lazy\" title=\"YouTube video player\" src=\"https:\/\/www.youtube.com\/embed\/d77_X0UyhhU?si=x-QFxhSb8BkxIIxh\" width=\"560\" height=\"315\" frameborder=\"0\" allowfullscreen=\"allowfullscreen\"><\/iframe><\/div>\n<p>Desarrolla una fotograf\u00eda real de su ambiente de riesgos y empodera, en oportunidad e informaci\u00f3n, la toma de decisiones. Los equipos de Riesgo con B-RACE Tools pueden utilizar m\u00e1s tiempo en actividades que generan valor y menos tiempo en actividades repetitivas.<\/p>\n<p><strong>Actividades de aplicaci\u00f3n:<\/strong><\/p>\n<ul>\n<li>Riesgo Operacional<\/li>\n<li>Incidentes y Eventos de P\u00e9rdida<\/li>\n<li>Seguridad de la Informaci\u00f3n<\/li>\n<li>Continuidad del Negocio<\/li>\n<li>Sistemas de Gesti\u00f3n<\/li>\n<li>COBIT<\/li>\n<li>SOX<\/li>\n<li>Basel III<\/li>\n<li>Privacidad de Datos<\/li>\n<li>Regulaciones Bancarias<\/li>\n<li>Est\u00e1ndares Internacionales<\/li>\n<\/ul>\n\n\t\t<\/div>\n\t<\/div>\n<\/div><\/div><\/div><script type=\"text\/javascript\">(function($) {$(\"head\").append(\"<style>.rella-row-shadowbox-6a04d1256c01b{-webkit-box-shadow:;-moz-box-shadow:;box-shadow:;}<\/style>\");})(jQuery);<\/script><\/div>\n<\/div>","protected":false},"excerpt":{"rendered":"Su soluci\u00f3n de riesgosLa soluci\u00f3n B-RACE Tools\u00ae est\u00e1 soportada en la plataforma Qlik\u00ae, el cual es un poderoso programa para an\u00e1lisis visual y an\u00e1lisis de informaci\u00f3n, que le ayudan en la toma de decisiones dentro de su organizaci\u00f3n. Solicite su demo B-RACE Tools\u00ae incluye una serie de modelos de informaci\u00f3n ajustados a las normas internacionales [...]","protected":false},"author":2,"featured_media":0,"parent":0,"menu_order":0,"comment_status":"closed","ping_status":"closed","template":"","meta":{"footnotes":""},"class_list":["post-4744","page","type-page","status-publish","hentry"],"yoast_head":"<!-- This site is optimized with the Yoast SEO plugin v27.2 - https:\/\/yoast.com\/product\/yoast-seo-wordpress\/ -->\n<title>BSolutions Group | B-RACE Tools\u00ae<\/title>\n<meta name=\"robots\" content=\"index, follow, max-snippet:-1, max-image-preview:large, max-video-preview:-1\" \/>\n<link rel=\"canonical\" href=\"https:\/\/b-solutionsgroup.com\/es\/b-race-tools\/\" \/>\n<meta property=\"og:locale\" content=\"es_ES\" \/>\n<meta property=\"og:type\" content=\"article\" \/>\n<meta property=\"og:title\" content=\"BSolutions Group | B-RACE Tools\u00ae\" \/>\n<meta property=\"og:url\" content=\"https:\/\/b-solutionsgroup.com\/es\/b-race-tools\/\" \/>\n<meta property=\"og:site_name\" content=\"BSolutions Group\" \/>\n<meta property=\"article:publisher\" content=\"https:\/\/www.facebook.com\/BSolutionsGroupCR\/\" \/>\n<meta property=\"article:modified_time\" content=\"2024-12-05T22:10:41+00:00\" \/>\n<meta property=\"og:image\" content=\"https:\/\/b-solutionsgroup.com\/wp-content\/uploads\/2018\/06\/bsg-web-imagen.jpg\" \/>\n\t<meta property=\"og:image:width\" content=\"2300\" \/>\n\t<meta property=\"og:image:height\" content=\"1150\" \/>\n\t<meta property=\"og:image:type\" content=\"image\/jpeg\" \/>\n<meta name=\"twitter:card\" content=\"summary_large_image\" \/>\n<meta name=\"twitter:site\" content=\"@bsgwriteus\" \/>\n<meta name=\"twitter:label1\" content=\"Est. reading time\" \/>\n\t<meta name=\"twitter:data1\" content=\"6 minutos\" \/>\n<script type=\"application\/ld+json\" class=\"yoast-schema-graph\">{\"@context\":\"https:\/\/schema.org\",\"@graph\":[{\"@type\":\"WebPage\",\"@id\":\"https:\/\/b-solutionsgroup.com\/b-race-tools\/\",\"url\":\"https:\/\/b-solutionsgroup.com\/b-race-tools\/\",\"name\":\"BSolutions Group | B-RACE Tools\u00ae\",\"isPartOf\":{\"@id\":\"https:\/\/b-solutionsgroup.com\/#website\"},\"datePublished\":\"2018-06-19T21:00:36+00:00\",\"dateModified\":\"2024-12-05T22:10:41+00:00\",\"breadcrumb\":{\"@id\":\"https:\/\/b-solutionsgroup.com\/b-race-tools\/#breadcrumb\"},\"inLanguage\":\"es-CR\",\"potentialAction\":[{\"@type\":\"ReadAction\",\"target\":[\"https:\/\/b-solutionsgroup.com\/b-race-tools\/\"]}]},{\"@type\":\"BreadcrumbList\",\"@id\":\"https:\/\/b-solutionsgroup.com\/b-race-tools\/#breadcrumb\",\"itemListElement\":[{\"@type\":\"ListItem\",\"position\":1,\"name\":\"Portada\",\"item\":\"https:\/\/b-solutionsgroup.com\/\"},{\"@type\":\"ListItem\",\"position\":2,\"name\":\"B-RACE Tools\u00ae\"}]},{\"@type\":\"WebSite\",\"@id\":\"https:\/\/b-solutionsgroup.com\/#website\",\"url\":\"https:\/\/b-solutionsgroup.com\/\",\"name\":\"BSolutions Group\",\"description\":\"Expertos en soluciones de negocios\",\"publisher\":{\"@id\":\"https:\/\/b-solutionsgroup.com\/#organization\"},\"potentialAction\":[{\"@type\":\"SearchAction\",\"target\":{\"@type\":\"EntryPoint\",\"urlTemplate\":\"https:\/\/b-solutionsgroup.com\/?s={search_term_string}\"},\"query-input\":{\"@type\":\"PropertyValueSpecification\",\"valueRequired\":true,\"valueName\":\"search_term_string\"}}],\"inLanguage\":\"es-CR\"},{\"@type\":\"Organization\",\"@id\":\"https:\/\/b-solutionsgroup.com\/#organization\",\"name\":\"BSolutions Group\",\"url\":\"https:\/\/b-solutionsgroup.com\/\",\"logo\":{\"@type\":\"ImageObject\",\"inLanguage\":\"es-CR\",\"@id\":\"https:\/\/b-solutionsgroup.com\/#\/schema\/logo\/image\/\",\"url\":\"https:\/\/b-solutionsgroup.com\/wp-content\/uploads\/2018\/06\/BSG_logo.png\",\"contentUrl\":\"https:\/\/b-solutionsgroup.com\/wp-content\/uploads\/2018\/06\/BSG_logo.png\",\"width\":197,\"height\":48,\"caption\":\"BSolutions Group\"},\"image\":{\"@id\":\"https:\/\/b-solutionsgroup.com\/#\/schema\/logo\/image\/\"},\"sameAs\":[\"https:\/\/www.facebook.com\/BSolutionsGroupCR\/\",\"https:\/\/x.com\/bsgwriteus\",\"https:\/\/www.linkedin.com\/company\/bsolutions-group\/\"]}]}<\/script>\n<!-- \/ Yoast SEO plugin. -->","yoast_head_json":{"title":"BSolutions Group | B-RACE Tools\u00ae","robots":{"index":"index","follow":"follow","max-snippet":"max-snippet:-1","max-image-preview":"max-image-preview:large","max-video-preview":"max-video-preview:-1"},"canonical":"https:\/\/b-solutionsgroup.com\/es\/b-race-tools\/","og_locale":"es_ES","og_type":"article","og_title":"BSolutions Group | B-RACE Tools\u00ae","og_url":"https:\/\/b-solutionsgroup.com\/es\/b-race-tools\/","og_site_name":"BSolutions Group","article_publisher":"https:\/\/www.facebook.com\/BSolutionsGroupCR\/","article_modified_time":"2024-12-05T22:10:41+00:00","og_image":[{"width":2300,"height":1150,"url":"https:\/\/b-solutionsgroup.com\/wp-content\/uploads\/2018\/06\/bsg-web-imagen.jpg","type":"image\/jpeg"}],"twitter_card":"summary_large_image","twitter_site":"@bsgwriteus","twitter_misc":{"Est. reading time":"6 minutos"},"schema":{"@context":"https:\/\/schema.org","@graph":[{"@type":"WebPage","@id":"https:\/\/b-solutionsgroup.com\/b-race-tools\/","url":"https:\/\/b-solutionsgroup.com\/b-race-tools\/","name":"BSolutions Group | B-RACE Tools\u00ae","isPartOf":{"@id":"https:\/\/b-solutionsgroup.com\/#website"},"datePublished":"2018-06-19T21:00:36+00:00","dateModified":"2024-12-05T22:10:41+00:00","breadcrumb":{"@id":"https:\/\/b-solutionsgroup.com\/b-race-tools\/#breadcrumb"},"inLanguage":"es-CR","potentialAction":[{"@type":"ReadAction","target":["https:\/\/b-solutionsgroup.com\/b-race-tools\/"]}]},{"@type":"BreadcrumbList","@id":"https:\/\/b-solutionsgroup.com\/b-race-tools\/#breadcrumb","itemListElement":[{"@type":"ListItem","position":1,"name":"Portada","item":"https:\/\/b-solutionsgroup.com\/"},{"@type":"ListItem","position":2,"name":"B-RACE Tools\u00ae"}]},{"@type":"WebSite","@id":"https:\/\/b-solutionsgroup.com\/#website","url":"https:\/\/b-solutionsgroup.com\/","name":"BSolutions Group","description":"Expertos en soluciones de negocios","publisher":{"@id":"https:\/\/b-solutionsgroup.com\/#organization"},"potentialAction":[{"@type":"SearchAction","target":{"@type":"EntryPoint","urlTemplate":"https:\/\/b-solutionsgroup.com\/?s={search_term_string}"},"query-input":{"@type":"PropertyValueSpecification","valueRequired":true,"valueName":"search_term_string"}}],"inLanguage":"es-CR"},{"@type":"Organization","@id":"https:\/\/b-solutionsgroup.com\/#organization","name":"BSolutions Group","url":"https:\/\/b-solutionsgroup.com\/","logo":{"@type":"ImageObject","inLanguage":"es-CR","@id":"https:\/\/b-solutionsgroup.com\/#\/schema\/logo\/image\/","url":"https:\/\/b-solutionsgroup.com\/wp-content\/uploads\/2018\/06\/BSG_logo.png","contentUrl":"https:\/\/b-solutionsgroup.com\/wp-content\/uploads\/2018\/06\/BSG_logo.png","width":197,"height":48,"caption":"BSolutions Group"},"image":{"@id":"https:\/\/b-solutionsgroup.com\/#\/schema\/logo\/image\/"},"sameAs":["https:\/\/www.facebook.com\/BSolutionsGroupCR\/","https:\/\/x.com\/bsgwriteus","https:\/\/www.linkedin.com\/company\/bsolutions-group\/"]}]}},"_links":{"self":[{"href":"https:\/\/b-solutionsgroup.com\/es\/wp-json\/wp\/v2\/pages\/4744","targetHints":{"allow":["GET"]}}],"collection":[{"href":"https:\/\/b-solutionsgroup.com\/es\/wp-json\/wp\/v2\/pages"}],"about":[{"href":"https:\/\/b-solutionsgroup.com\/es\/wp-json\/wp\/v2\/types\/page"}],"author":[{"embeddable":true,"href":"https:\/\/b-solutionsgroup.com\/es\/wp-json\/wp\/v2\/users\/2"}],"replies":[{"embeddable":true,"href":"https:\/\/b-solutionsgroup.com\/es\/wp-json\/wp\/v2\/comments?post=4744"}],"version-history":[{"count":5,"href":"https:\/\/b-solutionsgroup.com\/es\/wp-json\/wp\/v2\/pages\/4744\/revisions"}],"predecessor-version":[{"id":5647,"href":"https:\/\/b-solutionsgroup.com\/es\/wp-json\/wp\/v2\/pages\/4744\/revisions\/5647"}],"wp:attachment":[{"href":"https:\/\/b-solutionsgroup.com\/es\/wp-json\/wp\/v2\/media?parent=4744"}],"curies":[{"name":"wp","href":"https:\/\/api.w.org\/{rel}","templated":true}]}}