{"id":4971,"date":"2018-07-11T10:11:56","date_gmt":"2018-07-11T16:11:56","guid":{"rendered":"http:\/\/b-solutionsgroup.com\/?page_id=4971"},"modified":"2022-08-29T08:47:24","modified_gmt":"2022-08-29T14:47:24","slug":"qlik-geoanalytics","status":"publish","type":"page","link":"https:\/\/b-solutionsgroup.com\/es\/qlik-geoanalytics\/","title":{"rendered":"Qlik GeoAnalytics\u00ae"},"content":{"rendered":"<div class=\"wpb-content-wrapper\"><div data-row-brightness=\"light\" class=\"vc_row wpb_row vc_row-fluid rella-row-shadowbox-69ea2f0a7796c\" style=\"\"><div class=\"wpb_column vc_column_container vc_col-sm-12\" ><div class=\"vc_column-inner \"  style=\"\"><div class=\"wpb_wrapper\"><header class=\"section-title section-title-underlined-title align-center ra_section_title_69ea2f0a77f39\" >\n\t<h2 class=\"title\">Visualizaci\u00f3n geoespacial y an\u00e1lisis<\/h2><div class=\"page-title__copy\">\n<p>Revele informaci\u00f3n geoespacial crucial y exponga las relaciones geogr\u00e1ficas que quedan ocultas para tomar mejores decisiones en cuanto a la ubicaci\u00f3n geogr\u00e1fica.<\/p>\n<\/div>\n<style>.ra_button_69ea2f0a78311{border-color:!important;}<\/style><a href=\"http:\/\/b-solutionsgroup.com\/qlik-formulario-de-solicitud-de-demo\/\" class=\"btn btn-default border-thin ra_button_69ea2f0a78311\" >\n\t\t\t\t<span>\n\tSolicite su demo\t<\/span>\n<\/a>\n<\/header>\n\t<div class=\"wpb_text_column wpb_content_element \">\n\t\t<div class=\"wpb_wrapper\">\n\t\t\t<p>Qlik GeoAnalytics le permite tomar mejores decisiones basadas en informaci\u00f3n de \u00e1reas geogr\u00e1ficas gracias a su potente mapeado y an\u00e1lisis de locaciones que se despliega en Qlik Sense y QlikView.<\/p>\n<p>Qlik GeoAnalytics no solo posee capacidades de mapeado exhaustivo, tambi\u00e9n permite movernos en un entorno de visualizaci\u00f3n que incluye soporte nativo para rangos amplios de geoanal\u00edticas avanzadas, en muchos casos ayud\u00e1ndole a los analistas a recibir informaci\u00f3n geoespacial que puede ser crucial, as\u00ed como exponer relaciones geogr\u00e1ficas que normalmente pueden estar ocultas. Gracias a su tecnolog\u00eda patentada para comprimir y transmitir informaci\u00f3n de los mapas, tanto usuarios de Qlik Sense como de QlikView ahora pueden entender de qu\u00e9 forma el espacio geogr\u00e1fico comienza a acumular datos de inter\u00e9s, ofreciendo descubrimientos en los negocios, permitiendo tomar mejores decisiones y, finalmente, permitir un retorno de la inversi\u00f3n mucho mayor.<\/p>\n<p><img loading=\"lazy\" decoding=\"async\" class=\"size-full wp-image-4986 aligncenter\" src=\"http:\/\/b-solutionsgroup.com\/wp-content\/uploads\/2018\/07\/Growing-amount-of-where-data.png\" alt=\"\" width=\"1497\" height=\"443\" srcset=\"https:\/\/b-solutionsgroup.com\/wp-content\/uploads\/2018\/07\/Growing-amount-of-where-data.png 1497w, https:\/\/b-solutionsgroup.com\/wp-content\/uploads\/2018\/07\/Growing-amount-of-where-data-300x89.png 300w, https:\/\/b-solutionsgroup.com\/wp-content\/uploads\/2018\/07\/Growing-amount-of-where-data-768x227.png 768w, https:\/\/b-solutionsgroup.com\/wp-content\/uploads\/2018\/07\/Growing-amount-of-where-data-1024x303.png 1024w\" sizes=\"auto, (max-width: 1497px) 100vw, 1497px\" \/><\/p>\n<p>Qlik ahora puede incrementar las capacidad de relaciones de los datos al incluir un entorno familiar para los usuarios. Con la habilidad de mostrar r\u00e1pidamente informaci\u00f3n cartogr\u00e1fica, los usuarios pueden descubrir a\u00fan m\u00e1s patrones que no son tan f\u00e1cilmente interpretados en tablas o gr\u00e1ficos, para as\u00ed lograr comprender el poder que los datos otorgan a las decisiones de negocio.<\/p>\n<p>Qlik GeoAnalytics nos brinda potentes visualizaciones de mapas y an\u00e1lisis basados en la ubicaci\u00f3n geogr\u00e1fica, despleg\u00e1ndose en Qlik Sense y QlikView con tecnolog\u00eda patentada que comprime y transmite datos geoanal\u00edticos.<\/p>\n<p>La herramienta le\u00a0 permite a\u00f1adir mapas con facilidad mediante la b\u00fasqueda autom\u00e1tica de datos geogr\u00e1ficos y luego superponga las diferentes visualizaciones. Adem\u00e1s, podr\u00e1 analizar datos geoespaciales o datos geogr\u00e1ficos en combinaci\u00f3n con datos no geogr\u00e1ficos para descubrir relaciones geogr\u00e1ficas que de otro modo quedar\u00edan ocultas.<\/p>\n<p><img loading=\"lazy\" decoding=\"async\" class=\"size-full wp-image-4987 aligncenter\" src=\"http:\/\/b-solutionsgroup.com\/wp-content\/uploads\/2018\/07\/Qlik-GeoAnalytics_Bild_2.jpg\" alt=\"\" width=\"900\" height=\"471\" srcset=\"https:\/\/b-solutionsgroup.com\/wp-content\/uploads\/2018\/07\/Qlik-GeoAnalytics_Bild_2.jpg 900w, https:\/\/b-solutionsgroup.com\/wp-content\/uploads\/2018\/07\/Qlik-GeoAnalytics_Bild_2-300x157.jpg 300w, https:\/\/b-solutionsgroup.com\/wp-content\/uploads\/2018\/07\/Qlik-GeoAnalytics_Bild_2-768x402.jpg 768w\" sizes=\"auto, (max-width: 900px) 100vw, 900px\" \/><\/p>\n<p><img loading=\"lazy\" decoding=\"async\" class=\"size-full wp-image-4973 aligncenter\" src=\"http:\/\/b-solutionsgroup.com\/wp-content\/uploads\/2018\/07\/geoanalytics-info.png\" alt=\"\" width=\"1352\" height=\"443\" srcset=\"https:\/\/b-solutionsgroup.com\/wp-content\/uploads\/2018\/07\/geoanalytics-info.png 1352w, https:\/\/b-solutionsgroup.com\/wp-content\/uploads\/2018\/07\/geoanalytics-info-300x98.png 300w, https:\/\/b-solutionsgroup.com\/wp-content\/uploads\/2018\/07\/geoanalytics-info-768x252.png 768w, https:\/\/b-solutionsgroup.com\/wp-content\/uploads\/2018\/07\/geoanalytics-info-1024x336.png 1024w\" sizes=\"auto, (max-width: 1352px) 100vw, 1352px\" \/><\/p>\n<p><iframe loading=\"lazy\" title=\"YouTube video player\" src=\"https:\/\/www.youtube.com\/embed\/gqprqmVfQhQ\" width=\"560\" height=\"315\" frameborder=\"0\" allowfullscreen=\"allowfullscreen\"><\/iframe><\/p>\n\n\t\t<\/div>\n\t<\/div>\n<\/div><\/div><\/div><script type=\"text\/javascript\">(function($) {$(\"head\").append(\"<style>.rella-row-shadowbox-69ea2f0a7796c{-webkit-box-shadow:;-moz-box-shadow:;box-shadow:;}<\/style>\");})(jQuery);<\/script><\/div>\n<\/div>","protected":false},"excerpt":{"rendered":"Visualizaci\u00f3n geoespacial y an\u00e1lisis Revele informaci\u00f3n geoespacial crucial y exponga las relaciones geogr\u00e1ficas que quedan ocultas para tomar mejores decisiones en cuanto a la ubicaci\u00f3n geogr\u00e1fica. Solicite su demo Qlik GeoAnalytics le permite tomar mejores decisiones basadas en informaci\u00f3n de \u00e1reas geogr\u00e1ficas gracias a su potente mapeado y an\u00e1lisis de locaciones que se despliega en [...]","protected":false},"author":2,"featured_media":0,"parent":0,"menu_order":0,"comment_status":"closed","ping_status":"closed","template":"","meta":{"footnotes":""},"class_list":["post-4971","page","type-page","status-publish","hentry"],"yoast_head":"<!-- This site is optimized with the Yoast SEO plugin v27.2 - https:\/\/yoast.com\/product\/yoast-seo-wordpress\/ -->\n<title>BSolutions Group | Qlik GeoAnalytics\u00ae<\/title>\n<meta name=\"robots\" content=\"index, follow, max-snippet:-1, max-image-preview:large, max-video-preview:-1\" \/>\n<link rel=\"canonical\" href=\"https:\/\/b-solutionsgroup.com\/es\/qlik-geoanalytics\/\" \/>\n<meta property=\"og:locale\" content=\"es_ES\" \/>\n<meta property=\"og:type\" content=\"article\" \/>\n<meta property=\"og:title\" content=\"BSolutions Group | Qlik GeoAnalytics\u00ae\" \/>\n<meta property=\"og:url\" content=\"https:\/\/b-solutionsgroup.com\/es\/qlik-geoanalytics\/\" \/>\n<meta property=\"og:site_name\" content=\"BSolutions Group\" \/>\n<meta property=\"article:publisher\" content=\"https:\/\/www.facebook.com\/BSolutionsGroupCR\/\" \/>\n<meta property=\"article:modified_time\" content=\"2022-08-29T14:47:24+00:00\" \/>\n<meta property=\"og:image\" content=\"http:\/\/b-solutionsgroup.com\/wp-content\/uploads\/2018\/07\/Growing-amount-of-where-data.png\" \/>\n<meta name=\"twitter:card\" content=\"summary_large_image\" \/>\n<meta name=\"twitter:site\" content=\"@bsgwriteus\" \/>\n<meta name=\"twitter:label1\" content=\"Est. reading time\" \/>\n\t<meta name=\"twitter:data1\" content=\"3 minutos\" \/>\n<script type=\"application\/ld+json\" class=\"yoast-schema-graph\">{\"@context\":\"https:\/\/schema.org\",\"@graph\":[{\"@type\":\"WebPage\",\"@id\":\"https:\/\/b-solutionsgroup.com\/qlik-geoanalytics\/\",\"url\":\"https:\/\/b-solutionsgroup.com\/qlik-geoanalytics\/\",\"name\":\"BSolutions Group | Qlik GeoAnalytics\u00ae\",\"isPartOf\":{\"@id\":\"https:\/\/b-solutionsgroup.com\/#website\"},\"primaryImageOfPage\":{\"@id\":\"https:\/\/b-solutionsgroup.com\/qlik-geoanalytics\/#primaryimage\"},\"image\":{\"@id\":\"https:\/\/b-solutionsgroup.com\/qlik-geoanalytics\/#primaryimage\"},\"thumbnailUrl\":\"http:\/\/b-solutionsgroup.com\/wp-content\/uploads\/2018\/07\/Growing-amount-of-where-data.png\",\"datePublished\":\"2018-07-11T16:11:56+00:00\",\"dateModified\":\"2022-08-29T14:47:24+00:00\",\"breadcrumb\":{\"@id\":\"https:\/\/b-solutionsgroup.com\/qlik-geoanalytics\/#breadcrumb\"},\"inLanguage\":\"es-CR\",\"potentialAction\":[{\"@type\":\"ReadAction\",\"target\":[\"https:\/\/b-solutionsgroup.com\/qlik-geoanalytics\/\"]}]},{\"@type\":\"ImageObject\",\"inLanguage\":\"es-CR\",\"@id\":\"https:\/\/b-solutionsgroup.com\/qlik-geoanalytics\/#primaryimage\",\"url\":\"http:\/\/b-solutionsgroup.com\/wp-content\/uploads\/2018\/07\/Growing-amount-of-where-data.png\",\"contentUrl\":\"http:\/\/b-solutionsgroup.com\/wp-content\/uploads\/2018\/07\/Growing-amount-of-where-data.png\"},{\"@type\":\"BreadcrumbList\",\"@id\":\"https:\/\/b-solutionsgroup.com\/qlik-geoanalytics\/#breadcrumb\",\"itemListElement\":[{\"@type\":\"ListItem\",\"position\":1,\"name\":\"Portada\",\"item\":\"https:\/\/b-solutionsgroup.com\/\"},{\"@type\":\"ListItem\",\"position\":2,\"name\":\"Qlik GeoAnalytics\u00ae\"}]},{\"@type\":\"WebSite\",\"@id\":\"https:\/\/b-solutionsgroup.com\/#website\",\"url\":\"https:\/\/b-solutionsgroup.com\/\",\"name\":\"BSolutions Group\",\"description\":\"Expertos en soluciones de negocios\",\"publisher\":{\"@id\":\"https:\/\/b-solutionsgroup.com\/#organization\"},\"potentialAction\":[{\"@type\":\"SearchAction\",\"target\":{\"@type\":\"EntryPoint\",\"urlTemplate\":\"https:\/\/b-solutionsgroup.com\/?s={search_term_string}\"},\"query-input\":{\"@type\":\"PropertyValueSpecification\",\"valueRequired\":true,\"valueName\":\"search_term_string\"}}],\"inLanguage\":\"es-CR\"},{\"@type\":\"Organization\",\"@id\":\"https:\/\/b-solutionsgroup.com\/#organization\",\"name\":\"BSolutions Group\",\"url\":\"https:\/\/b-solutionsgroup.com\/\",\"logo\":{\"@type\":\"ImageObject\",\"inLanguage\":\"es-CR\",\"@id\":\"https:\/\/b-solutionsgroup.com\/#\/schema\/logo\/image\/\",\"url\":\"https:\/\/b-solutionsgroup.com\/wp-content\/uploads\/2018\/06\/BSG_logo.png\",\"contentUrl\":\"https:\/\/b-solutionsgroup.com\/wp-content\/uploads\/2018\/06\/BSG_logo.png\",\"width\":197,\"height\":48,\"caption\":\"BSolutions Group\"},\"image\":{\"@id\":\"https:\/\/b-solutionsgroup.com\/#\/schema\/logo\/image\/\"},\"sameAs\":[\"https:\/\/www.facebook.com\/BSolutionsGroupCR\/\",\"https:\/\/x.com\/bsgwriteus\",\"https:\/\/www.linkedin.com\/company\/bsolutions-group\/\"]}]}<\/script>\n<!-- \/ Yoast SEO plugin. -->","yoast_head_json":{"title":"BSolutions Group | Qlik GeoAnalytics\u00ae","robots":{"index":"index","follow":"follow","max-snippet":"max-snippet:-1","max-image-preview":"max-image-preview:large","max-video-preview":"max-video-preview:-1"},"canonical":"https:\/\/b-solutionsgroup.com\/es\/qlik-geoanalytics\/","og_locale":"es_ES","og_type":"article","og_title":"BSolutions Group | Qlik GeoAnalytics\u00ae","og_url":"https:\/\/b-solutionsgroup.com\/es\/qlik-geoanalytics\/","og_site_name":"BSolutions Group","article_publisher":"https:\/\/www.facebook.com\/BSolutionsGroupCR\/","article_modified_time":"2022-08-29T14:47:24+00:00","og_image":[{"url":"http:\/\/b-solutionsgroup.com\/wp-content\/uploads\/2018\/07\/Growing-amount-of-where-data.png","type":"","width":"","height":""}],"twitter_card":"summary_large_image","twitter_site":"@bsgwriteus","twitter_misc":{"Est. reading time":"3 minutos"},"schema":{"@context":"https:\/\/schema.org","@graph":[{"@type":"WebPage","@id":"https:\/\/b-solutionsgroup.com\/qlik-geoanalytics\/","url":"https:\/\/b-solutionsgroup.com\/qlik-geoanalytics\/","name":"BSolutions Group | Qlik GeoAnalytics\u00ae","isPartOf":{"@id":"https:\/\/b-solutionsgroup.com\/#website"},"primaryImageOfPage":{"@id":"https:\/\/b-solutionsgroup.com\/qlik-geoanalytics\/#primaryimage"},"image":{"@id":"https:\/\/b-solutionsgroup.com\/qlik-geoanalytics\/#primaryimage"},"thumbnailUrl":"http:\/\/b-solutionsgroup.com\/wp-content\/uploads\/2018\/07\/Growing-amount-of-where-data.png","datePublished":"2018-07-11T16:11:56+00:00","dateModified":"2022-08-29T14:47:24+00:00","breadcrumb":{"@id":"https:\/\/b-solutionsgroup.com\/qlik-geoanalytics\/#breadcrumb"},"inLanguage":"es-CR","potentialAction":[{"@type":"ReadAction","target":["https:\/\/b-solutionsgroup.com\/qlik-geoanalytics\/"]}]},{"@type":"ImageObject","inLanguage":"es-CR","@id":"https:\/\/b-solutionsgroup.com\/qlik-geoanalytics\/#primaryimage","url":"http:\/\/b-solutionsgroup.com\/wp-content\/uploads\/2018\/07\/Growing-amount-of-where-data.png","contentUrl":"http:\/\/b-solutionsgroup.com\/wp-content\/uploads\/2018\/07\/Growing-amount-of-where-data.png"},{"@type":"BreadcrumbList","@id":"https:\/\/b-solutionsgroup.com\/qlik-geoanalytics\/#breadcrumb","itemListElement":[{"@type":"ListItem","position":1,"name":"Portada","item":"https:\/\/b-solutionsgroup.com\/"},{"@type":"ListItem","position":2,"name":"Qlik GeoAnalytics\u00ae"}]},{"@type":"WebSite","@id":"https:\/\/b-solutionsgroup.com\/#website","url":"https:\/\/b-solutionsgroup.com\/","name":"BSolutions Group","description":"Expertos en soluciones de negocios","publisher":{"@id":"https:\/\/b-solutionsgroup.com\/#organization"},"potentialAction":[{"@type":"SearchAction","target":{"@type":"EntryPoint","urlTemplate":"https:\/\/b-solutionsgroup.com\/?s={search_term_string}"},"query-input":{"@type":"PropertyValueSpecification","valueRequired":true,"valueName":"search_term_string"}}],"inLanguage":"es-CR"},{"@type":"Organization","@id":"https:\/\/b-solutionsgroup.com\/#organization","name":"BSolutions Group","url":"https:\/\/b-solutionsgroup.com\/","logo":{"@type":"ImageObject","inLanguage":"es-CR","@id":"https:\/\/b-solutionsgroup.com\/#\/schema\/logo\/image\/","url":"https:\/\/b-solutionsgroup.com\/wp-content\/uploads\/2018\/06\/BSG_logo.png","contentUrl":"https:\/\/b-solutionsgroup.com\/wp-content\/uploads\/2018\/06\/BSG_logo.png","width":197,"height":48,"caption":"BSolutions Group"},"image":{"@id":"https:\/\/b-solutionsgroup.com\/#\/schema\/logo\/image\/"},"sameAs":["https:\/\/www.facebook.com\/BSolutionsGroupCR\/","https:\/\/x.com\/bsgwriteus","https:\/\/www.linkedin.com\/company\/bsolutions-group\/"]}]}},"_links":{"self":[{"href":"https:\/\/b-solutionsgroup.com\/es\/wp-json\/wp\/v2\/pages\/4971","targetHints":{"allow":["GET"]}}],"collection":[{"href":"https:\/\/b-solutionsgroup.com\/es\/wp-json\/wp\/v2\/pages"}],"about":[{"href":"https:\/\/b-solutionsgroup.com\/es\/wp-json\/wp\/v2\/types\/page"}],"author":[{"embeddable":true,"href":"https:\/\/b-solutionsgroup.com\/es\/wp-json\/wp\/v2\/users\/2"}],"replies":[{"embeddable":true,"href":"https:\/\/b-solutionsgroup.com\/es\/wp-json\/wp\/v2\/comments?post=4971"}],"version-history":[{"count":5,"href":"https:\/\/b-solutionsgroup.com\/es\/wp-json\/wp\/v2\/pages\/4971\/revisions"}],"predecessor-version":[{"id":5512,"href":"https:\/\/b-solutionsgroup.com\/es\/wp-json\/wp\/v2\/pages\/4971\/revisions\/5512"}],"wp:attachment":[{"href":"https:\/\/b-solutionsgroup.com\/es\/wp-json\/wp\/v2\/media?parent=4971"}],"curies":[{"name":"wp","href":"https:\/\/api.w.org\/{rel}","templated":true}]}}