{"id":5089,"date":"2018-07-30T10:36:12","date_gmt":"2018-07-30T16:36:12","guid":{"rendered":"http:\/\/b-solutionsgroup.com\/?page_id=5089"},"modified":"2018-07-30T15:44:43","modified_gmt":"2018-07-30T21:44:43","slug":"sea-distribuidor","status":"publish","type":"page","link":"https:\/\/b-solutionsgroup.com\/es\/sea-distribuidor\/","title":{"rendered":"Sea distribuidor"},"content":{"rendered":"<div class=\"wpb-content-wrapper\"><div data-row-brightness=\"light\" class=\"vc_row wpb_row vc_row-fluid vc_custom_1532969022420 rella-row-shadowbox-69eb6dad8cdf5\" style=\"\"><div class=\"wpb_column vc_column_container vc_col-sm-12\" ><div class=\"vc_column-inner \"  style=\"\"><div class=\"wpb_wrapper\"><header class=\"section-title section-title-thick2 align-center ra_section_title_69eb6dad8d088\" >\n\t<h2 class=\"title\">Convi\u00e9rtase en nuestro aliado<\/h2><p class=\"subtitle \">Comience a hacer negocios junto a nosotros.<\/p>\n<\/header>\n\t<div class=\"wpb_text_column wpb_content_element  vc_custom_1532968983620\">\n\t\t<div class=\"wpb_wrapper\">\n\t\t\t<p>Como parte de nuestra estrategia para la generaci\u00f3n de nuevos negocios en distintos mercados de <strong>Latinoam\u00e9rica<\/strong>, es de nuestro inter\u00e9s concretar alianzas estrat\u00e9gicas con distintas empresas que puedan convertirse en nuestros distribuidores de <a href=\"http:\/\/b-solutionsgroup.com\/b-race-tools\/\"><strong>B-RACE Tools<\/strong><\/a>, fortaleciendo as\u00ed el alcance de nuestras soluciones y el portafolio de productos y servicios de ambas partes.<\/p>\n<p>Ponemos a disposici\u00f3n no s\u00f3lo nuestra potente herramienta <a href=\"http:\/\/b-solutionsgroup.com\/b-race-tools\/\"><strong>B-RACE Tools<\/strong><\/a>, sino tambi\u00e9n nuestra experiencia para apoyar a nuestros aliados a desarrollar nuevos negocios en la regi\u00f3n por medio de nuestras soluciones.<\/p>\n<p>Si desea conocer m\u00e1s de nuestra propuesta, por favor utilice el formulario de contacto que ver\u00e1 a continuaci\u00f3n. Ser\u00e1 contactado en la brevedad posible por uno de nuestros socios.<\/p>\n\n\t\t<\/div>\n\t<\/div>\n<div class=\"contact-form contact-default contact-default-alt3 ra_cf7_69eb6dad8d21b\">\n\t\n<div class=\"wpcf7 no-js\" id=\"wpcf7-f5092-o1\" lang=\"en-US\" dir=\"ltr\" data-wpcf7-id=\"5092\">\n<div class=\"screen-reader-response\"><p role=\"status\" aria-live=\"polite\" aria-atomic=\"true\"><\/p> <ul><\/ul><\/div>\n<form action=\"\/es\/wp-json\/wp\/v2\/pages\/5089#wpcf7-f5092-o1\" method=\"post\" class=\"wpcf7-form init\" aria-label=\"Contact form\" novalidate=\"novalidate\" data-status=\"init\">\n<fieldset class=\"hidden-fields-container\"><input type=\"hidden\" name=\"_wpcf7\" value=\"5092\" \/><input type=\"hidden\" name=\"_wpcf7_version\" value=\"6.1.5\" \/><input type=\"hidden\" name=\"_wpcf7_locale\" value=\"en_US\" \/><input type=\"hidden\" name=\"_wpcf7_unit_tag\" value=\"wpcf7-f5092-o1\" \/><input type=\"hidden\" name=\"_wpcf7_container_post\" value=\"0\" \/><input type=\"hidden\" name=\"_wpcf7_posted_data_hash\" value=\"\" \/>\n<\/fieldset>\n<div class=\"row\">\n\t<p class=\"col-md-3\"><span class=\"wpcf7-form-control-wrap\" data-name=\"nombre\"><input size=\"40\" maxlength=\"400\" class=\"wpcf7-form-control wpcf7-text wpcf7-validates-as-required\" id=\"name2\" aria-required=\"true\" aria-invalid=\"false\" value=\"\" type=\"text\" name=\"nombre\" \/><\/span><label for=\"name2\" data-content=\"Name\"><span>Nombre completo*<\/span><\/label><i class=\"fa fa-user\"><\/i>\n\t<\/p>\n\t<p class=\"col-md-3\"><span class=\"wpcf7-form-control-wrap\" data-name=\"correo\"><input size=\"40\" maxlength=\"400\" class=\"wpcf7-form-control wpcf7-email wpcf7-validates-as-required wpcf7-text wpcf7-validates-as-email\" id=\"email2\" aria-required=\"true\" aria-invalid=\"false\" value=\"\" type=\"email\" name=\"correo\" \/><\/span><label for=\"email2\" data-content=\"Email\"><span>Correo electr\u00f3nico empresarial*<\/span><\/label><i class=\"fa fa-envelope-o\"><\/i>\n\t<\/p>\n\t<p class=\"col-md-3\"><span class=\"wpcf7-form-control-wrap\" data-name=\"telefono\"><input size=\"40\" maxlength=\"400\" class=\"wpcf7-form-control wpcf7-tel wpcf7-validates-as-required wpcf7-text wpcf7-validates-as-tel\" id=\"phone2\" aria-required=\"true\" aria-invalid=\"false\" value=\"\" type=\"tel\" name=\"telefono\" \/><\/span><label for=\"phone2\" data-content=\"Phone\"><span>Tel\u00e9fono*<\/span><\/label><i class=\"fa fa-phone\"><\/i>\n\t<\/p>\n\t<p class=\"col-md-3\"><span class=\"wpcf7-form-control-wrap\" data-name=\"companhia\"><input size=\"40\" maxlength=\"400\" class=\"wpcf7-form-control wpcf7-text wpcf7-validates-as-required\" id=\"company2\" aria-required=\"true\" aria-invalid=\"false\" value=\"\" type=\"text\" name=\"companhia\" \/><\/span><label for=\"name2\" data-content=\"Company\"><span>Empresa*<\/span><\/label><i class=\"fa fa-briefcase\"><\/i>\n\t<\/p>\n\t<p class=\"col-md-3\"><span class=\"wpcf7-form-control-wrap\" data-name=\"puesto\"><input size=\"40\" maxlength=\"400\" class=\"wpcf7-form-control wpcf7-text wpcf7-validates-as-required\" id=\"jobtitle\" aria-required=\"true\" aria-invalid=\"false\" value=\"\" type=\"text\" name=\"puesto\" \/><\/span><label for=\"name3\" data-content=\"JobTitle\"><span>Puesto*<\/span><\/label><i class=\"fa fa-address-card\"><\/i>\n\t<\/p>\n\t<p class=\"col-md-3\"><span class=\"wpcf7-form-control-wrap\" data-name=\"pais\"><input size=\"40\" maxlength=\"400\" class=\"wpcf7-form-control wpcf7-text wpcf7-validates-as-required\" id=\"country\" aria-required=\"true\" aria-invalid=\"false\" value=\"\" type=\"text\" name=\"pais\" \/><\/span><label for=\"name4\" data-content=\"Country\"><span>Pa\u00eds*<\/span><\/label><i class=\"fa fa-globe\"><\/i>\n\t<\/p>\n\t<p class=\"col-md-12\"><span class=\"wpcf7-form-control-wrap\" data-name=\"contenido\"><textarea cols=\"40\" rows=\"6\" maxlength=\"2000\" class=\"wpcf7-form-control wpcf7-textarea wpcf7-validates-as-required\" id=\"message2\" aria-required=\"true\" aria-invalid=\"false\" name=\"contenido\"><\/textarea><\/span><label for=\"message2\" data-content=\"Message\"><span>Por favor com\u00e9ntenos m\u00e1s de usted*<\/span><\/label><i class=\"fa fa-comment-o\"><\/i>\n\t<\/p>\n\t<p class=\"col-md-12 text-center\"><button class=\"wpcf7-form-control wpcf7-submit\" type=\"submit\">Enviar<\/button>\n\t<\/p>\n<\/div><div class=\"wpcf7-response-output\" aria-hidden=\"true\"><\/div>\n<\/form>\n<\/div>\n<\/div><div class=\"vc_separator wpb_content_element vc_separator_align_center vc_sep_width_100 vc_sep_dashed vc_sep_border_width_3 vc_sep_pos_align_center vc_separator_no_text vc_sep_color_grey wpb_content_element\" ><span class=\"vc_sep_holder vc_sep_holder_l\"><span class=\"vc_sep_line\"><\/span><\/span><span class=\"vc_sep_holder vc_sep_holder_r\"><span class=\"vc_sep_line\"><\/span><\/span>\n<\/div><header class=\"section-title section-title-orange-underline align-center ra_section_title_69eb6dad8e228\" >\n\t<h2 class=\"title\">Gestione sus riesgos con B-RACE Tools<\/h2><hr><style>.ra_button_69eb6dad8e379{border-color:!important;}<\/style><a href=\"http:\/\/b-solutionsgroup.com\/b-race-tools\/\" class=\"btn btn-default border-thin ra_button_69eb6dad8e379\" >\n\t\t\t\t<span>\n\tM\u00e1s informaci\u00f3n\t<\/span>\n<\/a>\n<\/header>\n\t<div class=\"wpb_text_column wpb_content_element \">\n\t\t<div class=\"wpb_wrapper\">\n\t\t\t<div style=\"text-align: center;\"><iframe loading=\"lazy\" src=\"https:\/\/www.youtube.com\/embed\/8fgRnuJAtiQ\" width=\"560\" height=\"315\" frameborder=\"0\" allowfullscreen=\"allowfullscreen\"><span style=\"display: inline-block; width: 0px; overflow: hidden; line-height: 0;\" data-mce-type=\"bookmark\" class=\"mce_SELRES_start\">\ufeff<\/span><\/iframe><\/div>\n\n\t\t<\/div>\n\t<\/div>\n<\/div><\/div><\/div><script type=\"text\/javascript\">(function($) {$(\"head\").append(\"<style>.rella-row-shadowbox-69eb6dad8cdf5{-webkit-box-shadow:;-moz-box-shadow:;box-shadow:;}<\/style>\");})(jQuery);<\/script><\/div>\n<\/div>","protected":false},"excerpt":{"rendered":"Convi\u00e9rtase en nuestro aliadoComience a hacer negocios junto a nosotros. Como parte de nuestra estrategia para la generaci\u00f3n de nuevos negocios en distintos mercados de Latinoam\u00e9rica, es de nuestro inter\u00e9s concretar alianzas estrat\u00e9gicas con distintas empresas que puedan convertirse en nuestros distribuidores de B-RACE Tools, fortaleciendo as\u00ed el alcance de nuestras soluciones y el portafolio [...]","protected":false},"author":2,"featured_media":0,"parent":0,"menu_order":0,"comment_status":"closed","ping_status":"closed","template":"","meta":{"footnotes":""},"class_list":["post-5089","page","type-page","status-publish","hentry"],"yoast_head":"<!-- This site is optimized with the Yoast SEO plugin v27.2 - https:\/\/yoast.com\/product\/yoast-seo-wordpress\/ -->\n<title>BSolutions Group | Sea distribuidor<\/title>\n<meta name=\"robots\" content=\"index, follow, max-snippet:-1, max-image-preview:large, max-video-preview:-1\" \/>\n<link rel=\"canonical\" href=\"https:\/\/b-solutionsgroup.com\/es\/sea-distribuidor\/\" \/>\n<meta property=\"og:locale\" content=\"es_ES\" \/>\n<meta property=\"og:type\" content=\"article\" \/>\n<meta property=\"og:title\" content=\"BSolutions Group | Sea distribuidor\" \/>\n<meta property=\"og:url\" content=\"https:\/\/b-solutionsgroup.com\/es\/sea-distribuidor\/\" \/>\n<meta property=\"og:site_name\" content=\"BSolutions Group\" \/>\n<meta property=\"article:publisher\" content=\"https:\/\/www.facebook.com\/BSolutionsGroupCR\/\" \/>\n<meta property=\"article:modified_time\" content=\"2018-07-30T21:44:43+00:00\" \/>\n<meta property=\"og:image\" content=\"https:\/\/b-solutionsgroup.com\/wp-content\/uploads\/2018\/06\/bsg-web-imagen.jpg\" \/>\n\t<meta property=\"og:image:width\" content=\"2300\" \/>\n\t<meta property=\"og:image:height\" content=\"1150\" \/>\n\t<meta property=\"og:image:type\" content=\"image\/jpeg\" \/>\n<meta name=\"twitter:card\" content=\"summary_large_image\" \/>\n<meta name=\"twitter:site\" content=\"@bsgwriteus\" \/>\n<meta name=\"twitter:label1\" content=\"Est. reading time\" \/>\n\t<meta name=\"twitter:data1\" content=\"1 minuto\" \/>\n<script type=\"application\/ld+json\" class=\"yoast-schema-graph\">{\"@context\":\"https:\/\/schema.org\",\"@graph\":[{\"@type\":\"WebPage\",\"@id\":\"https:\/\/b-solutionsgroup.com\/sea-distribuidor\/\",\"url\":\"https:\/\/b-solutionsgroup.com\/sea-distribuidor\/\",\"name\":\"BSolutions Group | Sea distribuidor\",\"isPartOf\":{\"@id\":\"https:\/\/b-solutionsgroup.com\/#website\"},\"datePublished\":\"2018-07-30T16:36:12+00:00\",\"dateModified\":\"2018-07-30T21:44:43+00:00\",\"breadcrumb\":{\"@id\":\"https:\/\/b-solutionsgroup.com\/sea-distribuidor\/#breadcrumb\"},\"inLanguage\":\"es-CR\",\"potentialAction\":[{\"@type\":\"ReadAction\",\"target\":[\"https:\/\/b-solutionsgroup.com\/sea-distribuidor\/\"]}]},{\"@type\":\"BreadcrumbList\",\"@id\":\"https:\/\/b-solutionsgroup.com\/sea-distribuidor\/#breadcrumb\",\"itemListElement\":[{\"@type\":\"ListItem\",\"position\":1,\"name\":\"Portada\",\"item\":\"https:\/\/b-solutionsgroup.com\/\"},{\"@type\":\"ListItem\",\"position\":2,\"name\":\"Sea distribuidor\"}]},{\"@type\":\"WebSite\",\"@id\":\"https:\/\/b-solutionsgroup.com\/#website\",\"url\":\"https:\/\/b-solutionsgroup.com\/\",\"name\":\"BSolutions Group\",\"description\":\"Expertos en soluciones de negocios\",\"publisher\":{\"@id\":\"https:\/\/b-solutionsgroup.com\/#organization\"},\"potentialAction\":[{\"@type\":\"SearchAction\",\"target\":{\"@type\":\"EntryPoint\",\"urlTemplate\":\"https:\/\/b-solutionsgroup.com\/?s={search_term_string}\"},\"query-input\":{\"@type\":\"PropertyValueSpecification\",\"valueRequired\":true,\"valueName\":\"search_term_string\"}}],\"inLanguage\":\"es-CR\"},{\"@type\":\"Organization\",\"@id\":\"https:\/\/b-solutionsgroup.com\/#organization\",\"name\":\"BSolutions Group\",\"url\":\"https:\/\/b-solutionsgroup.com\/\",\"logo\":{\"@type\":\"ImageObject\",\"inLanguage\":\"es-CR\",\"@id\":\"https:\/\/b-solutionsgroup.com\/#\/schema\/logo\/image\/\",\"url\":\"https:\/\/b-solutionsgroup.com\/wp-content\/uploads\/2018\/06\/BSG_logo.png\",\"contentUrl\":\"https:\/\/b-solutionsgroup.com\/wp-content\/uploads\/2018\/06\/BSG_logo.png\",\"width\":197,\"height\":48,\"caption\":\"BSolutions Group\"},\"image\":{\"@id\":\"https:\/\/b-solutionsgroup.com\/#\/schema\/logo\/image\/\"},\"sameAs\":[\"https:\/\/www.facebook.com\/BSolutionsGroupCR\/\",\"https:\/\/x.com\/bsgwriteus\",\"https:\/\/www.linkedin.com\/company\/bsolutions-group\/\"]}]}<\/script>\n<!-- \/ Yoast SEO plugin. -->","yoast_head_json":{"title":"BSolutions Group | Sea distribuidor","robots":{"index":"index","follow":"follow","max-snippet":"max-snippet:-1","max-image-preview":"max-image-preview:large","max-video-preview":"max-video-preview:-1"},"canonical":"https:\/\/b-solutionsgroup.com\/es\/sea-distribuidor\/","og_locale":"es_ES","og_type":"article","og_title":"BSolutions Group | Sea distribuidor","og_url":"https:\/\/b-solutionsgroup.com\/es\/sea-distribuidor\/","og_site_name":"BSolutions Group","article_publisher":"https:\/\/www.facebook.com\/BSolutionsGroupCR\/","article_modified_time":"2018-07-30T21:44:43+00:00","og_image":[{"width":2300,"height":1150,"url":"https:\/\/b-solutionsgroup.com\/wp-content\/uploads\/2018\/06\/bsg-web-imagen.jpg","type":"image\/jpeg"}],"twitter_card":"summary_large_image","twitter_site":"@bsgwriteus","twitter_misc":{"Est. reading time":"1 minuto"},"schema":{"@context":"https:\/\/schema.org","@graph":[{"@type":"WebPage","@id":"https:\/\/b-solutionsgroup.com\/sea-distribuidor\/","url":"https:\/\/b-solutionsgroup.com\/sea-distribuidor\/","name":"BSolutions Group | Sea distribuidor","isPartOf":{"@id":"https:\/\/b-solutionsgroup.com\/#website"},"datePublished":"2018-07-30T16:36:12+00:00","dateModified":"2018-07-30T21:44:43+00:00","breadcrumb":{"@id":"https:\/\/b-solutionsgroup.com\/sea-distribuidor\/#breadcrumb"},"inLanguage":"es-CR","potentialAction":[{"@type":"ReadAction","target":["https:\/\/b-solutionsgroup.com\/sea-distribuidor\/"]}]},{"@type":"BreadcrumbList","@id":"https:\/\/b-solutionsgroup.com\/sea-distribuidor\/#breadcrumb","itemListElement":[{"@type":"ListItem","position":1,"name":"Portada","item":"https:\/\/b-solutionsgroup.com\/"},{"@type":"ListItem","position":2,"name":"Sea distribuidor"}]},{"@type":"WebSite","@id":"https:\/\/b-solutionsgroup.com\/#website","url":"https:\/\/b-solutionsgroup.com\/","name":"BSolutions Group","description":"Expertos en soluciones de negocios","publisher":{"@id":"https:\/\/b-solutionsgroup.com\/#organization"},"potentialAction":[{"@type":"SearchAction","target":{"@type":"EntryPoint","urlTemplate":"https:\/\/b-solutionsgroup.com\/?s={search_term_string}"},"query-input":{"@type":"PropertyValueSpecification","valueRequired":true,"valueName":"search_term_string"}}],"inLanguage":"es-CR"},{"@type":"Organization","@id":"https:\/\/b-solutionsgroup.com\/#organization","name":"BSolutions Group","url":"https:\/\/b-solutionsgroup.com\/","logo":{"@type":"ImageObject","inLanguage":"es-CR","@id":"https:\/\/b-solutionsgroup.com\/#\/schema\/logo\/image\/","url":"https:\/\/b-solutionsgroup.com\/wp-content\/uploads\/2018\/06\/BSG_logo.png","contentUrl":"https:\/\/b-solutionsgroup.com\/wp-content\/uploads\/2018\/06\/BSG_logo.png","width":197,"height":48,"caption":"BSolutions Group"},"image":{"@id":"https:\/\/b-solutionsgroup.com\/#\/schema\/logo\/image\/"},"sameAs":["https:\/\/www.facebook.com\/BSolutionsGroupCR\/","https:\/\/x.com\/bsgwriteus","https:\/\/www.linkedin.com\/company\/bsolutions-group\/"]}]}},"_links":{"self":[{"href":"https:\/\/b-solutionsgroup.com\/es\/wp-json\/wp\/v2\/pages\/5089","targetHints":{"allow":["GET"]}}],"collection":[{"href":"https:\/\/b-solutionsgroup.com\/es\/wp-json\/wp\/v2\/pages"}],"about":[{"href":"https:\/\/b-solutionsgroup.com\/es\/wp-json\/wp\/v2\/types\/page"}],"author":[{"embeddable":true,"href":"https:\/\/b-solutionsgroup.com\/es\/wp-json\/wp\/v2\/users\/2"}],"replies":[{"embeddable":true,"href":"https:\/\/b-solutionsgroup.com\/es\/wp-json\/wp\/v2\/comments?post=5089"}],"version-history":[{"count":5,"href":"https:\/\/b-solutionsgroup.com\/es\/wp-json\/wp\/v2\/pages\/5089\/revisions"}],"predecessor-version":[{"id":5115,"href":"https:\/\/b-solutionsgroup.com\/es\/wp-json\/wp\/v2\/pages\/5089\/revisions\/5115"}],"wp:attachment":[{"href":"https:\/\/b-solutionsgroup.com\/es\/wp-json\/wp\/v2\/media?parent=5089"}],"curies":[{"name":"wp","href":"https:\/\/api.w.org\/{rel}","templated":true}]}}