{"id":5193,"date":"2018-10-19T10:28:22","date_gmt":"2018-10-19T16:28:22","guid":{"rendered":"http:\/\/b-solutionsgroup.com\/?page_id=5193"},"modified":"2018-10-19T10:28:22","modified_gmt":"2018-10-19T16:28:22","slug":"tecnologia-de-informacion-y-comunicaciones","status":"publish","type":"page","link":"https:\/\/b-solutionsgroup.com\/es\/tecnologia-de-informacion-y-comunicaciones\/","title":{"rendered":"Tecnolog\u00eda de Informaci\u00f3n y Comunicaciones"},"content":{"rendered":"<div class=\"wpb-content-wrapper\"><div data-row-brightness=\"light\" class=\"vc_row wpb_row vc_row-fluid rella-row-shadowbox-69ea42f798887\" style=\"\"><div class=\"wpb_column vc_column_container vc_col-sm-12\" ><div class=\"vc_column-inner \"  style=\"\"><div class=\"wpb_wrapper\">\n\t<div class=\"wpb_text_column wpb_content_element \">\n\t\t<div class=\"wpb_wrapper\">\n\t\t\t<p>En el \u00e1rea de Tecnolog\u00eda de Informaci\u00f3n y Comunicaciones, se tiene como objetivo lograr niveles de capacidad adecuados para los procesos o pr\u00e1cticas de la organizaci\u00f3n, para ello requerimos trabajar con est\u00e1ndares y marcos de referencia internacionales y lograr que tanto el proceso como los productos logrados tengan capacidad de medici\u00f3n tanto en desempe\u00f1o como en cumplimiento de metas. En este proceso consideramos todos los habilitadores y el contexto interno y externo en el cu\u00e1l la organizaci\u00f3n ejecuta sus operaciones.<\/p>\n<p>Nuestro objetivo, en cualquiera de los servicios relacionados, es alinear la Gesti\u00f3n de la \u00a0Tecnolog\u00eda de Informaci\u00f3n y Comunicaciones con los requerimientos de la organizaci\u00f3n de tal forma la tecnolog\u00eda se convierta en un canal de soporte para el logro de los objetivos. Las pr\u00e1cticas de T.I.C. son estructuradas seg\u00fan los procesos de negocios y los requerimientos de informaci\u00f3n y se nivelan los recursos consistentemente para asegurar los niveles de servicio y la continuidad misma del negocio. Todos los procesos de inversi\u00f3n responder\u00e1n a una estrategia y deben ser justificados por medio de casos de negocio, de tal forma que se entienda que todo proceso de automatizaci\u00f3n requiere algo m\u00e1s que la tecnolog\u00eda por si misma.<\/p>\n<p>Nuestra experiencia en este proceso nos permite optimizar los riesgos y los recursos requeridos para el desarrollo de este tipo de procesos y le asegura un correcta medici\u00f3n para con el cumplimiento de los objetivos, tal y como demanda un modelo de Gobierno y Gesti\u00f3n, cualesquiera que este sea.<\/p>\n<p>Para asegurar la calidad de nuestro portafolio de servicios contamos con profesionales con una vasta experiencia profesional, mismos que, garantizamos son parte integral del equipo consultor.<\/p>\n\n\t\t<\/div>\n\t<\/div>\n<header class=\"section-title section-title-blue-underline2 align-center ra_section_title_69ea42f798c01\" >\n\t<h2 class=\"title\">Preguntas frecuentes<\/h2><hr><\/header>\n\t<div class=\"wpb_text_column wpb_content_element \">\n\t\t<div class=\"wpb_wrapper\">\n\t\t\t<h4><strong>Se obtienen beneficios con la implementaci\u00f3n de est\u00e1ndares o marcos de referencia internacionales?<\/strong><\/h4>\n<p>Si el proceso de implementaci\u00f3n pasa de la forma al fondo, o sea de los papeles a la pr\u00e1ctica, los beneficios son muchos, entre otros relevantes, la capacidad de poder medir los procesos y establecer modelos de mejora continua, sin contar con tener bajo control el flujo de la informaci\u00f3n y los niveles de servicio de T.I.C. para con el negocio y para con los clientes.<\/p>\n<h4><strong>Se puede considerar sin\u00f3nimos Gobernar y Gestionar la Tecnolog\u00eda de Informaci\u00f3n?<\/strong><\/h4>\n<p>No se pueden considerar sin\u00f3nimos, inclusive los responsables pertenecen a niveles diferentes de la organizaci\u00f3n. Gestionar es para los administradores de la tecnolog\u00eda y gobierno es para la alta administraci\u00f3n de la organizaci\u00f3n.<\/p>\n\n\t\t<\/div>\n\t<\/div>\n<\/div><\/div><\/div><script type=\"text\/javascript\">(function($) {$(\"head\").append(\"<style>.rella-row-shadowbox-69ea42f798887{-webkit-box-shadow:;-moz-box-shadow:;box-shadow:;}<\/style>\");})(jQuery);<\/script><\/div>\n<\/div>","protected":false},"excerpt":{"rendered":"En el \u00e1rea de Tecnolog\u00eda de Informaci\u00f3n y Comunicaciones, se tiene como objetivo lograr niveles de capacidad adecuados para los procesos o pr\u00e1cticas de la organizaci\u00f3n, para ello requerimos trabajar con est\u00e1ndares y marcos de referencia internacionales y lograr que tanto el proceso como los productos logrados tengan capacidad de medici\u00f3n tanto en desempe\u00f1o como [...]","protected":false},"author":2,"featured_media":0,"parent":0,"menu_order":0,"comment_status":"closed","ping_status":"closed","template":"","meta":{"footnotes":""},"class_list":["post-5193","page","type-page","status-publish","hentry"],"yoast_head":"<!-- This site is optimized with the Yoast SEO plugin v27.2 - https:\/\/yoast.com\/product\/yoast-seo-wordpress\/ -->\n<title>BSolutions Group | Tecnolog\u00eda de Informaci\u00f3n y Comunicaciones<\/title>\n<meta name=\"robots\" content=\"index, follow, max-snippet:-1, max-image-preview:large, max-video-preview:-1\" \/>\n<link rel=\"canonical\" href=\"https:\/\/b-solutionsgroup.com\/es\/tecnologia-de-informacion-y-comunicaciones\/\" \/>\n<meta property=\"og:locale\" content=\"es_ES\" \/>\n<meta property=\"og:type\" content=\"article\" \/>\n<meta property=\"og:title\" content=\"BSolutions Group | Tecnolog\u00eda de Informaci\u00f3n y Comunicaciones\" \/>\n<meta property=\"og:url\" content=\"https:\/\/b-solutionsgroup.com\/es\/tecnologia-de-informacion-y-comunicaciones\/\" \/>\n<meta property=\"og:site_name\" content=\"BSolutions Group\" \/>\n<meta property=\"article:publisher\" content=\"https:\/\/www.facebook.com\/BSolutionsGroupCR\/\" \/>\n<meta property=\"og:image\" content=\"https:\/\/b-solutionsgroup.com\/wp-content\/uploads\/2018\/06\/bsg-web-imagen.jpg\" \/>\n\t<meta property=\"og:image:width\" content=\"2300\" \/>\n\t<meta property=\"og:image:height\" content=\"1150\" \/>\n\t<meta property=\"og:image:type\" content=\"image\/jpeg\" \/>\n<meta name=\"twitter:card\" content=\"summary_large_image\" \/>\n<meta name=\"twitter:site\" content=\"@bsgwriteus\" \/>\n<meta name=\"twitter:label1\" content=\"Est. reading time\" \/>\n\t<meta name=\"twitter:data1\" content=\"2 minutos\" \/>\n<script type=\"application\/ld+json\" class=\"yoast-schema-graph\">{\"@context\":\"https:\/\/schema.org\",\"@graph\":[{\"@type\":\"WebPage\",\"@id\":\"https:\/\/b-solutionsgroup.com\/tecnologia-de-informacion-y-comunicaciones\/\",\"url\":\"https:\/\/b-solutionsgroup.com\/tecnologia-de-informacion-y-comunicaciones\/\",\"name\":\"BSolutions Group | Tecnolog\u00eda de Informaci\u00f3n y Comunicaciones\",\"isPartOf\":{\"@id\":\"https:\/\/b-solutionsgroup.com\/#website\"},\"datePublished\":\"2018-10-19T16:28:22+00:00\",\"breadcrumb\":{\"@id\":\"https:\/\/b-solutionsgroup.com\/tecnologia-de-informacion-y-comunicaciones\/#breadcrumb\"},\"inLanguage\":\"es-CR\",\"potentialAction\":[{\"@type\":\"ReadAction\",\"target\":[\"https:\/\/b-solutionsgroup.com\/tecnologia-de-informacion-y-comunicaciones\/\"]}]},{\"@type\":\"BreadcrumbList\",\"@id\":\"https:\/\/b-solutionsgroup.com\/tecnologia-de-informacion-y-comunicaciones\/#breadcrumb\",\"itemListElement\":[{\"@type\":\"ListItem\",\"position\":1,\"name\":\"Portada\",\"item\":\"https:\/\/b-solutionsgroup.com\/\"},{\"@type\":\"ListItem\",\"position\":2,\"name\":\"Tecnolog\u00eda de Informaci\u00f3n y Comunicaciones\"}]},{\"@type\":\"WebSite\",\"@id\":\"https:\/\/b-solutionsgroup.com\/#website\",\"url\":\"https:\/\/b-solutionsgroup.com\/\",\"name\":\"BSolutions Group\",\"description\":\"Expertos en soluciones de negocios\",\"publisher\":{\"@id\":\"https:\/\/b-solutionsgroup.com\/#organization\"},\"potentialAction\":[{\"@type\":\"SearchAction\",\"target\":{\"@type\":\"EntryPoint\",\"urlTemplate\":\"https:\/\/b-solutionsgroup.com\/?s={search_term_string}\"},\"query-input\":{\"@type\":\"PropertyValueSpecification\",\"valueRequired\":true,\"valueName\":\"search_term_string\"}}],\"inLanguage\":\"es-CR\"},{\"@type\":\"Organization\",\"@id\":\"https:\/\/b-solutionsgroup.com\/#organization\",\"name\":\"BSolutions Group\",\"url\":\"https:\/\/b-solutionsgroup.com\/\",\"logo\":{\"@type\":\"ImageObject\",\"inLanguage\":\"es-CR\",\"@id\":\"https:\/\/b-solutionsgroup.com\/#\/schema\/logo\/image\/\",\"url\":\"https:\/\/b-solutionsgroup.com\/wp-content\/uploads\/2018\/06\/BSG_logo.png\",\"contentUrl\":\"https:\/\/b-solutionsgroup.com\/wp-content\/uploads\/2018\/06\/BSG_logo.png\",\"width\":197,\"height\":48,\"caption\":\"BSolutions Group\"},\"image\":{\"@id\":\"https:\/\/b-solutionsgroup.com\/#\/schema\/logo\/image\/\"},\"sameAs\":[\"https:\/\/www.facebook.com\/BSolutionsGroupCR\/\",\"https:\/\/x.com\/bsgwriteus\",\"https:\/\/www.linkedin.com\/company\/bsolutions-group\/\"]}]}<\/script>\n<!-- \/ Yoast SEO plugin. -->","yoast_head_json":{"title":"BSolutions Group | Tecnolog\u00eda de Informaci\u00f3n y Comunicaciones","robots":{"index":"index","follow":"follow","max-snippet":"max-snippet:-1","max-image-preview":"max-image-preview:large","max-video-preview":"max-video-preview:-1"},"canonical":"https:\/\/b-solutionsgroup.com\/es\/tecnologia-de-informacion-y-comunicaciones\/","og_locale":"es_ES","og_type":"article","og_title":"BSolutions Group | Tecnolog\u00eda de Informaci\u00f3n y Comunicaciones","og_url":"https:\/\/b-solutionsgroup.com\/es\/tecnologia-de-informacion-y-comunicaciones\/","og_site_name":"BSolutions Group","article_publisher":"https:\/\/www.facebook.com\/BSolutionsGroupCR\/","og_image":[{"width":2300,"height":1150,"url":"https:\/\/b-solutionsgroup.com\/wp-content\/uploads\/2018\/06\/bsg-web-imagen.jpg","type":"image\/jpeg"}],"twitter_card":"summary_large_image","twitter_site":"@bsgwriteus","twitter_misc":{"Est. reading time":"2 minutos"},"schema":{"@context":"https:\/\/schema.org","@graph":[{"@type":"WebPage","@id":"https:\/\/b-solutionsgroup.com\/tecnologia-de-informacion-y-comunicaciones\/","url":"https:\/\/b-solutionsgroup.com\/tecnologia-de-informacion-y-comunicaciones\/","name":"BSolutions Group | Tecnolog\u00eda de Informaci\u00f3n y Comunicaciones","isPartOf":{"@id":"https:\/\/b-solutionsgroup.com\/#website"},"datePublished":"2018-10-19T16:28:22+00:00","breadcrumb":{"@id":"https:\/\/b-solutionsgroup.com\/tecnologia-de-informacion-y-comunicaciones\/#breadcrumb"},"inLanguage":"es-CR","potentialAction":[{"@type":"ReadAction","target":["https:\/\/b-solutionsgroup.com\/tecnologia-de-informacion-y-comunicaciones\/"]}]},{"@type":"BreadcrumbList","@id":"https:\/\/b-solutionsgroup.com\/tecnologia-de-informacion-y-comunicaciones\/#breadcrumb","itemListElement":[{"@type":"ListItem","position":1,"name":"Portada","item":"https:\/\/b-solutionsgroup.com\/"},{"@type":"ListItem","position":2,"name":"Tecnolog\u00eda de Informaci\u00f3n y Comunicaciones"}]},{"@type":"WebSite","@id":"https:\/\/b-solutionsgroup.com\/#website","url":"https:\/\/b-solutionsgroup.com\/","name":"BSolutions Group","description":"Expertos en soluciones de negocios","publisher":{"@id":"https:\/\/b-solutionsgroup.com\/#organization"},"potentialAction":[{"@type":"SearchAction","target":{"@type":"EntryPoint","urlTemplate":"https:\/\/b-solutionsgroup.com\/?s={search_term_string}"},"query-input":{"@type":"PropertyValueSpecification","valueRequired":true,"valueName":"search_term_string"}}],"inLanguage":"es-CR"},{"@type":"Organization","@id":"https:\/\/b-solutionsgroup.com\/#organization","name":"BSolutions Group","url":"https:\/\/b-solutionsgroup.com\/","logo":{"@type":"ImageObject","inLanguage":"es-CR","@id":"https:\/\/b-solutionsgroup.com\/#\/schema\/logo\/image\/","url":"https:\/\/b-solutionsgroup.com\/wp-content\/uploads\/2018\/06\/BSG_logo.png","contentUrl":"https:\/\/b-solutionsgroup.com\/wp-content\/uploads\/2018\/06\/BSG_logo.png","width":197,"height":48,"caption":"BSolutions Group"},"image":{"@id":"https:\/\/b-solutionsgroup.com\/#\/schema\/logo\/image\/"},"sameAs":["https:\/\/www.facebook.com\/BSolutionsGroupCR\/","https:\/\/x.com\/bsgwriteus","https:\/\/www.linkedin.com\/company\/bsolutions-group\/"]}]}},"_links":{"self":[{"href":"https:\/\/b-solutionsgroup.com\/es\/wp-json\/wp\/v2\/pages\/5193","targetHints":{"allow":["GET"]}}],"collection":[{"href":"https:\/\/b-solutionsgroup.com\/es\/wp-json\/wp\/v2\/pages"}],"about":[{"href":"https:\/\/b-solutionsgroup.com\/es\/wp-json\/wp\/v2\/types\/page"}],"author":[{"embeddable":true,"href":"https:\/\/b-solutionsgroup.com\/es\/wp-json\/wp\/v2\/users\/2"}],"replies":[{"embeddable":true,"href":"https:\/\/b-solutionsgroup.com\/es\/wp-json\/wp\/v2\/comments?post=5193"}],"version-history":[{"count":1,"href":"https:\/\/b-solutionsgroup.com\/es\/wp-json\/wp\/v2\/pages\/5193\/revisions"}],"predecessor-version":[{"id":5194,"href":"https:\/\/b-solutionsgroup.com\/es\/wp-json\/wp\/v2\/pages\/5193\/revisions\/5194"}],"wp:attachment":[{"href":"https:\/\/b-solutionsgroup.com\/es\/wp-json\/wp\/v2\/media?parent=5193"}],"curies":[{"name":"wp","href":"https:\/\/api.w.org\/{rel}","templated":true}]}}